{"id":11043,"date":"2022-02-18T16:25:33","date_gmt":"2022-02-18T15:25:33","guid":{"rendered":"https:\/\/agora.xtec.cat\/escferransunyer\/?page_id=11043"},"modified":"2022-06-02T16:33:28","modified_gmt":"2022-06-02T14:33:28","slug":"colonies","status":"publish","type":"page","link":"https:\/\/agora.xtec.cat\/escferransunyer\/projectes\/colonies\/","title":{"rendered":"Col\u00f2nies"},"content":{"rendered":"<p><a href=\"https:\/\/agora.xtec.cat\/escferransunyer\/wp-content\/uploads\/usu431\/2022\/02\/6486.jpg\"><img loading=\"lazy\" decoding=\"async\" class=\"alignleft wp-image-11078 size-medium\" src=\"https:\/\/agora.xtec.cat\/escferransunyer\/wp-content\/uploads\/usu431\/2022\/02\/6486-300x168.jpg\" alt=\"\" width=\"300\" height=\"168\" srcset=\"https:\/\/agora.xtec.cat\/escferransunyer\/wp-content\/uploads\/usu431\/2022\/02\/6486-300x168.jpg 300w, https:\/\/agora.xtec.cat\/escferransunyer\/wp-content\/uploads\/usu431\/2022\/02\/6486.jpg 500w\" sizes=\"auto, (max-width: 300px) 100vw, 300px\" \/><\/a>L&#8217;escola Ferran Sunyer aposta fermament per la<strong> realitzaci\u00f3 de col\u00f2nies<\/strong> en acabar cada cicle en tant que valora que aquesta activitat t\u00e9 <strong>molts aspectes positius tant pedag\u00f2gics com personals<\/strong> que beneficien als infants. Per aix\u00f2, les col\u00f2nies s&#8217;ofereixen als alumnes que fan els cursos de <strong>P5, 2n, 4t i 6\u00e8.<\/strong><\/p>\n<p>Quan l&#8217;infant es troba en un context diferent i m\u00e9s relaxat, com el que brinden les col\u00f2nies, mostra altres facetes de la seva manera de ser, alhora que descobreix aspectes nous dels companys d&#8217;aula. I aix\u00ed <strong>enforteix les relacions i els vincles amb els companys<\/strong> de la seva edat, gr\u00e0cies sobretot a les moltes activitats d&#8217;equip que comparteixen.<\/p>\n<p>Aventura, descobriment, enyor, exaltaci\u00f3, neguit, coneixement dels altres&#8230;les reaccions s\u00f3n variables, per\u00f2 <strong>en general els nens gaudeixen<\/strong> de les col\u00f2nies, sobretot si van alguns dies a<a href=\"https:\/\/agora.xtec.cat\/escferransunyer\/wp-content\/uploads\/usu431\/2022\/02\/6450.jpg\"><img loading=\"lazy\" decoding=\"async\" class=\"alignright wp-image-11079 size-medium\" src=\"https:\/\/agora.xtec.cat\/escferransunyer\/wp-content\/uploads\/usu431\/2022\/02\/6450-300x168.jpg\" alt=\"\" width=\"300\" height=\"168\" srcset=\"https:\/\/agora.xtec.cat\/escferransunyer\/wp-content\/uploads\/usu431\/2022\/02\/6450-300x168.jpg 300w, https:\/\/agora.xtec.cat\/escferransunyer\/wp-content\/uploads\/usu431\/2022\/02\/6450.jpg 500w\" sizes=\"auto, (max-width: 300px) 100vw, 300px\" \/><\/a> llocs diferents d&#8217;on resideixen habitualment. Anar de col\u00f2nies <strong>\u00e9s una experi\u00e8ncia amb una\u00a0 funci\u00f3 social<\/strong> molt enriquidora. Les col\u00f2nies\u00a0 ofereixen\u00a0 <strong>moments \u00fanics per educar els infants\u00a0 i fer-los cr\u00e9ixer com a persones i com a ciutadans<\/strong>. Aquests\u00a0 dies fora de casa, ajuden a desenvolupar\u00a0 tot un seguit d\u2019<strong>experi\u00e8ncies personals molt positives<\/strong>,\u00a0 haver d\u2019enfrontar-se a situacions noves, que ajuden a superar reptes, pors i\u00a0 la\u00a0 mateixa conviv\u00e8ncia en col\u00b7lectivitat. Per tant, aquesta activitat contribueix directament en potenciar que els infants <strong style=\"font-family: inherit; font-size: 1em;\">guanyin autonomia<\/strong><strong><span style=\"font-family: inherit; font-size: 1em;\"> en la cura d&#8217;ells mateixos i en la <\/span>gesti\u00f3 de les seves emocions. <\/strong><\/p>\n<p>La conviv\u00e8ncia implica obligacions, reptes, normes, temps per a activitats i molts moments d\u2019esbarjo, unes din\u00e0miques que ajuden als infants\u00a0 a prendre consci\u00e8ncia i a ser <strong>corresponsables de tot el que hi passa<\/strong>, com participar dels \u00e0pats, cuidar les seves coses o vestir-se, per no parlar de dormir junts i compartir amb els companys de classe molts moments bens diferents del dia a\u00a0 a dia a l&#8217;escola.<\/p>\n<p>&nbsp;<\/p>\n<p>En els seg\u00fcents enlla\u00e7os podreu trobar informaci\u00f3 concreta sobre les col\u00f2nies de cada nivell i de les cases a les quals van:<\/p>\n<p><a href=\"https:\/\/agora.xtec.cat\/escferransunyer\/projectes\/can-ribas\/\" target=\"_blank\" rel=\"noopener\">COL\u00d2NIES P5<\/a><\/p>\n<p><a href=\"https:\/\/agora.xtec.cat\/escferransunyer\/projectes\/castell-de-fluvia\/\" target=\"_blank\" rel=\"noopener\">COL\u00d2NIES 2n<\/a><\/p>\n<p><a href=\"https:\/\/agora.xtec.cat\/escferransunyer\/projectes\/la-granja\/\" target=\"_blank\" rel=\"noopener\">COL\u00d2NIES 4T<\/a><\/p>\n<p><a href=\"https:\/\/agora.xtec.cat\/escferransunyer\/projectes\/cala-canyelles\/\" target=\"_blank\" rel=\"noopener\">COL\u00d2NIES 6\u00e8<\/a><\/p>\n<p><a href=\"https:\/\/drive.google.com\/file\/d\/1izb8rrluPtEwP7BckWsVkoWdM8H0YyEA\/view?usp=sharing\" target=\"_blank\" rel=\"noopener\">Reuni\u00f3 informativa _col\u00f2nies Ferran Sunyer\u00a0 (maig 22)\u00a0<\/a><\/p>\n","protected":false},"excerpt":{"rendered":"<p><a href=\"https:\/\/agora.xtec.cat\/escferransunyer\/wp-content\/uploads\/usu431\/2022\/02\/6486.jpg\"><\/a>L&#8217;escola Ferran Sunyer aposta fermament per la realitzaci\u00f3 de col\u00f2nies en acabar cada cicle en tant que valora que aquesta activitat t\u00e9 molts aspectes positius tant pedag\u00f2gics com personals que beneficien als infants. Per aix\u00f2, les col\u00f2nies s&#8217;ofereixen als alumnes que fan els cursos&hellip;  <a href=\"https:\/\/agora.xtec.cat\/escferransunyer\/projectes\/colonies\/\" title=\"Read Col\u00f2nies\">Llegeix m\u00e9s\u00bb<\/a><\/p>\n","protected":false},"author":1,"featured_media":0,"parent":6580,"menu_order":100,"comment_status":"closed","ping_status":"closed","template":"","meta":{"_bbp_topic_count":0,"_bbp_reply_count":0,"_bbp_total_topic_count":0,"_bbp_total_reply_count":0,"_bbp_voice_count":0,"_bbp_anonymous_reply_count":0,"_bbp_topic_count_hidden":0,"_bbp_reply_count_hidden":0,"_bbp_forum_subforum_count":0,"footnotes":""},"class_list":["post-11043","page","type-page","status-publish","hentry"],"post_mailing_queue_ids":[],"_links":{"self":[{"href":"https:\/\/agora.xtec.cat\/escferransunyer\/wp-json\/wp\/v2\/pages\/11043","targetHints":{"allow":["GET"]}}],"collection":[{"href":"https:\/\/agora.xtec.cat\/escferransunyer\/wp-json\/wp\/v2\/pages"}],"about":[{"href":"https:\/\/agora.xtec.cat\/escferransunyer\/wp-json\/wp\/v2\/types\/page"}],"author":[{"embeddable":true,"href":"https:\/\/agora.xtec.cat\/escferransunyer\/wp-json\/wp\/v2\/users\/1"}],"replies":[{"embeddable":true,"href":"https:\/\/agora.xtec.cat\/escferransunyer\/wp-json\/wp\/v2\/comments?post=11043"}],"version-history":[{"count":4,"href":"https:\/\/agora.xtec.cat\/escferransunyer\/wp-json\/wp\/v2\/pages\/11043\/revisions"}],"predecessor-version":[{"id":11727,"href":"https:\/\/agora.xtec.cat\/escferransunyer\/wp-json\/wp\/v2\/pages\/11043\/revisions\/11727"}],"up":[{"embeddable":true,"href":"https:\/\/agora.xtec.cat\/escferransunyer\/wp-json\/wp\/v2\/pages\/6580"}],"wp:attachment":[{"href":"https:\/\/agora.xtec.cat\/escferransunyer\/wp-json\/wp\/v2\/media?parent=11043"}],"curies":[{"name":"wp","href":"https:\/\/api.w.org\/{rel}","templated":true}]}}