{"id":967,"date":"2019-03-11T10:25:42","date_gmt":"2019-03-11T09:25:42","guid":{"rendered":"http:\/\/agora.xtec.cat\/escferraniclua\/?page_id=967"},"modified":"2021-01-23T18:26:20","modified_gmt":"2021-01-23T17:26:20","slug":"projecte-linguistic-de-centre","status":"publish","type":"page","link":"https:\/\/agora.xtec.cat\/escferraniclua\/projecte-educatiu\/projecte-linguistic-de-centre\/","title":{"rendered":"Projecte Ling\u00fc\u00edstic de centre"},"content":{"rendered":"<p>&nbsp;<\/p>\n<p>Actualment l&#8217;escola vetlla per promoure el pluriling\u00fcisme partint del catal\u00e0 com a llengua vehicular.<\/p>\n<p>La llengua castellana i anglesa es treballen espec\u00edficament i tamb\u00e9 dins la franja de teixit d&#8217;aula. Els seus continguts giren al voltant del tema de coneixement del medi que est\u00e0 treballant-se dins el grup classe<\/p>\n<p>Aqu\u00ed teniu l&#8217;enlla\u00e7 al projecte ling\u00fcistic de centre, que es troba en revisi\u00f3 per adequar-lo a les noves metodologies de l&#8217;escola<\/p>\n<p><a href=\"https:\/\/drive.google.com\/file\/d\/1eENA4t3Oral1cC5_V0rs940NAYge_XBj\/view?usp=sharing\">https:\/\/drive.google.com\/file\/d\/1eENA4t3Oral1cC5_V0rs940NAYge_XBj\/view?usp=sharing<\/a><\/p>\n","protected":false},"excerpt":{"rendered":"<p>&nbsp;<br \/>\nActualment l&#8217;escola vetlla per promoure el pluriling\u00fcisme partint del catal\u00e0 com a llengua vehicular.<br \/>\nLa llengua castellana i anglesa es treballen espec\u00edficament i tamb\u00e9 dins la franja de teixit d&#8217;aula. Els seus continguts giren al voltant del tema de coneixement del medi que est\u00e0 treballant-se dins&hellip;  <a href=\"https:\/\/agora.xtec.cat\/escferraniclua\/projecte-educatiu\/projecte-linguistic-de-centre\/\" title=\"Read Projecte Ling\u00fc\u00edstic de centre\">Llegeix m\u00e9s\u00bb<\/a><\/p>\n","protected":false},"author":1,"featured_media":0,"parent":64,"menu_order":0,"comment_status":"closed","ping_status":"closed","template":"","meta":{"_bbp_topic_count":0,"_bbp_reply_count":0,"_bbp_total_topic_count":0,"_bbp_total_reply_count":0,"_bbp_voice_count":0,"_bbp_anonymous_reply_count":0,"_bbp_topic_count_hidden":0,"_bbp_reply_count_hidden":0,"_bbp_forum_subforum_count":0,"footnotes":""},"class_list":["post-967","page","type-page","status-publish","hentry"],"post_mailing_queue_ids":[],"_links":{"self":[{"href":"https:\/\/agora.xtec.cat\/escferraniclua\/wp-json\/wp\/v2\/pages\/967","targetHints":{"allow":["GET"]}}],"collection":[{"href":"https:\/\/agora.xtec.cat\/escferraniclua\/wp-json\/wp\/v2\/pages"}],"about":[{"href":"https:\/\/agora.xtec.cat\/escferraniclua\/wp-json\/wp\/v2\/types\/page"}],"author":[{"embeddable":true,"href":"https:\/\/agora.xtec.cat\/escferraniclua\/wp-json\/wp\/v2\/users\/1"}],"replies":[{"embeddable":true,"href":"https:\/\/agora.xtec.cat\/escferraniclua\/wp-json\/wp\/v2\/comments?post=967"}],"version-history":[{"count":3,"href":"https:\/\/agora.xtec.cat\/escferraniclua\/wp-json\/wp\/v2\/pages\/967\/revisions"}],"predecessor-version":[{"id":3283,"href":"https:\/\/agora.xtec.cat\/escferraniclua\/wp-json\/wp\/v2\/pages\/967\/revisions\/3283"}],"up":[{"embeddable":true,"href":"https:\/\/agora.xtec.cat\/escferraniclua\/wp-json\/wp\/v2\/pages\/64"}],"wp:attachment":[{"href":"https:\/\/agora.xtec.cat\/escferraniclua\/wp-json\/wp\/v2\/media?parent=967"}],"curies":[{"name":"wp","href":"https:\/\/api.w.org\/{rel}","templated":true}]}}