{"id":805,"date":"2019-02-05T11:50:32","date_gmt":"2019-02-05T10:50:32","guid":{"rendered":"http:\/\/agora.xtec.cat\/escferraniclua\/?page_id=805"},"modified":"2019-02-05T12:20:51","modified_gmt":"2019-02-05T11:20:51","slug":"informacio-periode-de-preinscripcio","status":"publish","type":"page","link":"https:\/\/agora.xtec.cat\/escferraniclua\/informacio-periode-de-preinscripcio\/","title":{"rendered":"informaci\u00f3 per\u00edode de preinscripci\u00f3"},"content":{"rendered":"<p>Zona d&#8217;influ\u00e8ncia<\/p>\n<p><a href=\"https:\/\/agora.xtec.cat\/escferraniclua\/wp-content\/uploads\/usu1879\/2019\/02\/image001.png\"><img loading=\"lazy\" decoding=\"async\" class=\"alignnone  wp-image-810\" src=\"https:\/\/agora.xtec.cat\/escferraniclua\/wp-content\/uploads\/usu1879\/2019\/02\/image001.png\" alt=\"\" width=\"591\" height=\"473\" srcset=\"https:\/\/agora.xtec.cat\/escferraniclua\/wp-content\/uploads\/usu1879\/2019\/02\/image001.png 1280w, https:\/\/agora.xtec.cat\/escferraniclua\/wp-content\/uploads\/usu1879\/2019\/02\/image001-300x240.png 300w, https:\/\/agora.xtec.cat\/escferraniclua\/wp-content\/uploads\/usu1879\/2019\/02\/image001-768x614.png 768w, https:\/\/agora.xtec.cat\/escferraniclua\/wp-content\/uploads\/usu1879\/2019\/02\/image001-1024x819.png 1024w\" sizes=\"auto, (max-width: 591px) 100vw, 591px\" \/><\/a><\/p>\n<p><strong>Criteris de prioritat i documentaci\u00f3 acreditativa<\/strong><br \/>\nJuntament amb la sol\u00b7licitud de preinscripci\u00f3 (o de la impressi\u00f3 de la sol\u00b7licitud\u00a0que s&#8217;ha enviat\u00a0per Internet) cal presentar la documentaci\u00f3 en el termini establert, en el centre que s&#8217;ha demanat en primer lloc.<\/p>\n<p><strong>Documentaci\u00f3 identificativa<\/strong><br \/>\nEl formulari de sol\u00b7licitud s&#8217;ha de presentar, en tots els casos, acompanyat de la documentacio seg\u00fcent:<\/p>\n<ul>\n<li>Original i fotoc\u00f2pia del\u00a0llibre de fam\u00edlia o altres documents relatius a la filiaci\u00f3. Si l&#8217;alumne o alumna est\u00e0 en situaci\u00f3 d&#8217;acolliment, la resoluci\u00f3 d&#8217;acolliment del Departament de Treball, Afers Socials i Fam\u00edlies.<\/li>\n<li>Original i fotoc\u00f2pia del DNI de la persona sol\u00b7licitant (pare, mare, tutor o tutora o guardador o guardadora de fet) o, si el sol.licitant \u00e9s estranger, de la targeta de resid\u00e8ncia on consta el NIE o el passaport. Si es tracta d&#8217;estrangers comunitaris, document d&#8217;identitat del pa\u00eds d&#8217;origen.<\/li>\n<li>Original i fotoc\u00f2pia del DNI\u00a0de l\u2019alumne o alumna en cas que sigui major de 14 anys o tingui DNI tot i \u00e9sser menor de 14 anys.<\/li>\n<\/ul>\n<p><strong>Criteris de prioritat per a l&#8217;ordenaci\u00f3 de les sol\u00b7licituds<\/strong><br \/>\nDocumentaci\u00f3 acreditativa dels criteris de prioritat<br \/>\nLes persones que al\u00b7leguen el compliment d&#8217;un o m\u00e9s criteris de prioritat (espec\u00edfic, generals o complementaris) han de presentar la documentaci\u00f3 que a continuaci\u00f3 s&#8217;indica per a cada criteri.<\/p>\n<p>b) Criteris generals<br \/>\n<strong>Germans de l&#8217;alumne o alumna escolaritzats al centre<\/strong>\u00a0(en el moment de presentar la sol\u00b7licitud de preinscripci\u00f3) <strong>o\u00a0pares o tutors legals que hi treballen<\/strong> (en el moment de presentar la sol\u00b7licitud de preinscripci\u00f3, amb una activitat continuada,amb una jornada m\u00ednima de 10 hores setmanals, amb el corresponent nomenament d\u2019inter\u00ed o substitut o amb un contracte laboral o administratiu).<\/p>\n<p>La puntuaci\u00f3 <strong>tamb\u00e9 s&#8217;aplica per accedir a un centre p\u00fablic quan el germ\u00e0 o la germana est\u00e0 escolaritzat en un altre centre p\u00fablic que t\u00e9 la consideraci\u00f3 de centre \u00fanic (dos centres p\u00fablics adscrits\u00a0en qu\u00e8 l&#8217;escola de prim\u00e0ria nom\u00e9s est\u00e0 adscrita a un sol centre de secund\u00e0ria).<\/strong><\/p>\n<p>Aquest criteri \u00e9s aplicable als infants i als joves en situaci\u00f3 d&#8217;acolliment familiar atenent a la composici\u00f3 de la fam\u00edlia acollidora.<\/p>\n<p><strong>Barem:\u00a040 punts<\/strong><\/p>\n<p>Documentaci\u00f3: cap, perqu\u00e8 el centre comprova directament aquestes circumst\u00e0ncies.<\/p>\n<p>Nom\u00e9s si s&#8217;al\u00b7lega que el germ\u00e0 o la germana estan escolaritzats en un centre p\u00fablic que t\u00e9 la consideraci\u00f3 de centre \u00fanic, cal presentar un certificat d&#8217;aquest centre.<\/p>\n<p><strong>Proximitat del domicili habitual\u00a0de l&#8217;alumne o alumna al centre o\u00a0proximitat del lloc de treball\u00a0del pare, la mare, el tutor o tutora o el guardador o guardadora de fet.<\/strong><\/p>\n<p>Barem<br \/>\nQuan el domicili habitual es troba a l&#8217;\u00e0rea d&#8217;influ\u00e8ncia del centre:\u00a030 punts.<br \/>\nQuan\u00a0a inst\u00e0ncia del sol\u00b7licitant es pren en consideraci\u00f3 l&#8217;adre\u00e7a del lloc de treball del pare, la mare, el tutor o tutora, o el guardador o guardadora de fet, i aquest \u00e9s dins l&#8217;\u00e0rea d&#8217;influ\u00e8ncia del centre:\u00a020 punts.<br \/>\nEn el cas de Barcelona\u00a0ciutat, quan el domicili habitual es troba al mateix districte municipal que el centre sol\u00b7licitat en primer lloc per\u00f2 no en la seva \u00e0rea d&#8217;influ\u00e8ncia:\u00a015 punts.<br \/>\nQuan el domicili habitual \u00e9s al mateix municipi\u00a0del centre sol\u00b7licitat en primer lloc, per\u00f2 no en la seva \u00e0rea d&#8217;influ\u00e8ncia:\u00a010 punts.<\/p>\n<p>Documentaci\u00f3:<br \/>\nOriginal i fotoc\u00f2pia del DNI de la persona sol\u00b7licitant o de la targeta de resid\u00e8ncia on consta el NIE en el cas de persones estrangeres.<br \/>\nQuan el domicili habitual que s&#8217;al\u00b7lega no coincideix amb el del DNI, amb el de la targeta de resid\u00e8ncia on consta el NIE o es tracta de persones estrangeres sense NIE, certificat o volant municipal de conviv\u00e8ncia de l&#8217;alumne o alumna, on ha de constar que conviu amb la persona sol\u00b7licitant.<br \/>\nQuan per aquest criteri es consideri el domicili del lloc de treball, c\u00f2pia del contracte laboral o d&#8217;un certificat em\u00e8s a aquest efecte per l&#8217;empresa. En el cas de treballadors en el r\u00e8gim d&#8217;aut\u00f2noms, es t\u00e9 en compte el domicili acreditat a l&#8217;Ag\u00e8ncia Tribut\u00e0ria i s&#8217;acredita amb una c\u00f2pia del formulari de la declaraci\u00f3 censal d&#8217;alta, modificaci\u00f3 i baixa en el cens d&#8217;obligats tributaris (model 036).<br \/>\nRenda anual\u00a0de la unitat familiar\u00a0en al cas que\u00a0el pare, la mare, el tutor o tutora, o el guardador o guardadora, siguin beneficiaris de l&#8217;ajut de la renda m\u00ednima d&#8217;inserci\u00f3, calculat en funci\u00f3 dels fills a c\u00e0rrec.<\/p>\n<p>Barem:\u00a010 punts<\/p>\n<p>Documentaci\u00f3: acreditaci\u00f3 de ser beneficiari o benefici\u00e0ria de la prestaci\u00f3 econ\u00f2mica de la renda m\u00ednima d&#8217;inserci\u00f3.<br \/>\nDiscapacitat\u00a0(igual o superior al 33%) de l&#8217;alumne o alumna, el pare o mare, o el germ\u00e0 o germana.<\/p>\n<p>Barem:\u00a010 punts<\/p>\n<p>Documentaci\u00f3:<br \/>\nOriginal i fotoc\u00f2pia del certificat o de la targeta acreditativa de la discapacitat de la persona que al\u00b7lega aquesta condici\u00f3, em\u00e8s pel Departament de Treball, Afers Socials i Fam\u00edlies.<br \/>\nTamb\u00e9 s&#8217;admeten els certificats de discapacitat emesos pels organismes competents d&#8217;altres comunitats aut\u00f2nomes.<br \/>\nEs consideren afectats per una discapacitat igual o superior al 33% els pensionistes de la Seguretat Social que tenen reconeguda una pensi\u00f3 d&#8217;incapacitat permanent de grau total, absoluta o de gran invalidesa i els de les classes passives que tenen reconeguda una pensi\u00f3 de jubilaci\u00f3 o de retir per incapacitat permanent per al servei o inutilitat.<\/p>\n<p><strong>C) Criteris complementaris<\/strong><br \/>\n<strong> L&#8217;alumne o alumna forma part d&#8217;una fam\u00edlia nombrosa o monoparental.<\/strong><\/p>\n<p>Barem:\u00a015 punts<\/p>\n<p>Documentaci\u00f3: original i fotoc\u00f2pia del carnet de fam\u00edlia nombrosa o monoparental vigent.<br \/>\nL&#8217;alumne o alumna t\u00e9 una malaltia cr\u00f2nica\u00a0que afecta el seu sistema digestiu, endocr\u00ed o metab\u00f2lic, inclosos els cel\u00edacs.<\/p>\n<p>Barem:\u00a010 punts<\/p>\n<p>Documentaci\u00f3: informe em\u00e8s per un metge o metgessa del sistema p\u00fablic de salut o certificat m\u00e8dic oficial amb signatura legalitzada pel col\u00b7legi de metges de la demarcaci\u00f3 corresponent, en qu\u00e8 s&#8217;indiqui expressament que l&#8217;alumne o alumna t\u00e9 diagnosticada una malaltia cr\u00f2nica que afecta el seu sistema digestiu, endocr\u00ed o metab\u00f2lic, inclosos els cel\u00edacs, i s&#8217;hi especifiqui de quina malaltia es tracta i que el diagn\u00f2stic s&#8217;ha fet tenint en compte els criteris del Departament de Salut.<\/p>\n<p>El pare, mare, tutors o germans han estat\u00a0escolaritzats\u00a0(en ensenyaments declarats actualment gratu\u00efts i universals)\u00a0al centre\u00a0per al qual es presenta la sol\u00b7licitud.<\/p>\n<p>S\u00f3n ensenyaments gratu\u00efts i universals: el segon cicle d&#8217;educaci\u00f3 infantil, l&#8217;educaci\u00f3 prim\u00e0ria, l&#8217;educaci\u00f3 secund\u00e0ria obligat\u00f2ria, els programes de qualificaci\u00f3 professional inicial (PQPI) i els cicles de formaci\u00f3 professional de grau mitj\u00e0.<\/p>\n<p>S\u00f3n equivalents a aquests ensenyaments: el parvulari, l&#8217;educaci\u00f3 general b\u00e0sica (EGB), els ensenyaments primaris, el 1r i 2n curs de batxillerat unificat polivalent (BUP) o el batxillerat elemental o el batxillerat superior, i la FP1, i en general qualsevol ensenyament que es cursava entre els 3 i els 16 anys<\/p>\n<p>Barem:\u00a05 punts<\/p>\n<p>Documentaci\u00f3: cap perqu\u00e8 la persona escolaritzada en el centre per al qual es presenta la sol\u00b7licitud ha de facilitar al centre les seves dades perqu\u00e8 aquest pugui comprovar-ho.<\/p>\n<p>Trobareu tota la informaci\u00f3 a la web del consorci: <a href=\"https:\/\/www.edubcn.cat\/ca\/alumnat_i_familia\/informacio_general_matriculacio\/acces_als_estudis\/3_16#\/8\">https:\/\/www.edubcn.cat\/ca\/alumnat_i_familia\/informacio_general_matriculacio\/acces_als_estudis\/3_16#\/8<\/a><\/p>\n","protected":false},"excerpt":{"rendered":"<p>Zona d&#8217;influ\u00e8ncia<br \/>\n<a href=\"https:\/\/agora.xtec.cat\/escferraniclua\/wp-content\/uploads\/usu1879\/2019\/02\/image001.png\"><\/a><br \/>\nCriteris de prioritat i documentaci\u00f3 acreditativa<br \/>\nJuntament amb la sol\u00b7licitud de preinscripci\u00f3 (o de la impressi\u00f3 de la sol\u00b7licitud\u00a0que s&#8217;ha enviat\u00a0per Internet) cal presentar la documentaci\u00f3 en el termini establert, en el centre que s&#8217;ha demanat en primer lloc.<br \/>\nDocumentaci\u00f3 identificativa<br \/>\nEl formulari de sol\u00b7licitud s&#8217;ha&hellip;  <a href=\"https:\/\/agora.xtec.cat\/escferraniclua\/informacio-periode-de-preinscripcio\/\" title=\"Read informaci\u00f3 per\u00edode de preinscripci\u00f3\">Llegeix m\u00e9s\u00bb<\/a><\/p>\n","protected":false},"author":1,"featured_media":0,"parent":0,"menu_order":0,"comment_status":"closed","ping_status":"closed","template":"","meta":{"_bbp_topic_count":0,"_bbp_reply_count":0,"_bbp_total_topic_count":0,"_bbp_total_reply_count":0,"_bbp_voice_count":0,"_bbp_anonymous_reply_count":0,"_bbp_topic_count_hidden":0,"_bbp_reply_count_hidden":0,"_bbp_forum_subforum_count":0,"footnotes":""},"class_list":["post-805","page","type-page","status-publish","hentry"],"post_mailing_queue_ids":[],"_links":{"self":[{"href":"https:\/\/agora.xtec.cat\/escferraniclua\/wp-json\/wp\/v2\/pages\/805","targetHints":{"allow":["GET"]}}],"collection":[{"href":"https:\/\/agora.xtec.cat\/escferraniclua\/wp-json\/wp\/v2\/pages"}],"about":[{"href":"https:\/\/agora.xtec.cat\/escferraniclua\/wp-json\/wp\/v2\/types\/page"}],"author":[{"embeddable":true,"href":"https:\/\/agora.xtec.cat\/escferraniclua\/wp-json\/wp\/v2\/users\/1"}],"replies":[{"embeddable":true,"href":"https:\/\/agora.xtec.cat\/escferraniclua\/wp-json\/wp\/v2\/comments?post=805"}],"version-history":[{"count":3,"href":"https:\/\/agora.xtec.cat\/escferraniclua\/wp-json\/wp\/v2\/pages\/805\/revisions"}],"predecessor-version":[{"id":808,"href":"https:\/\/agora.xtec.cat\/escferraniclua\/wp-json\/wp\/v2\/pages\/805\/revisions\/808"}],"wp:attachment":[{"href":"https:\/\/agora.xtec.cat\/escferraniclua\/wp-json\/wp\/v2\/media?parent=805"}],"curies":[{"name":"wp","href":"https:\/\/api.w.org\/{rel}","templated":true}]}}