{"id":620,"date":"2018-07-26T19:29:27","date_gmt":"2018-07-26T17:29:27","guid":{"rendered":"http:\/\/agora.xtec.cat\/escferraniclua\/?page_id=620"},"modified":"2019-12-10T11:54:52","modified_gmt":"2019-12-10T10:54:52","slug":"projecte-institut-escola-amb-lalzina","status":"publish","type":"page","link":"https:\/\/agora.xtec.cat\/escferraniclua\/projecte-educatiu\/projecte-institut-escola-amb-lalzina\/","title":{"rendered":"Projecte de coordinaci\u00f3 prim\u00e0ria secund\u00e0ria amb l&#8217;institut Alzina"},"content":{"rendered":"<p>L&#8217;escola i l&#8217;institut no nom\u00e9s compartim espais f\u00edsics, tamb\u00e9 compartim un itineari educatiu com\u00fa que coordina el dos projectes educatius.<\/p>\n<p>Els equips de mestres planifiquem conjuntament actuacions educatives per tal de crear lligam entre les diferents etapes i per coordinar una l\u00ednia metodol\u00f2gica.<\/p>\n<p>Els centres alhora ens coordinem per projectes pedag\u00f2gics compartits, per les festes i per la cura i la gesti\u00f3 dels espais<\/p>\n","protected":false},"excerpt":{"rendered":"<p>L&#8217;escola i l&#8217;institut no nom\u00e9s compartim espais f\u00edsics, tamb\u00e9 compartim un itineari educatiu com\u00fa que coordina el dos projectes educatius.<br \/>\nEls equips de mestres planifiquem conjuntament actuacions educatives per tal de crear lligam entre les diferents etapes i per coordinar una l\u00ednia metodol\u00f2gica.<br \/>\nEls centres alhora ens&hellip;  <a href=\"https:\/\/agora.xtec.cat\/escferraniclua\/projecte-educatiu\/projecte-institut-escola-amb-lalzina\/\" title=\"Read Projecte de coordinaci\u00f3 prim\u00e0ria secund\u00e0ria amb l&#8217;institut Alzina\">Llegeix m\u00e9s\u00bb<\/a><\/p>\n","protected":false},"author":1,"featured_media":0,"parent":64,"menu_order":20,"comment_status":"closed","ping_status":"closed","template":"page-templates\/side-menu.php","meta":{"_bbp_topic_count":0,"_bbp_reply_count":0,"_bbp_total_topic_count":0,"_bbp_total_reply_count":0,"_bbp_voice_count":0,"_bbp_anonymous_reply_count":0,"_bbp_topic_count_hidden":0,"_bbp_reply_count_hidden":0,"_bbp_forum_subforum_count":0,"footnotes":""},"class_list":["post-620","page","type-page","status-publish","hentry"],"post_mailing_queue_ids":[],"_links":{"self":[{"href":"https:\/\/agora.xtec.cat\/escferraniclua\/wp-json\/wp\/v2\/pages\/620","targetHints":{"allow":["GET"]}}],"collection":[{"href":"https:\/\/agora.xtec.cat\/escferraniclua\/wp-json\/wp\/v2\/pages"}],"about":[{"href":"https:\/\/agora.xtec.cat\/escferraniclua\/wp-json\/wp\/v2\/types\/page"}],"author":[{"embeddable":true,"href":"https:\/\/agora.xtec.cat\/escferraniclua\/wp-json\/wp\/v2\/users\/1"}],"replies":[{"embeddable":true,"href":"https:\/\/agora.xtec.cat\/escferraniclua\/wp-json\/wp\/v2\/comments?post=620"}],"version-history":[{"count":3,"href":"https:\/\/agora.xtec.cat\/escferraniclua\/wp-json\/wp\/v2\/pages\/620\/revisions"}],"predecessor-version":[{"id":1357,"href":"https:\/\/agora.xtec.cat\/escferraniclua\/wp-json\/wp\/v2\/pages\/620\/revisions\/1357"}],"up":[{"embeddable":true,"href":"https:\/\/agora.xtec.cat\/escferraniclua\/wp-json\/wp\/v2\/pages\/64"}],"wp:attachment":[{"href":"https:\/\/agora.xtec.cat\/escferraniclua\/wp-json\/wp\/v2\/media?parent=620"}],"curies":[{"name":"wp","href":"https:\/\/api.w.org\/{rel}","templated":true}]}}