{"id":608,"date":"2018-07-26T19:19:08","date_gmt":"2018-07-26T17:19:08","guid":{"rendered":"http:\/\/agora.xtec.cat\/escferraniclua\/?page_id=608"},"modified":"2021-01-23T18:17:10","modified_gmt":"2021-01-23T17:17:10","slug":"projecte-pati","status":"publish","type":"page","link":"https:\/\/agora.xtec.cat\/escferraniclua\/projecte-educatiu\/projecte-pati\/","title":{"rendered":"Projecte Pati"},"content":{"rendered":"<p><span style=\"font-weight: 600;\">L&#8217;escola est\u00e0 realitzant una transformaci\u00f3 del pati per compartir-lo amb un espai educatiu en horari lectiu i no lectiu amb una mirada inclusiva i coeducativa<\/span><\/p>\n<p>S&#8217;ha constitu\u00eft una comissi\u00f3 mitxa de fam\u00edlies i escola.\u00a0Les actuacions que s&#8217;han fet fins ara s\u00f3n:<\/p>\n<p><span style=\"font-weight: 600;\">Transformaci\u00f3 de les zones de\u00a0 joc<\/span><br \/>\nLes fam\u00edlies han realitzat diferents jornades per crear jocs al pati de fusta i s&#8217;ha instal\u00b7lat un roc\u00f2drom.<\/p>\n<p><img loading=\"lazy\" decoding=\"async\" class=\" wp-image-3272 alignleft\" src=\"https:\/\/agora.xtec.cat\/escferraniclua\/wp-content\/uploads\/usu1879\/2021\/01\/Imatge10.jpg\" alt=\"\" width=\"195\" height=\"260\" srcset=\"https:\/\/agora.xtec.cat\/escferraniclua\/wp-content\/uploads\/usu1879\/2021\/01\/Imatge10.jpg 333w, https:\/\/agora.xtec.cat\/escferraniclua\/wp-content\/uploads\/usu1879\/2021\/01\/Imatge10-225x300.jpg 225w\" sizes=\"auto, (max-width: 195px) 100vw, 195px\" \/><\/p>\n<p><img loading=\"lazy\" decoding=\"async\" class=\"wp-image-3265 alignleft\" src=\"https:\/\/agora.xtec.cat\/escferraniclua\/wp-content\/uploads\/usu1879\/2021\/01\/Imatge3.jpg\" alt=\"\" width=\"187\" height=\"249\" srcset=\"https:\/\/agora.xtec.cat\/escferraniclua\/wp-content\/uploads\/usu1879\/2021\/01\/Imatge3.jpg 373w, https:\/\/agora.xtec.cat\/escferraniclua\/wp-content\/uploads\/usu1879\/2021\/01\/Imatge3-225x300.jpg 225w\" sizes=\"auto, (max-width: 187px) 100vw, 187px\" \/><\/p>\n<p><img loading=\"lazy\" decoding=\"async\" class=\" wp-image-3273 alignleft\" src=\"https:\/\/agora.xtec.cat\/escferraniclua\/wp-content\/uploads\/usu1879\/2021\/01\/Imatge11.jpg\" alt=\"\" width=\"226\" height=\"226\" srcset=\"https:\/\/agora.xtec.cat\/escferraniclua\/wp-content\/uploads\/usu1879\/2021\/01\/Imatge11.jpg 477w, https:\/\/agora.xtec.cat\/escferraniclua\/wp-content\/uploads\/usu1879\/2021\/01\/Imatge11-150x150.jpg 150w, https:\/\/agora.xtec.cat\/escferraniclua\/wp-content\/uploads\/usu1879\/2021\/01\/Imatge11-300x300.jpg 300w\" sizes=\"auto, (max-width: 226px) 100vw, 226px\" \/><\/p>\n<p>&nbsp;<\/p>\n<p>&nbsp;<\/p>\n<p>&nbsp;<\/p>\n<p>&nbsp;<\/p>\n<p>&nbsp;<\/p>\n<p>&nbsp;<\/p>\n<p>&nbsp;<\/p>\n<p>Tamb\u00e9 s&#8217;han instal\u00b7lat 2 sorrals, s&#8217;han comprat 3 cabanes i 8 taules de picnic, una estructura de jocs motrius, un circu\u00eft d&#8217;equilibris i s&#8217;han pintat jocs al terra del pati.<br \/>\n<img loading=\"lazy\" decoding=\"async\" class=\"wp-image-3264 alignleft\" src=\"https:\/\/agora.xtec.cat\/escferraniclua\/wp-content\/uploads\/usu1879\/2021\/01\/Imatge2.jpg\" alt=\"\" width=\"208\" height=\"278\" srcset=\"https:\/\/agora.xtec.cat\/escferraniclua\/wp-content\/uploads\/usu1879\/2021\/01\/Imatge2.jpg 417w, https:\/\/agora.xtec.cat\/escferraniclua\/wp-content\/uploads\/usu1879\/2021\/01\/Imatge2-225x300.jpg 225w\" sizes=\"auto, (max-width: 208px) 100vw, 208px\" \/> <img loading=\"lazy\" decoding=\"async\" class=\"wp-image-3263 alignleft\" src=\"https:\/\/agora.xtec.cat\/escferraniclua\/wp-content\/uploads\/usu1879\/2021\/01\/Imatge1.jpg\" alt=\"\" width=\"210\" height=\"280\" srcset=\"https:\/\/agora.xtec.cat\/escferraniclua\/wp-content\/uploads\/usu1879\/2021\/01\/Imatge1.jpg 352w, https:\/\/agora.xtec.cat\/escferraniclua\/wp-content\/uploads\/usu1879\/2021\/01\/Imatge1-225x300.jpg 225w\" sizes=\"auto, (max-width: 210px) 100vw, 210px\" \/> <img loading=\"lazy\" decoding=\"async\" class=\" wp-image-3267 alignleft\" src=\"https:\/\/agora.xtec.cat\/escferraniclua\/wp-content\/uploads\/usu1879\/2021\/01\/Imatge5.jpg\" alt=\"\" width=\"210\" height=\"280\" srcset=\"https:\/\/agora.xtec.cat\/escferraniclua\/wp-content\/uploads\/usu1879\/2021\/01\/Imatge5.jpg 430w, https:\/\/agora.xtec.cat\/escferraniclua\/wp-content\/uploads\/usu1879\/2021\/01\/Imatge5-225x300.jpg 225w\" sizes=\"auto, (max-width: 210px) 100vw, 210px\" \/> <img loading=\"lazy\" decoding=\"async\" class=\" wp-image-3270 alignleft\" src=\"https:\/\/agora.xtec.cat\/escferraniclua\/wp-content\/uploads\/usu1879\/2021\/01\/Imatge8.jpg\" alt=\"\" width=\"220\" height=\"294\" srcset=\"https:\/\/agora.xtec.cat\/escferraniclua\/wp-content\/uploads\/usu1879\/2021\/01\/Imatge8.jpg 370w, https:\/\/agora.xtec.cat\/escferraniclua\/wp-content\/uploads\/usu1879\/2021\/01\/Imatge8-225x300.jpg 225w\" sizes=\"auto, (max-width: 220px) 100vw, 220px\" \/><img loading=\"lazy\" decoding=\"async\" class=\" wp-image-3271 alignleft\" src=\"https:\/\/agora.xtec.cat\/escferraniclua\/wp-content\/uploads\/usu1879\/2021\/01\/Imatge9.jpg\" alt=\"\" width=\"202\" height=\"270\" srcset=\"https:\/\/agora.xtec.cat\/escferraniclua\/wp-content\/uploads\/usu1879\/2021\/01\/Imatge9.jpg 370w, https:\/\/agora.xtec.cat\/escferraniclua\/wp-content\/uploads\/usu1879\/2021\/01\/Imatge9-225x300.jpg 225w\" sizes=\"auto, (max-width: 202px) 100vw, 202px\" \/><\/p>\n<p>&nbsp;<\/p>\n<p>&nbsp;<\/p>\n<p>&nbsp;<\/p>\n<p>&nbsp;<\/p>\n<p>&nbsp;<\/p>\n<p>&nbsp;<\/p>\n<p>&nbsp;<\/p>\n<p>&nbsp;<\/p>\n<p>&nbsp;<\/p>\n<p>&nbsp;<\/p>\n<p>&nbsp;<\/p>\n<p>&nbsp;<\/p>\n<p>&nbsp;<\/p>\n<p><strong>S&#8217;ha engegat el projecte ;<\/strong><span style=\"font-weight: 600;\">Naturalitzem el pati<\/span><\/p>\n<p><strong>Volem augmentar la diversitat d&#8217;\u00e9ssers vius<\/strong><\/p>\n<p><span style=\"font-weight: 300;\">Per afavorir el contacte amb la natura i per oferir diferents opcions d\u2019investigaci\u00f3 al medi natural, farem diferents accions per afavorir la biodiversitat del nostre pati,<\/span><\/p>\n<ul>\n<li><span style=\"font-weight: 300;\">crear una bassa d&#8217;aigua<\/span><\/li>\n<li><span style=\"font-weight: 300;\">Hotel d&#8217;insectes <\/span><\/li>\n<li><span style=\"font-weight: 300;\">Nius d\u2019ocells i\/o menjadores<\/span><\/li>\n<\/ul>\n<p><img loading=\"lazy\" decoding=\"async\" class=\" wp-image-3276 alignleft\" src=\"https:\/\/agora.xtec.cat\/escferraniclua\/wp-content\/uploads\/usu1879\/2021\/01\/Imatge14.jpg\" alt=\"\" width=\"195\" height=\"109\" \/><img loading=\"lazy\" decoding=\"async\" class=\" wp-image-3275 alignleft\" src=\"https:\/\/agora.xtec.cat\/escferraniclua\/wp-content\/uploads\/usu1879\/2021\/01\/Imatge13.jpg\" alt=\"\" width=\"176\" height=\"233\" srcset=\"https:\/\/agora.xtec.cat\/escferraniclua\/wp-content\/uploads\/usu1879\/2021\/01\/Imatge13.jpg 523w, https:\/\/agora.xtec.cat\/escferraniclua\/wp-content\/uploads\/usu1879\/2021\/01\/Imatge13-226x300.jpg 226w\" sizes=\"auto, (max-width: 176px) 100vw, 176px\" \/><img loading=\"lazy\" decoding=\"async\" class=\" wp-image-3277 alignleft\" src=\"https:\/\/agora.xtec.cat\/escferraniclua\/wp-content\/uploads\/usu1879\/2021\/01\/Imatge15.jpg\" alt=\"\" width=\"240\" height=\"160\" srcset=\"https:\/\/agora.xtec.cat\/escferraniclua\/wp-content\/uploads\/usu1879\/2021\/01\/Imatge15.jpg 548w, https:\/\/agora.xtec.cat\/escferraniclua\/wp-content\/uploads\/usu1879\/2021\/01\/Imatge15-300x200.jpg 300w\" sizes=\"auto, (max-width: 240px) 100vw, 240px\" \/><\/p>\n<p>&nbsp;<\/p>\n<p>&nbsp;<\/p>\n<p>&nbsp;<\/p>\n<p>&nbsp;<\/p>\n<p>&nbsp;<\/p>\n<p>&nbsp;<\/p>\n<p><strong>Augment de la vegetaci\u00f3<\/strong><\/p>\n<p><span style=\"font-weight: 300;\">La neuroci\u00e8ncia ens parla que un entorn verd <\/span><b>ajudar a la relaxaci\u00f3 <\/b><span style=\"font-weight: 300;\">i afavoreix <\/span><b>la visi\u00f3 de llarga dist\u00e0ncia.<\/b><span style=\"font-weight: 300;\"> Tamb\u00e9 molts estudis constaten que el contacte amb la natura <\/span><b>beneficia el nostre sistema immunol\u00f2gic<\/b><\/p>\n<p><img loading=\"lazy\" decoding=\"async\" class=\" wp-image-3278 alignleft\" src=\"https:\/\/agora.xtec.cat\/escferraniclua\/wp-content\/uploads\/usu1879\/2021\/01\/Imatge16.jpg\" alt=\"\" width=\"166\" height=\"222\" srcset=\"https:\/\/agora.xtec.cat\/escferraniclua\/wp-content\/uploads\/usu1879\/2021\/01\/Imatge16.jpg 515w, https:\/\/agora.xtec.cat\/escferraniclua\/wp-content\/uploads\/usu1879\/2021\/01\/Imatge16-225x300.jpg 225w\" sizes=\"auto, (max-width: 166px) 100vw, 166px\" \/><br \/>\n<img loading=\"lazy\" decoding=\"async\" class=\"wp-image-3279 alignleft\" src=\"https:\/\/agora.xtec.cat\/escferraniclua\/wp-content\/uploads\/usu1879\/2021\/01\/Imatge17.jpg\" alt=\"\" width=\"272\" height=\"136\" srcset=\"https:\/\/agora.xtec.cat\/escferraniclua\/wp-content\/uploads\/usu1879\/2021\/01\/Imatge17.jpg 420w, https:\/\/agora.xtec.cat\/escferraniclua\/wp-content\/uploads\/usu1879\/2021\/01\/Imatge17-300x150.jpg 300w\" sizes=\"auto, (max-width: 272px) 100vw, 272px\" \/><\/p>\n<p>&nbsp;<\/p>\n<p>&nbsp;<\/p>\n<p>&nbsp;<\/p>\n<p>&nbsp;<\/p>\n<p>&nbsp;<\/p>\n<p><span style=\"font-weight: 300;\">Volem donar <\/span><b>resposta a la contaminaci\u00f3<\/b><span style=\"font-weight: 300;\"> de la ciutat, fent un mur verd que ajudi a filtrar l\u2019aire<\/span><\/p>\n<p>Volem potenciar l&#8217;hort com a espai d&#8217;aprentatge<\/p>\n<ul>\n<li><span style=\"font-weight: 300;\">recuperar la gesti\u00f3 de l\u2019hort cedida a l\u2019institut<\/span><\/li>\n<li><span style=\"font-weight: 300;\">Treball pedag\u00f2gic sobre l\u2019agricultura i les plantes comestibles<\/span><\/li>\n<li><span style=\"font-weight: 300;\">Aconseguir fer compostadora<\/span><\/li>\n<li><span style=\"font-weight: 300;\">Domotitzar\u00a0 l\u2019hort per estalviar aigua<\/span><img loading=\"lazy\" decoding=\"async\" class=\"aligncenter wp-image-3280\" src=\"https:\/\/agora.xtec.cat\/escferraniclua\/wp-content\/uploads\/usu1879\/2021\/01\/Imatge18.jpg\" alt=\"\" width=\"605\" height=\"605\" srcset=\"https:\/\/agora.xtec.cat\/escferraniclua\/wp-content\/uploads\/usu1879\/2021\/01\/Imatge18.jpg 687w, https:\/\/agora.xtec.cat\/escferraniclua\/wp-content\/uploads\/usu1879\/2021\/01\/Imatge18-150x150.jpg 150w, https:\/\/agora.xtec.cat\/escferraniclua\/wp-content\/uploads\/usu1879\/2021\/01\/Imatge18-300x300.jpg 300w\" sizes=\"auto, (max-width: 605px) 100vw, 605px\" \/><\/li>\n<\/ul>\n","protected":false},"excerpt":{"rendered":"<p>L&#8217;escola est\u00e0 realitzant una transformaci\u00f3 del pati per compartir-lo amb un espai educatiu en horari lectiu i no lectiu amb una mirada inclusiva i coeducativa<br \/>\nS&#8217;ha constitu\u00eft una comissi\u00f3 mitxa de fam\u00edlies i escola.\u00a0Les actuacions que s&#8217;han fet fins ara s\u00f3n:<br \/>\nTransformaci\u00f3 de les zones de\u00a0 joc<br \/>\nLes&hellip;  <a href=\"https:\/\/agora.xtec.cat\/escferraniclua\/projecte-educatiu\/projecte-pati\/\" title=\"Read Projecte Pati\">Llegeix m\u00e9s\u00bb<\/a><\/p>\n","protected":false},"author":1,"featured_media":0,"parent":64,"menu_order":80,"comment_status":"closed","ping_status":"closed","template":"","meta":{"_bbp_topic_count":0,"_bbp_reply_count":0,"_bbp_total_topic_count":0,"_bbp_total_reply_count":0,"_bbp_voice_count":0,"_bbp_anonymous_reply_count":0,"_bbp_topic_count_hidden":0,"_bbp_reply_count_hidden":0,"_bbp_forum_subforum_count":0,"footnotes":""},"class_list":["post-608","page","type-page","status-publish","hentry"],"post_mailing_queue_ids":[],"_links":{"self":[{"href":"https:\/\/agora.xtec.cat\/escferraniclua\/wp-json\/wp\/v2\/pages\/608","targetHints":{"allow":["GET"]}}],"collection":[{"href":"https:\/\/agora.xtec.cat\/escferraniclua\/wp-json\/wp\/v2\/pages"}],"about":[{"href":"https:\/\/agora.xtec.cat\/escferraniclua\/wp-json\/wp\/v2\/types\/page"}],"author":[{"embeddable":true,"href":"https:\/\/agora.xtec.cat\/escferraniclua\/wp-json\/wp\/v2\/users\/1"}],"replies":[{"embeddable":true,"href":"https:\/\/agora.xtec.cat\/escferraniclua\/wp-json\/wp\/v2\/comments?post=608"}],"version-history":[{"count":3,"href":"https:\/\/agora.xtec.cat\/escferraniclua\/wp-json\/wp\/v2\/pages\/608\/revisions"}],"predecessor-version":[{"id":3282,"href":"https:\/\/agora.xtec.cat\/escferraniclua\/wp-json\/wp\/v2\/pages\/608\/revisions\/3282"}],"up":[{"embeddable":true,"href":"https:\/\/agora.xtec.cat\/escferraniclua\/wp-json\/wp\/v2\/pages\/64"}],"wp:attachment":[{"href":"https:\/\/agora.xtec.cat\/escferraniclua\/wp-json\/wp\/v2\/media?parent=608"}],"curies":[{"name":"wp","href":"https:\/\/api.w.org\/{rel}","templated":true}]}}