{"id":600,"date":"2018-07-26T19:16:26","date_gmt":"2018-07-26T17:16:26","guid":{"rendered":"http:\/\/agora.xtec.cat\/escferraniclua\/?page_id=600"},"modified":"2021-01-23T18:35:22","modified_gmt":"2021-01-23T17:35:22","slug":"atencio-a-la-diversitat","status":"publish","type":"page","link":"https:\/\/agora.xtec.cat\/escferraniclua\/projecte-educatiu\/atencio-a-la-diversitat\/","title":{"rendered":"Atenci\u00f3 a la diversitat"},"content":{"rendered":"<p>L&#8217;escola vetlla per atendre i per respectar els diferents ritmes d&#8217;aprenentatges del alumnes:<\/p>\n<p>La programaci\u00f3 d&#8217;aula \u00e9s multinivell i el centre aplica les mesures de suport que necessita cada alumne.<\/p>\n<p>L&#8217;escola es coordina amb els serveis externs que atenen als infants del centre<\/p>\n<p>Disposem de l&#8217;assesorament de l&#8217;EAP de Sant Andreu i de l&#8217;acompanyament d&#8217;una psicopedagoga, logopeda i un fisioterapeuta,<\/p>\n<p>El centre t\u00e9 un recurs SIEI<\/p>\n<p>Tota l&#8217;atenci\u00f3 a la diversitat del centre es coordinada per la comissi\u00f3 d&#8217;atenci\u00f3 a la diversitat.<\/p>\n<p>&nbsp;<\/p>\n<p>&nbsp;<\/p>\n<p>&nbsp;<\/p>\n","protected":false},"excerpt":{"rendered":"<p>L&#8217;escola vetlla per atendre i per respectar els diferents ritmes d&#8217;aprenentatges del alumnes:<br \/>\nLa programaci\u00f3 d&#8217;aula \u00e9s multinivell i el centre aplica les mesures de suport que necessita cada alumne.<br \/>\nL&#8217;escola es coordina amb els serveis externs que atenen als infants del centre<br \/>\nDisposem de l&#8217;assesorament de l&#8217;EAP&hellip;  <a href=\"https:\/\/agora.xtec.cat\/escferraniclua\/projecte-educatiu\/atencio-a-la-diversitat\/\" title=\"Read Atenci\u00f3 a la diversitat\">Llegeix m\u00e9s\u00bb<\/a><\/p>\n","protected":false},"author":1,"featured_media":0,"parent":64,"menu_order":40,"comment_status":"closed","ping_status":"closed","template":"page-templates\/side-menu.php","meta":{"_bbp_topic_count":0,"_bbp_reply_count":0,"_bbp_total_topic_count":0,"_bbp_total_reply_count":0,"_bbp_voice_count":0,"_bbp_anonymous_reply_count":0,"_bbp_topic_count_hidden":0,"_bbp_reply_count_hidden":0,"_bbp_forum_subforum_count":0,"footnotes":""},"class_list":["post-600","page","type-page","status-publish","hentry"],"post_mailing_queue_ids":[],"_links":{"self":[{"href":"https:\/\/agora.xtec.cat\/escferraniclua\/wp-json\/wp\/v2\/pages\/600","targetHints":{"allow":["GET"]}}],"collection":[{"href":"https:\/\/agora.xtec.cat\/escferraniclua\/wp-json\/wp\/v2\/pages"}],"about":[{"href":"https:\/\/agora.xtec.cat\/escferraniclua\/wp-json\/wp\/v2\/types\/page"}],"author":[{"embeddable":true,"href":"https:\/\/agora.xtec.cat\/escferraniclua\/wp-json\/wp\/v2\/users\/1"}],"replies":[{"embeddable":true,"href":"https:\/\/agora.xtec.cat\/escferraniclua\/wp-json\/wp\/v2\/comments?post=600"}],"version-history":[{"count":2,"href":"https:\/\/agora.xtec.cat\/escferraniclua\/wp-json\/wp\/v2\/pages\/600\/revisions"}],"predecessor-version":[{"id":3287,"href":"https:\/\/agora.xtec.cat\/escferraniclua\/wp-json\/wp\/v2\/pages\/600\/revisions\/3287"}],"up":[{"embeddable":true,"href":"https:\/\/agora.xtec.cat\/escferraniclua\/wp-json\/wp\/v2\/pages\/64"}],"wp:attachment":[{"href":"https:\/\/agora.xtec.cat\/escferraniclua\/wp-json\/wp\/v2\/media?parent=600"}],"curies":[{"name":"wp","href":"https:\/\/api.w.org\/{rel}","templated":true}]}}