{"id":594,"date":"2018-07-26T19:11:50","date_gmt":"2018-07-26T17:11:50","guid":{"rendered":"http:\/\/agora.xtec.cat\/escferraniclua\/?page_id=594"},"modified":"2020-11-15T13:53:00","modified_gmt":"2020-11-15T12:53:00","slug":"coneix-el-nostre-projecte","status":"publish","type":"page","link":"https:\/\/agora.xtec.cat\/escferraniclua\/projecte-educatiu\/coneix-el-nostre-projecte\/","title":{"rendered":"Coneix el nostre projecte educatiu"},"content":{"rendered":"<p>Els pilars pedag\u00f2gics del nostre projecte educatiu s\u00f3n:<\/p>\n<h4><strong>Educaci\u00f3 integral<\/strong><\/h4>\n<p>Entenem l\u2019aprenentatge com a un proc\u00e9s que implica la totalitat de la persona i en el que es desenvolupen una gran diversitat de capacitats: intel\u00b7lectuals, motores, procedimentals, socials, emocionals, actitudinals&#8230;L\u2019educaci\u00f3 no \u00e9s un proc\u00e9s instructiu, sin\u00f3 que es desenvolupa tenint en compte la diversitat de capacitats, d\u2019interessos i de ritmes d\u2019aprenentatge de cada alumne\/a.Estem conven\u00e7uts que els aspectes emocionals (motivaci\u00f3, metes, expectatives, autoconcepte, autoestima) estan \u00edntimament lligats amb les capacitats cognitives.L\u2019escola treballa de forma expl\u00edcita, com a part b\u00e0sica del proc\u00e9s de socialitzaci\u00f3: les habilitats emocionals (autoregulaci\u00f3), les relacions interpersonals (respecte i di\u00e0leg) i els valors com la responsabilitat i la cultura de l\u2019esfor\u00e7 com a mitj\u00e0 d\u2019aconseguir les fites personals i socials que permetran als infants formar part d\u2019una societat canviant i plural.<\/p>\n<h4><strong>Esperit cr\u00edtic<\/strong>.<\/h4>\n<p>Afavorirem el desenvolupament de l\u2019esperit cr\u00edtic, la iniciativa personal, la capacitat de discussi\u00f3 i la presa de decisions, tot defugint el conformisme i la passivitat. L\u2019aprenentatge ha de ser tamb\u00e9 un intercanvi constructiu i raonat. S\u2019incentivar\u00e0 la voluntat col\u00b7lectiva de transformaci\u00f3 de la realitat social.<\/p>\n<h4><strong>Aprenentatge actiu i significatiu<\/strong>.<\/h4>\n<p>Des d\u2019una visi\u00f3 constructivista de l\u2019aprenentatge, el\/la mestre\/a actuar\u00e0 com a orientador i dinamitzador del proc\u00e9s d\u2019aprenentatge de l\u2019alumne. Facilitar\u00e0, estimular\u00e0 i donar\u00e0 coher\u00e8ncia al seu aprenentatge natural, tot fomentant la curiositat i la investigaci\u00f3, implicant-lo activament en el seu proc\u00e9s i evitant un paper de receptor passiu de la informaci\u00f3. Donarem especial rellev\u00e0ncia a les activitats d\u2019observaci\u00f3, de recerca, descobriment i treball de camp. En aquest sentit, el treball de l\u2019hort escolar i les activitats complement\u00e0ries (sortides i col\u00f2nies, festes populars, jornades culturals, congressos, concursos de l\u2019entorn,&#8230;) es consideren activitats imprescindibles per a completar el curr\u00edculum competencial dels alumnes.Entenem l\u2019aprenentatge com un progr\u00e9s individual de cada alumne, que parteix dels seus coneixements i de les seves capacitats i en fomenta l\u2019assoliment d\u2019altres. Aix\u00ed doncs, es tindran en compte els coneixements previs dels alumnes i tamb\u00e9 el seu ritme personal d\u2019adquisici\u00f3.<\/p>\n<h4><strong>Treball competencial i transversalitat dels aprenentatges<\/strong>.<\/h4>\n<p>L\u2019escola vetllar\u00e0 per l\u2019assoliment de les compet\u00e8ncies b\u00e0siques per part dels alumnes per tal de garantir que puguin integrar-se plenament en un m\u00f3n complexe i canviant. Per aconseguir-ho fomentar\u00e0 el treball competencial, tant a les aules com mitjan\u00e7ant altres espais de treball que l\u2019equip docent determini (hort, science lab, biblioteca, inform\u00e0tica, desdoblaments d\u2019expressi\u00f3 escrita o de resoluci\u00f3 de problemes, apadrinament lector, etc.).Aix\u00ed doncs, s\u2019evitar\u00e0 realitzar nom\u00e9s treballs mec\u00e0nics i repetitius per donar prioritat a que l\u2019alumne s\u2019enfronti a la resoluci\u00f3 de problemes reals, que el facin aplicar i relacionar coneixements, habilitats i actituds en contextos diversos.Tamb\u00e9 es potenciar\u00e0 el treball globalitzat i transversal dels aprenentatges a partir de la realitzaci\u00f3 de projectes interdisciplinaris a cada nivell.<\/p>\n<h4><strong>Coordinaci\u00f3<\/strong>.<\/h4>\n<p>Plantegem l\u2019educaci\u00f3 com a una tasca col\u00b7lectiva i d\u2019equip on la coordinaci\u00f3 entre els professionals (cicles, comissions, claustre,&#8230;) \u00e9s fonamental per donar coher\u00e8ncia i cohesi\u00f3 a la intervenci\u00f3 educativa.<\/p>\n<h4><strong>Comunitat educativa<\/strong>.<\/h4>\n<p>Creiem que tota la comunitat educativa ( alumnes, mestres, fam\u00edlies, monitors i entorn ) ha d\u2019educar i s\u2019ha d\u2019implicar en la realitzaci\u00f3 dels projectes d\u2019escola i en l\u2019assoliment dels objectius educatius. Tot els temps d\u2019escola (lectiu, complementari, de menjador, extraescolar) ha de considerar-se temps educatiu. L\u2019escola considera fonamental la comunicaci\u00f3, la col\u00b7laboraci\u00f3 constant i el treball de forma coordinada.<\/p>\n<h4><strong>Aprenentatge cooperatiu.<\/strong><\/h4>\n<p>Es fomentar\u00e0 l\u2019aprenentatge cooperatiu entre els alumnes de l\u2019aula i tamb\u00e9 entre els alumnes de diferents nivells o cicles, per tal de promoure la implicaci\u00f3 activa de l&#8217;estudiant en el proc\u00e9s d&#8217;aprenentatge, per incrementar el nivell d&#8217;aprenentatge mitjan\u00e7ant la interacci\u00f3 entre companys, per promoure l\u2019autoaprenentatge, per desenvolupar el raonament cr\u00edtic, per desenvolupar la capacitat de comunicar-se de forma oral i escrita i per desenvolupar les habilitats del grup i les relacions interpersonals.<\/p>\n<h4><strong>Autoavaluaci\u00f3.<\/strong><\/h4>\n<p>L\u2019escola, a partir dels Plans d\u2019Avaluaci\u00f3 Interna resultants de l\u2019an\u00e0lisi dels indicadors de centre (externs i interns) es plantejar\u00e0 actuacions de millora en els \u00e0mbits organitzatiu i d\u2019ensenyament aprenentatge, per garantir el m\u00e0xim nivell d\u2019assoliment de les compet\u00e8ncies b\u00e0siques per part dels alumnes.<\/p>\n<h4><strong>Noves tecnologies<\/strong>.<\/h4>\n<p>Les noves tecnologies s\u00f3n uns dels mitjans m\u00e9s influents en l\u2019educaci\u00f3 de les noves generacions. Per aquest motiu l\u2019escola incorporar\u00e0 les TAC i les TIC en la seva pr\u00e0ctica educativa, en la mesura que els recursos materials ho permetin, com un recurs m\u00e9s d\u2019aprenentatge i preparar\u00e0 l\u2019alumnat per analitzar cr\u00edticament la informaci\u00f3. L\u2019escola disposa d\u2019un Pla TAC que servir\u00e0 de guia per implementar aquests recursos.<\/p>\n<h4><strong>Innovaci\u00f3 i formaci\u00f3<\/strong>.<\/h4>\n<p>Com a escola activa fomentarem la participaci\u00f3 del centre en projectes innovadors que ens permetin respondre a les necessitats de millora o als interessos educatius dels nostres alumnes. Aix\u00ed mateix, el Claustre de Professors participar\u00e0 en activitats de formaci\u00f3 en centre o de zona que afavoreixin la implementaci\u00f3 a l\u2019aula dels projectes o millores que l\u2019escola s\u2019hagi plantejat.<\/p>\n<p>&nbsp;<\/p>\n<p>Per desenvolupar aquest projecte educatiu, el consell escolar va aprovar la creaci\u00f3 de diferents perfils professionals justificats pel PEC del centres i aprovats pel consorci d&#8217;educaci\u00f3 de Barcelona.<\/p>\n<p>Perfil EGI infantil <a href=\"https:\/\/drive.google.com\/open?id=1opRyhRmf1kCwBT_wLkHYhVWfIG6X3o9i\">https:\/\/drive.google.com\/open?id=1opRyhRmf1kCwBT_wLkHYhVWfIG6X3o9i<\/a><\/p>\n<p>Perfil IAN infantil i prim\u00e0ria <a href=\"https:\/\/drive.google.com\/file\/d\/1yxB7SixalLiGrOacP1NYcJe4Y7l1Fz0w\/view?usp=sharing\">https:\/\/drive.google.com\/file\/d\/1yxB7SixalLiGrOacP1NYcJe4Y7l1Fz0w\/view?usp=sharing<\/a><\/p>\n<p>Perfil TIC<a href=\"https:\/\/drive.google.com\/file\/d\/1uyoH_yQ8LdO0oorhGrNE-p2vlXsAU327\/view?usp=sharing\"> https:\/\/drive.google.com\/file\/d\/1uyoH_yQ8LdO0oorhGrNE-p2vlXsAU327\/view?usp=sharing<\/a><\/p>\n<p>Perfil Prim\u00e0ria EGI <a href=\"https:\/\/drive.google.com\/file\/d\/1bcMwIWJSNRMCIIykI__0LqsyQWF9LCp6\/view?usp=sharing\">https:\/\/drive.google.com\/file\/d\/1bcMwIWJSNRMCIIykI__0LqsyQWF9LCp6\/view?usp=sharing<\/a><\/p>\n<p><iframe loading=\"lazy\" src=\"https:\/\/drive.google.com\/file\/d\/1CFxYm4jjR866DcOatU9Ohzwb-CXDmdKb\/preview\" width=\"940\" height=\"680\"><\/iframe><\/p>\n<p>Us enlla\u00e7em el document sencer del nostre PEC per si voleu con\u00e8ixer el nostre projecte amb m\u00e9s profunditat.<\/p>\n<p><a href=\"https:\/\/drive.google.com\/file\/d\/1CFxYm4jjR866DcOatU9Ohzwb-CXDmdKb\/view?usp=sharing\">https:\/\/drive.google.com\/file\/d\/1CFxYm4jjR866DcOatU9Ohzwb-CXDmdKb\/view?usp=sharing<\/a><\/p>\n<p>&nbsp;<\/p>\n<p><img loading=\"lazy\" decoding=\"async\" class=\"aligncenter size-full wp-image-657\" src=\"https:\/\/agora.xtec.cat\/escferraniclua\/wp-content\/uploads\/usu1879\/2018\/08\/logowebprova.jpg\" alt=\"\" width=\"1135\" height=\"360\" srcset=\"https:\/\/agora.xtec.cat\/escferraniclua\/wp-content\/uploads\/usu1879\/2018\/08\/logowebprova.jpg 1135w, https:\/\/agora.xtec.cat\/escferraniclua\/wp-content\/uploads\/usu1879\/2018\/08\/logowebprova-300x95.jpg 300w, https:\/\/agora.xtec.cat\/escferraniclua\/wp-content\/uploads\/usu1879\/2018\/08\/logowebprova-768x244.jpg 768w, https:\/\/agora.xtec.cat\/escferraniclua\/wp-content\/uploads\/usu1879\/2018\/08\/logowebprova-1024x325.jpg 1024w\" sizes=\"auto, (max-width: 1135px) 100vw, 1135px\" \/><\/p>\n","protected":false},"excerpt":{"rendered":"<p>Els pilars pedag\u00f2gics del nostre projecte educatiu s\u00f3n:<br \/>\nEducaci\u00f3 integral<br \/>\nEntenem l\u2019aprenentatge com a un proc\u00e9s que implica la totalitat de la persona i en el que es desenvolupen una gran diversitat de capacitats: intel\u00b7lectuals, motores, procedimentals, socials, emocionals, actitudinals&#8230;L\u2019educaci\u00f3 no \u00e9s un proc\u00e9s instructiu, sin\u00f3 que&hellip;  <a href=\"https:\/\/agora.xtec.cat\/escferraniclua\/projecte-educatiu\/coneix-el-nostre-projecte\/\" title=\"Read Coneix el nostre projecte educatiu\">Llegeix m\u00e9s\u00bb<\/a><\/p>\n","protected":false},"author":1,"featured_media":0,"parent":64,"menu_order":10,"comment_status":"closed","ping_status":"closed","template":"page-templates\/side-menu.php","meta":{"_bbp_topic_count":0,"_bbp_reply_count":0,"_bbp_total_topic_count":0,"_bbp_total_reply_count":0,"_bbp_voice_count":0,"_bbp_anonymous_reply_count":0,"_bbp_topic_count_hidden":0,"_bbp_reply_count_hidden":0,"_bbp_forum_subforum_count":0,"footnotes":""},"class_list":["post-594","page","type-page","status-publish","hentry"],"post_mailing_queue_ids":[],"_links":{"self":[{"href":"https:\/\/agora.xtec.cat\/escferraniclua\/wp-json\/wp\/v2\/pages\/594","targetHints":{"allow":["GET"]}}],"collection":[{"href":"https:\/\/agora.xtec.cat\/escferraniclua\/wp-json\/wp\/v2\/pages"}],"about":[{"href":"https:\/\/agora.xtec.cat\/escferraniclua\/wp-json\/wp\/v2\/types\/page"}],"author":[{"embeddable":true,"href":"https:\/\/agora.xtec.cat\/escferraniclua\/wp-json\/wp\/v2\/users\/1"}],"replies":[{"embeddable":true,"href":"https:\/\/agora.xtec.cat\/escferraniclua\/wp-json\/wp\/v2\/comments?post=594"}],"version-history":[{"count":4,"href":"https:\/\/agora.xtec.cat\/escferraniclua\/wp-json\/wp\/v2\/pages\/594\/revisions"}],"predecessor-version":[{"id":3198,"href":"https:\/\/agora.xtec.cat\/escferraniclua\/wp-json\/wp\/v2\/pages\/594\/revisions\/3198"}],"up":[{"embeddable":true,"href":"https:\/\/agora.xtec.cat\/escferraniclua\/wp-json\/wp\/v2\/pages\/64"}],"wp:attachment":[{"href":"https:\/\/agora.xtec.cat\/escferraniclua\/wp-json\/wp\/v2\/media?parent=594"}],"curies":[{"name":"wp","href":"https:\/\/api.w.org\/{rel}","templated":true}]}}