{"id":583,"date":"2018-07-26T19:01:52","date_gmt":"2018-07-26T17:01:52","guid":{"rendered":"http:\/\/agora.xtec.cat\/escferraniclua\/?page_id=583"},"modified":"2019-03-15T09:12:28","modified_gmt":"2019-03-15T08:12:28","slug":"funcions-i-organitzacio","status":"publish","type":"page","link":"https:\/\/agora.xtec.cat\/escferraniclua\/participacio\/lafa-2\/funcions-i-organitzacio\/","title":{"rendered":"Funcions i organitzaci\u00f3"},"content":{"rendered":"<p>L&#8217;Associaci\u00f3 de fam\u00edl<a href=\"http:\/\/agora.xtec.cat\/escferraniclua\/wp-content\/uploads\/usu1879\/2018\/07\/Captura_20de_20pantalla_202017-03-10_20a_20las_2022_40_420.png\"><img loading=\"lazy\" decoding=\"async\" class=\" wp-image-649 alignleft\" src=\"http:\/\/agora.xtec.cat\/escferraniclua\/wp-content\/uploads\/usu1879\/2018\/07\/Captura_20de_20pantalla_202017-03-10_20a_20las_2022_40_420.png\" alt=\"\" width=\"347\" height=\"401\" srcset=\"https:\/\/agora.xtec.cat\/escferraniclua\/wp-content\/uploads\/usu1879\/2018\/07\/Captura_20de_20pantalla_202017-03-10_20a_20las_2022_40_420.png 295w, https:\/\/agora.xtec.cat\/escferraniclua\/wp-content\/uploads\/usu1879\/2018\/07\/Captura_20de_20pantalla_202017-03-10_20a_20las_2022_40_420-260x300.png 260w\" sizes=\"auto, (max-width: 347px) 100vw, 347px\" \/><\/a>ies d&#8217;alumnes ( AFA) representa a totes les fam\u00edlies s\u00f2cies davant l&#8217;escola i les entitats amb les que treballem i vetlla, conjuntament amb l&#8217;equip de mestres pel bon funcionament de l&#8217;escola en tots els\u00a0seus \u00e0mbits<\/p>\n<p><strong>SERVEIS I ACTIVITATS QUE GESTIONA L&#8217;AFA<\/strong><\/p>\n<p>\u2022 Servei de menjador de l\u2019escola<br \/>\n\u2022 Acollida matinal de 7:30 a 9 hores<br \/>\n\u2022 Activitats extraescolars les tardes de dilluns a dijous<br \/>\n\u2022 Casal d\u00b4estiu<br \/>\n\u2022 Servei de monitoratge a les reunions de nivell de l\u2019escola<br \/>\n\u2022 Festes i activitats per a les fam\u00edlies durant el curs<br \/>\n\u2022 Coordinaci\u00f3 dels delegats\/des de classe<br \/>\n\u2022 Fem treball en xarxa: Participem en activitats amb les entitats del barri.<br \/>\n\u2022 Compartim propostes amb altres associacions de fam\u00edlies del Districte<br \/>\nde Sant Andreu<br \/>\n\u2022 Recollim les propostes de millora dels socis i treballem per aplicar-les<\/p>\n<p>&nbsp;<\/p>\n<p><strong>COM US PODEU FER SOCIS?\u00a0 \u00a0 \u00a0 \u00a0 \u00a0<\/strong> \u00a0 \u00a0 \u00a0 \u00a0 \u00a0 \u00a0 \u00a0 \u00a0 \u00a0 \u00a0 \u00a0 \u00a0 \u00a0 \u00a0 \u00a0 \u00a0 \u00a0 \u00a0 \u00a0 \u00a0 \u00a0 \u00a0 \u00a0\u00a0<a href=\"https:\/\/agora.xtec.cat\/escferraniclua\/wp-content\/uploads\/usu1879\/2018\/07\/Captura_20de_20pantalla_202017-03-10_20a_20las_2022_43_57.png\"><img loading=\"lazy\" decoding=\"async\" class=\" wp-image-652 alignleft\" src=\"https:\/\/agora.xtec.cat\/escferraniclua\/wp-content\/uploads\/usu1879\/2018\/07\/Captura_20de_20pantalla_202017-03-10_20a_20las_2022_43_57.png\" alt=\"\" width=\"345\" height=\"281\" srcset=\"https:\/\/agora.xtec.cat\/escferraniclua\/wp-content\/uploads\/usu1879\/2018\/07\/Captura_20de_20pantalla_202017-03-10_20a_20las_2022_43_57.png 495w, https:\/\/agora.xtec.cat\/escferraniclua\/wp-content\/uploads\/usu1879\/2018\/07\/Captura_20de_20pantalla_202017-03-10_20a_20las_2022_43_57-300x244.png 300w\" sizes=\"auto, (max-width: 345px) 100vw, 345px\" \/><\/a> \u00a0 \u00a0 \u00a0 \u00a0 \u00a0 \u00a0 \u00a0<strong>\u00a0<\/strong><\/p>\n<div class=\"wa-comp wa-text wa-bg-gradient param[grad(rgba(0,0,0,0)) border(0 #969696)] \">\n<div>\n<div align=\"justify\"><strong>1.<\/strong>\u00a0 Anar al despatx de l&#8217;AFA en l&#8217;horari seg\u00fcent:<\/div>\n<\/div>\n<\/div>\n<div align=\"justify\"><\/div>\n<div align=\"justify\"><\/div>\n<div class=\"wa-comp wa-text wa-bg-gradient param[grad(rgba(0,0,0,0)) border(0 #969696)] \">\n<div>\n<div align=\"justify\">\u00a0 \u00a0 \u00a0Matins: 09:10h a 10:00h de dilluns a divendres<\/div>\n<div align=\"justify\"><\/div>\n<div align=\"justify\">\u00a0 \u00a0 \u00a0Tardes: 16:30h a 18:00h de dilluns a dijous<\/div>\n<\/div>\n<\/div>\n<p>&nbsp;<\/p>\n<p><strong>2.<\/strong> Omplir el formulari corresponent.<\/p>\n<p><strong>3.<\/strong> Fer efectiva la quota anual de 39\u20ac per fam\u00edlia.<\/p>\n<p>&nbsp;<\/p>\n<p>&nbsp;<\/p>\n<p>&nbsp;<\/p>\n<div class=\"wa-comp wa-text wa-bg-gradient param[grad(rgba(0,0,0,0)) border(0 #969696)] \"><\/div>\n<p>&nbsp;<\/p>\n<p>&nbsp;<\/p>\n","protected":false},"excerpt":{"rendered":"<p>L&#8217;Associaci\u00f3 de fam\u00edl<a href=\"http:\/\/agora.xtec.cat\/escferraniclua\/wp-content\/uploads\/usu1879\/2018\/07\/Captura_20de_20pantalla_202017-03-10_20a_20las_2022_40_420.png\"><\/a>ies d&#8217;alumnes ( AFA) representa a totes les fam\u00edlies s\u00f2cies davant l&#8217;escola i les entitats amb les que treballem i vetlla, conjuntament amb l&#8217;equip de mestres pel bon funcionament de l&#8217;escola en tots els\u00a0seus \u00e0mbits<br \/>\nSERVEIS I ACTIVITATS QUE GESTIONA L&#8217;AFA<br \/>\n\u2022 Servei de&hellip;  <a href=\"https:\/\/agora.xtec.cat\/escferraniclua\/participacio\/lafa-2\/funcions-i-organitzacio\/\" title=\"Read Funcions i organitzaci\u00f3\">Llegeix m\u00e9s\u00bb<\/a><\/p>\n","protected":false},"author":1,"featured_media":0,"parent":519,"menu_order":10,"comment_status":"closed","ping_status":"closed","template":"","meta":{"_bbp_topic_count":0,"_bbp_reply_count":0,"_bbp_total_topic_count":0,"_bbp_total_reply_count":0,"_bbp_voice_count":0,"_bbp_anonymous_reply_count":0,"_bbp_topic_count_hidden":0,"_bbp_reply_count_hidden":0,"_bbp_forum_subforum_count":0,"footnotes":""},"class_list":["post-583","page","type-page","status-publish","hentry"],"post_mailing_queue_ids":[],"_links":{"self":[{"href":"https:\/\/agora.xtec.cat\/escferraniclua\/wp-json\/wp\/v2\/pages\/583","targetHints":{"allow":["GET"]}}],"collection":[{"href":"https:\/\/agora.xtec.cat\/escferraniclua\/wp-json\/wp\/v2\/pages"}],"about":[{"href":"https:\/\/agora.xtec.cat\/escferraniclua\/wp-json\/wp\/v2\/types\/page"}],"author":[{"embeddable":true,"href":"https:\/\/agora.xtec.cat\/escferraniclua\/wp-json\/wp\/v2\/users\/1"}],"replies":[{"embeddable":true,"href":"https:\/\/agora.xtec.cat\/escferraniclua\/wp-json\/wp\/v2\/comments?post=583"}],"version-history":[{"count":3,"href":"https:\/\/agora.xtec.cat\/escferraniclua\/wp-json\/wp\/v2\/pages\/583\/revisions"}],"predecessor-version":[{"id":827,"href":"https:\/\/agora.xtec.cat\/escferraniclua\/wp-json\/wp\/v2\/pages\/583\/revisions\/827"}],"up":[{"embeddable":true,"href":"https:\/\/agora.xtec.cat\/escferraniclua\/wp-json\/wp\/v2\/pages\/519"}],"wp:attachment":[{"href":"https:\/\/agora.xtec.cat\/escferraniclua\/wp-json\/wp\/v2\/media?parent=583"}],"curies":[{"name":"wp","href":"https:\/\/api.w.org\/{rel}","templated":true}]}}