{"id":581,"date":"2018-07-26T19:01:30","date_gmt":"2018-07-26T17:01:30","guid":{"rendered":"http:\/\/agora.xtec.cat\/escferraniclua\/?page_id=581"},"modified":"2019-03-15T09:12:41","modified_gmt":"2019-03-15T08:12:41","slug":"participa-avantatges-de-ser-soci","status":"publish","type":"page","link":"https:\/\/agora.xtec.cat\/escferraniclua\/participacio\/lafa-2\/participa-avantatges-de-ser-soci\/","title":{"rendered":"Participa, avantatges de ser soci"},"content":{"rendered":"<p>L\u2019educaci\u00f3 dels nostres fills i filles no dep\u00e8n \u00fanicament de l\u2019escola. Es una feina que es tamb\u00e9 es fa des de casa. Es per aix\u00f2 que fam\u00edlia i escola vagin de la m\u00e0 es fonamental. Direcci\u00f3, mestres, monitors i fam\u00edlies hem de treballar junts per a que els nens i les nenes gaudeixin d\u2019una escola de qualitat i fer possibles alguns serveis imprescindibles per a la conciliaci\u00f3 familiar (servei d\u2019acollida, servei de tardes, casal&#8230;).<\/p>\n<p style=\"text-align: justify;\">A mes, la quota de l\u2019AFA, permet \u00a0fer petites millores al material o les infraestructures de la mateixa escola\u2026 Aix\u00ed doncs, l\u2019import de la quota, d\u2019una manera o altra es destina \u00edntegrament a l\u2019escola.<\/p>\n<p><a href=\"https:\/\/agora.xtec.cat\/escferraniclua\/wp-content\/uploads\/usu1879\/2019\/02\/arbre.jpg\"><img loading=\"lazy\" decoding=\"async\" class=\"alignnone size-full wp-image-816\" src=\"https:\/\/agora.xtec.cat\/escferraniclua\/wp-content\/uploads\/usu1879\/2019\/02\/arbre.jpg\" alt=\"\" width=\"510\" height=\"340\" srcset=\"https:\/\/agora.xtec.cat\/escferraniclua\/wp-content\/uploads\/usu1879\/2019\/02\/arbre.jpg 510w, https:\/\/agora.xtec.cat\/escferraniclua\/wp-content\/uploads\/usu1879\/2019\/02\/arbre-300x200.jpg 300w\" sizes=\"auto, (max-width: 510px) 100vw, 510px\" \/><\/a><\/p>\n<p><strong>\u00a0 \u00a0 \u00a0I A M\u00c9S&#8230;<\/strong><\/p>\n<ul>\n<li>Coneixer\u00e0s m\u00e9s de prop qu\u00e8 fa l\u2019escola i qu\u00e8 fan els teus fills.<\/li>\n<li>Podr\u00e0s participar en la presa de decisions.<\/li>\n<li>Ajudar\u00e0s a l\u2019escola a tirar endavant el seu projecte educatiu.<\/li>\n<li>Tindr\u00e0s un espai per intercanviar inquietuds, idees i fixar els objectius de l\u2019AFA.<\/li>\n<\/ul>\n<p>&nbsp;<\/p>\n<p><strong>\u00a0 \u00a0 \u00a0 AVANTATGES DE SER SOCI DE L\u2019AFA<\/strong><\/p>\n<ul>\n<li>Els teus fills tindran asseguran\u00e7a assistencial per a tot el temps que l\u2019Infant resta a l\u2019escola o participa d\u2019alguna activitat organitzada per l\u2019AFA.<\/li>\n<li>Estar informat de tot el que envolta a l\u2019escola<\/li>\n<li>Formar part d\u2019un col\u00b7lectiu en que participen altres fam\u00edlies amb les que compartim interessos i inquietuds.<\/li>\n<li>Participar de les festes i les activitats organitzades al llarg del curs.<\/li>\n<li>Tenir dret a vot en les decisions que l\u2019AFA pot incidir: extraescolars, menjador, casal, festes, tallers&#8230;<\/li>\n<li>Comptar amb representants que fan la funci\u00f3 d\u2019intermediaci\u00f3 entre les fam\u00edlies i la junta directiva del centre.<\/li>\n<\/ul>\n","protected":false},"excerpt":{"rendered":"<p>L\u2019educaci\u00f3 dels nostres fills i filles no dep\u00e8n \u00fanicament de l\u2019escola. Es una feina que es tamb\u00e9 es fa des de casa. Es per aix\u00f2 que fam\u00edlia i escola vagin de la m\u00e0 es fonamental. Direcci\u00f3, mestres, monitors i fam\u00edlies hem de treballar junts per&hellip;  <a href=\"https:\/\/agora.xtec.cat\/escferraniclua\/participacio\/lafa-2\/participa-avantatges-de-ser-soci\/\" title=\"Read Participa, avantatges de ser soci\">Llegeix m\u00e9s\u00bb<\/a><\/p>\n","protected":false},"author":1,"featured_media":0,"parent":519,"menu_order":20,"comment_status":"closed","ping_status":"closed","template":"","meta":{"_bbp_topic_count":0,"_bbp_reply_count":0,"_bbp_total_topic_count":0,"_bbp_total_reply_count":0,"_bbp_voice_count":0,"_bbp_anonymous_reply_count":0,"_bbp_topic_count_hidden":0,"_bbp_reply_count_hidden":0,"_bbp_forum_subforum_count":0,"footnotes":""},"class_list":["post-581","page","type-page","status-publish","hentry"],"post_mailing_queue_ids":[],"_links":{"self":[{"href":"https:\/\/agora.xtec.cat\/escferraniclua\/wp-json\/wp\/v2\/pages\/581","targetHints":{"allow":["GET"]}}],"collection":[{"href":"https:\/\/agora.xtec.cat\/escferraniclua\/wp-json\/wp\/v2\/pages"}],"about":[{"href":"https:\/\/agora.xtec.cat\/escferraniclua\/wp-json\/wp\/v2\/types\/page"}],"author":[{"embeddable":true,"href":"https:\/\/agora.xtec.cat\/escferraniclua\/wp-json\/wp\/v2\/users\/1"}],"replies":[{"embeddable":true,"href":"https:\/\/agora.xtec.cat\/escferraniclua\/wp-json\/wp\/v2\/comments?post=581"}],"version-history":[{"count":3,"href":"https:\/\/agora.xtec.cat\/escferraniclua\/wp-json\/wp\/v2\/pages\/581\/revisions"}],"predecessor-version":[{"id":831,"href":"https:\/\/agora.xtec.cat\/escferraniclua\/wp-json\/wp\/v2\/pages\/581\/revisions\/831"}],"up":[{"embeddable":true,"href":"https:\/\/agora.xtec.cat\/escferraniclua\/wp-json\/wp\/v2\/pages\/519"}],"wp:attachment":[{"href":"https:\/\/agora.xtec.cat\/escferraniclua\/wp-json\/wp\/v2\/media?parent=581"}],"curies":[{"name":"wp","href":"https:\/\/api.w.org\/{rel}","templated":true}]}}