{"id":532,"date":"2018-07-26T18:36:31","date_gmt":"2018-07-26T16:36:31","guid":{"rendered":"http:\/\/agora.xtec.cat\/escferraniclua\/?page_id=532"},"modified":"2019-01-13T11:52:44","modified_gmt":"2019-01-13T10:52:44","slug":"que-ens-defineix","status":"publish","type":"page","link":"https:\/\/agora.xtec.cat\/escferraniclua\/lescola\/que-ens-defineix\/","title":{"rendered":"Qu\u00e8 ens defineix ?"},"content":{"rendered":"<p>Som una escola<\/p>\n<ul>\n<li><strong>Oberta<\/strong> a l\u2019entorn (barri, associacions, escoles, instituts, Serveis Educatius,&#8230;). On l\u2019intercanvi d\u2019experi\u00e8ncies i la participaci\u00f3 en activitats comunes, sigui una font d\u2019enriquiment mutu.<\/li>\n<li><strong>Participativa<\/strong>, on tota la comunitat ( alumnes, mestres, fam\u00edlies, monitors i entorn) eduqui i s\u2019impliqui en la realitzaci\u00f3 de projectes comuns i on tot els temps d\u2019escola (lectiu, complementari, de menjador, extraescolar) es consideri temps educatiu.<\/li>\n<li><strong>Activa <\/strong>pedag\u00f2gicament parlant. Que s\u2019interessi per estar al dia de les novetats pedag\u00f2giques i per participar en projectes innovadors. Atenta als canvis que la societat experimenta de forma r\u00e0pida i constant.<\/li>\n<li><strong>Que passi de l\u2019ensenyar a l\u2019aprendre<\/strong>, on els infants siguin els protagonistes dels seus aprenentatges, aprenguin a con\u00e8ixer els seus aven\u00e7os i augmentin la seva autonomia. Que els capaciti per gestionar, seleccionar i analitzar informaci\u00f3, interioritzar-la i construir aprenentatges.<\/li>\n<li><strong>Acollidora<\/strong> per a tothom, pels de fora i pels d\u2019aqu\u00ed, que defensi, valori i s\u2019enriqueixi amb les difer\u00e8ncies entre persones i cultures.<\/li>\n<li><strong>Inclusiva<\/strong>, que lluiti per superar el frac\u00e0s escolar, que entengui la diversitat com una forma m\u00e9s d\u2019aprenentatge, que lluiti per donar una resposta a les necessitats de tots els nens i nenes, que es senti responsable de tots i cada un dels infants que li arriben. Una escola que treballi per l\u2019equitat i la cohesi\u00f3 social, alhora que per la qualitat educativa.<\/li>\n<li><strong>Que eduqui en i amb valors<\/strong>, fomentant la reflexi\u00f3 i el di\u00e0leg permanent, \u00e9s a dir, que converteixi els valors en pr\u00e0ctiques de vida per a qu\u00e8 els nens i nenes siguin capa\u00e7os de conviure en un m\u00f3n cada cop m\u00e9s globalitzat. Que sigui una escola compromesa en la construcci\u00f3 d\u2019una societat decent.<\/li>\n<li><strong>Integradora<\/strong>. Que defensi el di\u00e0leg cr\u00edtic, per a que tothom es senti respectat i escoltat.<\/li>\n<li><strong>Coeducadora<\/strong>, que eduqui en la igualtat entre sexes i que treballi per a una educaci\u00f3 no sexista, superadora de mites, rols, tradicions i tab\u00fas.<\/li>\n<li><strong>Respectuosa,<\/strong> en la seva mirada cap als infants, que reconegui les seves capacitats i compet\u00e8ncies aix\u00ed com el bagatge que porten quan arriben a l\u2019escola.<\/li>\n<li><strong>Que treballi pel m\u00e0xim desenvolupament de les capacitats personals<\/strong> de cada un dels infants. Que vetlli pel desenvolupament de les persones en la seva totalitat i en totes les seves dimensions: social, f\u00edsica, afectiva,&#8230; Que els faci competents per desenvolupar-se individualment i socialment.<\/li>\n<li><strong>Reflexiva i autocr\u00edtica<\/strong>, que es serveixi dels processos autoavaluatius com a eina de millora i que ofereixi una educaci\u00f3 de qualitat.<\/li>\n<li><strong>Transparent<\/strong>, en l\u2019organitzaci\u00f3 i la gesti\u00f3, i tamb\u00e9 en les relacions. Una escola on les fam\u00edlies i els professionals que hi treballen s\u2019informin m\u00fatuament i mantinguin una relaci\u00f3 de confian\u00e7a, flu\u00efda i respectuosa.<\/li>\n<\/ul>\n","protected":false},"excerpt":{"rendered":"<p>Som una escola<\/p>\n<ul>\n<li>Oberta a l\u2019entorn (barri, associacions, escoles, instituts, Serveis Educatius,&#8230;). On l\u2019intercanvi d\u2019experi\u00e8ncies i la participaci\u00f3 en activitats comunes, sigui una font d\u2019enriquiment mutu.<\/li>\n<li>Participativa, on tota la comunitat ( alumnes, mestres, fam\u00edlies, monitors i entorn) eduqui i s\u2019impliqui en la realitzaci\u00f3 de projectes comuns&hellip;  <a href=\"https:\/\/agora.xtec.cat\/escferraniclua\/lescola\/que-ens-defineix\/\" title=\"Read Qu\u00e8 ens defineix ?\">Llegeix m\u00e9s\u00bb<\/a><br \/>\n","protected":false},"author":1,"featured_media":0,"parent":504,"menu_order":10,"comment_status":"closed","ping_status":"closed","template":"page-templates\/side-menu.php","meta":{"_bbp_topic_count":0,"_bbp_reply_count":0,"_bbp_total_topic_count":0,"_bbp_total_reply_count":0,"_bbp_voice_count":0,"_bbp_anonymous_reply_count":0,"_bbp_topic_count_hidden":0,"_bbp_reply_count_hidden":0,"_bbp_forum_subforum_count":0,"footnotes":""},"class_list":["post-532","page","type-page","status-publish","hentry"],"post_mailing_queue_ids":[],"_links":{"self":[{"href":"https:\/\/agora.xtec.cat\/escferraniclua\/wp-json\/wp\/v2\/pages\/532","targetHints":{"allow":["GET"]}}],"collection":[{"href":"https:\/\/agora.xtec.cat\/escferraniclua\/wp-json\/wp\/v2\/pages"}],"about":[{"href":"https:\/\/agora.xtec.cat\/escferraniclua\/wp-json\/wp\/v2\/types\/page"}],"author":[{"embeddable":true,"href":"https:\/\/agora.xtec.cat\/escferraniclua\/wp-json\/wp\/v2\/users\/1"}],"replies":[{"embeddable":true,"href":"https:\/\/agora.xtec.cat\/escferraniclua\/wp-json\/wp\/v2\/comments?post=532"}],"version-history":[{"count":4,"href":"https:\/\/agora.xtec.cat\/escferraniclua\/wp-json\/wp\/v2\/pages\/532\/revisions"}],"predecessor-version":[{"id":740,"href":"https:\/\/agora.xtec.cat\/escferraniclua\/wp-json\/wp\/v2\/pages\/532\/revisions\/740"}],"up":[{"embeddable":true,"href":"https:\/\/agora.xtec.cat\/escferraniclua\/wp-json\/wp\/v2\/pages\/504"}],"wp:attachment":[{"href":"https:\/\/agora.xtec.cat\/escferraniclua\/wp-json\/wp\/v2\/media?parent=532"}],"curies":[{"name":"wp","href":"https:\/\/api.w.org\/{rel}","templated":true}]}}