{"id":529,"date":"2018-07-26T18:34:20","date_gmt":"2018-07-26T16:34:20","guid":{"rendered":"http:\/\/agora.xtec.cat\/escferraniclua\/?page_id=529"},"modified":"2019-01-13T11:53:15","modified_gmt":"2019-01-13T10:53:15","slug":"qui-som-una-mica-dhistoria","status":"publish","type":"page","link":"https:\/\/agora.xtec.cat\/escferraniclua\/lescola\/qui-som-una-mica-dhistoria\/","title":{"rendered":"Qui som? Una mica d&#8217;hist\u00f2ria"},"content":{"rendered":"<h3><strong>La nostra hist\u00f2ria<\/strong><\/h3>\n<p>L\u2019esola es va aconseguir gr\u00e0cies als moviments reivindicatius de l\u2019Associaci\u00f3 de Ve\u00efns del barri, per aquella \u00e8poca \u201cVivendes del Congr\u00e9s\u201d. El solar dels antics laboratoris del Doctor Jaume Ferran i Clua es volien dedicar, en principi, a la construcci\u00f3 d\u2019habitatges, per\u00f2 despr\u00e9s de tres anys de negociacions, els ve\u00efns van aconseguir la seva fita: que es respect\u00e9s la voluntat testament\u00e0ria del doctor, que volia que es dediquessin a finalitats educatives.\u00a0 L\u2019any 1981 s\u2019inici\u00e0 la construcci\u00f3 del centre i les activitats de l\u2019Escola Doctor Ferran i Clua van comen\u00e7ar el curs 1982-1983.<\/p>\n","protected":false},"excerpt":{"rendered":"<p>La nostra hist\u00f2ria<br \/>\nL\u2019esola es va aconseguir gr\u00e0cies als moviments reivindicatius de l\u2019Associaci\u00f3 de Ve\u00efns del barri, per aquella \u00e8poca \u201cVivendes del Congr\u00e9s\u201d. El solar dels antics laboratoris del Doctor Jaume Ferran i Clua es volien dedicar, en principi, a la construcci\u00f3 d\u2019habitatges, per\u00f2 despr\u00e9s de&hellip;  <a href=\"https:\/\/agora.xtec.cat\/escferraniclua\/lescola\/qui-som-una-mica-dhistoria\/\" title=\"Read Qui som? Una mica d&#8217;hist\u00f2ria\">Llegeix m\u00e9s\u00bb<\/a><\/p>\n","protected":false},"author":1,"featured_media":0,"parent":504,"menu_order":20,"comment_status":"closed","ping_status":"closed","template":"page-templates\/side-menu.php","meta":{"_bbp_topic_count":0,"_bbp_reply_count":0,"_bbp_total_topic_count":0,"_bbp_total_reply_count":0,"_bbp_voice_count":0,"_bbp_anonymous_reply_count":0,"_bbp_topic_count_hidden":0,"_bbp_reply_count_hidden":0,"_bbp_forum_subforum_count":0,"footnotes":""},"class_list":["post-529","page","type-page","status-publish","hentry"],"post_mailing_queue_ids":[],"_links":{"self":[{"href":"https:\/\/agora.xtec.cat\/escferraniclua\/wp-json\/wp\/v2\/pages\/529","targetHints":{"allow":["GET"]}}],"collection":[{"href":"https:\/\/agora.xtec.cat\/escferraniclua\/wp-json\/wp\/v2\/pages"}],"about":[{"href":"https:\/\/agora.xtec.cat\/escferraniclua\/wp-json\/wp\/v2\/types\/page"}],"author":[{"embeddable":true,"href":"https:\/\/agora.xtec.cat\/escferraniclua\/wp-json\/wp\/v2\/users\/1"}],"replies":[{"embeddable":true,"href":"https:\/\/agora.xtec.cat\/escferraniclua\/wp-json\/wp\/v2\/comments?post=529"}],"version-history":[{"count":2,"href":"https:\/\/agora.xtec.cat\/escferraniclua\/wp-json\/wp\/v2\/pages\/529\/revisions"}],"predecessor-version":[{"id":636,"href":"https:\/\/agora.xtec.cat\/escferraniclua\/wp-json\/wp\/v2\/pages\/529\/revisions\/636"}],"up":[{"embeddable":true,"href":"https:\/\/agora.xtec.cat\/escferraniclua\/wp-json\/wp\/v2\/pages\/504"}],"wp:attachment":[{"href":"https:\/\/agora.xtec.cat\/escferraniclua\/wp-json\/wp\/v2\/media?parent=529"}],"curies":[{"name":"wp","href":"https:\/\/api.w.org\/{rel}","templated":true}]}}