{"id":3750,"date":"2023-05-16T12:51:46","date_gmt":"2023-05-16T10:51:46","guid":{"rendered":"https:\/\/agora.xtec.cat\/escferraniclua\/?page_id=3750"},"modified":"2024-02-22T13:02:22","modified_gmt":"2024-02-22T12:02:22","slug":"pla-comunicacio-de-centre","status":"publish","type":"page","link":"https:\/\/agora.xtec.cat\/escferraniclua\/pla-comunicacio-de-centre\/","title":{"rendered":"PLA COMUNICACI\u00d3 DE CENTRE"},"content":{"rendered":"<p>\u00c9s un dels objectius de l&#8217;Estrat\u00e8gia digital de centre actualitzar el pla de comunicaci\u00f3 de centre.<\/p>\n<p id=\"h.p_gWLAvV9e0hVz\" class=\"CDt4Ke zfr3Q\">El pla de comunicaci\u00f3 dels centres educatius s\u00f3n imprescindibles, tant per donar a con\u00e8ixer les seves caracter\u00edstiques, singularitats i activitats que s\u2019hi duen a terme, com per establir una comunicaci\u00f3 bidireccional amb l\u2019entorn.<\/p>\n<p id=\"h.p_Qs4u9Vkq4rqp\" class=\"CDt4Ke zfr3Q\">L\u2019objectiu organitzar les comunicacions entre els membres de la comunitat escolar, i ha de marcar els canals i accions a desenvolupar per generar una comunicaci\u00f3 eficient.<\/p>\n<p>Podeu consultar el pla d&#8217;acollida actual en el seg\u00fcent Enlla\u00e7.<\/p>\n","protected":false},"excerpt":{"rendered":"<p>\u00c9s un dels objectius de l&#8217;Estrat\u00e8gia digital de centre actualitzar el pla de comunicaci\u00f3 de centre.<br \/>\nEl pla de comunicaci\u00f3 dels centres educatius s\u00f3n imprescindibles, tant per donar a con\u00e8ixer les seves caracter\u00edstiques, singularitats i activitats que s\u2019hi duen a terme, com per establir una comunicaci\u00f3&hellip;  <a href=\"https:\/\/agora.xtec.cat\/escferraniclua\/pla-comunicacio-de-centre\/\" title=\"Read PLA COMUNICACI\u00d3 DE CENTRE\">Llegeix m\u00e9s\u00bb<\/a><\/p>\n","protected":false},"author":1,"featured_media":0,"parent":0,"menu_order":0,"comment_status":"closed","ping_status":"closed","template":"","meta":{"_bbp_topic_count":0,"_bbp_reply_count":0,"_bbp_total_topic_count":0,"_bbp_total_reply_count":0,"_bbp_voice_count":0,"_bbp_anonymous_reply_count":0,"_bbp_topic_count_hidden":0,"_bbp_reply_count_hidden":0,"_bbp_forum_subforum_count":0,"footnotes":""},"class_list":["post-3750","page","type-page","status-publish","hentry"],"post_mailing_queue_ids":[],"_links":{"self":[{"href":"https:\/\/agora.xtec.cat\/escferraniclua\/wp-json\/wp\/v2\/pages\/3750","targetHints":{"allow":["GET"]}}],"collection":[{"href":"https:\/\/agora.xtec.cat\/escferraniclua\/wp-json\/wp\/v2\/pages"}],"about":[{"href":"https:\/\/agora.xtec.cat\/escferraniclua\/wp-json\/wp\/v2\/types\/page"}],"author":[{"embeddable":true,"href":"https:\/\/agora.xtec.cat\/escferraniclua\/wp-json\/wp\/v2\/users\/1"}],"replies":[{"embeddable":true,"href":"https:\/\/agora.xtec.cat\/escferraniclua\/wp-json\/wp\/v2\/comments?post=3750"}],"version-history":[{"count":2,"href":"https:\/\/agora.xtec.cat\/escferraniclua\/wp-json\/wp\/v2\/pages\/3750\/revisions"}],"predecessor-version":[{"id":3975,"href":"https:\/\/agora.xtec.cat\/escferraniclua\/wp-json\/wp\/v2\/pages\/3750\/revisions\/3975"}],"wp:attachment":[{"href":"https:\/\/agora.xtec.cat\/escferraniclua\/wp-json\/wp\/v2\/media?parent=3750"}],"curies":[{"name":"wp","href":"https:\/\/api.w.org\/{rel}","templated":true}]}}