{"id":3683,"date":"2023-02-21T17:58:07","date_gmt":"2023-02-21T16:58:07","guid":{"rendered":"https:\/\/agora.xtec.cat\/escferraniclua\/?page_id=3683"},"modified":"2023-03-07T17:33:45","modified_gmt":"2023-03-07T16:33:45","slug":"escoles-per-la-igualtat","status":"publish","type":"page","link":"https:\/\/agora.xtec.cat\/escferraniclua\/escoles-per-la-igualtat\/","title":{"rendered":"Escoles per la igualtat i la diversitat"},"content":{"rendered":"<div class=\"kc_column_inner kc_col-sm-6\">\n<div class=\"kc_wrapper kc-col-inner-container\">\n<div class=\"kc_text_block\">\n<p>Escoles per la Igualtat i la Diversitat \u00e9s un programa de formaci\u00f3, assessorament i acompanyament als\u00a0<strong>centres p\u00fablics i concertats<\/strong>, basat en la Mesura de Govern de l\u2019Ajuntament de Barcelona de juliol de 2014, per a la implementaci\u00f3 d\u2019un programa de\u00a0<strong>prevenci\u00f3 de les relacions abusives, la viol\u00e8ncia masclista, la discriminaci\u00f3 racial, i la discriminaci\u00f3 per diversitat funcional, sexual, de g\u00e8nere, identitat, orientaci\u00f3 sexual, etnicocultural i religiosa,<\/strong>\u00a0adre\u00e7at a les comunitats educatives de centres p\u00fablics i concertats d\u2019infantil, prim\u00e0ria i secund\u00e0ria de la ciutat de Barcelona.<\/p>\n<\/div>\n<\/div>\n<\/div>\n<div class=\"kc_column_inner kc_col-sm-6\">\n<div class=\"kc_wrapper kc-col-inner-container\">\n<div class=\"kc_text_block\">\n<p>El programa, de dos anys de durada, pivota sobre tres eixos (diversitat afectiva sexual i de g\u00e8nere; diversitat d\u2019origen, cultural i religiosa; diversitat funcional) per tal de\u00a0<strong>potenciar unes actituds i uns comportaments en les relacions interpersonals que facin efectius els valors de la igualtat, l\u2019equitat i el respecte<\/strong>\u00a0en els infants i adolescents de 3 a 16 anys, en el seu entorn proper i les seves fam\u00edlies.<\/p>\n<p>Es treballa per tal d\u2019evitar l\u2019aparici\u00f3, i fer-ne una identificaci\u00f3 preco\u00e7, d\u2019actituds i comportaments abusius, discriminatoris i\/o xen\u00f2fobs en les relacions interpersonals, tot oferint, a les escoles i instituts, accions i recursos per treballar determinades tem\u00e0tiques, dins els objectius i prioritats del seu Projecte Educatiu de Centre (PEC), del Programa de Conviv\u00e8ncia i del Pla de Direcci\u00f3.\u00e7<\/p>\n<p><iframe loading=\"lazy\" title=\"Xarxa d&#039;escoles i instituts per la igualtat i la no-discriminaci\u00f3: continguts i metodologia.\" width=\"500\" height=\"281\" src=\"https:\/\/www.youtube.com\/embed\/B4O2wbCTSm8?feature=oembed\" frameborder=\"0\" allow=\"accelerometer; autoplay; clipboard-write; encrypted-media; gyroscope; picture-in-picture; web-share\" referrerpolicy=\"strict-origin-when-cross-origin\" allowfullscreen><\/iframe><\/p>\n<\/div>\n<\/div>\n<\/div>\n","protected":false},"excerpt":{"rendered":"<p>Escoles per la Igualtat i la Diversitat \u00e9s un programa de formaci\u00f3, assessorament i acompanyament als\u00a0centres p\u00fablics i concertats, basat en la Mesura de Govern de l\u2019Ajuntament de Barcelona de juliol de 2014, per a la implementaci\u00f3 d\u2019un programa de\u00a0prevenci\u00f3 de les relacions abusives, la&hellip;  <a href=\"https:\/\/agora.xtec.cat\/escferraniclua\/escoles-per-la-igualtat\/\" title=\"Read Escoles per la igualtat i la diversitat\">Llegeix m\u00e9s\u00bb<\/a><\/p>\n","protected":false},"author":1,"featured_media":0,"parent":0,"menu_order":0,"comment_status":"closed","ping_status":"closed","template":"","meta":{"_bbp_topic_count":0,"_bbp_reply_count":0,"_bbp_total_topic_count":0,"_bbp_total_reply_count":0,"_bbp_voice_count":0,"_bbp_anonymous_reply_count":0,"_bbp_topic_count_hidden":0,"_bbp_reply_count_hidden":0,"_bbp_forum_subforum_count":0,"footnotes":""},"class_list":["post-3683","page","type-page","status-publish","hentry"],"post_mailing_queue_ids":[],"_links":{"self":[{"href":"https:\/\/agora.xtec.cat\/escferraniclua\/wp-json\/wp\/v2\/pages\/3683","targetHints":{"allow":["GET"]}}],"collection":[{"href":"https:\/\/agora.xtec.cat\/escferraniclua\/wp-json\/wp\/v2\/pages"}],"about":[{"href":"https:\/\/agora.xtec.cat\/escferraniclua\/wp-json\/wp\/v2\/types\/page"}],"author":[{"embeddable":true,"href":"https:\/\/agora.xtec.cat\/escferraniclua\/wp-json\/wp\/v2\/users\/1"}],"replies":[{"embeddable":true,"href":"https:\/\/agora.xtec.cat\/escferraniclua\/wp-json\/wp\/v2\/comments?post=3683"}],"version-history":[{"count":3,"href":"https:\/\/agora.xtec.cat\/escferraniclua\/wp-json\/wp\/v2\/pages\/3683\/revisions"}],"predecessor-version":[{"id":3707,"href":"https:\/\/agora.xtec.cat\/escferraniclua\/wp-json\/wp\/v2\/pages\/3683\/revisions\/3707"}],"wp:attachment":[{"href":"https:\/\/agora.xtec.cat\/escferraniclua\/wp-json\/wp\/v2\/media?parent=3683"}],"curies":[{"name":"wp","href":"https:\/\/api.w.org\/{rel}","templated":true}]}}