{"id":3284,"date":"2021-01-23T18:28:46","date_gmt":"2021-01-23T17:28:46","guid":{"rendered":"http:\/\/agora.xtec.cat\/escferraniclua\/?page_id=3284"},"modified":"2021-01-23T18:28:46","modified_gmt":"2021-01-23T17:28:46","slug":"pla-de-cultura-digital-la-tecnologia-a-lescola","status":"publish","type":"page","link":"https:\/\/agora.xtec.cat\/escferraniclua\/projecte-educatiu\/pla-de-cultura-digital-la-tecnologia-a-lescola\/","title":{"rendered":"Pla de cultura digital: La tecnologia a l&#8217;escola"},"content":{"rendered":"<p><b>La tecnologia a l\u2019escola<\/b><\/p>\n<p><span style=\"font-weight: 300;\">\u00a0<\/span><span style=\"font-weight: 300;\">Volem acompanyar als nostres alumnes per esdevenir ciutadans competents digitalment.\u00a0 Els eines digitals s\u00f3n clau a la nostra societat i esdevindran cada cop m\u00e9s importants dins el m\u00f3n laboral.\u00a0<\/span><span style=\"font-weight: 300;\">Els nostres alumnes han de con\u00e8ixer tant l\u2019\u00fas d\u2019aplicacions com alguns llenguatges de programaci\u00f3 i alhora tamb\u00e9 aprendre regular la seva identitat digital.\u00a0<\/span><span style=\"font-weight: 300;\">Donem eines per protegir-se i saber actuar dins un m\u00f3n virtual,<\/span><\/p>\n<p><span style=\"font-weight: 300;\">Per aix\u00f2 a l\u2019escola:<\/span><\/p>\n<p><b>Integrem l\u2019\u00fas de dispositius m\u00f2bils en totes les \u00e0rees:<\/b><\/p>\n<ul>\n<li style=\"font-weight: 300;\" aria-level=\"1\"><span style=\"font-weight: 300;\">Fem recerca d\u2019informaci\u00f3, i aprenem a contrastar-la i a buscar fonts segures<\/span><\/li>\n<li style=\"font-weight: 300;\" aria-level=\"1\"><span style=\"font-weight: 300;\">Fem activitats d\u2019aprenentatge online, q\u00fcestionaris\u2026.)<\/span><\/li>\n<li style=\"font-weight: 300;\" aria-level=\"1\"><span style=\"font-weight: 300;\">incorporem la ofim\u00e0tica a partir de la realitzaci\u00f3 de documents i presentacions.<\/span><\/li>\n<li style=\"font-weight: 300;\" aria-level=\"1\"><span style=\"font-weight: 300;\">Creem\u00a0 materials audiovisuals ( videos, entrevistes, collage, poster virtuals\u2026.)<\/span><\/li>\n<li style=\"font-weight: 300;\" aria-level=\"1\"><span style=\"font-weight: 300;\">Utilitzem mitjans per compartir tots els materials amb els alumnes. Google Classroom<\/span><\/li>\n<\/ul>\n<p><b>Realitzem ambients i espais d&#8217;aprenentatge al voltant de la tecnologia<\/b><\/p>\n<ul>\n<li><span style=\"font-weight: 300;\">Fem de rob\u00f2tica a tots els cicles i fem tallers espec\u00edfics del llenguatge de programaci\u00f3\u00a0 d\u2019Scratch<\/span><\/li>\n<li>a Educaci\u00f3 infantil, el robot beebot i diverses apps de programaci\u00f3<\/li>\n<li>a cicle inicials, el robot dash&amp;dot i diverses apps de programaci\u00f3<\/li>\n<li>a cicle mitj\u00e0, treballem amb el legowedo i diverses apps de programaci\u00f3<\/li>\n<li>a cicle superior treballem amb el robot m-block, amb el makey-makey, amb scratch i diverses apps de programaci\u00f3.<\/li>\n<\/ul>\n<p><span style=\"font-weight: 300;\"><strong>Desenvolupem tallers per saber editar videos, imatges i \u00e0udio.<\/strong>\u00a0<\/span><\/p>\n<ul>\n<li><span style=\"font-weight: 300;\">a educaci\u00f3 infantil hi ha una ambient 3.0 amb ipads, ginys d\u2019expressi\u00f3 oral i una catifa interactiva<\/span><\/li>\n<li>a cicle inicial de de narraci\u00f3 de contes i de tv<\/li>\n<li>a cicle mitj\u00e0 de r\u00e0dio i videos de\u00a0 recomanacions de llibres<\/li>\n<li>a cicle superior de TV i stomotions<\/li>\n<\/ul>\n<p><b>Utilitzem la plataforma Gsuite<\/b> <b>pel treball col\u00b7laboratiu al n\u00favol<\/b><\/p>\n<p><span style=\"font-weight: 300;\">A partir de 3r de prim\u00e0ria en un entorn segur on els alumnes nom\u00e9s poden utilitzar els seus serveis ( gmail, drive\u2026) amb els companys de l\u2019escola. No poden rebre res fora del domini de l\u2019escola<\/span><\/p>\n","protected":false},"excerpt":{"rendered":"<p>La tecnologia a l\u2019escola<br \/>\n\u00a0Volem acompanyar als nostres alumnes per esdevenir ciutadans competents digitalment.\u00a0 Els eines digitals s\u00f3n clau a la nostra societat i esdevindran cada cop m\u00e9s importants dins el m\u00f3n laboral.\u00a0Els nostres alumnes han de con\u00e8ixer tant l\u2019\u00fas d\u2019aplicacions com alguns llenguatges de programaci\u00f3&hellip;  <a href=\"https:\/\/agora.xtec.cat\/escferraniclua\/projecte-educatiu\/pla-de-cultura-digital-la-tecnologia-a-lescola\/\" title=\"Read Pla de cultura digital: La tecnologia a l&#8217;escola\">Llegeix m\u00e9s\u00bb<\/a><\/p>\n","protected":false},"author":1,"featured_media":0,"parent":64,"menu_order":150,"comment_status":"closed","ping_status":"closed","template":"","meta":{"_bbp_topic_count":0,"_bbp_reply_count":0,"_bbp_total_topic_count":0,"_bbp_total_reply_count":0,"_bbp_voice_count":0,"_bbp_anonymous_reply_count":0,"_bbp_topic_count_hidden":0,"_bbp_reply_count_hidden":0,"_bbp_forum_subforum_count":0,"footnotes":""},"class_list":["post-3284","page","type-page","status-publish","hentry"],"post_mailing_queue_ids":[],"_links":{"self":[{"href":"https:\/\/agora.xtec.cat\/escferraniclua\/wp-json\/wp\/v2\/pages\/3284","targetHints":{"allow":["GET"]}}],"collection":[{"href":"https:\/\/agora.xtec.cat\/escferraniclua\/wp-json\/wp\/v2\/pages"}],"about":[{"href":"https:\/\/agora.xtec.cat\/escferraniclua\/wp-json\/wp\/v2\/types\/page"}],"author":[{"embeddable":true,"href":"https:\/\/agora.xtec.cat\/escferraniclua\/wp-json\/wp\/v2\/users\/1"}],"replies":[{"embeddable":true,"href":"https:\/\/agora.xtec.cat\/escferraniclua\/wp-json\/wp\/v2\/comments?post=3284"}],"version-history":[{"count":1,"href":"https:\/\/agora.xtec.cat\/escferraniclua\/wp-json\/wp\/v2\/pages\/3284\/revisions"}],"predecessor-version":[{"id":3285,"href":"https:\/\/agora.xtec.cat\/escferraniclua\/wp-json\/wp\/v2\/pages\/3284\/revisions\/3285"}],"up":[{"embeddable":true,"href":"https:\/\/agora.xtec.cat\/escferraniclua\/wp-json\/wp\/v2\/pages\/64"}],"wp:attachment":[{"href":"https:\/\/agora.xtec.cat\/escferraniclua\/wp-json\/wp\/v2\/media?parent=3284"}],"curies":[{"name":"wp","href":"https:\/\/api.w.org\/{rel}","templated":true}]}}