{"id":1612,"date":"2020-02-25T14:02:35","date_gmt":"2020-02-25T13:02:35","guid":{"rendered":"http:\/\/agora.xtec.cat\/escferraniclua\/?page_id=1612"},"modified":"2020-03-06T10:58:30","modified_gmt":"2020-03-06T09:58:30","slug":"tallers-educacio-primaria","status":"publish","type":"page","link":"https:\/\/agora.xtec.cat\/escferraniclua\/tallers-educacio-primaria\/","title":{"rendered":"Tallers (Educaci\u00f3 Prim\u00e0ria)"},"content":{"rendered":"<p>CICLE INICIAL<\/p>\n<p>A &#8220;BASTONERS&#8221;\u00a0 ens divertim mentre practiquem el tradicional &#8220;Ball de bastons&#8221;<\/p>\n\n<p>A &#8220;RECICLART&#8221; ens ho passem d\u2019all\u00f2 m\u00e9s b\u00e9!<\/p>\n\n<p>A &#8220;CI\u00c8NCIA PER UN M\u00d3N MILLOR&#8221;.ens iniciem en l\u2019elaboraci\u00f3 de les estrat\u00e8gies fonamentals del m\u00e8tode cient\u00edfic: ens plantegem preguntes i hip\u00f2tesis; observem i treiem conclusions i respostes a aquestes preguntes relacionadas amb el nostre planeta i el canvi clim\u00e0tic .<\/p>\n\n<p>A &#8220;ROB\u00d2TICA&#8221; els alumnes de primer i segon aprenen a programar a partir de tres aplicacions diferents amb el Dash.<\/p>\n\n<p>A &#8220;LET&#8217;S SING&#8221;\u00a0 els alumnes de Cicle Inicial cantem en angl\u00e8s i aprenem algunes coreografies per acompanyar les nostres can\u00e7ons, algunes tradicionals, d&#8217;altres no tant. Millorem la nostra expressi\u00f3 oral al temps que disfrutem de la m\u00fasica i el ball. Come on, let&#8217;s sing!<\/p>\n\n","protected":false},"excerpt":{"rendered":"<p>CICLE INICIAL<br \/>\nA &#8220;BASTONERS&#8221;\u00a0 ens divertim mentre practiquem el tradicional &#8220;Ball de bastons&#8221;<\/p>\n<p>A &#8220;RECICLART&#8221; ens ho passem d\u2019all\u00f2 m\u00e9s b\u00e9!<\/p>\n<p>A &#8220;CI\u00c8NCIA PER UN M\u00d3N MILLOR&#8221;.ens iniciem en l\u2019elaboraci\u00f3 de les estrat\u00e8gies fonamentals del m\u00e8tode cient\u00edfic: ens plantegem preguntes i hip\u00f2tesis; observem i treiem conclusions i respostes&hellip;  <a href=\"https:\/\/agora.xtec.cat\/escferraniclua\/tallers-educacio-primaria\/\" title=\"Read Tallers (Educaci\u00f3 Prim\u00e0ria)\">Llegeix m\u00e9s\u00bb<\/a><\/p>\n","protected":false},"author":1,"featured_media":0,"parent":0,"menu_order":0,"comment_status":"closed","ping_status":"closed","template":"","meta":{"_bbp_topic_count":0,"_bbp_reply_count":0,"_bbp_total_topic_count":0,"_bbp_total_reply_count":0,"_bbp_voice_count":0,"_bbp_anonymous_reply_count":0,"_bbp_topic_count_hidden":0,"_bbp_reply_count_hidden":0,"_bbp_forum_subforum_count":0,"footnotes":""},"class_list":["post-1612","page","type-page","status-publish","hentry"],"post_mailing_queue_ids":[],"_links":{"self":[{"href":"https:\/\/agora.xtec.cat\/escferraniclua\/wp-json\/wp\/v2\/pages\/1612","targetHints":{"allow":["GET"]}}],"collection":[{"href":"https:\/\/agora.xtec.cat\/escferraniclua\/wp-json\/wp\/v2\/pages"}],"about":[{"href":"https:\/\/agora.xtec.cat\/escferraniclua\/wp-json\/wp\/v2\/types\/page"}],"author":[{"embeddable":true,"href":"https:\/\/agora.xtec.cat\/escferraniclua\/wp-json\/wp\/v2\/users\/1"}],"replies":[{"embeddable":true,"href":"https:\/\/agora.xtec.cat\/escferraniclua\/wp-json\/wp\/v2\/comments?post=1612"}],"version-history":[{"count":3,"href":"https:\/\/agora.xtec.cat\/escferraniclua\/wp-json\/wp\/v2\/pages\/1612\/revisions"}],"predecessor-version":[{"id":2177,"href":"https:\/\/agora.xtec.cat\/escferraniclua\/wp-json\/wp\/v2\/pages\/1612\/revisions\/2177"}],"wp:attachment":[{"href":"https:\/\/agora.xtec.cat\/escferraniclua\/wp-json\/wp\/v2\/media?parent=1612"}],"curies":[{"name":"wp","href":"https:\/\/api.w.org\/{rel}","templated":true}]}}