{"id":1459,"date":"2020-09-13T19:41:44","date_gmt":"2020-09-13T17:41:44","guid":{"rendered":"http:\/\/agora.xtec.cat\/escferraniclua\/?page_id=1459"},"modified":"2025-09-14T18:40:33","modified_gmt":"2025-09-14T16:40:33","slug":"fes-te-soci-afa","status":"publish","type":"page","link":"https:\/\/agora.xtec.cat\/escferraniclua\/participacio\/afa-doctor-ferran-i-clua\/fes-te-soci-afa\/","title":{"rendered":"Fes-te soci"},"content":{"rendered":"<p style=\"text-align: justify;\">Per formar part de l\u2019<a href=\"http:\/\/agora.xtec.cat\/escferraniclua\/participacio\/afa-doctor-ferran-i-clua\/\">AFA<\/a> cal ser mare, pare o tutor legal d&#8217;un alumne de l&#8217;escola, omplir el <a href=\"https:\/\/drive.google.com\/file\/d\/1g7AVIW1PIw3NAgd2xP95R77O8H6Q82J5\/view?usp=sharing\" target=\"_blank\" rel=\"noopener noreferrer\">full de subscripci\u00f3<\/a> i enviar-ho al correu<span style=\"color: #ff0000;\"> <a href=\"mailto:afadrferraniclua@gmail.com\">afadrferraniclua<span class=\"\">@gmail.com<\/span><\/a><\/span>. Com des de fa anys, <strong>pel curs 2025\/2026 mantenim la quota anual per fam\u00edlia de 39 \u20ac<\/strong>.<\/p>\n<p style=\"text-align: justify;\">Si alguna fam\u00edlia vol ser s\u00f2cia per\u00f2 no pot assumir la quota per motius econ\u00f2mics, no dubteu a posar-vos en contacte amb nosaltres i segur que trobem la manera d\u2019arreglar-ho.<\/p>\n<p style=\"text-align: justify;\"><img loading=\"lazy\" decoding=\"async\" class=\"alignnone wp-image-1461 size-full\" title=\"L'AFA som tots! Fes-te soci i gaudeix de totes les avantatges\" src=\"https:\/\/agora.xtec.cat\/escferraniclua\/wp-content\/uploads\/usu1879\/2020\/01\/fes-te-soci-afa-doctor-ferran-i-clua.jpg\" alt=\"\" width=\"1200\" height=\"600\" srcset=\"https:\/\/agora.xtec.cat\/escferraniclua\/wp-content\/uploads\/usu1879\/2020\/01\/fes-te-soci-afa-doctor-ferran-i-clua.jpg 1200w, https:\/\/agora.xtec.cat\/escferraniclua\/wp-content\/uploads\/usu1879\/2020\/01\/fes-te-soci-afa-doctor-ferran-i-clua-300x150.jpg 300w, https:\/\/agora.xtec.cat\/escferraniclua\/wp-content\/uploads\/usu1879\/2020\/01\/fes-te-soci-afa-doctor-ferran-i-clua-768x384.jpg 768w, https:\/\/agora.xtec.cat\/escferraniclua\/wp-content\/uploads\/usu1879\/2020\/01\/fes-te-soci-afa-doctor-ferran-i-clua-1024x512.jpg 1024w\" sizes=\"auto, (max-width: 1200px) 100vw, 1200px\" \/><\/p>\n<h2 style=\"text-align: justify;\">Perqu\u00e8 fer-me soci?<\/h2>\n<p style=\"text-align: justify;\"><strong>Participaci\u00f3 en la presa de decisions<br \/>\n<\/strong>Amb el teu dret a vot a les assemblees, podr\u00e0s participar en la presa de decisions: extraescolars, menjador, casal, festes, tallers&#8230;Tindr\u00e0s un espai per intercanviar inquietuds, idees i fixar els objectius de l\u2019AFA. Fes <a href=\"http:\/\/agora.xtec.cat\/escferraniclua\/participacio\/afa-doctor-ferran-i-clua\/que-fem-afa\/\">clic aqu\u00ed<\/a> per a m\u00e9s informaci\u00f3 sobre qu\u00e8 fem a l&#8217;AFA.<\/p>\n<p style=\"text-align: justify;\"><strong>Participaci\u00f3 a l&#8217;escola<br \/>\n<\/strong>Comptar\u00e0s amb representants que fan la funci\u00f3 d\u2019intermediaci\u00f3 entre les fam\u00edlies i la junta directiva del centre. Ajudar\u00e0s a l\u2019escola a tirar endavant el seu projecte educatiu. Estar\u00e0s informat, de primera m\u00e0, de tot el que envolta a l\u2019escola. A m\u00e9s, la quota de l\u2019AFA, permet fer petites millores al material o les infraestructures de la mateixa escola. L&#8217;import de la quota, d\u2019una manera o altra es destina \u00edntegrament a l\u2019escola.<\/p>\n<p style=\"text-align: justify;\"><strong>Asseguran\u00e7a assistencial<br \/>\n<\/strong>Els vostres filles i fills tindran asseguran\u00e7a assistencial per a tot el temps que l&#8217;infant resta a l\u2019escola o participa d&#8217;alguna activitat organitzada per l\u2019AFA.<\/p>\n<p style=\"text-align: justify;\"><strong>Gaudir dels serveis i activitats que oferim<br \/>\n<\/strong>Molts dels serveis i activitats que oferim des de l&#8217;AFA, com els serveis d&#8217;acollida i les activitats extraescolars, s\u00f3n exclusives per a fam\u00edlies s\u00f2cies. <a href=\"http:\/\/agora.xtec.cat\/escferraniclua\/participacio\/afa-doctor-ferran-i-clua\/que-fem-afa\/\">M\u00e9s informaci\u00f3 aqu\u00ed<\/a>.<strong><br \/>\n<\/strong><\/p>\n<h2>Pagament de la quota anual<\/h2>\n<p>L&#8217;AFA us ofereix les seg\u00fcents modalitats de pagament:<\/p>\n<p><strong>Pagament en efectiu<br \/>\n<\/strong>Aquesta modalitat de pagament, \u00e9s l&#8217;\u00fanica que permet fraccionar la quota en 3 terminis de 13\u20ac. Recordeu que aquest curs <a href=\"https:\/\/calendly.com\/afadrferraniclua\/cita-previa-afa\" target=\"_blank\" rel=\"noopener noreferrer\">cal demanar cita pr\u00e8via<\/a> per efectuar el pagament en efectiu.<\/p>\n<p><strong>Pagament per transfer\u00e8ncia banc\u00e0ria<\/strong><br \/>\nPer realitzar el pagament en aquesta modalitat cal fer una transfer\u00e8ncia banc\u00e0ria al compte de l&#8217;AFA Doctor Ferran i Clua amb n\u00famero IBAN ES48 0182 9239 5502 0022 9420.<\/p>\n<p><span style=\"text-decoration: underline;\">\u00c9s molt important que al concepte de l&#8217;operaci\u00f3 indiqueu <em>&#8220;Fam\u00edlia Cognom1 Cognom 2&#8221; <\/em><\/span>i recordeu que no \u00e9s necessari que ens feu arribar el comprovant de l&#8217;operaci\u00f3.<\/p>\n<p><strong>Pagament per domiciliaci\u00f3 banc\u00e0ria<\/strong><br \/>\nSi escolliu aquesta modalitat, cal que ens feu arribar l&#8217;<a href=\"https:\/\/drive.google.com\/file\/d\/1Qw2-5PXSNt-Nq_YQoKvUmm6Zmcnkmtvj\/view?usp=sharing\" target=\"_blank\" rel=\"noopener noreferrer\">ordre SEPA per a domiciliar la quota<\/a>. Per a aquelles fam\u00edlies que encara no sou s\u00f2cies el pagament de la quota del curs vigent caldr\u00e0 fer-lo en efectiu o transfer\u00e8ncia i, si voleu domiciliar el vostre rebut, quan ens feu arribar l&#8217;ordre sepa l&#8217;afegirem a les domiciliacions del curs vinent.<\/p>\n<hr \/>\n<p>\u26a1<strong>IMPORTANT<\/strong>\u26a1<br \/>\n<span style=\"color: #ff0000;\">Si teniu qualsevol dubte o no recordeu la modalitat de pagament que vau escollir, escriviu un correu a <a href=\"mailto:afadrferraiclua@gmail.com\">afadrferraiclua@gmail.com<\/a> i us informarem. \u00c9s preferible fer la consulta abans de duplicar el pagament.<\/span><\/p>\n<hr \/>\n<p>&nbsp;<\/p>\n","protected":false},"excerpt":{"rendered":"<p>Per formar part de l\u2019<a href=\"http:\/\/agora.xtec.cat\/escferraniclua\/participacio\/afa-doctor-ferran-i-clua\/\">AFA<\/a> cal ser mare, pare o tutor legal d&#8217;un alumne de l&#8217;escola, omplir el <a href=\"https:\/\/drive.google.com\/file\/d\/1g7AVIW1PIw3NAgd2xP95R77O8H6Q82J5\/view?usp=sharing\" target=\"_blank\" rel=\"noopener noreferrer\">full de subscripci\u00f3<\/a> i enviar-ho al correu <a href=\"mailto:afadrferraniclua@gmail.com\">afadrferraniclua@gmail.com<\/a>. Com des de fa anys, pel curs 2025\/2026 mantenim la quota anual per&hellip;  <a href=\"https:\/\/agora.xtec.cat\/escferraniclua\/participacio\/afa-doctor-ferran-i-clua\/fes-te-soci-afa\/\" title=\"Read Fes-te soci\">Llegeix m\u00e9s\u00bb<\/a><\/p>\n","protected":false},"author":7,"featured_media":0,"parent":1383,"menu_order":3,"comment_status":"closed","ping_status":"closed","template":"","meta":{"_bbp_topic_count":0,"_bbp_reply_count":0,"_bbp_total_topic_count":0,"_bbp_total_reply_count":0,"_bbp_voice_count":0,"_bbp_anonymous_reply_count":0,"_bbp_topic_count_hidden":0,"_bbp_reply_count_hidden":0,"_bbp_forum_subforum_count":0,"footnotes":""},"class_list":["post-1459","page","type-page","status-publish","hentry"],"post_mailing_queue_ids":[],"_links":{"self":[{"href":"https:\/\/agora.xtec.cat\/escferraniclua\/wp-json\/wp\/v2\/pages\/1459","targetHints":{"allow":["GET"]}}],"collection":[{"href":"https:\/\/agora.xtec.cat\/escferraniclua\/wp-json\/wp\/v2\/pages"}],"about":[{"href":"https:\/\/agora.xtec.cat\/escferraniclua\/wp-json\/wp\/v2\/types\/page"}],"author":[{"embeddable":true,"href":"https:\/\/agora.xtec.cat\/escferraniclua\/wp-json\/wp\/v2\/users\/7"}],"replies":[{"embeddable":true,"href":"https:\/\/agora.xtec.cat\/escferraniclua\/wp-json\/wp\/v2\/comments?post=1459"}],"version-history":[{"count":4,"href":"https:\/\/agora.xtec.cat\/escferraniclua\/wp-json\/wp\/v2\/pages\/1459\/revisions"}],"predecessor-version":[{"id":4177,"href":"https:\/\/agora.xtec.cat\/escferraniclua\/wp-json\/wp\/v2\/pages\/1459\/revisions\/4177"}],"up":[{"embeddable":true,"href":"https:\/\/agora.xtec.cat\/escferraniclua\/wp-json\/wp\/v2\/pages\/1383"}],"wp:attachment":[{"href":"https:\/\/agora.xtec.cat\/escferraniclua\/wp-json\/wp\/v2\/media?parent=1459"}],"curies":[{"name":"wp","href":"https:\/\/api.w.org\/{rel}","templated":true}]}}