{"id":1456,"date":"2020-09-13T19:45:04","date_gmt":"2020-09-13T17:45:04","guid":{"rendered":"http:\/\/agora.xtec.cat\/escferraniclua\/?page_id=1456"},"modified":"2025-09-14T18:33:12","modified_gmt":"2025-09-14T16:33:12","slug":"documentacio-afa","status":"publish","type":"page","link":"https:\/\/agora.xtec.cat\/escferraniclua\/participacio\/afa-doctor-ferran-i-clua\/documentacio-afa\/","title":{"rendered":"Documentaci\u00f3 AFA"},"content":{"rendered":"<p style=\"text-align: justify;\">A continuaci\u00f3 posem a la vostra disposici\u00f3 diversos documents, que poden ser del vostre inter\u00e8s, relacionats amb l&#8217;AFA Doctor Ferran i Clua. En cas de necessitar informaci\u00f3 addicional no dubteu en <a href=\"http:\/\/agora.xtec.cat\/escferraniclua\/participacio\/afa-doctor-ferran-i-clua\/contacte-afa\/\">posar-vos en contacte amb nosaltres<\/a>.<\/p>\n<p style=\"text-align: justify;\"><img loading=\"lazy\" decoding=\"async\" class=\"alignnone wp-image-1457 size-medium\" title=\"Documents AFA Doctor Ferran i Clua\" src=\"https:\/\/agora.xtec.cat\/escferraniclua\/wp-content\/uploads\/usu1879\/2020\/01\/documentacio-afa-doctor-ferran-i-clua-300x140.png\" alt=\"\" width=\"300\" height=\"140\" srcset=\"https:\/\/agora.xtec.cat\/escferraniclua\/wp-content\/uploads\/usu1879\/2020\/01\/documentacio-afa-doctor-ferran-i-clua-300x140.png 300w, https:\/\/agora.xtec.cat\/escferraniclua\/wp-content\/uploads\/usu1879\/2020\/01\/documentacio-afa-doctor-ferran-i-clua.png 750w\" sizes=\"auto, (max-width: 300px) 100vw, 300px\" \/><\/p>\n<hr \/>\n<h2 style=\"text-align: justify;\">Documentaci\u00f3 de l&#8217;associaci\u00f3<\/h2>\n<p style=\"text-align: justify;\"><a href=\"#\">\ud83d\udcc4 <\/a><a href=\"https:\/\/drive.google.com\/file\/d\/1q6XZLu_xeo3ijEkBGFuVU3ZSrmS7NnUW\/view?usp=sharing\" target=\"_blank\" rel=\"noopener noreferrer\">Estatuts de l&#8217;Associaci\u00f3 de Fam\u00edlies d&#8217;Alumnes del CEIP Doctor Ferran i Clua<\/a><em> (Juny 2012).<\/em><\/p>\n<p><em><a href=\"#\">\ud83d\udcc4<\/a>Acta d&#8217;assemblea ordin\u00e0ria de socis AFA Doctor Ferran i Clua (3 de juny de 2025) <span style=\"color: #ff0000;\">pendent de publicaci\u00f3<\/span><\/em><\/p>\n<p><em><a href=\"#\">\ud83d\udcc4<\/a><a href=\"https:\/\/drive.google.com\/file\/d\/1AXmXLPh0RL1oLN6H-t6itZO3m0WMHNs4\/view?usp=drive_link\">Acta d&#8217;assemblea ordin\u00e0ria de socis AFA Doctor Ferran i Clua<\/a> (19 de novembre de 2024)<\/em><\/p>\n<p><em><a href=\"#\">\ud83d\udcc4<\/a><a href=\"https:\/\/drive.google.com\/file\/d\/1heuWC7oIfA7jIclfvYy15AYcKreAKEFG\/view?usp=drive_link\">Acta d&#8217;assemblea ordin\u00e0ria de socis AFA Doctor Ferran i Clua<\/a> (28 de maig de 2024)<\/em><\/p>\n<p><em><a href=\"#\">\ud83d\udcc4<\/a><\/em><a href=\"https:\/\/drive.google.com\/file\/d\/1OHz94cJl8cDk6NEXnhtSvBgzSKQdQGWd\/view?usp=drive_link\">Acta d&#8217;assemblea ordin\u00e0ria de socis AFA Doctor Ferran i Clua<\/a> <em>(24 d&#8217;octubre de 2023)<\/em><br \/>\n<a href=\"#\">\ud83d\udcc4<\/a><a href=\"https:\/\/drive.google.com\/file\/d\/1faPwA_bqn-tCwBLIJdmU4s2HNlSb1q82\/view?usp=drive_link\" target=\"_blank\" rel=\"noopener noreferrer\">Acta d&#8217;assemblea ordin\u00e0ria de socis AFA Doctor Ferran i Clua<\/a> <em>(16 de maig de 2023).<\/em><br \/>\n<a href=\"#\">\ud83d\udcc4<\/a><a href=\"https:\/\/drive.google.com\/file\/d\/1d5x0jKt8CqIcAJVXgyQOaRJbCZ65zfLR\/view?usp=drive_link\" target=\"_blank\" rel=\"noopener noreferrer\">Acta d&#8217;assemblea ordin\u00e0ria de socis AFA Doctor Ferran i Clua<\/a> <em>(18 d&#8217;octubre de 2022)<\/em>.<br \/>\n<a href=\"#\">\ud83d\udcc4<\/a><a href=\"https:\/\/drive.google.com\/file\/d\/1T6vqp33UIfPB1lv_CugATZTCMwW9j4Ff\/view?usp=sharing\" target=\"_blank\" rel=\"noopener noreferrer\">Acta d&#8217;assemblea ordin\u00e0ria de socis AFA Doctor Ferran i Clua<\/a> <em>(4 de juliol de 2022).<\/em><br \/>\n<a href=\"#\">\ud83d\udcc4<\/a><a href=\"https:\/\/drive.google.com\/file\/d\/11wh7cccHcdTCNq-lg0pk2_VqvORt4B20\/view?usp=sharing\" target=\"_blank\" rel=\"noopener noreferrer\">Acta d&#8217;assemblea ordin\u00e0ria de socis AFA Doctor Ferran i Clua<\/a> <em>(2 de novembre de 2021).<\/em><br \/>\n<a href=\"#\">\ud83d\udcc4 <\/a><a href=\"https:\/\/drive.google.com\/file\/d\/1LjGf2-ITiJLIbLmE9tYG2gQc33bFLO4m\/view?usp=sharing\" target=\"_blank\" rel=\"noopener noreferrer\">Acta d&#8217;assemblea ordin\u00e0ria de socis AFA Doctor Ferran i Clua<\/a> <em>(5 d&#8217;octubre de 2020).<br \/>\n<\/em><a href=\"#\">\ud83d\udcc4<\/a> <a href=\"https:\/\/drive.google.com\/file\/d\/14lhixQAKPPQhHZ1wiFbxQGc1D66P90-I\/view?usp=sharing\" target=\"_blank\" rel=\"noopener noreferrer\">Acta d&#8217;assemblea ordin\u00e0ria de socis AFA Doctor Ferran i Clua<\/a> <em>(10 d&#8217;octubre de 2019).<\/em><\/p>\n<p>&nbsp;<\/p>\n<hr \/>\n<h2 style=\"text-align: justify;\">Fulls d&#8217;inscripci\u00f3 i subscripci\u00f3<\/h2>\n<p style=\"text-align: justify;\"><a href=\"#\">\ud83d\udcc4<\/a> <a href=\"https:\/\/drive.google.com\/file\/d\/1g7AVIW1PIw3NAgd2xP95R77O8H6Q82J5\/view?usp=sharing\" target=\"_blank\" rel=\"noopener noreferrer\">Full de subscripci\u00f3 a l&#8217;AFA<\/a>.<br \/>\n<a href=\"#\">\ud83d\udcc4<\/a> <a href=\"https:\/\/drive.google.com\/file\/d\/1Qw2-5PXSNt-Nq_YQoKvUmm6Zmcnkmtvj\/view?usp=sharing\" target=\"_blank\" rel=\"noopener noreferrer\">Ordre SEPA per a la domiciliaci\u00f3 de la quota de l&#8217;AFA<\/a>.<br \/>\n<a href=\"#\">\ud83d\udcc4<\/a> <a href=\"https:\/\/drive.google.com\/file\/d\/1O1LzLNrfirUC-rBki0anV1Zurp60n2QE\/view?usp=sharing\">Full d&#8217;inscripci\u00f3 al servei de menjador<\/a><br \/>\n<a href=\"#\">\ud83d\udcc4<\/a> Full d&#8217;inscripci\u00f3 a les activitats extraescolars (via correu\/dinantia)<\/p>\n","protected":false},"excerpt":{"rendered":"<p>A continuaci\u00f3 posem a la vostra disposici\u00f3 diversos documents, que poden ser del vostre inter\u00e8s, relacionats amb l&#8217;AFA Doctor Ferran i Clua. En cas de necessitar informaci\u00f3 addicional no dubteu en <a href=\"http:\/\/agora.xtec.cat\/escferraniclua\/participacio\/afa-doctor-ferran-i-clua\/contacte-afa\/\">posar-vos en contacte amb nosaltres<\/a>.<\/p>\n<p>Documentaci\u00f3 de l&#8217;associaci\u00f3<br \/>\n<a href=\"#\">\ud83d\udcc4 <\/a><a href=\"https:\/\/drive.google.com\/file\/d\/1q6XZLu_xeo3ijEkBGFuVU3ZSrmS7NnUW\/view?usp=sharing\" target=\"_blank\" rel=\"noopener noreferrer\">Estatuts&hellip;  <a href=\"https:\/\/agora.xtec.cat\/escferraniclua\/participacio\/afa-doctor-ferran-i-clua\/documentacio-afa\/\" title=\"Read Documentaci\u00f3 AFA\">Llegeix m\u00e9s\u00bb<\/a><\/p>\n","protected":false},"author":7,"featured_media":0,"parent":1383,"menu_order":4,"comment_status":"closed","ping_status":"closed","template":"","meta":{"_bbp_topic_count":0,"_bbp_reply_count":0,"_bbp_total_topic_count":0,"_bbp_total_reply_count":0,"_bbp_voice_count":0,"_bbp_anonymous_reply_count":0,"_bbp_topic_count_hidden":0,"_bbp_reply_count_hidden":0,"_bbp_forum_subforum_count":0,"footnotes":""},"class_list":["post-1456","page","type-page","status-publish","hentry"],"post_mailing_queue_ids":[],"_links":{"self":[{"href":"https:\/\/agora.xtec.cat\/escferraniclua\/wp-json\/wp\/v2\/pages\/1456","targetHints":{"allow":["GET"]}}],"collection":[{"href":"https:\/\/agora.xtec.cat\/escferraniclua\/wp-json\/wp\/v2\/pages"}],"about":[{"href":"https:\/\/agora.xtec.cat\/escferraniclua\/wp-json\/wp\/v2\/types\/page"}],"author":[{"embeddable":true,"href":"https:\/\/agora.xtec.cat\/escferraniclua\/wp-json\/wp\/v2\/users\/7"}],"replies":[{"embeddable":true,"href":"https:\/\/agora.xtec.cat\/escferraniclua\/wp-json\/wp\/v2\/comments?post=1456"}],"version-history":[{"count":6,"href":"https:\/\/agora.xtec.cat\/escferraniclua\/wp-json\/wp\/v2\/pages\/1456\/revisions"}],"predecessor-version":[{"id":4175,"href":"https:\/\/agora.xtec.cat\/escferraniclua\/wp-json\/wp\/v2\/pages\/1456\/revisions\/4175"}],"up":[{"embeddable":true,"href":"https:\/\/agora.xtec.cat\/escferraniclua\/wp-json\/wp\/v2\/pages\/1383"}],"wp:attachment":[{"href":"https:\/\/agora.xtec.cat\/escferraniclua\/wp-json\/wp\/v2\/media?parent=1456"}],"curies":[{"name":"wp","href":"https:\/\/api.w.org\/{rel}","templated":true}]}}