{"id":1447,"date":"2020-01-08T17:10:23","date_gmt":"2020-01-08T16:10:23","guid":{"rendered":"http:\/\/agora.xtec.cat\/escferraniclua\/?page_id=1447"},"modified":"2020-01-08T17:31:37","modified_gmt":"2020-01-08T16:31:37","slug":"nofc-del-centre","status":"publish","type":"page","link":"https:\/\/agora.xtec.cat\/escferraniclua\/participacio\/nofc-del-centre\/","title":{"rendered":"NOFC del centre"},"content":{"rendered":"<p>Les NOFC del centre s\u00f3n les normes que faciliten la gesti\u00f3, el funcionament i la conviv\u00e8ncia al centre<br \/>\n<iframe src=\"https:\/\/docs.google.com\/document\/d\/e\/2PACX-1vQQXBmuDSpZLz4LuopCl3SCxZaybxTwAP3drngJoLNCQTmhquSGcyMRbpFU2l_IZtAiwlhME2e4WH64\/pub?embedded=true\"\nwidth=\"1123\" height=\"822\" allowfullscreen=\"true\" mozallowfullscreen=\"true\" webkitallowfullscreen=\"true\"><\/iframe><\/p>\n","protected":false},"excerpt":{"rendered":"<p>Les NOFC del centre s\u00f3n les normes que faciliten la gesti\u00f3, el funcionament i la conviv\u00e8ncia al centre<\/p>\n","protected":false},"author":1,"featured_media":0,"parent":508,"menu_order":0,"comment_status":"closed","ping_status":"closed","template":"","meta":{"_bbp_topic_count":0,"_bbp_reply_count":0,"_bbp_total_topic_count":0,"_bbp_total_reply_count":0,"_bbp_voice_count":0,"_bbp_anonymous_reply_count":0,"_bbp_topic_count_hidden":0,"_bbp_reply_count_hidden":0,"_bbp_forum_subforum_count":0,"footnotes":""},"class_list":["post-1447","page","type-page","status-publish","hentry"],"post_mailing_queue_ids":[],"_links":{"self":[{"href":"https:\/\/agora.xtec.cat\/escferraniclua\/wp-json\/wp\/v2\/pages\/1447","targetHints":{"allow":["GET"]}}],"collection":[{"href":"https:\/\/agora.xtec.cat\/escferraniclua\/wp-json\/wp\/v2\/pages"}],"about":[{"href":"https:\/\/agora.xtec.cat\/escferraniclua\/wp-json\/wp\/v2\/types\/page"}],"author":[{"embeddable":true,"href":"https:\/\/agora.xtec.cat\/escferraniclua\/wp-json\/wp\/v2\/users\/1"}],"replies":[{"embeddable":true,"href":"https:\/\/agora.xtec.cat\/escferraniclua\/wp-json\/wp\/v2\/comments?post=1447"}],"version-history":[{"count":4,"href":"https:\/\/agora.xtec.cat\/escferraniclua\/wp-json\/wp\/v2\/pages\/1447\/revisions"}],"predecessor-version":[{"id":1453,"href":"https:\/\/agora.xtec.cat\/escferraniclua\/wp-json\/wp\/v2\/pages\/1447\/revisions\/1453"}],"up":[{"embeddable":true,"href":"https:\/\/agora.xtec.cat\/escferraniclua\/wp-json\/wp\/v2\/pages\/508"}],"wp:attachment":[{"href":"https:\/\/agora.xtec.cat\/escferraniclua\/wp-json\/wp\/v2\/media?parent=1447"}],"curies":[{"name":"wp","href":"https:\/\/api.w.org\/{rel}","templated":true}]}}