{"id":1435,"date":"2020-09-13T19:46:12","date_gmt":"2020-09-13T17:46:12","guid":{"rendered":"http:\/\/agora.xtec.cat\/escferraniclua\/?page_id=1435"},"modified":"2025-09-14T18:51:42","modified_gmt":"2025-09-14T16:51:42","slug":"contacte-afa","status":"publish","type":"page","link":"https:\/\/agora.xtec.cat\/escferraniclua\/participacio\/afa-doctor-ferran-i-clua\/contacte-afa\/","title":{"rendered":"Contacte AFA"},"content":{"rendered":"<p style=\"text-align: justify;\">A l&#8217;AFA disposem dels seg\u00fcents canals de contacte i informaci\u00f3:<\/p>\n<h2 style=\"text-align: justify;\"><img loading=\"lazy\" decoding=\"async\" class=\"alignnone wp-image-1437 size-medium\" title=\"Contacte AFA Doctor Ferran i Clua\" src=\"https:\/\/agora.xtec.cat\/escferraniclua\/wp-content\/uploads\/usu1879\/2019\/12\/contacte-afa-doctor-ferran-i-clua-300x140.png\" alt=\"\" width=\"300\" height=\"140\" \/><\/h2>\n<h2 style=\"text-align: justify;\">Presencialment<\/h2>\n<p style=\"text-align: justify;\">\u00a0Actualment, degut a la reorganitzaci\u00f3 dels espais de l&#8217;escola per la Covid-19, <span style=\"text-decoration: underline;\">ens trobareu a la consergeria de l&#8217;escola<\/span>, a la planta baixa i en els seg\u00fcents horaris:<\/p>\n<p style=\"text-align: justify;\"><strong>Matins:<\/strong> a partir de les 9 hores de dilluns a divendres.<br \/>\n<strong>Tardes:<\/strong> a partir de les 16:30 hores de dilluns a dijous.<\/p>\n<hr \/>\n<h2 style=\"text-align: justify;\">Tel\u00e8fon i correu electr\u00f2nic<\/h2>\n<p style=\"text-align: justify;\">El nostres tel\u00e8fons s\u00f3n de contacte s\u00f3n:<br \/>\n<span style=\"color: #ff6600; font-size: 2em;\"><strong>660 90 59 25<br \/>\n<\/strong><\/span>Si necessiteu trucar a un tel\u00e8fon fix, podeu trucar al de l&#8217;escola <strong>93 340 46 25<\/strong><\/p>\n<p style=\"text-align: justify;\">El correu electr\u00f2nic \u00e9s:<br \/>\n<a href=\"mailto:afadrferraniclua@gmail.com\"><strong><span style=\"color: #ff6600; font-size: 2em;\">afadrferraniclua<span class=\"\">@gmail.com<\/span><\/span><\/strong><\/a><\/p>\n<h2 style=\"text-align: justify;\">A internet<\/h2>\n<p style=\"text-align: justify;\">Segueix tota l&#8217;actualitat de l&#8217;AFA Doctor Ferran i Clua a <a href=\"https:\/\/www.instagram.com\/afaferraniclua\/\" target=\"_blank\" rel=\"noopener noreferrer\"><strong>Instagram<\/strong><\/a>, <a href=\"https:\/\/twitter.com\/AFAFERRANiCLUA?ref_src=twsrc%5Etfw%7Ctwcamp%5Eembeddedtimeline%7Ctwterm%5Eprofile%3AAFAFERRANiCLUA&amp;ref_url=https%3A%2F%2Fagora.xtec.cat%2Fescferraniclua%2F%3Fpage_id%3D1435%26preview%3Dtrue\" target=\"_blank\" rel=\"noopener noreferrer\"><strong>Twitter<\/strong><\/a> i el <a href=\"http:\/\/agora.xtec.cat\/escferraniclua\/categoria\/afa-doctor-ferran-i-clua\/\"><strong>nostre bloc<\/strong><\/a>.<\/p>\n","protected":false},"excerpt":{"rendered":"<p>A l&#8217;AFA disposem dels seg\u00fcents canals de contacte i informaci\u00f3:<\/p>\n<p>Presencialment<br \/>\n\u00a0Actualment, degut a la reorganitzaci\u00f3 dels espais de l&#8217;escola per la Covid-19, ens trobareu a la consergeria de l&#8217;escola, a la planta baixa i en els seg\u00fcents horaris:<br \/>\nMatins: a partir de les 9 hores de dilluns&hellip;  <a href=\"https:\/\/agora.xtec.cat\/escferraniclua\/participacio\/afa-doctor-ferran-i-clua\/contacte-afa\/\" title=\"Read Contacte AFA\">Llegeix m\u00e9s\u00bb<\/a><\/p>\n","protected":false},"author":7,"featured_media":0,"parent":1383,"menu_order":5,"comment_status":"closed","ping_status":"closed","template":"","meta":{"_bbp_topic_count":0,"_bbp_reply_count":0,"_bbp_total_topic_count":0,"_bbp_total_reply_count":0,"_bbp_voice_count":0,"_bbp_anonymous_reply_count":0,"_bbp_topic_count_hidden":0,"_bbp_reply_count_hidden":0,"_bbp_forum_subforum_count":0,"footnotes":""},"class_list":["post-1435","page","type-page","status-publish","hentry"],"post_mailing_queue_ids":[],"_links":{"self":[{"href":"https:\/\/agora.xtec.cat\/escferraniclua\/wp-json\/wp\/v2\/pages\/1435","targetHints":{"allow":["GET"]}}],"collection":[{"href":"https:\/\/agora.xtec.cat\/escferraniclua\/wp-json\/wp\/v2\/pages"}],"about":[{"href":"https:\/\/agora.xtec.cat\/escferraniclua\/wp-json\/wp\/v2\/types\/page"}],"author":[{"embeddable":true,"href":"https:\/\/agora.xtec.cat\/escferraniclua\/wp-json\/wp\/v2\/users\/7"}],"replies":[{"embeddable":true,"href":"https:\/\/agora.xtec.cat\/escferraniclua\/wp-json\/wp\/v2\/comments?post=1435"}],"version-history":[{"count":3,"href":"https:\/\/agora.xtec.cat\/escferraniclua\/wp-json\/wp\/v2\/pages\/1435\/revisions"}],"predecessor-version":[{"id":3586,"href":"https:\/\/agora.xtec.cat\/escferraniclua\/wp-json\/wp\/v2\/pages\/1435\/revisions\/3586"}],"up":[{"embeddable":true,"href":"https:\/\/agora.xtec.cat\/escferraniclua\/wp-json\/wp\/v2\/pages\/1383"}],"wp:attachment":[{"href":"https:\/\/agora.xtec.cat\/escferraniclua\/wp-json\/wp\/v2\/media?parent=1435"}],"curies":[{"name":"wp","href":"https:\/\/api.w.org\/{rel}","templated":true}]}}