{"id":1428,"date":"2020-09-13T19:39:37","date_gmt":"2020-09-13T17:39:37","guid":{"rendered":"http:\/\/agora.xtec.cat\/escferraniclua\/?page_id=1428"},"modified":"2025-09-14T18:25:21","modified_gmt":"2025-09-14T16:25:21","slug":"comissions-afa","status":"publish","type":"page","link":"https:\/\/agora.xtec.cat\/escferraniclua\/participacio\/afa-doctor-ferran-i-clua\/comissions-afa\/","title":{"rendered":"Comissions AFA"},"content":{"rendered":"<p style=\"text-align: justify;\"><strong>L&#8217;AFA esta organitzada en comissions de treball, activitats o projectes concrets<\/strong>. S\u00f3n essencials pel desenvolupament, seguiment i gesti\u00f3 d&#8217;activitats que, o b\u00e9 per horari o per localitzaci\u00f3, queden fora de l&#8217;\u00e0mbit de l&#8217;escola. Les comissions s\u00f3n un espai idoni per col\u00b7laborar, participar i implicar-se personalment en la educaci\u00f3 dels nostres fills i filles. Segur que pots trobar una on els teus coneixements ens ajudaran a millorar l&#8217;escola.<\/p>\n<hr \/>\n<p><strong>\u2139 Si voleu formar part d&#8217;una comissi\u00f3 AFA <a href=\"http:\/\/agora.xtec.cat\/escferraniclua\/participacio\/afa-doctor-ferran-i-clua\/contacte-afa\/\">poseu-vos en contacte amb nosaltres<\/a><\/strong><\/p>\n<hr \/>\n<p style=\"text-align: justify;\"><img loading=\"lazy\" decoding=\"async\" class=\"alignnone wp-image-1429 size-full\" title=\"Les comissions s\u00f3n essencials pel desenvolupament, seguiment i gesti\u00f3 d'activitats que queda fora de l'\u00e0mbit de l'escola\" src=\"https:\/\/agora.xtec.cat\/escferraniclua\/wp-content\/uploads\/usu1879\/2019\/12\/comissions-afa-doctor-ferran-i-clua.jpg\" alt=\"\" width=\"1200\" height=\"600\" srcset=\"https:\/\/agora.xtec.cat\/escferraniclua\/wp-content\/uploads\/usu1879\/2019\/12\/comissions-afa-doctor-ferran-i-clua.jpg 1200w, https:\/\/agora.xtec.cat\/escferraniclua\/wp-content\/uploads\/usu1879\/2019\/12\/comissions-afa-doctor-ferran-i-clua-300x150.jpg 300w, https:\/\/agora.xtec.cat\/escferraniclua\/wp-content\/uploads\/usu1879\/2019\/12\/comissions-afa-doctor-ferran-i-clua-768x384.jpg 768w, https:\/\/agora.xtec.cat\/escferraniclua\/wp-content\/uploads\/usu1879\/2019\/12\/comissions-afa-doctor-ferran-i-clua-1024x512.jpg 1024w\" sizes=\"auto, (max-width: 1200px) 100vw, 1200px\" \/><\/p>\n<hr \/>\n<p>\ud83d\udd04 <strong>Si voleu con\u00e8ixer tota l&#8217;actualitat de les comissions AFA <a href=\"http:\/\/agora.xtec.cat\/escferraniclua\/categoria\/afa-doctor-ferran-i-clua\/comissions-afa\/\">feu clic aqu\u00ed<\/a><\/strong><\/p>\n<hr \/>\n<h2 style=\"text-align: justify;\"><strong>Comissi\u00f3 d&#8217;extraescolars i casal d&#8217;estiu<br \/>\n<\/strong><\/h2>\n<p style=\"text-align: justify;\">Des de la Comissi\u00f3 d&#8217;extraescolars coordinem i gestionem l\u2019oferta d\u2019activitats extraescolars per a tots els cursos a trav\u00e9s de diferents empreses.<\/p>\n<p style=\"text-align: justify;\">El nostre objectiu \u00e9s oferir un ventall d\u2019activitats en horari no lectiu (tarda), que proporcionin als nostres fills i filles unes oportunitats de lleure i complementin l\u2019educaci\u00f3 integral dels mateixos, sent afins als interessos familiars i a la filosofia educativa de l\u2019escola, dintre de un marc l\u00fadic i engrescador.<\/p>\n<p style=\"text-align: justify;\">De la mateixa manera coordinem el Casal d\u2019estiu, vetllant en tot moment per la seva qualitat i millora continua. Aquest en t\u00e9 lloc a partir de la setmana seg\u00fcent a la del fi del curs acad\u00e8mic fins la darrera setmana de juliol.<\/p>\n<hr \/>\n<h2 style=\"text-align: justify;\"><strong>Comissi\u00f3 de menjador<\/strong><\/h2>\n<p style=\"text-align: justify;\">Des de la Comissi\u00f3 de menjador realitzem el seguiment de l&#8217;organitzaci\u00f3 general di\u00e0ria, dels espais de la cuina i del menjador, revisant els men\u00fas, aix\u00ed com les activitats del temps de migdia. Tot treballant colze a colze amb la Marina, coordinadora del servei de menjador.<\/p>\n<p style=\"text-align: justify;\">Fem un seguiment econ\u00f2mic i prioritzem la inversi\u00f3 per millores que repercuteixen en tots els nens i nenes usuaris dels servei.<\/p>\n<hr \/>\n<h2 style=\"text-align: justify;\"><strong>Comissi\u00f3 de pati<\/strong><\/h2>\n<p style=\"text-align: justify;\">Des de la Comissi\u00f3 d&#8217;obres i pati volem proporcionar a aquest espai dels recursos necessaris, creant nous espais, oferint noves possibilitats d&#8217;aprenentatge, tot tenint en compte la utilitzaci\u00f3<br \/>\nde materials reutilitzats i la incorporaci\u00f3 d&#8217;una mirada amb perspectiva de g\u00e8nere, amb les mateixes oportunitats de joc pels infants.<\/p>\n<p style=\"text-align: justify;\">Realitzem jornades de treball on adults i nens son part\u00edceps de la transformaci\u00f3 del pati i on es comparteixen moments amb altres fam\u00edlies de l&#8217;escola.<\/p>\n<hr \/>\n<h2 style=\"text-align: justify;\"><strong>Comissi\u00f3 de festes<\/strong><\/h2>\n<p style=\"text-align: justify;\">Des de la Comissi\u00f3 de festes treballem per fomentar la cohesi\u00f3 i la relaci\u00f3 entre les fam\u00edlies en un ambient relaxat i festiu dins el recinte de l\u00b4escola. Ens coordinem per per planificar tota la log\u00edstica, contractar prove\u00efdors i organitzar diferents accions, aix\u00ed com les col\u00b7laboracions m\u00e9s puntuals (abans, durant i\/o despr\u00e9s de la festa)<\/p>\n<p style=\"text-align: justify;\">Les festes organitzades per l&#8217;AFA s\u00f3n la Castaween a l&#8217;octubre, Carnestoltes al febrer, Sant Jordi a l&#8217;abril\u00a0 i la Festa del S\u00f2ci\/a al juny.<\/p>\n<hr \/>\n<h2 style=\"text-align: justify;\"><strong>Comissi\u00f3 de diversitat i conviv\u00e8ncia<br \/>\n<\/strong><\/h2>\n<p style=\"text-align: justify;\">Des de la Comissi\u00f3 tractem d&#8217;assegurar i garantir la participaci\u00f3, la implicaci\u00f3 i el comprom\u00eds de tota la comunitat escolar, ajudant a l&#8217;alumnat a relacionar-se amb si mateix, amb els altres i amb el m\u00f3n. Volem potenciar l\u2019equitat i el respecte a la diversitat i fomentar la mediaci\u00f3 escolar i la cultura del di\u00e0leg com a eina b\u00e0sica en la gesti\u00f3 del conflicte.<\/p>\n<p style=\"text-align: justify;\">Treballem per fomentar una cultura de la pau i la no-viol\u00e8ncia i corregir els estereotips sexistes.<\/p>\n<hr \/>\n<h2 style=\"text-align: justify;\"><strong>Comissi\u00f3 d&#8217;escola de fam\u00edlies<\/strong><\/h2>\n<p style=\"text-align: justify;\">Des de la Comissi\u00f3 d&#8217;escola de fam\u00edlies pretenem crear espais per compartir activitats i idees i fomentar la col\u00b7laboraci\u00f3 i la cooperaci\u00f3 entre fam\u00edlies de l\u2019escola.<\/p>\n<hr \/>\n<h2 style=\"text-align: justify;\"><strong>Comissi\u00f3 de relacions externes<br \/>\n<\/strong><\/h2>\n<p style=\"text-align: justify;\">Des de la Comissi\u00f3 de relacions externes treballem per articular, agrupar i canalitzar les peticions i reivindicacions de totes les fam\u00edlies (s\u00f2cies i no s\u00f2cies) vers escola i consorci, relacionades amb les necessitats, el benestar i l&#8217;educaci\u00f3 dels nostres fills i filles.<\/p>\n<p style=\"text-align: justify;\">De la mateixa manera es treballa de forma col\u00b7laborativa amb qualsevol entitat del barri i\/o districte externa a l&#8217;escola.<\/p>\n<hr \/>\n<h2 style=\"text-align: justify;\"><strong>Comissi\u00f3 de comunicaci\u00f3<\/strong><\/h2>\n<p style=\"text-align: justify;\">Des de la Comissi\u00f3 de comunicaci\u00f3 treballem per coordinar la comunicaci\u00f3 entre fam\u00edlies, AFA i escola, buscant de forma especial la implicaci\u00f3 de les fam\u00edlies i la transpar\u00e8ncia en la gesti\u00f3 de l\u2019associaci\u00f3.<\/p>\n<p style=\"text-align: justify;\">Donem suport a la resta de comissions perqu\u00e8 la informaci\u00f3 que necessitin donar a les fam\u00edlies arribi de forma \u00f2ptima per diversos canals.<\/p>\n<hr \/>\n<h2 style=\"text-align: justify;\"><strong>Comissi\u00f3 de biblio-lectura<\/strong><\/h2>\n<p style=\"text-align: justify;\">Des de la Comissi\u00f3 de biblio-lectura col\u00b7laborem amb l&#8217;escola en la construcci\u00f3 del fons de llibres, renovant els antics i revisant per seleccionar aquells que en mostren un caire sexista inadequat i desfasat, no acord amb els valors educatius i de conviv\u00e8ncia actuals, i promovent activitats engrescadores per gaudir de la lectura.<\/p>\n","protected":false},"excerpt":{"rendered":"<p>L&#8217;AFA esta organitzada en comissions de treball, activitats o projectes concrets. S\u00f3n essencials pel desenvolupament, seguiment i gesti\u00f3 d&#8217;activitats que, o b\u00e9 per horari o per localitzaci\u00f3, queden fora de l&#8217;\u00e0mbit de l&#8217;escola. Les comissions s\u00f3n un espai idoni per col\u00b7laborar, participar i implicar-se personalment&hellip;  <a href=\"https:\/\/agora.xtec.cat\/escferraniclua\/participacio\/afa-doctor-ferran-i-clua\/comissions-afa\/\" title=\"Read Comissions AFA\">Llegeix m\u00e9s\u00bb<\/a><\/p>\n","protected":false},"author":7,"featured_media":0,"parent":1383,"menu_order":2,"comment_status":"closed","ping_status":"closed","template":"","meta":{"_bbp_topic_count":0,"_bbp_reply_count":0,"_bbp_total_topic_count":0,"_bbp_total_reply_count":0,"_bbp_voice_count":0,"_bbp_anonymous_reply_count":0,"_bbp_topic_count_hidden":0,"_bbp_reply_count_hidden":0,"_bbp_forum_subforum_count":0,"footnotes":""},"class_list":["post-1428","page","type-page","status-publish","hentry"],"post_mailing_queue_ids":[],"_links":{"self":[{"href":"https:\/\/agora.xtec.cat\/escferraniclua\/wp-json\/wp\/v2\/pages\/1428","targetHints":{"allow":["GET"]}}],"collection":[{"href":"https:\/\/agora.xtec.cat\/escferraniclua\/wp-json\/wp\/v2\/pages"}],"about":[{"href":"https:\/\/agora.xtec.cat\/escferraniclua\/wp-json\/wp\/v2\/types\/page"}],"author":[{"embeddable":true,"href":"https:\/\/agora.xtec.cat\/escferraniclua\/wp-json\/wp\/v2\/users\/7"}],"replies":[{"embeddable":true,"href":"https:\/\/agora.xtec.cat\/escferraniclua\/wp-json\/wp\/v2\/comments?post=1428"}],"version-history":[{"count":5,"href":"https:\/\/agora.xtec.cat\/escferraniclua\/wp-json\/wp\/v2\/pages\/1428\/revisions"}],"predecessor-version":[{"id":4174,"href":"https:\/\/agora.xtec.cat\/escferraniclua\/wp-json\/wp\/v2\/pages\/1428\/revisions\/4174"}],"up":[{"embeddable":true,"href":"https:\/\/agora.xtec.cat\/escferraniclua\/wp-json\/wp\/v2\/pages\/1383"}],"wp:attachment":[{"href":"https:\/\/agora.xtec.cat\/escferraniclua\/wp-json\/wp\/v2\/media?parent=1428"}],"curies":[{"name":"wp","href":"https:\/\/api.w.org\/{rel}","templated":true}]}}