{"id":1361,"date":"2019-12-10T13:27:30","date_gmt":"2019-12-10T12:27:30","guid":{"rendered":"http:\/\/agora.xtec.cat\/escferraniclua\/?page_id=1361"},"modified":"2020-02-29T13:15:19","modified_gmt":"2020-02-29T12:15:19","slug":"educacio-infantil","status":"publish","type":"page","link":"https:\/\/agora.xtec.cat\/escferraniclua\/blocs\/educacio-infantil\/","title":{"rendered":"Educaci\u00f3 Infantil"},"content":{"rendered":"<p><strong>Psicomotricitat a Educaci\u00f3 Infantil &#8211; curs 2019\/2020<\/strong><\/p>\n<p>A l\u2019escola les m\u00e9s petites i els m\u00e9s petits compten amb dos espais on realitzar la psicomotricitat: una aula espec\u00edfica preparada i equipada i el poliesportiu!<\/p>\n<p>Treballem a partir del m\u00e8tode de <em>Pr\u00e0ctica Psicomotriu Acoutorier<\/em><span style=\"font-family: inherit; font-size: 1em;\">, el qual permet construir un espai on cada infant apr\u00e8n jugant; al que ell o ella decideixi i com i quan el seu propi ritme ho marqui. Convertint-se en un espai de llibertat on mostrar-se tal i com s\u00f3n, escollint la seva forma de relacionar-se i actuar en funci\u00f3 del seu estat emocional. La seva motivaci\u00f3 es pot sentir des del moment en que ens dirigim a l\u2019espai de psicomotricitat!<\/span><\/p>\n<p>Tot combinat amb sessions de circuits, estacions i petits reptes cooperatius!<\/p>\n<p>&nbsp;<\/p>\n<p><a href=\"https:\/\/agora.xtec.cat\/escferraniclua\/wp-content\/uploads\/usu1879\/2019\/12\/Psicomotricitat-lliure-P5-1.jpg\"><img loading=\"lazy\" decoding=\"async\" class=\"alignright size-medium wp-image-1402\" src=\"https:\/\/agora.xtec.cat\/escferraniclua\/wp-content\/uploads\/usu1879\/2019\/12\/Psicomotricitat-lliure-P5-1-300x300.jpg\" alt=\"\" width=\"300\" height=\"300\" srcset=\"https:\/\/agora.xtec.cat\/escferraniclua\/wp-content\/uploads\/usu1879\/2019\/12\/Psicomotricitat-lliure-P5-1-300x300.jpg 300w, https:\/\/agora.xtec.cat\/escferraniclua\/wp-content\/uploads\/usu1879\/2019\/12\/Psicomotricitat-lliure-P5-1-150x150.jpg 150w, https:\/\/agora.xtec.cat\/escferraniclua\/wp-content\/uploads\/usu1879\/2019\/12\/Psicomotricitat-lliure-P5-1-1019x1024.jpg 1019w, https:\/\/agora.xtec.cat\/escferraniclua\/wp-content\/uploads\/usu1879\/2019\/12\/Psicomotricitat-lliure-P5-1.jpg 1079w\" sizes=\"auto, (max-width: 300px) 100vw, 300px\" \/><\/a> <a href=\"https:\/\/agora.xtec.cat\/escferraniclua\/wp-content\/uploads\/usu1879\/2019\/12\/Acoutorier.jpg\"><img loading=\"lazy\" decoding=\"async\" class=\"alignright size-medium wp-image-1401\" src=\"https:\/\/agora.xtec.cat\/escferraniclua\/wp-content\/uploads\/usu1879\/2019\/12\/Acoutorier-300x190.jpg\" alt=\"\" width=\"300\" height=\"190\" srcset=\"https:\/\/agora.xtec.cat\/escferraniclua\/wp-content\/uploads\/usu1879\/2019\/12\/Acoutorier-300x190.jpg 300w, https:\/\/agora.xtec.cat\/escferraniclua\/wp-content\/uploads\/usu1879\/2019\/12\/Acoutorier-768x486.jpg 768w, https:\/\/agora.xtec.cat\/escferraniclua\/wp-content\/uploads\/usu1879\/2019\/12\/Acoutorier-1024x648.jpg 1024w\" sizes=\"auto, (max-width: 300px) 100vw, 300px\" \/><\/a> <a href=\"https:\/\/agora.xtec.cat\/escferraniclua\/wp-content\/uploads\/usu1879\/2019\/12\/Psicomotricitat-lliure-P5.jpg\"><img loading=\"lazy\" decoding=\"async\" class=\"alignright size-medium wp-image-1403\" src=\"https:\/\/agora.xtec.cat\/escferraniclua\/wp-content\/uploads\/usu1879\/2019\/12\/Psicomotricitat-lliure-P5-294x300.jpg\" alt=\"\" width=\"294\" height=\"300\" srcset=\"https:\/\/agora.xtec.cat\/escferraniclua\/wp-content\/uploads\/usu1879\/2019\/12\/Psicomotricitat-lliure-P5-294x300.jpg 294w, https:\/\/agora.xtec.cat\/escferraniclua\/wp-content\/uploads\/usu1879\/2019\/12\/Psicomotricitat-lliure-P5-768x784.jpg 768w, https:\/\/agora.xtec.cat\/escferraniclua\/wp-content\/uploads\/usu1879\/2019\/12\/Psicomotricitat-lliure-P5-1003x1024.jpg 1003w, https:\/\/agora.xtec.cat\/escferraniclua\/wp-content\/uploads\/usu1879\/2019\/12\/Psicomotricitat-lliure-P5.jpg 1076w\" sizes=\"auto, (max-width: 294px) 100vw, 294px\" \/><\/a> <a href=\"https:\/\/agora.xtec.cat\/escferraniclua\/wp-content\/uploads\/usu1879\/2019\/12\/Acoutorier-5-min.jpg\"><img loading=\"lazy\" decoding=\"async\" class=\"alignright size-medium wp-image-1404\" src=\"https:\/\/agora.xtec.cat\/escferraniclua\/wp-content\/uploads\/usu1879\/2019\/12\/Acoutorier-5-min-300x169.jpg\" alt=\"\" width=\"300\" height=\"169\" srcset=\"https:\/\/agora.xtec.cat\/escferraniclua\/wp-content\/uploads\/usu1879\/2019\/12\/Acoutorier-5-min-300x169.jpg 300w, https:\/\/agora.xtec.cat\/escferraniclua\/wp-content\/uploads\/usu1879\/2019\/12\/Acoutorier-5-min-768x432.jpg 768w, https:\/\/agora.xtec.cat\/escferraniclua\/wp-content\/uploads\/usu1879\/2019\/12\/Acoutorier-5-min-1024x576.jpg 1024w\" sizes=\"auto, (max-width: 300px) 100vw, 300px\" \/><\/a> <a href=\"https:\/\/agora.xtec.cat\/escferraniclua\/wp-content\/uploads\/usu1879\/2019\/12\/Circuit-min.jpg\"><img loading=\"lazy\" decoding=\"async\" class=\"alignright size-medium wp-image-1405\" src=\"https:\/\/agora.xtec.cat\/escferraniclua\/wp-content\/uploads\/usu1879\/2019\/12\/Circuit-min-300x169.jpg\" alt=\"\" width=\"300\" height=\"169\" srcset=\"https:\/\/agora.xtec.cat\/escferraniclua\/wp-content\/uploads\/usu1879\/2019\/12\/Circuit-min-300x169.jpg 300w, https:\/\/agora.xtec.cat\/escferraniclua\/wp-content\/uploads\/usu1879\/2019\/12\/Circuit-min-768x432.jpg 768w, https:\/\/agora.xtec.cat\/escferraniclua\/wp-content\/uploads\/usu1879\/2019\/12\/Circuit-min-1024x576.jpg 1024w\" sizes=\"auto, (max-width: 300px) 100vw, 300px\" \/><\/a><\/p>\n<p>&nbsp;<\/p>\n<p>&nbsp;<\/p>\n","protected":false},"excerpt":{"rendered":"<p>Psicomotricitat a Educaci\u00f3 Infantil &#8211; curs 2019\/2020<br \/>\nA l\u2019escola les m\u00e9s petites i els m\u00e9s petits compten amb dos espais on realitzar la psicomotricitat: una aula espec\u00edfica preparada i equipada i el poliesportiu!<br \/>\nTreballem a partir del m\u00e8tode de Pr\u00e0ctica Psicomotriu Acoutorier, el qual permet construir un&hellip;  <a href=\"https:\/\/agora.xtec.cat\/escferraniclua\/blocs\/educacio-infantil\/\" title=\"Read Educaci\u00f3 Infantil\">Llegeix m\u00e9s\u00bb<\/a><\/p>\n","protected":false},"author":1,"featured_media":0,"parent":510,"menu_order":0,"comment_status":"closed","ping_status":"closed","template":"page-templates\/side-menu.php","meta":{"_bbp_topic_count":0,"_bbp_reply_count":0,"_bbp_total_topic_count":0,"_bbp_total_reply_count":0,"_bbp_voice_count":0,"_bbp_anonymous_reply_count":0,"_bbp_topic_count_hidden":0,"_bbp_reply_count_hidden":0,"_bbp_forum_subforum_count":0,"footnotes":""},"class_list":["post-1361","page","type-page","status-publish","hentry"],"post_mailing_queue_ids":[],"_links":{"self":[{"href":"https:\/\/agora.xtec.cat\/escferraniclua\/wp-json\/wp\/v2\/pages\/1361","targetHints":{"allow":["GET"]}}],"collection":[{"href":"https:\/\/agora.xtec.cat\/escferraniclua\/wp-json\/wp\/v2\/pages"}],"about":[{"href":"https:\/\/agora.xtec.cat\/escferraniclua\/wp-json\/wp\/v2\/types\/page"}],"author":[{"embeddable":true,"href":"https:\/\/agora.xtec.cat\/escferraniclua\/wp-json\/wp\/v2\/users\/1"}],"replies":[{"embeddable":true,"href":"https:\/\/agora.xtec.cat\/escferraniclua\/wp-json\/wp\/v2\/comments?post=1361"}],"version-history":[{"count":3,"href":"https:\/\/agora.xtec.cat\/escferraniclua\/wp-json\/wp\/v2\/pages\/1361\/revisions"}],"predecessor-version":[{"id":1406,"href":"https:\/\/agora.xtec.cat\/escferraniclua\/wp-json\/wp\/v2\/pages\/1361\/revisions\/1406"}],"up":[{"embeddable":true,"href":"https:\/\/agora.xtec.cat\/escferraniclua\/wp-json\/wp\/v2\/pages\/510"}],"wp:attachment":[{"href":"https:\/\/agora.xtec.cat\/escferraniclua\/wp-json\/wp\/v2\/media?parent=1361"}],"curies":[{"name":"wp","href":"https:\/\/api.w.org\/{rel}","templated":true}]}}