{"id":19007,"date":"2025-11-05T15:29:51","date_gmt":"2025-11-05T14:29:51","guid":{"rendered":"https:\/\/agora.xtec.cat\/escfaust\/?page_id=19007"},"modified":"2026-01-27T13:50:05","modified_gmt":"2026-01-27T12:50:05","slug":"revischool","status":"publish","type":"page","link":"https:\/\/agora.xtec.cat\/escfaust\/projectes\/revischool\/","title":{"rendered":"Revischool"},"content":{"rendered":"\n<p>En els seg\u00fcents enlla\u00e7os podr\u00e0s veure la revista anual de la nostra escola.<\/p>\n\n\n\n<ul class=\"wp-block-list\">\n<li><a href=\"https:\/\/view.genially.com\/5ed4d9f6a230970d291d8ed0\/social-vertical-post-revischool-1920\" target=\"_blank\" rel=\"noreferrer noopener\">2019-2020<\/a><\/li>\n\n\n\n<li><a href=\"https:\/\/view.genially.com\/60b0bf4b40b4c20da5cb0c59\/social-vertical-post-revischool-2021\" target=\"_blank\" rel=\"noreferrer noopener\">2020-2021<\/a><\/li>\n\n\n\n<li><a href=\"https:\/\/view.genially.com\/62a1ad0e1bf23a00110f2ece\/social-vertical-post-revischool-2122\" target=\"_blank\" rel=\"noreferrer noopener\">2021-2022<\/a><\/li>\n\n\n\n<li><a href=\"https:\/\/view.genially.com\/6464ae1defad390011121524\/social-vertical-post-revischool-2223\" target=\"_blank\" rel=\"noreferrer noopener\">2022-2023<\/a><\/li>\n\n\n\n<li><a href=\"https:\/\/www.canva.com\/design\/DAGFTXzkR3s\/IRrCe0nFruAqyePBsEhKvw\/edit?utm_content=DAGFTXzkR3s&amp;utm_campaign=designshare&amp;utm_medium=link2&amp;utm_source=sharebutton\" target=\"_blank\" rel=\"noreferrer noopener\">2023-2024<\/a><\/li>\n\n\n\n<li><a href=\"https:\/\/www.canva.com\/design\/DAGovhRRKwk\/W426f_BjGvgh4ieyflvgNg\/view?utm_content=DAGovhRRKwk&amp;utm_campaign=designshare&amp;utm_medium=link2&amp;utm_source=uniquelinks&amp;utlId=h41a0638a00\" target=\"_blank\" rel=\"noreferrer noopener\">2024-2025<\/a><\/li>\n<\/ul>\n","protected":false},"excerpt":{"rendered":"<p>En els seg\u00fcents enlla\u00e7os podr\u00e0s veure la revista anual de la nostra escola.<\/p>\n","protected":false},"author":1,"featured_media":0,"parent":18736,"menu_order":0,"comment_status":"closed","ping_status":"close","template":"","meta":{"_bbp_topic_count":0,"_bbp_reply_count":0,"_bbp_total_topic_count":0,"_bbp_total_reply_count":0,"_bbp_voice_count":0,"_bbp_anonymous_reply_count":0,"_bbp_topic_count_hidden":0,"_bbp_reply_count_hidden":0,"_bbp_forum_subforum_count":0,"site-sidebar-layout":"default","site-content-layout":"","ast-site-content-layout":"default","site-content-style":"default","site-sidebar-style":"default","ast-global-header-display":"","ast-banner-title-visibility":"","ast-main-header-display":"","ast-hfb-above-header-display":"","ast-hfb-below-header-display":"","ast-hfb-mobile-header-display":"","site-post-title":"","ast-breadcrumbs-content":"","ast-featured-img":"","footer-sml-layout":"","theme-transparent-header-meta":"","adv-header-id-meta":"","stick-header-meta":"","header-above-stick-meta":"","header-main-stick-meta":"","header-below-stick-meta":"","astra-migrate-meta-layouts":"set","ast-page-background-enabled":"default","ast-page-background-meta":{"desktop":{"background-color":"var(--ast-global-color-4)","background-image":"","background-repeat":"repeat","background-position":"center center","background-size":"auto","background-attachment":"scroll","background-type":"","background-media":"","overlay-type":"","overlay-color":"","overlay-opacity":"","overlay-gradient":""},"tablet":{"background-color":"","background-image":"","background-repeat":"repeat","background-position":"center center","background-size":"auto","background-attachment":"scroll","background-type":"","background-media":"","overlay-type":"","overlay-color":"","overlay-opacity":"","overlay-gradient":""},"mobile":{"background-color":"","background-image":"","background-repeat":"repeat","background-position":"center center","background-size":"auto","background-attachment":"scroll","background-type":"","background-media":"","overlay-type":"","overlay-color":"","overlay-opacity":"","overlay-gradient":""}},"ast-content-background-meta":{"desktop":{"background-color":"var(--ast-global-color-5)","background-image":"","background-repeat":"repeat","background-position":"center center","background-size":"auto","background-attachment":"scroll","background-type":"","background-media":"","overlay-type":"","overlay-color":"","overlay-opacity":"","overlay-gradient":""},"tablet":{"background-color":"var(--ast-global-color-5)","background-image":"","background-repeat":"repeat","background-position":"center center","background-size":"auto","background-attachment":"scroll","background-type":"","background-media":"","overlay-type":"","overlay-color":"","overlay-opacity":"","overlay-gradient":""},"mobile":{"background-color":"var(--ast-global-color-5)","background-image":"","background-repeat":"repeat","background-position":"center center","background-size":"auto","background-attachment":"scroll","background-type":"","background-media":"","overlay-type":"","overlay-color":"","overlay-opacity":"","overlay-gradient":""}},"footnotes":""},"class_list":["post-19007","page","type-page","status-publish","hentry"],"post_mailing_queue_ids":[],"_links":{"self":[{"href":"https:\/\/agora.xtec.cat\/escfaust\/wp-json\/wp\/v2\/pages\/19007","targetHints":{"allow":["GET"]}}],"collection":[{"href":"https:\/\/agora.xtec.cat\/escfaust\/wp-json\/wp\/v2\/pages"}],"about":[{"href":"https:\/\/agora.xtec.cat\/escfaust\/wp-json\/wp\/v2\/types\/page"}],"author":[{"embeddable":true,"href":"https:\/\/agora.xtec.cat\/escfaust\/wp-json\/wp\/v2\/users\/1"}],"replies":[{"embeddable":true,"href":"https:\/\/agora.xtec.cat\/escfaust\/wp-json\/wp\/v2\/comments?post=19007"}],"version-history":[{"count":5,"href":"https:\/\/agora.xtec.cat\/escfaust\/wp-json\/wp\/v2\/pages\/19007\/revisions"}],"predecessor-version":[{"id":19088,"href":"https:\/\/agora.xtec.cat\/escfaust\/wp-json\/wp\/v2\/pages\/19007\/revisions\/19088"}],"up":[{"embeddable":true,"href":"https:\/\/agora.xtec.cat\/escfaust\/wp-json\/wp\/v2\/pages\/18736"}],"wp:attachment":[{"href":"https:\/\/agora.xtec.cat\/escfaust\/wp-json\/wp\/v2\/media?parent=19007"}],"curies":[{"name":"wp","href":"https:\/\/api.w.org\/{rel}","templated":true}]}}