{"id":18916,"date":"2025-10-29T00:00:31","date_gmt":"2025-10-28T23:00:31","guid":{"rendered":"https:\/\/agora.xtec.cat\/escfaust\/?page_id=18916"},"modified":"2026-02-10T14:49:56","modified_gmt":"2026-02-10T13:49:56","slug":"portesobertes","status":"publish","type":"page","link":"https:\/\/agora.xtec.cat\/escfaust\/escola\/preinscripcio\/portesobertes\/","title":{"rendered":"Portes obertes"},"content":{"rendered":"\n<figure class=\"wp-block-image aligncenter size-large\"><a href=\"https:\/\/agora.xtec.cat\/escfaust\/wp-content\/uploads\/usu1651\/2026\/02\/Portes-obertes.jpg\"><img loading=\"lazy\" decoding=\"async\" width=\"768\" height=\"1024\" src=\"https:\/\/agora.xtec.cat\/escfaust\/wp-content\/uploads\/usu1651\/2026\/02\/Portes-obertes-768x1024.jpg\" alt=\"\" class=\"wp-image-19131\" srcset=\"https:\/\/agora.xtec.cat\/escfaust\/wp-content\/uploads\/usu1651\/2026\/02\/Portes-obertes-768x1024.jpg 768w, https:\/\/agora.xtec.cat\/escfaust\/wp-content\/uploads\/usu1651\/2026\/02\/Portes-obertes-225x300.jpg 225w, https:\/\/agora.xtec.cat\/escfaust\/wp-content\/uploads\/usu1651\/2026\/02\/Portes-obertes-1152x1536.jpg 1152w, https:\/\/agora.xtec.cat\/escfaust\/wp-content\/uploads\/usu1651\/2026\/02\/Portes-obertes.jpg 1215w\" sizes=\"auto, (max-width: 768px) 100vw, 768px\" \/><\/a><\/figure>\n\n\n\n<div class=\"wp-block-columns is-layout-flex wp-container-core-columns-is-layout-1 wp-block-columns-is-layout-flex\">\n<div class=\"wp-block-column is-layout-flow wp-block-column-is-layout-flow\" style=\"flex-basis:33.33%\">\n<div class=\"wp-block-getwid-icon-box has-text-center\"><div class=\"wp-block-getwid-icon-box__icon-container is-position-top\"><div class=\"wp-block-getwid-icon-box__icon-wrapper\"><i class=\"far fa-file-video\"><\/i><\/div><\/div><div class=\"wp-block-getwid-icon-box__content\">\n<h3 class=\"wp-block-heading\">V\u00eddeo<\/h3>\n<\/div><\/div>\n\n\n\n<p class=\"has-text-align-center\" style=\"margin-right:var(--wp--preset--spacing--40);margin-left:var(--wp--preset--spacing--40)\">Vols veure com \u00e9s i qu\u00e8 fem en la nostra escola? Mira&#8217;l <strong><a href=\"https:\/\/drive.google.com\/file\/d\/1vJoy7f1QXhuI0XNyjTbOxvmFoETTJsiw\/view?usp=sharing\" target=\"_blank\" rel=\"noreferrer noopener\">aqu\u00ed<\/a><\/strong>.<\/p>\n<\/div>\n\n\n\n<div class=\"wp-block-column is-layout-flow wp-block-column-is-layout-flow\" style=\"flex-basis:33.33%\">\n<div class=\"wp-block-getwid-icon-box has-text-center\"><div class=\"wp-block-getwid-icon-box__icon-container is-position-top\"><div class=\"wp-block-getwid-icon-box__icon-wrapper\"><i class=\"far fa-comments\"><\/i><\/div><\/div><div class=\"wp-block-getwid-icon-box__content\">\n<h3 class=\"wp-block-heading\">No pots venir?<\/h3>\n\n\n\n<p style=\"margin-top:0;margin-right:var(--wp--preset--spacing--40);margin-bottom:0;margin-left:var(--wp--preset--spacing--40)\">Cap problema, <a href=\"https:\/\/forms.gle\/7tVMyWFLG9cZZAvY6\" target=\"_blank\" rel=\"noreferrer noopener\"><strong>omple el formulari<\/strong><\/a> o  <strong><a href=\"tel:972336766\">truca&#8217;ns<\/a><\/strong> i concertarem una cita.<\/p>\n<\/div><\/div>\n<\/div>\n<\/div>\n\n\n\n<p><\/p>\n","protected":false},"excerpt":{"rendered":"<p>Vols veure com \u00e9s i qu\u00e8 fem en la nostra escola? Mira&#8217;l aqu\u00ed.<\/p>\n","protected":false},"author":1,"featured_media":0,"parent":18887,"menu_order":0,"comment_status":"closed","ping_status":"close","template":"","meta":{"_bbp_topic_count":0,"_bbp_reply_count":0,"_bbp_total_topic_count":0,"_bbp_total_reply_count":0,"_bbp_voice_count":0,"_bbp_anonymous_reply_count":0,"_bbp_topic_count_hidden":0,"_bbp_reply_count_hidden":0,"_bbp_forum_subforum_count":0,"site-sidebar-layout":"default","site-content-layout":"","ast-site-content-layout":"default","site-content-style":"default","site-sidebar-style":"default","ast-global-header-display":"","ast-banner-title-visibility":"","ast-main-header-display":"","ast-hfb-above-header-display":"","ast-hfb-below-header-display":"","ast-hfb-mobile-header-display":"","site-post-title":"disabled","ast-breadcrumbs-content":"","ast-featured-img":"","footer-sml-layout":"","theme-transparent-header-meta":"","adv-header-id-meta":"","stick-header-meta":"","header-above-stick-meta":"","header-main-stick-meta":"","header-below-stick-meta":"","astra-migrate-meta-layouts":"set","ast-page-background-enabled":"default","ast-page-background-meta":{"desktop":{"background-color":"var(--ast-global-color-4)","background-image":"","background-repeat":"repeat","background-position":"center center","background-size":"auto","background-attachment":"scroll","background-type":"","background-media":"","overlay-type":"","overlay-color":"","overlay-opacity":"","overlay-gradient":""},"tablet":{"background-color":"","background-image":"","background-repeat":"repeat","background-position":"center center","background-size":"auto","background-attachment":"scroll","background-type":"","background-media":"","overlay-type":"","overlay-color":"","overlay-opacity":"","overlay-gradient":""},"mobile":{"background-color":"","background-image":"","background-repeat":"repeat","background-position":"center center","background-size":"auto","background-attachment":"scroll","background-type":"","background-media":"","overlay-type":"","overlay-color":"","overlay-opacity":"","overlay-gradient":""}},"ast-content-background-meta":{"desktop":{"background-color":"var(--ast-global-color-5)","background-image":"","background-repeat":"repeat","background-position":"center center","background-size":"auto","background-attachment":"scroll","background-type":"","background-media":"","overlay-type":"","overlay-color":"","overlay-opacity":"","overlay-gradient":""},"tablet":{"background-color":"var(--ast-global-color-5)","background-image":"","background-repeat":"repeat","background-position":"center center","background-size":"auto","background-attachment":"scroll","background-type":"","background-media":"","overlay-type":"","overlay-color":"","overlay-opacity":"","overlay-gradient":""},"mobile":{"background-color":"var(--ast-global-color-5)","background-image":"","background-repeat":"repeat","background-position":"center center","background-size":"auto","background-attachment":"scroll","background-type":"","background-media":"","overlay-type":"","overlay-color":"","overlay-opacity":"","overlay-gradient":""}},"footnotes":""},"class_list":["post-18916","page","type-page","status-publish","hentry"],"post_mailing_queue_ids":[],"_links":{"self":[{"href":"https:\/\/agora.xtec.cat\/escfaust\/wp-json\/wp\/v2\/pages\/18916","targetHints":{"allow":["GET"]}}],"collection":[{"href":"https:\/\/agora.xtec.cat\/escfaust\/wp-json\/wp\/v2\/pages"}],"about":[{"href":"https:\/\/agora.xtec.cat\/escfaust\/wp-json\/wp\/v2\/types\/page"}],"author":[{"embeddable":true,"href":"https:\/\/agora.xtec.cat\/escfaust\/wp-json\/wp\/v2\/users\/1"}],"replies":[{"embeddable":true,"href":"https:\/\/agora.xtec.cat\/escfaust\/wp-json\/wp\/v2\/comments?post=18916"}],"version-history":[{"count":6,"href":"https:\/\/agora.xtec.cat\/escfaust\/wp-json\/wp\/v2\/pages\/18916\/revisions"}],"predecessor-version":[{"id":19136,"href":"https:\/\/agora.xtec.cat\/escfaust\/wp-json\/wp\/v2\/pages\/18916\/revisions\/19136"}],"up":[{"embeddable":true,"href":"https:\/\/agora.xtec.cat\/escfaust\/wp-json\/wp\/v2\/pages\/18887"}],"wp:attachment":[{"href":"https:\/\/agora.xtec.cat\/escfaust\/wp-json\/wp\/v2\/media?parent=18916"}],"curies":[{"name":"wp","href":"https:\/\/api.w.org\/{rel}","templated":true}]}}