{"id":18791,"date":"2025-10-22T13:21:55","date_gmt":"2025-10-22T11:21:55","guid":{"rendered":"https:\/\/agora.xtec.cat\/escfaust\/?page_id=18791"},"modified":"2026-04-14T13:24:29","modified_gmt":"2026-04-14T11:24:29","slug":"classdojo","status":"publish","type":"page","link":"https:\/\/agora.xtec.cat\/escfaust\/serveis\/classdojo\/","title":{"rendered":"ClassDojo"},"content":{"rendered":"\n<div class=\"wp-block-media-text is-stacked-on-mobile\" style=\"grid-template-columns:25% auto\"><figure class=\"wp-block-media-text__media\"><img loading=\"lazy\" decoding=\"async\" width=\"1024\" height=\"806\" src=\"https:\/\/agora.xtec.cat\/escfaust\/wp-content\/uploads\/usu1651\/2026\/04\/classdojo-1024x806.png\" alt=\"\" class=\"wp-image-19215 size-full\" srcset=\"https:\/\/agora.xtec.cat\/escfaust\/wp-content\/uploads\/usu1651\/2026\/04\/classdojo-1024x806.png 1024w, https:\/\/agora.xtec.cat\/escfaust\/wp-content\/uploads\/usu1651\/2026\/04\/classdojo-300x236.png 300w, https:\/\/agora.xtec.cat\/escfaust\/wp-content\/uploads\/usu1651\/2026\/04\/classdojo-768x605.png 768w, https:\/\/agora.xtec.cat\/escfaust\/wp-content\/uploads\/usu1651\/2026\/04\/classdojo-1536x1209.png 1536w, https:\/\/agora.xtec.cat\/escfaust\/wp-content\/uploads\/usu1651\/2026\/04\/classdojo-2048x1612.png 2048w\" sizes=\"auto, (max-width: 1024px) 100vw, 1024px\" \/><\/figure><div class=\"wp-block-media-text__content\">\n<p>La nostra escola utilitza l&#8217;aplicaci\u00f3 <a href=\"https:\/\/www.classdojo.com\/ca-es\/\" target=\"_blank\" rel=\"noreferrer noopener\">ClassDojo<\/a> per comunicar-se amb les fam\u00edlies. \u00c9s apta per a m\u00f2bils i pot traduir els missatges a m\u00e9s de 130 idiomes a l&#8217;instant. Es pot descarregar a:<\/p>\n\n\n\n<div class=\"wp-block-columns is-layout-flex wp-container-core-columns-is-layout-1 wp-block-columns-is-layout-flex\">\n<div class=\"wp-block-column is-layout-flow wp-block-column-is-layout-flow\">\n<div class=\"wp-block-getwid-icon-box has-text-center\"><div class=\"wp-block-getwid-icon-box__icon-container is-position-top\"><div class=\"wp-block-getwid-icon-box__icon-wrapper\"><i class=\"fab fa-apple\"><\/i><\/div><\/div><div class=\"wp-block-getwid-icon-box__content\">\n<h6 class=\"wp-block-heading has-black-color has-text-color has-link-color wp-elements-eb931d86ce1447e992d85dc3373197e4\"><a href=\"https:\/\/itunes.apple.com\/us\/app\/classdojo\/id552602056?mt=8\" target=\"_blank\" rel=\"noreferrer noopener\">App Store<\/a><\/h6>\n<\/div><\/div>\n<\/div>\n\n\n\n<div class=\"wp-block-column is-layout-flow wp-block-column-is-layout-flow\">\n<div class=\"wp-block-getwid-icon-box has-text-center\"><div class=\"wp-block-getwid-icon-box__icon-container is-position-top\"><div class=\"wp-block-getwid-icon-box__icon-wrapper\"><i class=\"fab fa-google-play\"><\/i><\/div><\/div><div class=\"wp-block-getwid-icon-box__content\">\n<h6 class=\"wp-block-heading has-black-color has-text-color has-link-color wp-elements-0fbb57c4028b4705ed011196ec871263\"><a href=\"https:\/\/play.google.com\/store\/apps\/details?id=com.classdojo.android\" target=\"_blank\" rel=\"noreferrer noopener\">Google Play<\/a><\/h6>\n<\/div><\/div>\n<\/div>\n<\/div>\n<\/div><\/div>\n","protected":false},"excerpt":{"rendered":"","protected":false},"author":1,"featured_media":0,"parent":18742,"menu_order":0,"comment_status":"closed","ping_status":"close","template":"","meta":{"_bbp_topic_count":0,"_bbp_reply_count":0,"_bbp_total_topic_count":0,"_bbp_total_reply_count":0,"_bbp_voice_count":0,"_bbp_anonymous_reply_count":0,"_bbp_topic_count_hidden":0,"_bbp_reply_count_hidden":0,"_bbp_forum_subforum_count":0,"site-sidebar-layout":"default","site-content-layout":"","ast-site-content-layout":"default","site-content-style":"default","site-sidebar-style":"default","ast-global-header-display":"","ast-banner-title-visibility":"","ast-main-header-display":"","ast-hfb-above-header-display":"","ast-hfb-below-header-display":"","ast-hfb-mobile-header-display":"","site-post-title":"","ast-breadcrumbs-content":"","ast-featured-img":"","footer-sml-layout":"","theme-transparent-header-meta":"","adv-header-id-meta":"","stick-header-meta":"","header-above-stick-meta":"","header-main-stick-meta":"","header-below-stick-meta":"","astra-migrate-meta-layouts":"set","ast-page-background-enabled":"default","ast-page-background-meta":{"desktop":{"background-color":"var(--ast-global-color-4)","background-image":"","background-repeat":"repeat","background-position":"center center","background-size":"auto","background-attachment":"scroll","background-type":"","background-media":"","overlay-type":"","overlay-color":"","overlay-opacity":"","overlay-gradient":""},"tablet":{"background-color":"","background-image":"","background-repeat":"repeat","background-position":"center center","background-size":"auto","background-attachment":"scroll","background-type":"","background-media":"","overlay-type":"","overlay-color":"","overlay-opacity":"","overlay-gradient":""},"mobile":{"background-color":"","background-image":"","background-repeat":"repeat","background-position":"center center","background-size":"auto","background-attachment":"scroll","background-type":"","background-media":"","overlay-type":"","overlay-color":"","overlay-opacity":"","overlay-gradient":""}},"ast-content-background-meta":{"desktop":{"background-color":"var(--ast-global-color-5)","background-image":"","background-repeat":"repeat","background-position":"center center","background-size":"auto","background-attachment":"scroll","background-type":"","background-media":"","overlay-type":"","overlay-color":"","overlay-opacity":"","overlay-gradient":""},"tablet":{"background-color":"var(--ast-global-color-5)","background-image":"","background-repeat":"repeat","background-position":"center center","background-size":"auto","background-attachment":"scroll","background-type":"","background-media":"","overlay-type":"","overlay-color":"","overlay-opacity":"","overlay-gradient":""},"mobile":{"background-color":"var(--ast-global-color-5)","background-image":"","background-repeat":"repeat","background-position":"center center","background-size":"auto","background-attachment":"scroll","background-type":"","background-media":"","overlay-type":"","overlay-color":"","overlay-opacity":"","overlay-gradient":""}},"footnotes":""},"class_list":["post-18791","page","type-page","status-publish","hentry"],"post_mailing_queue_ids":[],"_links":{"self":[{"href":"https:\/\/agora.xtec.cat\/escfaust\/wp-json\/wp\/v2\/pages\/18791","targetHints":{"allow":["GET"]}}],"collection":[{"href":"https:\/\/agora.xtec.cat\/escfaust\/wp-json\/wp\/v2\/pages"}],"about":[{"href":"https:\/\/agora.xtec.cat\/escfaust\/wp-json\/wp\/v2\/types\/page"}],"author":[{"embeddable":true,"href":"https:\/\/agora.xtec.cat\/escfaust\/wp-json\/wp\/v2\/users\/1"}],"replies":[{"embeddable":true,"href":"https:\/\/agora.xtec.cat\/escfaust\/wp-json\/wp\/v2\/comments?post=18791"}],"version-history":[{"count":6,"href":"https:\/\/agora.xtec.cat\/escfaust\/wp-json\/wp\/v2\/pages\/18791\/revisions"}],"predecessor-version":[{"id":19219,"href":"https:\/\/agora.xtec.cat\/escfaust\/wp-json\/wp\/v2\/pages\/18791\/revisions\/19219"}],"up":[{"embeddable":true,"href":"https:\/\/agora.xtec.cat\/escfaust\/wp-json\/wp\/v2\/pages\/18742"}],"wp:attachment":[{"href":"https:\/\/agora.xtec.cat\/escfaust\/wp-json\/wp\/v2\/media?parent=18791"}],"curies":[{"name":"wp","href":"https:\/\/api.w.org\/{rel}","templated":true}]}}