{"id":18782,"date":"2025-10-22T13:20:05","date_gmt":"2025-10-22T11:20:05","guid":{"rendered":"https:\/\/agora.xtec.cat\/escfaust\/?page_id=18782"},"modified":"2026-04-14T13:21:18","modified_gmt":"2026-04-14T11:21:18","slug":"afa","status":"publish","type":"page","link":"https:\/\/agora.xtec.cat\/escfaust\/serveis\/afa\/","title":{"rendered":"AFA"},"content":{"rendered":"\n<div class=\"wp-block-media-text is-stacked-on-mobile\"><figure class=\"wp-block-media-text__media\"><img loading=\"lazy\" decoding=\"async\" width=\"1024\" height=\"724\" src=\"https:\/\/agora.xtec.cat\/escfaust\/wp-content\/uploads\/usu1651\/2026\/04\/Calaix-casa-1024x724.png\" alt=\"\" class=\"wp-image-19213 size-full\" srcset=\"https:\/\/agora.xtec.cat\/escfaust\/wp-content\/uploads\/usu1651\/2026\/04\/Calaix-casa-1024x724.png 1024w, https:\/\/agora.xtec.cat\/escfaust\/wp-content\/uploads\/usu1651\/2026\/04\/Calaix-casa-300x212.png 300w, https:\/\/agora.xtec.cat\/escfaust\/wp-content\/uploads\/usu1651\/2026\/04\/Calaix-casa-768x543.png 768w, https:\/\/agora.xtec.cat\/escfaust\/wp-content\/uploads\/usu1651\/2026\/04\/Calaix-casa-1536x1086.png 1536w, https:\/\/agora.xtec.cat\/escfaust\/wp-content\/uploads\/usu1651\/2026\/04\/Calaix-casa.png 2000w\" sizes=\"auto, (max-width: 1024px) 100vw, 1024px\" \/><\/figure><div class=\"wp-block-media-text__content\">\n<p>L\u2019Associaci\u00f3 de Fam\u00edlies d\u2019Alumnes \u00e9s la forma m\u00e9s efectiva que tenen totes les fam\u00edlies d\u2019agrupar-se i organitzar-se dins del centre escolar. Al llarg d\u2019aquests anys han dut a terme diferents activitats destinades a millorar el dia a dia de l&#8217;escola i de les fam\u00edlies, aix\u00ed com han fet inversions econ\u00f2miques per millorar o ampliar el material d\u2019aula o les instal\u00b7lacions de l\u2019escola.<br>Algunes de les seves funcions son:<\/p>\n\n\n\n<ul class=\"wp-block-list\">\n<li>Afavorir la relaci\u00f3 i coordinaci\u00f3 entre les fam\u00edlies i la comunitat educativa.<\/li>\n\n\n\n<li>Ser la veu dels pares i mares davant de les administracions p\u00fabliques.<\/li>\n\n\n\n<li>Treballar per millorar la participaci\u00f3 i el comprom\u00eds dels pares, fills i de la societat en general i de l\u2019educativa en particular.<\/li>\n\n\n\n<li>Organitzar les activitats extraescolars i el servei de perman\u00e8ncies fora de l\u2019horari escolar.<\/li>\n\n\n\n<li>Organitzar activitats soci-culturals (festes,&nbsp; fons per la biblioteca\u2026) que afavoreixin l\u2019educaci\u00f3 dels nostres infants i facilitin el coneixement i la relaci\u00f3 entre les fam\u00edlies.<\/li>\n\n\n\n<li>Recaptaci\u00f3 de fons com a suport econ\u00f2mic complementari al propi centre escolar. Fent aportacions addicionals per afavorir l\u2019educaci\u00f3 integral de l\u2019alumnat. Tamb\u00e9 proposant i executant&nbsp; accions per recaptar fons, tant de les fam\u00edlies, ja siguin associades o no, com d\u2019organismes externs.<\/li>\n<\/ul>\n\n\n\n<p>Organitzativament, est\u00e0 formada per la Laura D\u2019Aprile (presidenta), l&#8217;Osleidy G\u00f3ngora (tresorera) i la Maria Anabel Dom\u00ednguez (secret\u00e0ria). Est\u00e0 associada a l&#8217;<a href=\"https:\/\/affac.cat\" target=\"_blank\" rel=\"noreferrer noopener\">aFFaC<\/a> (ofereix l\u2019asseguran\u00e7a de responsabilitat civil) i \u00e9s membre de BLAPAS (Associaci\u00f3 AFA\u2019s de Blanes).<\/p>\n\n\n\n<div class=\"wp-block-getwid-icon-box has-text-center\"><div class=\"wp-block-getwid-icon-box__icon-container is-position-top\"><a href=\"mailto:afa@carlesfaust.com\" target=\"_blank\" rel=\"noreferrer noopener\" class=\"wp-block-getwid-icon-box__icon-wrapper has-text-color has-ast-global-color-6-color\"><i class=\"far fa-envelope\"><\/i><\/a><\/div><div class=\"wp-block-getwid-icon-box__content\">\n<h6 class=\"wp-block-heading has-black-color has-text-color has-link-color wp-elements-e3f8b2bcceb66fd43d26775d965ad6a2\"><a href=\"mailto:afa@carlesfaust.com\">afa@carlesfaust.com<\/a><\/h6>\n<\/div><\/div>\n<\/div><\/div>\n","protected":false},"excerpt":{"rendered":"","protected":false},"author":1,"featured_media":0,"parent":18742,"menu_order":0,"comment_status":"closed","ping_status":"closed","template":"","meta":{"_bbp_topic_count":0,"_bbp_reply_count":0,"_bbp_total_topic_count":0,"_bbp_total_reply_count":0,"_bbp_voice_count":0,"_bbp_anonymous_reply_count":0,"_bbp_topic_count_hidden":0,"_bbp_reply_count_hidden":0,"_bbp_forum_subforum_count":0,"site-sidebar-layout":"default","site-content-layout":"","ast-site-content-layout":"default","site-content-style":"default","site-sidebar-style":"default","ast-global-header-display":"","ast-banner-title-visibility":"","ast-main-header-display":"","ast-hfb-above-header-display":"","ast-hfb-below-header-display":"","ast-hfb-mobile-header-display":"","site-post-title":"","ast-breadcrumbs-content":"","ast-featured-img":"","footer-sml-layout":"","theme-transparent-header-meta":"","adv-header-id-meta":"","stick-header-meta":"","header-above-stick-meta":"","header-main-stick-meta":"","header-below-stick-meta":"","astra-migrate-meta-layouts":"set","ast-page-background-enabled":"default","ast-page-background-meta":{"desktop":{"background-color":"var(--ast-global-color-4)","background-image":"","background-repeat":"repeat","background-position":"center center","background-size":"auto","background-attachment":"scroll","background-type":"","background-media":"","overlay-type":"","overlay-color":"","overlay-opacity":"","overlay-gradient":""},"tablet":{"background-color":"","background-image":"","background-repeat":"repeat","background-position":"center center","background-size":"auto","background-attachment":"scroll","background-type":"","background-media":"","overlay-type":"","overlay-color":"","overlay-opacity":"","overlay-gradient":""},"mobile":{"background-color":"","background-image":"","background-repeat":"repeat","background-position":"center center","background-size":"auto","background-attachment":"scroll","background-type":"","background-media":"","overlay-type":"","overlay-color":"","overlay-opacity":"","overlay-gradient":""}},"ast-content-background-meta":{"desktop":{"background-color":"var(--ast-global-color-5)","background-image":"","background-repeat":"repeat","background-position":"center center","background-size":"auto","background-attachment":"scroll","background-type":"","background-media":"","overlay-type":"","overlay-color":"","overlay-opacity":"","overlay-gradient":""},"tablet":{"background-color":"var(--ast-global-color-5)","background-image":"","background-repeat":"repeat","background-position":"center center","background-size":"auto","background-attachment":"scroll","background-type":"","background-media":"","overlay-type":"","overlay-color":"","overlay-opacity":"","overlay-gradient":""},"mobile":{"background-color":"var(--ast-global-color-5)","background-image":"","background-repeat":"repeat","background-position":"center center","background-size":"auto","background-attachment":"scroll","background-type":"","background-media":"","overlay-type":"","overlay-color":"","overlay-opacity":"","overlay-gradient":""}},"footnotes":""},"class_list":["post-18782","page","type-page","status-publish","hentry"],"post_mailing_queue_ids":[],"_links":{"self":[{"href":"https:\/\/agora.xtec.cat\/escfaust\/wp-json\/wp\/v2\/pages\/18782","targetHints":{"allow":["GET"]}}],"collection":[{"href":"https:\/\/agora.xtec.cat\/escfaust\/wp-json\/wp\/v2\/pages"}],"about":[{"href":"https:\/\/agora.xtec.cat\/escfaust\/wp-json\/wp\/v2\/types\/page"}],"author":[{"embeddable":true,"href":"https:\/\/agora.xtec.cat\/escfaust\/wp-json\/wp\/v2\/users\/1"}],"replies":[{"embeddable":true,"href":"https:\/\/agora.xtec.cat\/escfaust\/wp-json\/wp\/v2\/comments?post=18782"}],"version-history":[{"count":6,"href":"https:\/\/agora.xtec.cat\/escfaust\/wp-json\/wp\/v2\/pages\/18782\/revisions"}],"predecessor-version":[{"id":19214,"href":"https:\/\/agora.xtec.cat\/escfaust\/wp-json\/wp\/v2\/pages\/18782\/revisions\/19214"}],"up":[{"embeddable":true,"href":"https:\/\/agora.xtec.cat\/escfaust\/wp-json\/wp\/v2\/pages\/18742"}],"wp:attachment":[{"href":"https:\/\/agora.xtec.cat\/escfaust\/wp-json\/wp\/v2\/media?parent=18782"}],"curies":[{"name":"wp","href":"https:\/\/api.w.org\/{rel}","templated":true}]}}