{"id":18780,"date":"2025-10-22T13:19:45","date_gmt":"2025-10-22T11:19:45","guid":{"rendered":"https:\/\/agora.xtec.cat\/escfaust\/?page_id=18780"},"modified":"2025-12-02T13:08:20","modified_gmt":"2025-12-02T12:08:20","slug":"menjador","status":"publish","type":"page","link":"https:\/\/agora.xtec.cat\/escfaust\/serveis\/menjador\/","title":{"rendered":"Menjador"},"content":{"rendered":"\n<div class=\"wp-block-media-text is-stacked-on-mobile\"><figure class=\"wp-block-media-text__media\"><\/figure><div class=\"wp-block-media-text__content\">\n<p>Al menjador de l\u2019escola oferim una alimentaci\u00f3 sana i equilibrada. Cada dia, els nens i nenes gaudeixen d\u2019un men\u00fa variat i de qualitat que inclou un primer plat, un segon plat i unes postres. El menjador no \u00e9s nom\u00e9s un lloc per dinar, sin\u00f3 una oportunitat per fomentar valors essencials com la conviv\u00e8ncia, el respecte i la responsabilitat i aprendre h\u00e0bits saludables. Els alumnes aprenen a parar taula, compartir el moment del menjar amb els companys creant un ambient agradable i dist\u00e8s. L\u2019horari  de menjador de l&#8217;escola \u00e9s de 12:30 a 15h. Aquest, \u00e9s gestionat pel <a href=\"https:\/\/educacio.selva.cat\/centre-detall.php?id=5\" target=\"_blank\" rel=\"noreferrer noopener\">Consell Comarcal de la Selva<\/a> i n&#8217;ofereix el servei l\u2019empresa <a href=\"https:\/\/cateringvilanova.com\/\" target=\"_blank\" rel=\"noreferrer noopener\">Vilanova<\/a>. <\/p>\n\n\n\n<div class=\"wp-block-getwid-icon-box has-text-center\"><div class=\"wp-block-getwid-icon-box__icon-container is-position-top\"><div class=\"wp-block-getwid-icon-box__icon-wrapper\"><i class=\"far fa-file-alt\"><\/i><\/div><\/div><div class=\"wp-block-getwid-icon-box__content\">\n<h6 class=\"wp-block-heading has-black-color has-text-color has-link-color wp-elements-01a4141b4c9b206b3693cc494e119db1\"><a href=\"https:\/\/drive.google.com\/file\/d\/1pXNN9tc_SErU80CP_dDwAkSpgBsl78sD\/view?usp=drive_link\" target=\"_blank\" rel=\"noreferrer noopener\">Pla de funcionament<\/a><\/h6>\n<\/div><\/div>\n<\/div><\/div>\n","protected":false},"excerpt":{"rendered":"","protected":false},"author":1,"featured_media":0,"parent":18742,"menu_order":0,"comment_status":"closed","ping_status":"close","template":"","meta":{"_bbp_topic_count":0,"_bbp_reply_count":0,"_bbp_total_topic_count":0,"_bbp_total_reply_count":0,"_bbp_voice_count":0,"_bbp_anonymous_reply_count":0,"_bbp_topic_count_hidden":0,"_bbp_reply_count_hidden":0,"_bbp_forum_subforum_count":0,"site-sidebar-layout":"default","site-content-layout":"","ast-site-content-layout":"default","site-content-style":"default","site-sidebar-style":"default","ast-global-header-display":"","ast-banner-title-visibility":"","ast-main-header-display":"","ast-hfb-above-header-display":"","ast-hfb-below-header-display":"","ast-hfb-mobile-header-display":"","site-post-title":"","ast-breadcrumbs-content":"","ast-featured-img":"","footer-sml-layout":"","theme-transparent-header-meta":"","adv-header-id-meta":"","stick-header-meta":"","header-above-stick-meta":"","header-main-stick-meta":"","header-below-stick-meta":"","astra-migrate-meta-layouts":"set","ast-page-background-enabled":"default","ast-page-background-meta":{"desktop":{"background-color":"var(--ast-global-color-4)","background-image":"","background-repeat":"repeat","background-position":"center center","background-size":"auto","background-attachment":"scroll","background-type":"","background-media":"","overlay-type":"","overlay-color":"","overlay-opacity":"","overlay-gradient":""},"tablet":{"background-color":"","background-image":"","background-repeat":"repeat","background-position":"center center","background-size":"auto","background-attachment":"scroll","background-type":"","background-media":"","overlay-type":"","overlay-color":"","overlay-opacity":"","overlay-gradient":""},"mobile":{"background-color":"","background-image":"","background-repeat":"repeat","background-position":"center center","background-size":"auto","background-attachment":"scroll","background-type":"","background-media":"","overlay-type":"","overlay-color":"","overlay-opacity":"","overlay-gradient":""}},"ast-content-background-meta":{"desktop":{"background-color":"var(--ast-global-color-5)","background-image":"","background-repeat":"repeat","background-position":"center center","background-size":"auto","background-attachment":"scroll","background-type":"","background-media":"","overlay-type":"","overlay-color":"","overlay-opacity":"","overlay-gradient":""},"tablet":{"background-color":"var(--ast-global-color-5)","background-image":"","background-repeat":"repeat","background-position":"center center","background-size":"auto","background-attachment":"scroll","background-type":"","background-media":"","overlay-type":"","overlay-color":"","overlay-opacity":"","overlay-gradient":""},"mobile":{"background-color":"var(--ast-global-color-5)","background-image":"","background-repeat":"repeat","background-position":"center center","background-size":"auto","background-attachment":"scroll","background-type":"","background-media":"","overlay-type":"","overlay-color":"","overlay-opacity":"","overlay-gradient":""}},"footnotes":""},"class_list":["post-18780","page","type-page","status-publish","hentry"],"post_mailing_queue_ids":[],"_links":{"self":[{"href":"https:\/\/agora.xtec.cat\/escfaust\/wp-json\/wp\/v2\/pages\/18780","targetHints":{"allow":["GET"]}}],"collection":[{"href":"https:\/\/agora.xtec.cat\/escfaust\/wp-json\/wp\/v2\/pages"}],"about":[{"href":"https:\/\/agora.xtec.cat\/escfaust\/wp-json\/wp\/v2\/types\/page"}],"author":[{"embeddable":true,"href":"https:\/\/agora.xtec.cat\/escfaust\/wp-json\/wp\/v2\/users\/1"}],"replies":[{"embeddable":true,"href":"https:\/\/agora.xtec.cat\/escfaust\/wp-json\/wp\/v2\/comments?post=18780"}],"version-history":[{"count":5,"href":"https:\/\/agora.xtec.cat\/escfaust\/wp-json\/wp\/v2\/pages\/18780\/revisions"}],"predecessor-version":[{"id":19060,"href":"https:\/\/agora.xtec.cat\/escfaust\/wp-json\/wp\/v2\/pages\/18780\/revisions\/19060"}],"up":[{"embeddable":true,"href":"https:\/\/agora.xtec.cat\/escfaust\/wp-json\/wp\/v2\/pages\/18742"}],"wp:attachment":[{"href":"https:\/\/agora.xtec.cat\/escfaust\/wp-json\/wp\/v2\/media?parent=18780"}],"curies":[{"name":"wp","href":"https:\/\/api.w.org\/{rel}","templated":true}]}}