{"id":925,"date":"2023-10-11T16:17:15","date_gmt":"2023-10-11T14:17:15","guid":{"rendered":"https:\/\/agora.xtec.cat\/escfabra\/?page_id=925"},"modified":"2025-03-24T12:06:27","modified_gmt":"2025-03-24T11:06:27","slug":"aprenem-junts","status":"publish","type":"page","link":"https:\/\/agora.xtec.cat\/escfabra\/aprenem-junts\/","title":{"rendered":"APRENEM JUNTS"},"content":{"rendered":"<h6 style=\"text-align: justify;\"><span style=\"color: #000000;\">Volem tenir un espai al nostre web on poder compartir amb tots els membres de la comunitat educativa, recursos, articles i informacions que considerem d&#8217;inter\u00e8s per educar els infants. Aix\u00ed doncs, en aquesta p\u00e0gina us anirem penjant material divers amb aquesta finalitat.<\/span><\/h6>\n<table style=\"border-collapse: collapse; width: 99.2044%; height: 632px;\">\n<tbody>\n<tr style=\"height: 166px;\">\n<td style=\"width: 23.6735%; text-align: left; height: 129px;\"><a href=\"https:\/\/maresipares.cat\/\"><img loading=\"lazy\" decoding=\"async\" class=\" wp-image-934 aligncenter\" src=\"https:\/\/agora.xtec.cat\/escfabra\/wp-content\/uploads\/usu2369\/2023\/10\/baixa.jpg\" alt=\"\" width=\"92\" height=\"92\" srcset=\"https:\/\/agora.xtec.cat\/escfabra\/wp-content\/uploads\/usu2369\/2023\/10\/baixa.jpg 225w, https:\/\/agora.xtec.cat\/escfabra\/wp-content\/uploads\/usu2369\/2023\/10\/baixa-150x150.jpg 150w\" sizes=\"auto, (max-width: 92px) 100vw, 92px\" \/><\/a><\/td>\n<td style=\"width: 76.3265%; height: 129px; text-align: justify;\">Aquest blog ha estat fet per la Nati Bergad\u00e0. \u00c9s <strong>mestra<\/strong>\u00a0d\u2019educaci\u00f3 especial per la Universitat de Vic (UVic) i Llicenciada en\u00a0<strong>Psicopedagogia<\/strong> per la Universitat Oberta de Catalunya (UOC). M\u00e0ster en innovaci\u00f3 educativa en l\u2019especialitat de ci\u00e8ncies per la UVic (Innovaci\u00f3 en Did\u00e0ctiques Espec\u00edfiques). Segur que hi trobeu informaci\u00f3 molt interessant.<\/td>\n<\/tr>\n<tr style=\"height: 215px;\">\n<td style=\"width: 23.6735%; text-align: left; height: 68px;\"><a href=\"https:\/\/www.ccma.cat\/tv3\/alacarta\/generacio-porno\/generacio-porno-la-mala-educacio\/video\/6244321\/\"><img loading=\"lazy\" decoding=\"async\" class=\" wp-image-936 aligncenter\" src=\"https:\/\/agora.xtec.cat\/escfabra\/wp-content\/uploads\/usu2369\/2023\/10\/tv3-logo.png\" alt=\"\" width=\"157\" height=\"90\" \/><\/a><\/td>\n<td style=\"width: 76.3265%; height: 68px; text-align: justify;\">Recomanem veure el seg\u00fcent programa, segons el vostre criteri com a fam\u00edlies, amb l&#8217;alumnat de 6\u00e8. Cal acompanyar-los com adults i poder respondre a les seves preguntes.<\/td>\n<\/tr>\n<tr style=\"height: 125px;\">\n<td style=\"width: 23.6735%; text-align: left; height: 125px;\"><a href=\"https:\/\/www.educaciontrespuntocero.com\/entrevistas\/laura-cuesta-pantallas\/\"><img loading=\"lazy\" decoding=\"async\" class=\" wp-image-1000 aligncenter\" src=\"https:\/\/agora.xtec.cat\/escfabra\/wp-content\/uploads\/usu2369\/2023\/11\/descarga.png\" alt=\"\" width=\"229\" height=\"109\" srcset=\"https:\/\/agora.xtec.cat\/escfabra\/wp-content\/uploads\/usu2369\/2023\/11\/descarga.png 325w, https:\/\/agora.xtec.cat\/escfabra\/wp-content\/uploads\/usu2369\/2023\/11\/descarga-300x143.png 300w\" sizes=\"auto, (max-width: 229px) 100vw, 229px\" \/><\/a><\/td>\n<td style=\"width: 76.3265%; height: 125px; text-align: justify;\">Aqu\u00ed podeu llegir un article interessant sobre l&#8217;\u00fas de les pantalles escrit per la docent i escriptora Laura Ramon. La tecnologia forma part del nostre entorn i allunyar-ne els menors \u00e9s quelcom dif\u00edcil. No obstant aix\u00f2, m\u00e9s que preocupar-nos pel temps que hi estan exposats, hem de vetllar perqu\u00e8 realment diversifiquin les seves activitats de manera que aquestes no nom\u00e9s es limitin a les pantalles.<\/td>\n<\/tr>\n<tr style=\"height: 125px;\">\n<td style=\"width: 23.6735%; text-align: left; height: 125px;\">&nbsp;<\/p>\n<p><a href=\"https:\/\/educacio.gencat.cat\/ca\/arees-actuacio\/families\/\"><img loading=\"lazy\" decoding=\"async\" class=\"wp-image-1081 aligncenter\" src=\"https:\/\/agora.xtec.cat\/escfabra\/wp-content\/uploads\/usu2369\/2023\/12\/logo-gencat.png\" alt=\"\" width=\"229\" height=\"51\" srcset=\"https:\/\/agora.xtec.cat\/escfabra\/wp-content\/uploads\/usu2369\/2023\/12\/logo-gencat.png 474w, https:\/\/agora.xtec.cat\/escfabra\/wp-content\/uploads\/usu2369\/2023\/12\/logo-gencat-300x67.png 300w\" sizes=\"auto, (max-width: 229px) 100vw, 229px\" \/><\/a><\/td>\n<td style=\"width: 76.3265%; height: 125px; text-align: justify;\">Aquest espai ofereix eines amb la voluntat de facilitar la participaci\u00f3 de les fam\u00edlies en la vida escolar dels fills i filles i guiar-les en l&#8217;acompanyament de la seva educaci\u00f3, i promoure&#8217;n, com a conseq\u00fc\u00e8ncia, l&#8217;\u00e8xit educatiu. Hi trobareu una diversitat de tem\u00e0tiques d&#8217;inter\u00e8s educatiu, vinculades a orientacions, recomanacions, enquestes de coneixement i formacions, a fi que fam\u00edlies i escola sumin en la tasca compartida de l&#8217;educaci\u00f3 dels infants i joves.<\/td>\n<\/tr>\n<tr style=\"height: 185px;\">\n<td style=\"width: 23.6735%; text-align: left; height: 185px;\">\n<h3 class=\"NG-menu__title\" style=\"text-align: center;\"><span style=\"color: #008080;\"><a style=\"color: #008080;\" href=\"https:\/\/agora.xtec.cat\/escfabra\/wp-content\/uploads\/usu2369\/2025\/03\/xarxes-socials.png\">Benestar digital en fam\u00edlia<\/a><\/span><a href=\"https:\/\/educacio.gencat.cat\/ca\/arees-actuacio\/families\/benestar-digital\/\"><img loading=\"lazy\" decoding=\"async\" class=\"wp-image-2238 aligncenter\" src=\"https:\/\/agora.xtec.cat\/escfabra\/wp-content\/uploads\/usu2369\/2025\/03\/xarxes-socials-300x300.png\" alt=\"\" width=\"94\" height=\"94\" srcset=\"https:\/\/agora.xtec.cat\/escfabra\/wp-content\/uploads\/usu2369\/2025\/03\/xarxes-socials-300x300.png 300w, https:\/\/agora.xtec.cat\/escfabra\/wp-content\/uploads\/usu2369\/2025\/03\/xarxes-socials-150x150.png 150w, https:\/\/agora.xtec.cat\/escfabra\/wp-content\/uploads\/usu2369\/2025\/03\/xarxes-socials.png 500w\" sizes=\"auto, (max-width: 94px) 100vw, 94px\" \/><\/a><\/h3>\n<\/td>\n<td style=\"width: 76.3265%; text-align: left; height: 185px;\">\n<p style=\"text-align: justify;\">Les tecnologies s\u00f3n cada vegada m\u00e9s presents en la nostra vida quotidiana i ens permeten connectar amb persones d\u2019arreu del m\u00f3n. Per aquest motiu, \u00e9s fonamental que els nostres fills i filles estiguin preparats per fer-ne un \u00fas saludable i responsable.<\/p>\n<p style=\"text-align: justify;\">\u00c9s important estar atents per prevenir i detectar possibles trastorns de comportament, com l\u2019addicci\u00f3 a les pantalles, aix\u00ed com identificar situacions d\u2019assetjament i ciberassetjament per poder-hi fer front de manera adequada.<\/p>\n<\/td>\n<\/tr>\n<\/tbody>\n<\/table>\n<div><\/div>\n","protected":false},"excerpt":{"rendered":"<p>Volem tenir un espai al nostre web on poder compartir amb tots els membres de la comunitat educativa, recursos, articles i informacions que considerem d&#8217;inter\u00e8s per educar els infants. Aix\u00ed doncs, en aquesta p\u00e0gina us anirem penjant material divers amb aquesta finalitat.<\/p>\n<p><a href=\"https:\/\/maresipares.cat\/\"><\/a><br \/>\nAquest blog ha&hellip;  <a href=\"https:\/\/agora.xtec.cat\/escfabra\/aprenem-junts\/\" title=\"Read APRENEM JUNTS\">Llegeix m\u00e9s\u00bb<\/a><\/p>\n","protected":false},"author":1,"featured_media":0,"parent":0,"menu_order":0,"comment_status":"closed","ping_status":"closed","template":"","meta":{"_bbp_topic_count":0,"_bbp_reply_count":0,"_bbp_total_topic_count":0,"_bbp_total_reply_count":0,"_bbp_voice_count":0,"_bbp_anonymous_reply_count":0,"_bbp_topic_count_hidden":0,"_bbp_reply_count_hidden":0,"_bbp_forum_subforum_count":0,"footnotes":""},"class_list":["post-925","page","type-page","status-publish","hentry"],"post_mailing_queue_ids":[],"_links":{"self":[{"href":"https:\/\/agora.xtec.cat\/escfabra\/wp-json\/wp\/v2\/pages\/925","targetHints":{"allow":["GET"]}}],"collection":[{"href":"https:\/\/agora.xtec.cat\/escfabra\/wp-json\/wp\/v2\/pages"}],"about":[{"href":"https:\/\/agora.xtec.cat\/escfabra\/wp-json\/wp\/v2\/types\/page"}],"author":[{"embeddable":true,"href":"https:\/\/agora.xtec.cat\/escfabra\/wp-json\/wp\/v2\/users\/1"}],"replies":[{"embeddable":true,"href":"https:\/\/agora.xtec.cat\/escfabra\/wp-json\/wp\/v2\/comments?post=925"}],"version-history":[{"count":6,"href":"https:\/\/agora.xtec.cat\/escfabra\/wp-json\/wp\/v2\/pages\/925\/revisions"}],"predecessor-version":[{"id":2239,"href":"https:\/\/agora.xtec.cat\/escfabra\/wp-json\/wp\/v2\/pages\/925\/revisions\/2239"}],"wp:attachment":[{"href":"https:\/\/agora.xtec.cat\/escfabra\/wp-json\/wp\/v2\/media?parent=925"}],"curies":[{"name":"wp","href":"https:\/\/api.w.org\/{rel}","templated":true}]}}