{"id":697,"date":"2023-07-10T12:56:13","date_gmt":"2023-07-10T10:56:13","guid":{"rendered":"https:\/\/agora.xtec.cat\/escfabra\/?page_id=697"},"modified":"2026-01-20T10:05:44","modified_gmt":"2026-01-20T09:05:44","slug":"document-per-les-families","status":"publish","type":"page","link":"https:\/\/agora.xtec.cat\/escfabra\/document-per-les-families\/","title":{"rendered":"Document per les fam\u00edlies"},"content":{"rendered":"<p>En aquest apartat trobareu tot de documents \u00fatils per les fam\u00edlies:<\/p>\n<table class=\" aligncenter\" style=\"width: 100%; border-collapse: collapse;\">\n<tbody>\n<tr>\n<td style=\"width: 25%; border-style: solid;\"><a href=\"https:\/\/agora.xtec.cat\/escfabra\/wp-content\/uploads\/usu2369\/2024\/10\/Purple-and-Green-Wealth-Milestones-Infographic-Poster.pdf\"><img loading=\"lazy\" decoding=\"async\" class=\"alignnone size-full wp-image-3145\" src=\"https:\/\/agora.xtec.cat\/escfabra\/wp-content\/uploads\/usu2369\/2026\/01\/1.png\" alt=\"\" width=\"1748\" height=\"1240\" srcset=\"https:\/\/agora.xtec.cat\/escfabra\/wp-content\/uploads\/usu2369\/2026\/01\/1.png 1748w, https:\/\/agora.xtec.cat\/escfabra\/wp-content\/uploads\/usu2369\/2026\/01\/1-300x213.png 300w, https:\/\/agora.xtec.cat\/escfabra\/wp-content\/uploads\/usu2369\/2026\/01\/1-1024x726.png 1024w, https:\/\/agora.xtec.cat\/escfabra\/wp-content\/uploads\/usu2369\/2026\/01\/1-768x545.png 768w, https:\/\/agora.xtec.cat\/escfabra\/wp-content\/uploads\/usu2369\/2026\/01\/1-1536x1090.png 1536w\" sizes=\"auto, (max-width: 1748px) 100vw, 1748px\" \/><\/a><\/td>\n<td style=\"width: 25%;\"><a href=\"https:\/\/agora.xtec.cat\/escfabra\/wp-content\/uploads\/usu2369\/2023\/07\/Carta-Compromis-Educatiu-1.pdf\"><img loading=\"lazy\" decoding=\"async\" class=\"alignnone size-full wp-image-3146\" src=\"https:\/\/agora.xtec.cat\/escfabra\/wp-content\/uploads\/usu2369\/2026\/01\/2.png\" alt=\"\" width=\"1748\" height=\"1240\" srcset=\"https:\/\/agora.xtec.cat\/escfabra\/wp-content\/uploads\/usu2369\/2026\/01\/2.png 1748w, https:\/\/agora.xtec.cat\/escfabra\/wp-content\/uploads\/usu2369\/2026\/01\/2-300x213.png 300w, https:\/\/agora.xtec.cat\/escfabra\/wp-content\/uploads\/usu2369\/2026\/01\/2-1024x726.png 1024w, https:\/\/agora.xtec.cat\/escfabra\/wp-content\/uploads\/usu2369\/2026\/01\/2-768x545.png 768w, https:\/\/agora.xtec.cat\/escfabra\/wp-content\/uploads\/usu2369\/2026\/01\/2-1536x1090.png 1536w\" sizes=\"auto, (max-width: 1748px) 100vw, 1748px\" \/><\/a><\/td>\n<td style=\"width: 25%;\"><a href=\"https:\/\/agora.xtec.cat\/escfabra\/wp-content\/uploads\/usu2369\/2025\/07\/CORREUS-CURS-2025-26-web.pdf\"><img loading=\"lazy\" decoding=\"async\" class=\"alignnone size-full wp-image-3147\" src=\"https:\/\/agora.xtec.cat\/escfabra\/wp-content\/uploads\/usu2369\/2026\/01\/3.png\" alt=\"\" width=\"1748\" height=\"1240\" srcset=\"https:\/\/agora.xtec.cat\/escfabra\/wp-content\/uploads\/usu2369\/2026\/01\/3.png 1748w, https:\/\/agora.xtec.cat\/escfabra\/wp-content\/uploads\/usu2369\/2026\/01\/3-300x213.png 300w, https:\/\/agora.xtec.cat\/escfabra\/wp-content\/uploads\/usu2369\/2026\/01\/3-1024x726.png 1024w, https:\/\/agora.xtec.cat\/escfabra\/wp-content\/uploads\/usu2369\/2026\/01\/3-768x545.png 768w, https:\/\/agora.xtec.cat\/escfabra\/wp-content\/uploads\/usu2369\/2026\/01\/3-1536x1090.png 1536w\" sizes=\"auto, (max-width: 1748px) 100vw, 1748px\" \/><\/a><\/td>\n<td style=\"width: 25%;\"><a href=\"https:\/\/agora.xtec.cat\/escfabra\/wp-content\/uploads\/usu2369\/2025\/06\/QUOTES-CURS-2025-26.docx.pdf\"><img loading=\"lazy\" decoding=\"async\" class=\"alignnone size-full wp-image-3148\" src=\"https:\/\/agora.xtec.cat\/escfabra\/wp-content\/uploads\/usu2369\/2026\/01\/4.png\" alt=\"\" width=\"1748\" height=\"1240\" srcset=\"https:\/\/agora.xtec.cat\/escfabra\/wp-content\/uploads\/usu2369\/2026\/01\/4.png 1748w, https:\/\/agora.xtec.cat\/escfabra\/wp-content\/uploads\/usu2369\/2026\/01\/4-300x213.png 300w, https:\/\/agora.xtec.cat\/escfabra\/wp-content\/uploads\/usu2369\/2026\/01\/4-1024x726.png 1024w, https:\/\/agora.xtec.cat\/escfabra\/wp-content\/uploads\/usu2369\/2026\/01\/4-768x545.png 768w, https:\/\/agora.xtec.cat\/escfabra\/wp-content\/uploads\/usu2369\/2026\/01\/4-1536x1090.png 1536w\" sizes=\"auto, (max-width: 1748px) 100vw, 1748px\" \/><\/a><\/td>\n<\/tr>\n<tr>\n<td style=\"width: 25%;\"><a href=\"https:\/\/agora.xtec.cat\/escfabra\/wp-content\/uploads\/usu2369\/2023\/07\/Bizum_a_TPVEscola-1.pdf\"><img loading=\"lazy\" decoding=\"async\" class=\"alignnone size-full wp-image-3149\" src=\"https:\/\/agora.xtec.cat\/escfabra\/wp-content\/uploads\/usu2369\/2026\/01\/5.png\" alt=\"\" width=\"1748\" height=\"1240\" srcset=\"https:\/\/agora.xtec.cat\/escfabra\/wp-content\/uploads\/usu2369\/2026\/01\/5.png 1748w, https:\/\/agora.xtec.cat\/escfabra\/wp-content\/uploads\/usu2369\/2026\/01\/5-300x213.png 300w, https:\/\/agora.xtec.cat\/escfabra\/wp-content\/uploads\/usu2369\/2026\/01\/5-1024x726.png 1024w, https:\/\/agora.xtec.cat\/escfabra\/wp-content\/uploads\/usu2369\/2026\/01\/5-768x545.png 768w, https:\/\/agora.xtec.cat\/escfabra\/wp-content\/uploads\/usu2369\/2026\/01\/5-1536x1090.png 1536w\" sizes=\"auto, (max-width: 1748px) 100vw, 1748px\" \/><\/a><\/td>\n<td style=\"width: 25%;\"><a href=\"https:\/\/agora.xtec.cat\/escfabra\/wp-content\/uploads\/usu2369\/2025\/07\/LLIBRES-DE-TEXT-2025-2026.pdf\"><img loading=\"lazy\" decoding=\"async\" class=\"alignnone size-full wp-image-3150\" src=\"https:\/\/agora.xtec.cat\/escfabra\/wp-content\/uploads\/usu2369\/2026\/01\/6.png\" alt=\"\" width=\"1748\" height=\"1240\" srcset=\"https:\/\/agora.xtec.cat\/escfabra\/wp-content\/uploads\/usu2369\/2026\/01\/6.png 1748w, https:\/\/agora.xtec.cat\/escfabra\/wp-content\/uploads\/usu2369\/2026\/01\/6-300x213.png 300w, https:\/\/agora.xtec.cat\/escfabra\/wp-content\/uploads\/usu2369\/2026\/01\/6-1024x726.png 1024w, https:\/\/agora.xtec.cat\/escfabra\/wp-content\/uploads\/usu2369\/2026\/01\/6-768x545.png 768w, https:\/\/agora.xtec.cat\/escfabra\/wp-content\/uploads\/usu2369\/2026\/01\/6-1536x1090.png 1536w\" sizes=\"auto, (max-width: 1748px) 100vw, 1748px\" \/><\/a><\/td>\n<td style=\"width: 25%;\"><a href=\"https:\/\/agora.xtec.cat\/escfabra\/wp-content\/uploads\/usu2369\/2023\/07\/ADMINISTRACIO-DE-MEDICAMENTS-ALUMNAT.pdf\"><img loading=\"lazy\" decoding=\"async\" class=\"alignnone size-full wp-image-3151\" src=\"https:\/\/agora.xtec.cat\/escfabra\/wp-content\/uploads\/usu2369\/2026\/01\/7.png\" alt=\"\" width=\"1748\" height=\"1240\" srcset=\"https:\/\/agora.xtec.cat\/escfabra\/wp-content\/uploads\/usu2369\/2026\/01\/7.png 1748w, https:\/\/agora.xtec.cat\/escfabra\/wp-content\/uploads\/usu2369\/2026\/01\/7-300x213.png 300w, https:\/\/agora.xtec.cat\/escfabra\/wp-content\/uploads\/usu2369\/2026\/01\/7-1024x726.png 1024w, https:\/\/agora.xtec.cat\/escfabra\/wp-content\/uploads\/usu2369\/2026\/01\/7-768x545.png 768w, https:\/\/agora.xtec.cat\/escfabra\/wp-content\/uploads\/usu2369\/2026\/01\/7-1536x1090.png 1536w\" sizes=\"auto, (max-width: 1748px) 100vw, 1748px\" \/><\/a><\/td>\n<td style=\"width: 25%;\"><a href=\"https:\/\/agora.xtec.cat\/escfabra\/wp-content\/uploads\/usu2369\/2024\/09\/Fitxa_Sanitaria.pdf\"><img loading=\"lazy\" decoding=\"async\" class=\"alignnone size-full wp-image-3152\" src=\"https:\/\/agora.xtec.cat\/escfabra\/wp-content\/uploads\/usu2369\/2026\/01\/8.png\" alt=\"\" width=\"1748\" height=\"1240\" srcset=\"https:\/\/agora.xtec.cat\/escfabra\/wp-content\/uploads\/usu2369\/2026\/01\/8.png 1748w, https:\/\/agora.xtec.cat\/escfabra\/wp-content\/uploads\/usu2369\/2026\/01\/8-300x213.png 300w, https:\/\/agora.xtec.cat\/escfabra\/wp-content\/uploads\/usu2369\/2026\/01\/8-1024x726.png 1024w, https:\/\/agora.xtec.cat\/escfabra\/wp-content\/uploads\/usu2369\/2026\/01\/8-768x545.png 768w, https:\/\/agora.xtec.cat\/escfabra\/wp-content\/uploads\/usu2369\/2026\/01\/8-1536x1090.png 1536w\" sizes=\"auto, (max-width: 1748px) 100vw, 1748px\" \/><\/a><\/td>\n<\/tr>\n<tr>\n<td style=\"width: 25%;\"><a href=\"https:\/\/agora.xtec.cat\/escfabra\/wp-content\/uploads\/usu2369\/2025\/09\/Autoritzacio_Infantil.pdf\"><img loading=\"lazy\" decoding=\"async\" class=\"alignnone size-full wp-image-3153\" src=\"https:\/\/agora.xtec.cat\/escfabra\/wp-content\/uploads\/usu2369\/2026\/01\/9.png\" alt=\"\" width=\"1748\" height=\"1240\" srcset=\"https:\/\/agora.xtec.cat\/escfabra\/wp-content\/uploads\/usu2369\/2026\/01\/9.png 1748w, https:\/\/agora.xtec.cat\/escfabra\/wp-content\/uploads\/usu2369\/2026\/01\/9-300x213.png 300w, https:\/\/agora.xtec.cat\/escfabra\/wp-content\/uploads\/usu2369\/2026\/01\/9-1024x726.png 1024w, https:\/\/agora.xtec.cat\/escfabra\/wp-content\/uploads\/usu2369\/2026\/01\/9-768x545.png 768w, https:\/\/agora.xtec.cat\/escfabra\/wp-content\/uploads\/usu2369\/2026\/01\/9-1536x1090.png 1536w\" sizes=\"auto, (max-width: 1748px) 100vw, 1748px\" \/><\/a><\/td>\n<td style=\"width: 25%;\"><a href=\"https:\/\/agora.xtec.cat\/escfabra\/wp-content\/uploads\/usu2369\/2025\/09\/Autoritzacio_1r_i_2n.pdf\"><img loading=\"lazy\" decoding=\"async\" class=\"alignnone size-full wp-image-3155\" src=\"https:\/\/agora.xtec.cat\/escfabra\/wp-content\/uploads\/usu2369\/2026\/01\/10-1.png\" alt=\"\" width=\"1748\" height=\"1240\" srcset=\"https:\/\/agora.xtec.cat\/escfabra\/wp-content\/uploads\/usu2369\/2026\/01\/10-1.png 1748w, https:\/\/agora.xtec.cat\/escfabra\/wp-content\/uploads\/usu2369\/2026\/01\/10-1-300x213.png 300w, https:\/\/agora.xtec.cat\/escfabra\/wp-content\/uploads\/usu2369\/2026\/01\/10-1-1024x726.png 1024w, https:\/\/agora.xtec.cat\/escfabra\/wp-content\/uploads\/usu2369\/2026\/01\/10-1-768x545.png 768w, https:\/\/agora.xtec.cat\/escfabra\/wp-content\/uploads\/usu2369\/2026\/01\/10-1-1536x1090.png 1536w\" sizes=\"auto, (max-width: 1748px) 100vw, 1748px\" \/><\/a><\/td>\n<td style=\"width: 25%;\"><a href=\"https:\/\/agora.xtec.cat\/escfabra\/wp-content\/uploads\/usu2369\/2025\/09\/Autoritzacio_3r_a_6e-1.pdf\"><img loading=\"lazy\" decoding=\"async\" class=\"alignnone size-full wp-image-3156\" src=\"https:\/\/agora.xtec.cat\/escfabra\/wp-content\/uploads\/usu2369\/2026\/01\/11.png\" alt=\"\" width=\"1748\" height=\"1240\" srcset=\"https:\/\/agora.xtec.cat\/escfabra\/wp-content\/uploads\/usu2369\/2026\/01\/11.png 1748w, https:\/\/agora.xtec.cat\/escfabra\/wp-content\/uploads\/usu2369\/2026\/01\/11-300x213.png 300w, https:\/\/agora.xtec.cat\/escfabra\/wp-content\/uploads\/usu2369\/2026\/01\/11-1024x726.png 1024w, https:\/\/agora.xtec.cat\/escfabra\/wp-content\/uploads\/usu2369\/2026\/01\/11-768x545.png 768w, https:\/\/agora.xtec.cat\/escfabra\/wp-content\/uploads\/usu2369\/2026\/01\/11-1536x1090.png 1536w\" sizes=\"auto, (max-width: 1748px) 100vw, 1748px\" \/><\/a><\/td>\n<td style=\"width: 25%;\"><a href=\"https:\/\/agora.xtec.cat\/escfabra\/wp-content\/uploads\/usu2369\/2026\/01\/12.png\"><img loading=\"lazy\" decoding=\"async\" class=\"alignnone size-full wp-image-3157\" src=\"https:\/\/agora.xtec.cat\/escfabra\/wp-content\/uploads\/usu2369\/2026\/01\/12.png\" alt=\"\" width=\"1748\" height=\"1240\" srcset=\"https:\/\/agora.xtec.cat\/escfabra\/wp-content\/uploads\/usu2369\/2026\/01\/12.png 1748w, https:\/\/agora.xtec.cat\/escfabra\/wp-content\/uploads\/usu2369\/2026\/01\/12-300x213.png 300w, https:\/\/agora.xtec.cat\/escfabra\/wp-content\/uploads\/usu2369\/2026\/01\/12-1024x726.png 1024w, https:\/\/agora.xtec.cat\/escfabra\/wp-content\/uploads\/usu2369\/2026\/01\/12-768x545.png 768w, https:\/\/agora.xtec.cat\/escfabra\/wp-content\/uploads\/usu2369\/2026\/01\/12-1536x1090.png 1536w\" sizes=\"auto, (max-width: 1748px) 100vw, 1748px\" \/><\/a><\/td>\n<\/tr>\n<\/tbody>\n<\/table>\n<p>&nbsp;<\/p>\n<p>&nbsp;<\/p>\n","protected":false},"excerpt":{"rendered":"<p>En aquest apartat trobareu tot de documents \u00fatils per les fam\u00edlies:<\/p>\n<p><a href=\"https:\/\/agora.xtec.cat\/escfabra\/wp-content\/uploads\/usu2369\/2024\/10\/Purple-and-Green-Wealth-Milestones-Infographic-Poster.pdf\"><\/a><br \/>\n<a href=\"https:\/\/agora.xtec.cat\/escfabra\/wp-content\/uploads\/usu2369\/2023\/07\/Carta-Compromis-Educatiu-1.pdf\"><\/a><br \/>\n<a href=\"https:\/\/agora.xtec.cat\/escfabra\/wp-content\/uploads\/usu2369\/2025\/07\/CORREUS-CURS-2025-26-web.pdf\"><\/a><br \/>\n<a href=\"https:\/\/agora.xtec.cat\/escfabra\/wp-content\/uploads\/usu2369\/2025\/06\/QUOTES-CURS-2025-26.docx.pdf\"><\/a><\/p>\n<p><a href=\"https:\/\/agora.xtec.cat\/escfabra\/wp-content\/uploads\/usu2369\/2023\/07\/Bizum_a_TPVEscola-1.pdf\"><\/a><br \/>\n<a href=\"https:\/\/agora.xtec.cat\/escfabra\/wp-content\/uploads\/usu2369\/2025\/07\/LLIBRES-DE-TEXT-2025-2026.pdf\"><\/a><br \/>\n<a href=\"https:\/\/agora.xtec.cat\/escfabra\/wp-content\/uploads\/usu2369\/2023\/07\/ADMINISTRACIO-DE-MEDICAMENTS-ALUMNAT.pdf\"><\/a><br \/>\n<a href=\"https:\/\/agora.xtec.cat\/escfabra\/wp-content\/uploads\/usu2369\/2024\/09\/Fitxa_Sanitaria.pdf\"><\/a><\/p>\n<p><a href=\"https:\/\/agora.xtec.cat\/escfabra\/wp-content\/uploads\/usu2369\/2025\/09\/Autoritzacio_Infantil.pdf\"><\/a><br \/>\n<a href=\"https:\/\/agora.xtec.cat\/escfabra\/wp-content\/uploads\/usu2369\/2025\/09\/Autoritzacio_1r_i_2n.pdf\"><\/a><br \/>\n<a href=\"https:\/\/agora.xtec.cat\/escfabra\/wp-content\/uploads\/usu2369\/2025\/09\/Autoritzacio_3r_a_6e-1.pdf\"><\/a><br \/>\n<a href=\"https:\/\/agora.xtec.cat\/escfabra\/wp-content\/uploads\/usu2369\/2026\/01\/12.png\"><\/a><\/p>\n<p>&nbsp;<br \/>\n&nbsp;<\/p>\n","protected":false},"author":1,"featured_media":0,"parent":0,"menu_order":0,"comment_status":"closed","ping_status":"closed","template":"","meta":{"_bbp_topic_count":0,"_bbp_reply_count":0,"_bbp_total_topic_count":0,"_bbp_total_reply_count":0,"_bbp_voice_count":0,"_bbp_anonymous_reply_count":0,"_bbp_topic_count_hidden":0,"_bbp_reply_count_hidden":0,"_bbp_forum_subforum_count":0,"footnotes":""},"class_list":["post-697","page","type-page","status-publish","hentry"],"post_mailing_queue_ids":[],"_links":{"self":[{"href":"https:\/\/agora.xtec.cat\/escfabra\/wp-json\/wp\/v2\/pages\/697","targetHints":{"allow":["GET"]}}],"collection":[{"href":"https:\/\/agora.xtec.cat\/escfabra\/wp-json\/wp\/v2\/pages"}],"about":[{"href":"https:\/\/agora.xtec.cat\/escfabra\/wp-json\/wp\/v2\/types\/page"}],"author":[{"embeddable":true,"href":"https:\/\/agora.xtec.cat\/escfabra\/wp-json\/wp\/v2\/users\/1"}],"replies":[{"embeddable":true,"href":"https:\/\/agora.xtec.cat\/escfabra\/wp-json\/wp\/v2\/comments?post=697"}],"version-history":[{"count":6,"href":"https:\/\/agora.xtec.cat\/escfabra\/wp-json\/wp\/v2\/pages\/697\/revisions"}],"predecessor-version":[{"id":3159,"href":"https:\/\/agora.xtec.cat\/escfabra\/wp-json\/wp\/v2\/pages\/697\/revisions\/3159"}],"wp:attachment":[{"href":"https:\/\/agora.xtec.cat\/escfabra\/wp-json\/wp\/v2\/media?parent=697"}],"curies":[{"name":"wp","href":"https:\/\/api.w.org\/{rel}","templated":true}]}}