{"id":64,"date":"2014-09-18T12:39:08","date_gmt":"2014-09-18T11:39:08","guid":{"rendered":"http:\/\/agora.xtec.cat\/escfabra\/?page_id=64"},"modified":"2025-05-16T13:01:38","modified_gmt":"2025-05-16T11:01:38","slug":"projecte-educatiu","status":"publish","type":"page","link":"https:\/\/agora.xtec.cat\/escfabra\/projecte-educatiu\/","title":{"rendered":"Projecte educatiu"},"content":{"rendered":"<p style=\"text-align: justify;\">L\u2019Escola Fabra \u00e9s una escola p\u00fablica catalana, plural i participativa, que vetlla per la formaci\u00f3 integral de les persones desenvolupant al m\u00e0xim les seves capacitats i habilitats, adaptant-nos als canvis de la societat actual, potenciant les noves tecnologies, les lleng\u00fces estrangeres, l\u2019h\u00e0bit lector, l\u2019educaci\u00f3 art\u00edstica, els h\u00e0bits saludables i promovent l\u2019educaci\u00f3 emocional i en valors.<\/p>\n<p style=\"text-align: justify;\">En un futur pr\u00f2xim, volem continuar construint una escola que formi persones solid\u00e0ries, cooperatives, responsables i competents acad\u00e8micament, social i personal. Volem ajudar al nostre alumnat a assolir les compet\u00e8ncies b\u00e0siques i a desenvolupar les seves capacitats creatives, emocionals i de pensament. Tamb\u00e9 volem ser una comunitat activa i compromesa amb la vida escolar i amb l\u2019entorn.<\/p>\n<p>Els trets d\u2019identitat i els valors que guien la nostra tasca s\u00f3n:<\/p>\n<p><a href=\"https:\/\/agora.xtec.cat\/escfabra\/wp-content\/uploads\/usu2369\/2024\/10\/PEC-FABRA-2019-7_page-0001.jpg\"><img loading=\"lazy\" decoding=\"async\" class=\"wp-image-1724 aligncenter\" src=\"https:\/\/agora.xtec.cat\/escfabra\/wp-content\/uploads\/usu2369\/2024\/10\/PEC-FABRA-2019-7_page-0001-212x300.jpg\" alt=\"\" width=\"527\" height=\"745\" srcset=\"https:\/\/agora.xtec.cat\/escfabra\/wp-content\/uploads\/usu2369\/2024\/10\/PEC-FABRA-2019-7_page-0001-212x300.jpg 212w, https:\/\/agora.xtec.cat\/escfabra\/wp-content\/uploads\/usu2369\/2024\/10\/PEC-FABRA-2019-7_page-0001-724x1024.jpg 724w, https:\/\/agora.xtec.cat\/escfabra\/wp-content\/uploads\/usu2369\/2024\/10\/PEC-FABRA-2019-7_page-0001-768x1087.jpg 768w, https:\/\/agora.xtec.cat\/escfabra\/wp-content\/uploads\/usu2369\/2024\/10\/PEC-FABRA-2019-7_page-0001-1085x1536.jpg 1085w, https:\/\/agora.xtec.cat\/escfabra\/wp-content\/uploads\/usu2369\/2024\/10\/PEC-FABRA-2019-7_page-0001.jpg 1240w\" sizes=\"auto, (max-width: 527px) 100vw, 527px\" \/><\/a><\/p>\n<p style=\"text-align: justify;\">Els infants escolaritzats a l\u2019escola Fabra seran acollits per l\u2019equip professional del Centre, que vetllar\u00e0 per transmetre\u00a0 els valors del Projecte Educatiu.<\/p>\n<p style=\"text-align: justify;\">Al llarg de la seva escolaritat aniran adquirint les eines necess\u00e0ries per esdevenir alumnes competents, que creixin com a persones i vagin desenvolupant totes les seves capacitats, creant els fonaments per continuar la seva formaci\u00f3 acad\u00e8mica, personal i social.<\/p>\n<p>&nbsp;<\/p>\n<p>&nbsp;<\/p>\n<p>&nbsp;<\/p>\n","protected":false},"excerpt":{"rendered":"<p>L\u2019Escola Fabra \u00e9s una escola p\u00fablica catalana, plural i participativa, que vetlla per la formaci\u00f3 integral de les persones desenvolupant al m\u00e0xim les seves capacitats i habilitats, adaptant-nos als canvis de la societat actual, potenciant les noves tecnologies, les lleng\u00fces estrangeres, l\u2019h\u00e0bit lector, l\u2019educaci\u00f3 art\u00edstica,&hellip;  <a href=\"https:\/\/agora.xtec.cat\/escfabra\/projecte-educatiu\/\" title=\"Read Projecte educatiu\">Llegeix m\u00e9s\u00bb<\/a><\/p>\n","protected":false},"author":1,"featured_media":0,"parent":0,"menu_order":0,"comment_status":"closed","ping_status":"closed","template":"","meta":{"_bbp_topic_count":0,"_bbp_reply_count":0,"_bbp_total_topic_count":0,"_bbp_total_reply_count":0,"_bbp_voice_count":0,"_bbp_anonymous_reply_count":0,"_bbp_topic_count_hidden":0,"_bbp_reply_count_hidden":0,"_bbp_forum_subforum_count":0,"footnotes":""},"class_list":["post-64","page","type-page","status-publish","hentry"],"post_mailing_queue_ids":[],"_links":{"self":[{"href":"https:\/\/agora.xtec.cat\/escfabra\/wp-json\/wp\/v2\/pages\/64","targetHints":{"allow":["GET"]}}],"collection":[{"href":"https:\/\/agora.xtec.cat\/escfabra\/wp-json\/wp\/v2\/pages"}],"about":[{"href":"https:\/\/agora.xtec.cat\/escfabra\/wp-json\/wp\/v2\/types\/page"}],"author":[{"embeddable":true,"href":"https:\/\/agora.xtec.cat\/escfabra\/wp-json\/wp\/v2\/users\/1"}],"replies":[{"embeddable":true,"href":"https:\/\/agora.xtec.cat\/escfabra\/wp-json\/wp\/v2\/comments?post=64"}],"version-history":[{"count":6,"href":"https:\/\/agora.xtec.cat\/escfabra\/wp-json\/wp\/v2\/pages\/64\/revisions"}],"predecessor-version":[{"id":2511,"href":"https:\/\/agora.xtec.cat\/escfabra\/wp-json\/wp\/v2\/pages\/64\/revisions\/2511"}],"wp:attachment":[{"href":"https:\/\/agora.xtec.cat\/escfabra\/wp-json\/wp\/v2\/media?parent=64"}],"curies":[{"name":"wp","href":"https:\/\/api.w.org\/{rel}","templated":true}]}}