{"id":30,"date":"2014-09-18T12:30:23","date_gmt":"2014-09-18T11:30:23","guid":{"rendered":"http:\/\/agora.xtec.cat\/escfabra\/?page_id=30"},"modified":"2026-01-14T18:33:53","modified_gmt":"2026-01-14T17:33:53","slug":"instal%c2%b7lacions","status":"publish","type":"page","link":"https:\/\/agora.xtec.cat\/escfabra\/lescola\/instal%c2%b7lacions\/","title":{"rendered":"Instal\u00b7lacions"},"content":{"rendered":"<p style=\"text-align: justify;\">L\u2019escola Fabra t\u00e9 dos edificis: l\u2019edifici de la Vinya (Infantil) i el del Bosquet (Prim\u00e0ria). L\u2019Edifici de la Vinya \u00e9s on estan ubicats els grups d&#8217;i3 a i5, una aula de psicomotricitat i diferents espais de treball polivalent. A l\u2019edifici del Bosquet trobem dotze aules pels grups de 1r a 6\u00e8 (A i B), l\u2019aula d&#8217;arts &amp; crafts, l\u2019aula de m\u00fasica, l\u2019aula d\u2019inform\u00e0tica, el gimn\u00e0s, la biblioteca, el menjador, diversos espais per realitzar les agrupacions flexibles, la sala de mestres i els despatxos.<\/p>\n<p style=\"text-align: justify;\">Cal destacar que en l\u2019\u00e0mbit tecnol\u00f2gic totes les aules disposen d\u2019ordinador i de PDI. En els darrers anys s\u2019han anat actualitzant els equips inform\u00e0tics, cosa que facilita la utilitzaci\u00f3 di\u00e0ria per part dels docents i de l\u2019alumnat.<\/p>\n<p>Respecte als patis, tenim dos patis a Prim\u00e0ria, un a Infantil i un hort.<\/p>\n<p>A continuaci\u00f3 us mostrem un recull dels diferents espais de l&#8217;escola:<\/p>\n<table style=\"border-collapse: collapse; width: 100%;\">\n<tbody>\n<tr>\n<td style=\"width: 50%;\"><a href=\"https:\/\/agora.xtec.cat\/escfabra\/wp-content\/uploads\/usu2369\/2026\/01\/biblioteca.jpg\"><img loading=\"lazy\" decoding=\"async\" class=\"alignnone wp-image-3092\" src=\"https:\/\/agora.xtec.cat\/escfabra\/wp-content\/uploads\/usu2369\/2026\/01\/biblioteca.jpg\" alt=\"\" width=\"645\" height=\"516\" srcset=\"https:\/\/agora.xtec.cat\/escfabra\/wp-content\/uploads\/usu2369\/2026\/01\/biblioteca.jpg 2000w, https:\/\/agora.xtec.cat\/escfabra\/wp-content\/uploads\/usu2369\/2026\/01\/biblioteca-300x240.jpg 300w, https:\/\/agora.xtec.cat\/escfabra\/wp-content\/uploads\/usu2369\/2026\/01\/biblioteca-1024x819.jpg 1024w, https:\/\/agora.xtec.cat\/escfabra\/wp-content\/uploads\/usu2369\/2026\/01\/biblioteca-768x614.jpg 768w, https:\/\/agora.xtec.cat\/escfabra\/wp-content\/uploads\/usu2369\/2026\/01\/biblioteca-1536x1229.jpg 1536w\" sizes=\"auto, (max-width: 645px) 100vw, 645px\" \/><\/a><\/td>\n<td style=\"width: 50%;\"><a href=\"https:\/\/agora.xtec.cat\/escfabra\/wp-content\/uploads\/usu2369\/2026\/01\/5-1.jpg\"><img loading=\"lazy\" decoding=\"async\" class=\"alignnone size-full wp-image-3098\" src=\"https:\/\/agora.xtec.cat\/escfabra\/wp-content\/uploads\/usu2369\/2026\/01\/5-1.jpg\" alt=\"\" width=\"2000\" height=\"1600\" srcset=\"https:\/\/agora.xtec.cat\/escfabra\/wp-content\/uploads\/usu2369\/2026\/01\/5-1.jpg 2000w, https:\/\/agora.xtec.cat\/escfabra\/wp-content\/uploads\/usu2369\/2026\/01\/5-1-300x240.jpg 300w, https:\/\/agora.xtec.cat\/escfabra\/wp-content\/uploads\/usu2369\/2026\/01\/5-1-1024x819.jpg 1024w, https:\/\/agora.xtec.cat\/escfabra\/wp-content\/uploads\/usu2369\/2026\/01\/5-1-768x614.jpg 768w, https:\/\/agora.xtec.cat\/escfabra\/wp-content\/uploads\/usu2369\/2026\/01\/5-1-1536x1229.jpg 1536w\" sizes=\"auto, (max-width: 2000px) 100vw, 2000px\" \/><\/a><\/td>\n<\/tr>\n<tr>\n<td style=\"width: 50%;\"><a href=\"https:\/\/agora.xtec.cat\/escfabra\/wp-content\/uploads\/usu2369\/2026\/01\/4-1.jpg\"><img loading=\"lazy\" decoding=\"async\" class=\"alignnone size-full wp-image-3097\" src=\"https:\/\/agora.xtec.cat\/escfabra\/wp-content\/uploads\/usu2369\/2026\/01\/4-1.jpg\" alt=\"\" width=\"2000\" height=\"1600\" srcset=\"https:\/\/agora.xtec.cat\/escfabra\/wp-content\/uploads\/usu2369\/2026\/01\/4-1.jpg 2000w, https:\/\/agora.xtec.cat\/escfabra\/wp-content\/uploads\/usu2369\/2026\/01\/4-1-300x240.jpg 300w, https:\/\/agora.xtec.cat\/escfabra\/wp-content\/uploads\/usu2369\/2026\/01\/4-1-1024x819.jpg 1024w, https:\/\/agora.xtec.cat\/escfabra\/wp-content\/uploads\/usu2369\/2026\/01\/4-1-768x614.jpg 768w, https:\/\/agora.xtec.cat\/escfabra\/wp-content\/uploads\/usu2369\/2026\/01\/4-1-1536x1229.jpg 1536w\" sizes=\"auto, (max-width: 2000px) 100vw, 2000px\" \/><\/a><\/td>\n<td style=\"width: 50%;\"><a href=\"https:\/\/agora.xtec.cat\/escfabra\/wp-content\/uploads\/usu2369\/2026\/01\/3-1.jpg\"><img loading=\"lazy\" decoding=\"async\" class=\"alignnone size-full wp-image-3096\" src=\"https:\/\/agora.xtec.cat\/escfabra\/wp-content\/uploads\/usu2369\/2026\/01\/3-1.jpg\" alt=\"\" width=\"2000\" height=\"1600\" srcset=\"https:\/\/agora.xtec.cat\/escfabra\/wp-content\/uploads\/usu2369\/2026\/01\/3-1.jpg 2000w, https:\/\/agora.xtec.cat\/escfabra\/wp-content\/uploads\/usu2369\/2026\/01\/3-1-300x240.jpg 300w, https:\/\/agora.xtec.cat\/escfabra\/wp-content\/uploads\/usu2369\/2026\/01\/3-1-1024x819.jpg 1024w, https:\/\/agora.xtec.cat\/escfabra\/wp-content\/uploads\/usu2369\/2026\/01\/3-1-768x614.jpg 768w, https:\/\/agora.xtec.cat\/escfabra\/wp-content\/uploads\/usu2369\/2026\/01\/3-1-1536x1229.jpg 1536w\" sizes=\"auto, (max-width: 2000px) 100vw, 2000px\" \/><\/a><\/td>\n<\/tr>\n<tr>\n<td style=\"width: 50%;\"><a href=\"https:\/\/agora.xtec.cat\/escfabra\/wp-content\/uploads\/usu2369\/2026\/01\/2-1.jpg\"><img loading=\"lazy\" decoding=\"async\" class=\"alignnone size-full wp-image-3095\" src=\"https:\/\/agora.xtec.cat\/escfabra\/wp-content\/uploads\/usu2369\/2026\/01\/2-1.jpg\" alt=\"\" width=\"2000\" height=\"1600\" srcset=\"https:\/\/agora.xtec.cat\/escfabra\/wp-content\/uploads\/usu2369\/2026\/01\/2-1.jpg 2000w, https:\/\/agora.xtec.cat\/escfabra\/wp-content\/uploads\/usu2369\/2026\/01\/2-1-300x240.jpg 300w, https:\/\/agora.xtec.cat\/escfabra\/wp-content\/uploads\/usu2369\/2026\/01\/2-1-1024x819.jpg 1024w, https:\/\/agora.xtec.cat\/escfabra\/wp-content\/uploads\/usu2369\/2026\/01\/2-1-768x614.jpg 768w, https:\/\/agora.xtec.cat\/escfabra\/wp-content\/uploads\/usu2369\/2026\/01\/2-1-1536x1229.jpg 1536w\" sizes=\"auto, (max-width: 2000px) 100vw, 2000px\" \/><\/a><\/td>\n<td style=\"width: 50%;\"><a href=\"https:\/\/agora.xtec.cat\/escfabra\/wp-content\/uploads\/usu2369\/2026\/01\/biblioteca.png\"><img loading=\"lazy\" decoding=\"async\" class=\"alignnone size-full wp-image-3100\" src=\"https:\/\/agora.xtec.cat\/escfabra\/wp-content\/uploads\/usu2369\/2026\/01\/biblioteca.png\" alt=\"\" width=\"2000\" height=\"1600\" srcset=\"https:\/\/agora.xtec.cat\/escfabra\/wp-content\/uploads\/usu2369\/2026\/01\/biblioteca.png 2000w, https:\/\/agora.xtec.cat\/escfabra\/wp-content\/uploads\/usu2369\/2026\/01\/biblioteca-300x240.png 300w, https:\/\/agora.xtec.cat\/escfabra\/wp-content\/uploads\/usu2369\/2026\/01\/biblioteca-1024x819.png 1024w, https:\/\/agora.xtec.cat\/escfabra\/wp-content\/uploads\/usu2369\/2026\/01\/biblioteca-768x614.png 768w, https:\/\/agora.xtec.cat\/escfabra\/wp-content\/uploads\/usu2369\/2026\/01\/biblioteca-1536x1229.png 1536w\" sizes=\"auto, (max-width: 2000px) 100vw, 2000px\" \/><\/a><\/td>\n<\/tr>\n<\/tbody>\n<\/table>\n<p style=\"text-align: center;\">\n","protected":false},"excerpt":{"rendered":"<p>L\u2019escola Fabra t\u00e9 dos edificis: l\u2019edifici de la Vinya (Infantil) i el del Bosquet (Prim\u00e0ria). L\u2019Edifici de la Vinya \u00e9s on estan ubicats els grups d&#8217;i3 a i5, una aula de psicomotricitat i diferents espais de treball polivalent. A l\u2019edifici del Bosquet trobem dotze aules&hellip;  <a href=\"https:\/\/agora.xtec.cat\/escfabra\/lescola\/instal%c2%b7lacions\/\" title=\"Read Instal\u00b7lacions\">Llegeix m\u00e9s\u00bb<\/a><\/p>\n","protected":false},"author":1,"featured_media":0,"parent":22,"menu_order":40,"comment_status":"closed","ping_status":"closed","template":"page-templates\/side-menu.php","meta":{"_bbp_topic_count":0,"_bbp_reply_count":0,"_bbp_total_topic_count":0,"_bbp_total_reply_count":0,"_bbp_voice_count":0,"_bbp_anonymous_reply_count":0,"_bbp_topic_count_hidden":0,"_bbp_reply_count_hidden":0,"_bbp_forum_subforum_count":0,"footnotes":""},"class_list":["post-30","page","type-page","status-publish","hentry"],"post_mailing_queue_ids":[],"_links":{"self":[{"href":"https:\/\/agora.xtec.cat\/escfabra\/wp-json\/wp\/v2\/pages\/30","targetHints":{"allow":["GET"]}}],"collection":[{"href":"https:\/\/agora.xtec.cat\/escfabra\/wp-json\/wp\/v2\/pages"}],"about":[{"href":"https:\/\/agora.xtec.cat\/escfabra\/wp-json\/wp\/v2\/types\/page"}],"author":[{"embeddable":true,"href":"https:\/\/agora.xtec.cat\/escfabra\/wp-json\/wp\/v2\/users\/1"}],"replies":[{"embeddable":true,"href":"https:\/\/agora.xtec.cat\/escfabra\/wp-json\/wp\/v2\/comments?post=30"}],"version-history":[{"count":7,"href":"https:\/\/agora.xtec.cat\/escfabra\/wp-json\/wp\/v2\/pages\/30\/revisions"}],"predecessor-version":[{"id":3101,"href":"https:\/\/agora.xtec.cat\/escfabra\/wp-json\/wp\/v2\/pages\/30\/revisions\/3101"}],"up":[{"embeddable":true,"href":"https:\/\/agora.xtec.cat\/escfabra\/wp-json\/wp\/v2\/pages\/22"}],"wp:attachment":[{"href":"https:\/\/agora.xtec.cat\/escfabra\/wp-json\/wp\/v2\/media?parent=30"}],"curies":[{"name":"wp","href":"https:\/\/api.w.org\/{rel}","templated":true}]}}