{"id":28,"date":"2014-09-18T12:29:35","date_gmt":"2014-09-18T11:29:35","guid":{"rendered":"http:\/\/agora.xtec.cat\/escfabra\/?page_id=28"},"modified":"2026-01-15T15:02:24","modified_gmt":"2026-01-15T14:02:24","slug":"consell-escolar","status":"publish","type":"page","link":"https:\/\/agora.xtec.cat\/escfabra\/lescola\/consell-escolar\/","title":{"rendered":"Consell escolar"},"content":{"rendered":"<p style=\"background: white; margin: 0cm 0cm 7.5pt; text-align: justify;\"><span style=\"font-size: 10.5pt; font-family: 'Helvetica','sans-serif'; color: #666666;\">El consell escolar del centre \u00e9s l&#8217;<strong style=\"box-sizing: border-box;\"><span style=\"font-family: 'Helvetica','sans-serif';\">\u00f2rgan col\u00b7legiat de participaci\u00f3<\/span><\/strong>\u00a0de la comunitat escolar en el govern del centre. En el consell escolar hi ha representats tots els col\u00b7lectius que intervenen en la comunitat educativa: director o directora, professorat, alumnes, personal d&#8217;administraci\u00f3 i serveis, etc.<\/span><\/p>\n<p style=\"background: white; box-sizing: border-box; font-variant-ligatures: normal; font-variant-caps: normal; orphans: 2; text-align: justify; widows: 2; -webkit-text-stroke-width: 0px; text-decoration-thickness: initial; text-decoration-style: initial; text-decoration-color: initial; word-spacing: 0px; margin: 0cm 0cm 7.5pt;\"><span style=\"font-size: 10.5pt; font-family: 'Helvetica','sans-serif'; color: #666666;\">En els centres p\u00fablics, la funci\u00f3 principal del consell escolar \u00e9s participar en la presa de decisions en relaci\u00f3 amb aquells temes importants per al funcionament i l&#8217;organitzaci\u00f3 del centre: el projecte educatiu, la programaci\u00f3 general, la gesti\u00f3 econ\u00f2mica, etc.\u00a0<\/span><\/p>\n<p style=\"background: white; box-sizing: border-box; font-variant-ligatures: normal; font-variant-caps: normal; orphans: 2; text-align: justify; widows: 2; -webkit-text-stroke-width: 0px; text-decoration-thickness: initial; text-decoration-style: initial; text-decoration-color: initial; word-spacing: 0px; margin: 0cm 0cm 7.5pt;\"><span style=\"font-size: 10.5pt; font-family: 'Helvetica','sans-serif'; color: #666666;\">Els membres del consell escolar s\u00f3n elegits per un per\u00edode de quatre anys i es renoven per meitats cada dos anys. En el nostre centre el consell escolar queda de la manera seg\u00fcent:<\/span><\/p>\n<p><a href=\"https:\/\/agora.xtec.cat\/escfabra\/wp-content\/uploads\/usu2369\/2026\/01\/representants_consell_Escolar.jpg\"><img loading=\"lazy\" decoding=\"async\" class=\"wp-image-3088 aligncenter\" src=\"https:\/\/agora.xtec.cat\/escfabra\/wp-content\/uploads\/usu2369\/2026\/01\/representants_consell_Escolar.jpg\" alt=\"\" width=\"601\" height=\"851\" srcset=\"https:\/\/agora.xtec.cat\/escfabra\/wp-content\/uploads\/usu2369\/2026\/01\/representants_consell_Escolar.jpg 1587w, https:\/\/agora.xtec.cat\/escfabra\/wp-content\/uploads\/usu2369\/2026\/01\/representants_consell_Escolar-212x300.jpg 212w, https:\/\/agora.xtec.cat\/escfabra\/wp-content\/uploads\/usu2369\/2026\/01\/representants_consell_Escolar-724x1024.jpg 724w, https:\/\/agora.xtec.cat\/escfabra\/wp-content\/uploads\/usu2369\/2026\/01\/representants_consell_Escolar-768x1086.jpg 768w, https:\/\/agora.xtec.cat\/escfabra\/wp-content\/uploads\/usu2369\/2026\/01\/representants_consell_Escolar-1086x1536.jpg 1086w, https:\/\/agora.xtec.cat\/escfabra\/wp-content\/uploads\/usu2369\/2026\/01\/representants_consell_Escolar-1448x2048.jpg 1448w\" sizes=\"auto, (max-width: 601px) 100vw, 601px\" \/><\/a><\/p>\n<p>&nbsp;<\/p>\n","protected":false},"excerpt":{"rendered":"<p>El consell escolar del centre \u00e9s l&#8217;\u00f2rgan col\u00b7legiat de participaci\u00f3\u00a0de la comunitat escolar en el govern del centre. En el consell escolar hi ha representats tots els col\u00b7lectius que intervenen en la comunitat educativa: director o directora, professorat, alumnes, personal d&#8217;administraci\u00f3 i serveis, etc.<br \/>\nEn els&hellip;  <a href=\"https:\/\/agora.xtec.cat\/escfabra\/lescola\/consell-escolar\/\" title=\"Read Consell escolar\">Llegeix m\u00e9s\u00bb<\/a><\/p>\n","protected":false},"author":1,"featured_media":0,"parent":22,"menu_order":30,"comment_status":"closed","ping_status":"closed","template":"page-templates\/side-menu.php","meta":{"_bbp_topic_count":0,"_bbp_reply_count":0,"_bbp_total_topic_count":0,"_bbp_total_reply_count":0,"_bbp_voice_count":0,"_bbp_anonymous_reply_count":0,"_bbp_topic_count_hidden":0,"_bbp_reply_count_hidden":0,"_bbp_forum_subforum_count":0,"footnotes":""},"class_list":["post-28","page","type-page","status-publish","hentry"],"post_mailing_queue_ids":[],"_links":{"self":[{"href":"https:\/\/agora.xtec.cat\/escfabra\/wp-json\/wp\/v2\/pages\/28","targetHints":{"allow":["GET"]}}],"collection":[{"href":"https:\/\/agora.xtec.cat\/escfabra\/wp-json\/wp\/v2\/pages"}],"about":[{"href":"https:\/\/agora.xtec.cat\/escfabra\/wp-json\/wp\/v2\/types\/page"}],"author":[{"embeddable":true,"href":"https:\/\/agora.xtec.cat\/escfabra\/wp-json\/wp\/v2\/users\/1"}],"replies":[{"embeddable":true,"href":"https:\/\/agora.xtec.cat\/escfabra\/wp-json\/wp\/v2\/comments?post=28"}],"version-history":[{"count":7,"href":"https:\/\/agora.xtec.cat\/escfabra\/wp-json\/wp\/v2\/pages\/28\/revisions"}],"predecessor-version":[{"id":3106,"href":"https:\/\/agora.xtec.cat\/escfabra\/wp-json\/wp\/v2\/pages\/28\/revisions\/3106"}],"up":[{"embeddable":true,"href":"https:\/\/agora.xtec.cat\/escfabra\/wp-json\/wp\/v2\/pages\/22"}],"wp:attachment":[{"href":"https:\/\/agora.xtec.cat\/escfabra\/wp-json\/wp\/v2\/media?parent=28"}],"curies":[{"name":"wp","href":"https:\/\/api.w.org\/{rel}","templated":true}]}}