{"id":26,"date":"2014-09-18T12:24:32","date_gmt":"2014-09-18T11:24:32","guid":{"rendered":"http:\/\/agora.xtec.cat\/escfabra\/?page_id=26"},"modified":"2026-01-14T15:39:11","modified_gmt":"2026-01-14T14:39:11","slug":"historia","status":"publish","type":"page","link":"https:\/\/agora.xtec.cat\/escfabra\/lescola\/historia\/","title":{"rendered":"Hist\u00f2ria"},"content":{"rendered":"<p style=\"text-align: justify;\">L\u2019Escola Fabra compta amb una llarga hist\u00f2ria i tradici\u00f3 dins el municipi d\u2019Alella. En el seu origen estava ubicada a \u201cl\u2019edifici del poble\u201d i va ser un donatiu del Marqu\u00e8s d\u2019Alella. Inaugurada l\u2019any 1935, en plena Rep\u00fablica, sempre ha estat un referent en l\u2019\u00e0mbit local. Durant molts anys, per poder assolir la demanda d\u2019escolaritat, el centre ha hagut de distribuir-se en tres edificis, un d\u2019ells, \u201cl\u2019edifici del poble\u201d, bastant allunyat dels altres dos.<\/p>\n<p style=\"text-align: justify;\">L\u2019any 2010 es va iniciar el proc\u00e9s d\u2019ampliaci\u00f3 als edificis situats a l\u2019avinguda del Bosquet.<\/p>\n<p style=\"text-align: justify;\">Despr\u00e9s de m\u00e9s d\u2019un curs escolar d\u2019obres vam poder ubicar-nos totes les etapes i cicles al mateix espai, dividits en dos edificis (un per Infantil i l\u2019altre per Prim\u00e0ria). Cal esmentar que, paral\u00b7lelament, es va crear l\u2019escola La Serreta, i el nostre centre va passar a tenir, en la majoria dels nivells, dues l\u00ednies en comptes de tres. Actualment, existeixen dues l\u00ednies en tots els cursos, tant a Infantil com a Prim\u00e0ria.<\/p>\n<p><a href=\"https:\/\/agora.xtec.cat\/escfabra\/wp-content\/uploads\/usu2369\/2023\/02\/escolesfabra1.jpg\"><img loading=\"lazy\" decoding=\"async\" class=\"alignnone size-full wp-image-516\" src=\"https:\/\/agora.xtec.cat\/escfabra\/wp-content\/uploads\/usu2369\/2023\/02\/escolesfabra1.jpg\" alt=\"\" width=\"960\" height=\"578\" srcset=\"https:\/\/agora.xtec.cat\/escfabra\/wp-content\/uploads\/usu2369\/2023\/02\/escolesfabra1.jpg 960w, https:\/\/agora.xtec.cat\/escfabra\/wp-content\/uploads\/usu2369\/2023\/02\/escolesfabra1-300x181.jpg 300w, https:\/\/agora.xtec.cat\/escfabra\/wp-content\/uploads\/usu2369\/2023\/02\/escolesfabra1-768x462.jpg 768w\" sizes=\"auto, (max-width: 960px) 100vw, 960px\" \/><\/a><\/p>\n<p style=\"text-align: center;\">Inauguraci\u00f3\u00a0Escola Fabra. 7 de gener de 1935<\/p>\n<p>&nbsp;<\/p>\n","protected":false},"excerpt":{"rendered":"<p>L\u2019Escola Fabra compta amb una llarga hist\u00f2ria i tradici\u00f3 dins el municipi d\u2019Alella. En el seu origen estava ubicada a \u201cl\u2019edifici del poble\u201d i va ser un donatiu del Marqu\u00e8s d\u2019Alella. Inaugurada l\u2019any 1935, en plena Rep\u00fablica, sempre ha estat un referent en l\u2019\u00e0mbit local.&hellip;  <a href=\"https:\/\/agora.xtec.cat\/escfabra\/lescola\/historia\/\" title=\"Read Hist\u00f2ria\">Llegeix m\u00e9s\u00bb<\/a><\/p>\n","protected":false},"author":1,"featured_media":0,"parent":22,"menu_order":20,"comment_status":"closed","ping_status":"closed","template":"page-templates\/side-menu.php","meta":{"_bbp_topic_count":0,"_bbp_reply_count":0,"_bbp_total_topic_count":0,"_bbp_total_reply_count":0,"_bbp_voice_count":0,"_bbp_anonymous_reply_count":0,"_bbp_topic_count_hidden":0,"_bbp_reply_count_hidden":0,"_bbp_forum_subforum_count":0,"footnotes":""},"class_list":["post-26","page","type-page","status-publish","hentry"],"post_mailing_queue_ids":[],"_links":{"self":[{"href":"https:\/\/agora.xtec.cat\/escfabra\/wp-json\/wp\/v2\/pages\/26","targetHints":{"allow":["GET"]}}],"collection":[{"href":"https:\/\/agora.xtec.cat\/escfabra\/wp-json\/wp\/v2\/pages"}],"about":[{"href":"https:\/\/agora.xtec.cat\/escfabra\/wp-json\/wp\/v2\/types\/page"}],"author":[{"embeddable":true,"href":"https:\/\/agora.xtec.cat\/escfabra\/wp-json\/wp\/v2\/users\/1"}],"replies":[{"embeddable":true,"href":"https:\/\/agora.xtec.cat\/escfabra\/wp-json\/wp\/v2\/comments?post=26"}],"version-history":[{"count":5,"href":"https:\/\/agora.xtec.cat\/escfabra\/wp-json\/wp\/v2\/pages\/26\/revisions"}],"predecessor-version":[{"id":3083,"href":"https:\/\/agora.xtec.cat\/escfabra\/wp-json\/wp\/v2\/pages\/26\/revisions\/3083"}],"up":[{"embeddable":true,"href":"https:\/\/agora.xtec.cat\/escfabra\/wp-json\/wp\/v2\/pages\/22"}],"wp:attachment":[{"href":"https:\/\/agora.xtec.cat\/escfabra\/wp-json\/wp\/v2\/media?parent=26"}],"curies":[{"name":"wp","href":"https:\/\/api.w.org\/{rel}","templated":true}]}}