{"id":2294,"date":"2025-05-14T10:09:29","date_gmt":"2025-05-14T08:09:29","guid":{"rendered":"https:\/\/agora.xtec.cat\/escfabra\/?page_id=2294"},"modified":"2025-05-16T12:19:43","modified_gmt":"2025-05-16T10:19:43","slug":"programes-dinnovacio-de-lescola-4","status":"publish","type":"page","link":"https:\/\/agora.xtec.cat\/escfabra\/programes-dinnovacio-de-lescola-4\/","title":{"rendered":"Programes d&#8217;Innovaci\u00f3 de l&#8217;Escola"},"content":{"rendered":"<p style=\"text-align: justify;\">L\u2019escola s\u2019adhereix a programes d\u2019innovaci\u00f3 del Departament d\u2019Educaci\u00f3 amb l\u2019objectiu de potenciar la qualitat educativa i afavorir l\u2019aprenentatge competencial de l\u2019alumnat. Mitjan\u00e7ant aquesta participaci\u00f3, es promouen metodologies actives, el treball col\u00b7laboratiu i l\u2019\u00fas de recursos digitals, tot impulsant una educaci\u00f3 inclusiva, creativa i adaptada als reptes del segle XXI. Us detallem els programes d&#8217;innovaci\u00f3 als quals l&#8217;escola est\u00e0 adherida:<\/p>\n<table style=\"height: 924px; width: 93.0913%; border-collapse: collapse; border-color: #000000;\">\n<tbody>\n<tr style=\"height: 32px;\">\n<td style=\"width: 31.311%; height: 10px;\">\n<h3><em>PROGRAMA FLORENCE<\/em><\/h3>\n<\/td>\n<td style=\"width: 30.8761%; height: 10px;\">\n<h2><a href=\"https:\/\/educacio.gencat.cat\/ca\/departament\/linies-estrategiques\/programaflorence\/index.html\"><img loading=\"lazy\" decoding=\"async\" class=\"alignnone size-medium wp-image-1774\" src=\"https:\/\/agora.xtec.cat\/escfabra\/wp-content\/uploads\/usu2369\/2024\/11\/FLORENCE-300x90.png\" alt=\"\" width=\"300\" height=\"90\" srcset=\"https:\/\/agora.xtec.cat\/escfabra\/wp-content\/uploads\/usu2369\/2024\/11\/FLORENCE-300x90.png 300w, https:\/\/agora.xtec.cat\/escfabra\/wp-content\/uploads\/usu2369\/2024\/11\/FLORENCE.png 731w\" sizes=\"auto, (max-width: 300px) 100vw, 300px\" \/><\/a><\/h2>\n<\/td>\n<td style=\"width: 108.711%; background-color: #ffe285;\">\n<p style=\"text-align: justify;\">El projecte Florence Matem\u00e0tiques \u00e9s una iniciativa educativa que promou l&#8217;aprenentatge significatiu de les matem\u00e0tiques mitjan\u00e7ant la resoluci\u00f3 de problemes reals. Estimula el pensament cr\u00edtic i la creativitat dels alumnes a trav\u00e9s de metodologies actives i col\u00b7laboratives.<\/p>\n<\/td>\n<\/tr>\n<tr style=\"height: 300px;\">\n<td style=\"width: 31.311%; height: 10px;\">\n<h3 class=\"widget-title\"><em>GEP GENERACI\u00d3 PLURILING\u00dcE<\/em><\/h3>\n<\/td>\n<td style=\"width: 30.8761%; height: 10px;\"><a href=\"https:\/\/xtec.gencat.cat\/ca\/projectes\/plurilinguisme\/programes\/institucionals\/gep\/\"><img loading=\"lazy\" decoding=\"async\" class=\"size-thumbnail wp-image-1570 aligncenter\" src=\"https:\/\/agora.xtec.cat\/escfabra\/wp-content\/uploads\/usu2369\/2024\/07\/5PROGRAMES-150x150.png\" alt=\"\" width=\"150\" height=\"150\" \/><\/a><\/td>\n<td style=\"width: 108.711%; background-color: #ffe285;\">\n<p style=\"text-align: justify;\">El projecte GEP (Generaci\u00f3 Pluriling\u00fce) de la Generalitat de Catalunya impulsa l\u2019aprenentatge de lleng\u00fces estrangeres mitjan\u00e7ant metodologies innovadores. Fomenta el treball interdisciplinari i l\u2019\u00fas del pluriling\u00fcisme a l\u2019aula per preparar l\u2019alumnat per a un context global.<\/p>\n<\/td>\n<\/tr>\n<tr style=\"height: 192px;\">\n<td style=\"width: 31.311%; height: 192px;\">\n<h3 class=\"widget-title\"><em>ESCOLES LLIURES DE VIOL\u00c8NCIA<\/em><\/h3>\n<\/td>\n<td style=\"width: 30.8761%; height: 192px;\"><a href=\"https:\/\/www.fcbarcelona.cat\/ca\/fitxa\/4000978\/escola-sense-violencies\"><img loading=\"lazy\" decoding=\"async\" class=\"alignnone size-full wp-image-1777\" src=\"https:\/\/agora.xtec.cat\/escfabra\/wp-content\/uploads\/usu2369\/2024\/12\/barca.jpg\" alt=\"\" width=\"284\" height=\"177\" \/><\/a><\/td>\n<td style=\"width: 108.711%; background-color: #ffe285;\">\n<p style=\"text-align: justify;\">El programa <em>Escola sense viol\u00e8ncies<\/em> de la Fundaci\u00f3 FC Barcelona promou entorns escolars segurs i protectors, capacitant tot el personal educatiu per prevenir, detectar i actuar davant qualsevol forma de viol\u00e8ncia que pugui afectar infants i adolescents. Amb l&#8217;esport com a eix vertebrador, ofereix formaci\u00f3, recursos i acompanyament gratu\u00eft per a les escoles de prim\u00e0ria de Catalunya, fomentant la conviv\u00e8ncia i el benestar de l&#8217;alumnat.<\/p>\n<\/td>\n<\/tr>\n<tr style=\"height: 162px;\">\n<td style=\"width: 31.311%; height: 162px;\">\n<h3 class=\"widget-title\"><em>XARXA DE COMPET\u00c8NCIES<\/em><\/h3>\n<\/td>\n<td style=\"width: 30.8761%; height: 162px;\"><a href=\"https:\/\/xtec.gencat.cat\/ca\/curriculum\/xarxa-de-competencies\/\"><img loading=\"lazy\" decoding=\"async\" class=\"alignnone size-full wp-image-1488\" src=\"https:\/\/agora.xtec.cat\/escfabra\/wp-content\/uploads\/usu2369\/2024\/06\/image-1.png\" alt=\"\" width=\"362\" height=\"186\" srcset=\"https:\/\/agora.xtec.cat\/escfabra\/wp-content\/uploads\/usu2369\/2024\/06\/image-1.png 362w, https:\/\/agora.xtec.cat\/escfabra\/wp-content\/uploads\/usu2369\/2024\/06\/image-1-300x154.png 300w\" sizes=\"auto, (max-width: 362px) 100vw, 362px\" \/><\/a><\/td>\n<td style=\"width: 108.711%; background-color: #ffe285;\">\n<p style=\"text-align: justify;\">La Xarxa de Compet\u00e8ncies B\u00e0siques \u00e9s un programa d\u2019innovaci\u00f3 educativa impulsat pel Departament d\u2019Educaci\u00f3 de la Generalitat de Catalunya. Promou la formaci\u00f3 permanent del professorat mitjan\u00e7ant l\u2019aprenentatge entre iguals i en xarxa, amb l\u2019objectiu de transformar els centres educatius i millorar els aprenentatges de tot l\u2019alumnat.<\/p>\n<\/td>\n<\/tr>\n<tr style=\"height: 118px;\">\n<td style=\"width: 31.311%; height: 118px;\">\n<h3 class=\"widget-title\"><em>ULAE (Usos ling\u00fc\u00edstics en l\u2019\u00e0mbit educatiu)<\/em><\/h3>\n<\/td>\n<td style=\"width: 30.8761%; height: 118px;\"><a href=\"https:\/\/educacio.gencat.cat\/ca\/departament\/linies-estrategiques\/pla-llengua-catalana\/index.html\"><img loading=\"lazy\" decoding=\"async\" class=\"alignnone size-medium wp-image-2494\" src=\"https:\/\/agora.xtec.cat\/escfabra\/wp-content\/uploads\/usu2369\/2025\/05\/UALE-300x291.png\" alt=\"\" width=\"300\" height=\"291\" srcset=\"https:\/\/agora.xtec.cat\/escfabra\/wp-content\/uploads\/usu2369\/2025\/05\/UALE-300x291.png 300w, https:\/\/agora.xtec.cat\/escfabra\/wp-content\/uploads\/usu2369\/2025\/05\/UALE.png 457w\" sizes=\"auto, (max-width: 300px) 100vw, 300px\" \/><\/a><\/td>\n<td style=\"width: 108.711%; background-color: #ffe285;\">\n<p style=\"text-align: justify;\">El projecte ULAE (Usos Ling\u00fc\u00edstics en l\u2019\u00c0mbit Educatiu) \u00e9s una iniciativa del Departament d\u2019Educaci\u00f3 de la Generalitat de Catalunya que promou l\u2019\u00fas del catal\u00e0 com a llengua vehicular i de cohesi\u00f3 social en els centres educatius. Mitjan\u00e7ant tallers de sensibilitzaci\u00f3 i grups impulsors, el projecte proporciona eines per gestionar la diversitat ling\u00fc\u00edstica i fomentar l\u2019aprenentatge del catal\u00e0 com a valor d\u2019enriquiment compartit .<\/p>\n<\/td>\n<\/tr>\n<tr style=\"height: 159px;\">\n<td style=\"width: 31.311%; height: 159px;\">\n<h3 class=\"widget-title\"><em>TENIM LA PARAULA<\/em><\/h3>\n<\/td>\n<td style=\"width: 30.8761%; height: 159px;\"><a href=\"https:\/\/xtec.gencat.cat\/ca\/projectes\/llengua-oral\/tenim-la-paraula\/\"><img loading=\"lazy\" decoding=\"async\" class=\"alignnone size-medium wp-image-1492\" src=\"https:\/\/agora.xtec.cat\/escfabra\/wp-content\/uploads\/usu2369\/2024\/06\/image-3-300x151.png\" alt=\"\" width=\"300\" height=\"151\" srcset=\"https:\/\/agora.xtec.cat\/escfabra\/wp-content\/uploads\/usu2369\/2024\/06\/image-3-300x151.png 300w, https:\/\/agora.xtec.cat\/escfabra\/wp-content\/uploads\/usu2369\/2024\/06\/image-3-768x385.png 768w, https:\/\/agora.xtec.cat\/escfabra\/wp-content\/uploads\/usu2369\/2024\/06\/image-3.png 881w\" sizes=\"auto, (max-width: 300px) 100vw, 300px\" \/><\/a><\/td>\n<td style=\"width: 108.711%; background-color: #ffe285;\">\n<p style=\"text-align: justify;\">El projecte <em>Tenim la paraula<\/em> del Departament d\u2019Educaci\u00f3 de la Generalitat de Catalunya promou el desenvolupament de la compet\u00e8ncia comunicativa oral en l\u2019alumnat. Mitjan\u00e7ant activitats i recursos did\u00e0ctics, fomenta l\u2019expressi\u00f3 i la comprensi\u00f3 oral com a eixos clau de l\u2019aprenentatge.<\/p>\n<\/td>\n<\/tr>\n<\/tbody>\n<\/table>\n","protected":false},"excerpt":{"rendered":"<p>L\u2019escola s\u2019adhereix a programes d\u2019innovaci\u00f3 del Departament d\u2019Educaci\u00f3 amb l\u2019objectiu de potenciar la qualitat educativa i afavorir l\u2019aprenentatge competencial de l\u2019alumnat. Mitjan\u00e7ant aquesta participaci\u00f3, es promouen metodologies actives, el treball col\u00b7laboratiu i l\u2019\u00fas de recursos digitals, tot impulsant una educaci\u00f3 inclusiva, creativa i adaptada als&hellip;  <a href=\"https:\/\/agora.xtec.cat\/escfabra\/programes-dinnovacio-de-lescola-4\/\" title=\"Read Programes d&#8217;Innovaci\u00f3 de l&#8217;Escola\">Llegeix m\u00e9s\u00bb<\/a><\/p>\n","protected":false},"author":1,"featured_media":0,"parent":0,"menu_order":0,"comment_status":"closed","ping_status":"closed","template":"","meta":{"_bbp_topic_count":0,"_bbp_reply_count":0,"_bbp_total_topic_count":0,"_bbp_total_reply_count":0,"_bbp_voice_count":0,"_bbp_anonymous_reply_count":0,"_bbp_topic_count_hidden":0,"_bbp_reply_count_hidden":0,"_bbp_forum_subforum_count":0,"footnotes":""},"class_list":["post-2294","page","type-page","status-publish","hentry"],"post_mailing_queue_ids":[],"_links":{"self":[{"href":"https:\/\/agora.xtec.cat\/escfabra\/wp-json\/wp\/v2\/pages\/2294","targetHints":{"allow":["GET"]}}],"collection":[{"href":"https:\/\/agora.xtec.cat\/escfabra\/wp-json\/wp\/v2\/pages"}],"about":[{"href":"https:\/\/agora.xtec.cat\/escfabra\/wp-json\/wp\/v2\/types\/page"}],"author":[{"embeddable":true,"href":"https:\/\/agora.xtec.cat\/escfabra\/wp-json\/wp\/v2\/users\/1"}],"replies":[{"embeddable":true,"href":"https:\/\/agora.xtec.cat\/escfabra\/wp-json\/wp\/v2\/comments?post=2294"}],"version-history":[{"count":6,"href":"https:\/\/agora.xtec.cat\/escfabra\/wp-json\/wp\/v2\/pages\/2294\/revisions"}],"predecessor-version":[{"id":2505,"href":"https:\/\/agora.xtec.cat\/escfabra\/wp-json\/wp\/v2\/pages\/2294\/revisions\/2505"}],"wp:attachment":[{"href":"https:\/\/agora.xtec.cat\/escfabra\/wp-json\/wp\/v2\/media?parent=2294"}],"curies":[{"name":"wp","href":"https:\/\/api.w.org\/{rel}","templated":true}]}}