{"id":1157,"date":"2024-01-30T16:27:02","date_gmt":"2024-01-30T15:27:02","guid":{"rendered":"https:\/\/agora.xtec.cat\/escfabra\/?page_id=1157"},"modified":"2026-04-23T09:45:14","modified_gmt":"2026-04-23T07:45:14","slug":"preinscripcio-i-matricula-2024-2025-2","status":"publish","type":"page","link":"https:\/\/agora.xtec.cat\/escfabra\/preinscripcio-i-matricula-2024-2025-2\/","title":{"rendered":"Preinscripci\u00f3 i matr\u00edcula 2026 &#8211; 2027"},"content":{"rendered":"<p><strong>TERMINIS PER PRESENTAR LA SOL\u00b7LICITUD A EDUCACI\u00d3 INFANTIL I PRIM\u00c0RIA<\/strong><\/p>\n<p><strong>del 04 AL 18 de mar\u00e7 de 2026<\/strong> l &#8216;enlla\u00e7:\u00a0\u00a0<strong><a href=\"https:\/\/tramits.gencat.cat\/ca\/tramits\/tramits-temes\/preinscripcio-obligatoris?category=74447ed8-a82c-11e3-a972-000c29052e2c&amp;moda=1\">PRESENTAR_SOL\u00b7LICITUD_PREINSCRIPCI\u00d3<\/a><\/strong><a href=\"https:\/\/agora.xtec.cat\/escfabra\/wp-content\/uploads\/usu2369\/2026\/02\/Preinscripcio_baners_Web_educacio__Preinscripcio_web_educacio_555x431_PRIMARIA-1.jpg\"><img loading=\"lazy\" decoding=\"async\" class=\"wp-image-3298 alignright\" src=\"https:\/\/agora.xtec.cat\/escfabra\/wp-content\/uploads\/usu2369\/2026\/02\/Preinscripcio_baners_Web_educacio__Preinscripcio_web_educacio_555x431_PRIMARIA-1-300x235.jpg\" alt=\"\" width=\"208\" height=\"163\" srcset=\"https:\/\/agora.xtec.cat\/escfabra\/wp-content\/uploads\/usu2369\/2026\/02\/Preinscripcio_baners_Web_educacio__Preinscripcio_web_educacio_555x431_PRIMARIA-1-300x235.jpg 300w, https:\/\/agora.xtec.cat\/escfabra\/wp-content\/uploads\/usu2369\/2026\/02\/Preinscripcio_baners_Web_educacio__Preinscripcio_web_educacio_555x431_PRIMARIA-1.jpg 572w\" sizes=\"auto, (max-width: 208px) 100vw, 208px\" \/><\/a><\/p>\n<p>La preinscripci\u00f3 a educaci\u00f3 infantil, prim\u00e0ria i secund\u00e0ria obligat\u00f2ria \u00e9s un tr\u00e0mit obligatori que serveix perqu\u00e8 el Departament d&#8217;Educaci\u00f3 i Formaci\u00f3 Professional assigni les places escolars dels centres p\u00fablics i concertats.<\/p>\n<p>\u200bCada sol\u00b7licitud de preinscripci\u00f3 rep una puntuaci\u00f3 d&#8217;acord amb els criteris de prioritat establerts per la normativa. Un cop revisades totes les sol\u00b7licituds, l&#8217;assignaci\u00f3 de places es fa seguint l&#8217;ordre de puntuaci\u00f3.<\/p>\n<p><strong>Tota la informaci\u00f3 de la preinscripci\u00f3 \u00a0<a href=\"https:\/\/agora.xtec.cat\/escfabra\/wp-content\/uploads\/usu2369\/2025\/02\/images-2.png\"><img loading=\"lazy\" decoding=\"async\" class=\"alignnone wp-image-2191\" src=\"https:\/\/agora.xtec.cat\/escfabra\/wp-content\/uploads\/usu2369\/2025\/02\/images-2.png\" alt=\"\" width=\"21\" height=\"21\" srcset=\"https:\/\/agora.xtec.cat\/escfabra\/wp-content\/uploads\/usu2369\/2025\/02\/images-2.png 225w, https:\/\/agora.xtec.cat\/escfabra\/wp-content\/uploads\/usu2369\/2025\/02\/images-2-150x150.png 150w\" sizes=\"auto, (max-width: 21px) 100vw, 21px\" \/><\/a><\/strong>:\u00a0 <strong>\u00a0<a href=\"https:\/\/preinscripcio.gencat.cat\/ca\/inici\">https:\/\/preinscripcio.gencat.cat\/ca\/inici<\/a><\/strong><\/p>\n<h5><strong>MAPA ESCOLAR (oferta places)<\/strong>:\u00a0\u00a0<a href=\"https:\/\/mapaescolar.gencat.cat\/\">https:\/\/mapaescolar.gencat.cat\/<\/a><\/h5>\n<p>&nbsp;<\/p>\n<h4><strong>PUBLICACIONS:\u00a0<\/strong><\/h4>\n<ul>\n<li>\n<h5><strong><a href=\"https:\/\/agora.xtec.cat\/escfabra\/wp-content\/uploads\/usu2369\/2026\/04\/INFORME_BAREM_PROVISIONAL_BAREM-1.pdf\">INFORME_BAREM_PROVISIONAL_BAREM<\/a> <\/strong>\u00a0<strong>(15\/04\/2026). <\/strong>Comproveu que el barem coincideixi amb els criteris al\u00b7legats a la sol\u00b7licitud de preinscripci\u00f3. Si no \u00e9s aix\u00ed, teniu del 15 al 20 d&#8217;abril per fer la reclamaci\u00f3.<\/h5>\n<\/li>\n<li>\n<h5><a href=\"https:\/\/agora.xtec.cat\/escfabra\/wp-content\/uploads\/usu2369\/2026\/04\/INFORME_BAREM_RESOLTES_BAREM-1.pdf\"><strong>INFORME_BAREM_RESOLTES_BAREM<\/strong> (1)<\/a> (23\/04\/2026)<\/h5>\n<\/li>\n<\/ul>\n<h5><\/h5>\n<h5><strong>CALENDARI DE LES FASES DE LA PREINSCRIPCI\u00d3<\/strong><\/h5>\n<p><a href=\"https:\/\/agora.xtec.cat\/escfabra\/wp-content\/uploads\/usu2369\/2026\/02\/fases-preinscripcio-2.png\"><img loading=\"lazy\" decoding=\"async\" class=\"alignnone wp-image-3337 size-large\" src=\"https:\/\/agora.xtec.cat\/escfabra\/wp-content\/uploads\/usu2369\/2026\/02\/fases-preinscripcio-2-732x1024.png\" alt=\"\" width=\"732\" height=\"1024\" srcset=\"https:\/\/agora.xtec.cat\/escfabra\/wp-content\/uploads\/usu2369\/2026\/02\/fases-preinscripcio-2-732x1024.png 732w, https:\/\/agora.xtec.cat\/escfabra\/wp-content\/uploads\/usu2369\/2026\/02\/fases-preinscripcio-2-214x300.png 214w, https:\/\/agora.xtec.cat\/escfabra\/wp-content\/uploads\/usu2369\/2026\/02\/fases-preinscripcio-2-768x1075.png 768w, https:\/\/agora.xtec.cat\/escfabra\/wp-content\/uploads\/usu2369\/2026\/02\/fases-preinscripcio-2-1097x1536.png 1097w, https:\/\/agora.xtec.cat\/escfabra\/wp-content\/uploads\/usu2369\/2026\/02\/fases-preinscripcio-2.png 1429w\" sizes=\"auto, (max-width: 732px) 100vw, 732px\" \/>\u00a0<\/a><\/p>\n<p>&nbsp;<\/p>\n<p>&nbsp;<\/p>\n<p>&nbsp;<\/p>\n<p>&nbsp;<\/p>\n","protected":false},"excerpt":{"rendered":"<p>TERMINIS PER PRESENTAR LA SOL\u00b7LICITUD A EDUCACI\u00d3 INFANTIL I PRIM\u00c0RIA<br \/>\ndel 04 AL 18 de mar\u00e7 de 2026 l &#8216;enlla\u00e7:\u00a0\u00a0<a href=\"https:\/\/tramits.gencat.cat\/ca\/tramits\/tramits-temes\/preinscripcio-obligatoris?category=74447ed8-a82c-11e3-a972-000c29052e2c&amp;moda=1\">PRESENTAR_SOL\u00b7LICITUD_PREINSCRIPCI\u00d3<\/a><a href=\"https:\/\/agora.xtec.cat\/escfabra\/wp-content\/uploads\/usu2369\/2026\/02\/Preinscripcio_baners_Web_educacio__Preinscripcio_web_educacio_555x431_PRIMARIA-1.jpg\"><\/a><br \/>\nLa preinscripci\u00f3 a educaci\u00f3 infantil, prim\u00e0ria i secund\u00e0ria obligat\u00f2ria \u00e9s un tr\u00e0mit obligatori que serveix perqu\u00e8 el Departament d&#8217;Educaci\u00f3 i Formaci\u00f3 Professional assigni les places&hellip;  <a href=\"https:\/\/agora.xtec.cat\/escfabra\/preinscripcio-i-matricula-2024-2025-2\/\" title=\"Read Preinscripci\u00f3 i matr\u00edcula 2026 &#8211; 2027\">Llegeix m\u00e9s\u00bb<\/a><\/p>\n","protected":false},"author":1,"featured_media":0,"parent":0,"menu_order":0,"comment_status":"closed","ping_status":"closed","template":"","meta":{"_bbp_topic_count":0,"_bbp_reply_count":0,"_bbp_total_topic_count":0,"_bbp_total_reply_count":0,"_bbp_voice_count":0,"_bbp_anonymous_reply_count":0,"_bbp_topic_count_hidden":0,"_bbp_reply_count_hidden":0,"_bbp_forum_subforum_count":0,"footnotes":""},"class_list":["post-1157","page","type-page","status-publish","hentry"],"post_mailing_queue_ids":[],"_links":{"self":[{"href":"https:\/\/agora.xtec.cat\/escfabra\/wp-json\/wp\/v2\/pages\/1157","targetHints":{"allow":["GET"]}}],"collection":[{"href":"https:\/\/agora.xtec.cat\/escfabra\/wp-json\/wp\/v2\/pages"}],"about":[{"href":"https:\/\/agora.xtec.cat\/escfabra\/wp-json\/wp\/v2\/types\/page"}],"author":[{"embeddable":true,"href":"https:\/\/agora.xtec.cat\/escfabra\/wp-json\/wp\/v2\/users\/1"}],"replies":[{"embeddable":true,"href":"https:\/\/agora.xtec.cat\/escfabra\/wp-json\/wp\/v2\/comments?post=1157"}],"version-history":[{"count":6,"href":"https:\/\/agora.xtec.cat\/escfabra\/wp-json\/wp\/v2\/pages\/1157\/revisions"}],"predecessor-version":[{"id":3481,"href":"https:\/\/agora.xtec.cat\/escfabra\/wp-json\/wp\/v2\/pages\/1157\/revisions\/3481"}],"wp:attachment":[{"href":"https:\/\/agora.xtec.cat\/escfabra\/wp-json\/wp\/v2\/media?parent=1157"}],"curies":[{"name":"wp","href":"https:\/\/api.w.org\/{rel}","templated":true}]}}