{"id":84,"date":"2014-09-18T14:11:31","date_gmt":"2014-09-18T13:11:31","guid":{"rendered":"http:\/\/agora.xtec.cat\/escestel\/?page_id=84"},"modified":"2024-01-29T09:34:04","modified_gmt":"2024-01-29T08:34:04","slug":"activitats-extraescolars","status":"publish","type":"page","link":"https:\/\/agora.xtec.cat\/escestel\/serveis\/activitats-extraescolars\/","title":{"rendered":"Activitats extraescolars"},"content":{"rendered":"<ul>\n<li>Aquest servei est\u00e0 \u00edntegrament gestionat per l&#8217;AFA de l&#8217;escola.<\/li>\n<li>Per inscriure els vostres fills\/filles a les activitats extraescolars, \u00e9s imprescindible ser socis de l\u2019AFA.<\/li>\n<li>Les activitats extraescolars queden subjectes a que s\u2019arribi al qu\u00f2rum necessari de nens apuntats per poder-les dur a terme.<\/li>\n<\/ul>\n<ul>\n<li>En cas de no arribar al m\u00ednim d\u2019inscrits, l\u2019AFA valorar\u00e0 ofertar el canvi d\u2019activitat a un <strong>servei d\u2019Acollida de tarda<\/strong> per tal de donar el suport necessari a les fam\u00edlies que necessiten ampliar l\u2019horari escolar.<\/li>\n<\/ul>\n<h5>Activitats Extraescolars &#8211; Curs 2023-2024<\/h5>\n<p>Les activitats que han arribat a la inscripci\u00f3 necess\u00e0ria per a la seva realitzaci\u00f3 aquest curs, han estat les seg\u00fcents:<\/p>\n<p><strong><em><u>Educaci\u00f3 infantil<\/u><\/em><\/strong><\/p>\n<table style=\"width: 50.3972%;\" width=\"539\">\n<tbody>\n<tr>\n<td style=\"width: 124.373%;\" colspan=\"6\" width=\"539\"><strong>EDUCACI\u00d3 INFANTIL<\/strong><\/td>\n<\/tr>\n<tr>\n<td style=\"width: 12.3656%;\" width=\"66\"><strong>\u00a0<\/strong><\/td>\n<td style=\"width: 15.5914%;\" width=\"95\"><strong>Dilluns<\/strong><\/td>\n<td style=\"width: 17.9211%;\" width=\"95\"><strong>Dimarts<\/strong><\/td>\n<td style=\"width: 15.5914%;\" width=\"95\"><strong>Dimecres<\/strong><\/td>\n<td style=\"width: 20.6093%;\" width=\"95\"><strong>Dijous<\/strong><\/td>\n<td style=\"width: 42.2939%;\" width=\"95\"><strong>Divendres<\/strong><\/td>\n<\/tr>\n<tr>\n<td style=\"width: 12.3656%;\" width=\"66\"><strong>MIGDIA<\/strong><\/td>\n<td style=\"width: 15.5914%;\" width=\"95\">ANGL\u00c8S<\/p>\n<p>I4-I5<\/td>\n<td style=\"width: 17.9211%;\" width=\"95\">ESCACS<\/p>\n<p>I5<\/td>\n<td style=\"width: 15.5914%;\" width=\"95\">ANGL\u00c8S<\/p>\n<p>I4-I5<\/td>\n<td style=\"width: 20.6093%;\" width=\"95\">&nbsp;<\/td>\n<td style=\"width: 42.2939%;\" width=\"95\">&nbsp;<\/td>\n<\/tr>\n<\/tbody>\n<\/table>\n<p><em style=\"font-family: inherit; font-size: 1em;\">\u00a0<\/em><strong style=\"font-family: inherit; font-size: 1em;\"><em><u>Educaci\u00f3 Prim\u00e0ria<\/u><\/em><\/strong><\/p>\n<h6><\/h6>\n<table style=\"width: 50.8441%; height: 444px;\" width=\"539\">\n<tbody>\n<tr style=\"height: 57px;\">\n<td style=\"width: 123.913%; height: 57px;\" colspan=\"6\" width=\"539\"><strong>EDUCACI\u00d3 PRIM\u00c0RIA<\/strong><\/td>\n<\/tr>\n<tr style=\"height: 57px;\">\n<td style=\"width: 12.5%; height: 57px;\" width=\"66\"><strong>\u00a0<\/strong><\/td>\n<td style=\"width: 15.942%; height: 57px;\" width=\"95\"><strong>Dilluns<\/strong><\/td>\n<td style=\"width: 16.4855%; height: 57px;\" width=\"95\"><strong>Dimarts<\/strong><\/td>\n<td style=\"width: 15.942%; height: 57px;\" width=\"95\"><strong>Dimecres<\/strong><\/td>\n<td style=\"width: 17.029%; height: 57px;\" width=\"95\"><strong>Dijous<\/strong><\/td>\n<td style=\"width: 46.0145%; height: 57px;\" width=\"95\"><strong>Divendres<\/strong><\/td>\n<\/tr>\n<tr style=\"height: 97px;\">\n<td style=\"width: 12.5%; height: 97px;\" width=\"66\"><strong>MIGDIA<\/strong><\/td>\n<td style=\"width: 15.942%; height: 97px;\" width=\"95\">ANGL\u00c8S<\/p>\n<p>1r<\/td>\n<td style=\"width: 16.4855%; height: 97px;\" width=\"95\">ESCACS<\/p>\n<p>1r-6\u00e8<\/td>\n<td style=\"width: 15.942%; height: 97px;\" width=\"95\">ANGL\u00c8S<\/p>\n<p>1r-<\/td>\n<td style=\"width: 17.029%; height: 97px;\" width=\"95\">ROB\u00d2TICA<\/p>\n<p>2n i 4t<\/td>\n<td style=\"width: 46.0145%; height: 97px;\" width=\"95\">ROB\u00d2TICA (5\u00e8 i 6\u00e8)<\/p>\n<p>PISCINA (3r a 6\u00e8)<\/td>\n<\/tr>\n<tr style=\"height: 57px;\">\n<td style=\"width: 123.913%; height: 57px;\" colspan=\"6\" width=\"539\"><strong>TARDA<\/strong><\/td>\n<\/tr>\n<tr style=\"height: 100px;\">\n<td style=\"width: 12.5%; height: 100px;\" width=\"66\"><strong>16.30h &#8211; 17.30h<\/strong><\/td>\n<td style=\"width: 15.942%; height: 100px;\" width=\"95\">&nbsp;<\/td>\n<td style=\"width: 16.4855%; height: 100px;\" width=\"95\">UKELELE i GUITARRA<\/p>\n<p>1r-6\u00e8<\/td>\n<td style=\"width: 15.942%; height: 100px;\" width=\"95\">&nbsp;<\/td>\n<td style=\"width: 17.029%; height: 100px;\" width=\"95\">&nbsp;<\/td>\n<td style=\"width: 46.0145%; height: 100px;\" width=\"95\">&nbsp;<\/td>\n<\/tr>\n<tr style=\"height: 76px;\">\n<td style=\"width: 12.5%; height: 76px;\" width=\"66\"><strong>16.30h &#8211; 18.00h<\/strong><\/td>\n<td style=\"width: 15.942%; height: 76px;\" width=\"95\">&nbsp;<\/td>\n<td style=\"width: 16.4855%; height: 76px;\" width=\"95\">&nbsp;<\/td>\n<td style=\"width: 15.942%; height: 76px;\" width=\"95\">F\u00daTBOL<\/p>\n<p>1r i 2n<\/td>\n<td style=\"width: 17.029%; height: 76px;\" width=\"95\">HANDBOL<\/p>\n<p>1r-4t<\/td>\n<td style=\"width: 46.0145%; height: 76px;\" width=\"95\">&nbsp;<\/td>\n<\/tr>\n<\/tbody>\n<\/table>\n","protected":false},"excerpt":{"rendered":"<ul>\n<li>Aquest servei est\u00e0 \u00edntegrament gestionat per l&#8217;AFA de l&#8217;escola.<\/li>\n<li>Per inscriure els vostres fills\/filles a les activitats extraescolars, \u00e9s imprescindible ser socis de l\u2019AFA.<\/li>\n<li>Les activitats extraescolars queden subjectes a que s\u2019arribi al qu\u00f2rum necessari de nens apuntats per poder-les dur a terme.<\/li>\n<\/ul>\n<ul>\n<li>En cas de no arribar&hellip;  <a href=\"https:\/\/agora.xtec.cat\/escestel\/serveis\/activitats-extraescolars\/\" title=\"Read Activitats extraescolars\">Llegeix m\u00e9s\u00bb<\/a><br \/>\n","protected":false},"author":1,"featured_media":0,"parent":66,"menu_order":60,"comment_status":"closed","ping_status":"closed","template":"page-templates\/side-menu.php","meta":{"_bbp_topic_count":0,"_bbp_reply_count":0,"_bbp_total_topic_count":0,"_bbp_total_reply_count":0,"_bbp_voice_count":0,"_bbp_anonymous_reply_count":0,"_bbp_topic_count_hidden":0,"_bbp_reply_count_hidden":0,"_bbp_forum_subforum_count":0,"footnotes":""},"class_list":["post-84","page","type-page","status-publish","hentry"],"post_mailing_queue_ids":[],"_links":{"self":[{"href":"https:\/\/agora.xtec.cat\/escestel\/wp-json\/wp\/v2\/pages\/84","targetHints":{"allow":["GET"]}}],"collection":[{"href":"https:\/\/agora.xtec.cat\/escestel\/wp-json\/wp\/v2\/pages"}],"about":[{"href":"https:\/\/agora.xtec.cat\/escestel\/wp-json\/wp\/v2\/types\/page"}],"author":[{"embeddable":true,"href":"https:\/\/agora.xtec.cat\/escestel\/wp-json\/wp\/v2\/users\/1"}],"replies":[{"embeddable":true,"href":"https:\/\/agora.xtec.cat\/escestel\/wp-json\/wp\/v2\/comments?post=84"}],"version-history":[{"count":3,"href":"https:\/\/agora.xtec.cat\/escestel\/wp-json\/wp\/v2\/pages\/84\/revisions"}],"predecessor-version":[{"id":17426,"href":"https:\/\/agora.xtec.cat\/escestel\/wp-json\/wp\/v2\/pages\/84\/revisions\/17426"}],"up":[{"embeddable":true,"href":"https:\/\/agora.xtec.cat\/escestel\/wp-json\/wp\/v2\/pages\/66"}],"wp:attachment":[{"href":"https:\/\/agora.xtec.cat\/escestel\/wp-json\/wp\/v2\/media?parent=84"}],"curies":[{"name":"wp","href":"https:\/\/api.w.org\/{rel}","templated":true}]}}