{"id":623,"date":"2018-01-17T16:17:49","date_gmt":"2018-01-17T15:17:49","guid":{"rendered":"http:\/\/agora.xtec.cat\/escestel\/?page_id=623"},"modified":"2018-09-06T11:36:55","modified_gmt":"2018-09-06T09:36:55","slug":"colonies-escolars","status":"publish","type":"page","link":"https:\/\/agora.xtec.cat\/escestel\/projecte-educatiu\/colonies-escolars\/","title":{"rendered":"Col\u00f2nies escolars"},"content":{"rendered":"<p>Les <strong>col\u00f2nies escolars<\/strong> formen part del <strong>projecte educatiu<\/strong> de la nostra escola i s\u00f3n una <strong>experi\u00e8ncia vital \u00fanica<\/strong> que tots els nens i nenes haurien de viure alguna vegada.<\/p>\n<p>Durant aquests dies, els nostres alumnes, sense deixar d\u2019aprendre mat\u00e8ria curricular mitjan\u00e7ant l\u2019experimentaci\u00f3, la viv\u00e8ncia i la posada en pr\u00e0ctica, aprendran:<\/p>\n<p>&#8211;\u00a0 A <strong>conviure <\/strong>amb els companys i amb els mestres.<\/p>\n<p>&#8211; A <strong>descobrir l\u2019entorn.<\/strong><\/p>\n<p>&#8211; A fomentar <strong>l\u2019autonomia personal i l\u2019autoconeixement<\/strong>.<\/p>\n<p>&#8211; A afavorir la <strong>cohesi\u00f3<\/strong> de grup.<\/p>\n<p>A l\u2019Estel fem <strong>col\u00f2nies des de P4 fins a 6\u00e8<\/strong>. De P4 a 2n passem una nit fora i de 3r a 6\u00e8, dues.<\/p>\n<p>Les col\u00f2nies de Prim\u00e0ria es realitzen a l\u2019octubre. Despr\u00e9s de molt anys organitzant-les a principi de curs, ens hem adonat que \u00e9s una manera de con\u00e8ixer-se millor i afavorir la relaci\u00f3 entre mestres i alumnes.<\/p>\n<p>Les col\u00f2nies d\u2019Educaci\u00f3 Infantil es fan al llarg del segon trimestre, al mar\u00e7 sempre que sigui possible. Considerem que els alumnes d\u2019Educaci\u00f3 Infantil s\u00f3n massa petits per a fer les col\u00f2nies a principi de curs, ja que cal que abans s\u2019hagin adaptat a l\u2019escola i a la mestra, \u00e9s per aix\u00f2 que creiem convenient que aquest cicle realitzi les col\u00f2nies al llarg del segon trimestre i no durant el primer com la resta de l\u2019escola.<\/p>\n\r\n\t<div class=\"slideshow_container slideshow_container_style-light\" style=\" \" data-slideshow-id=\"652\" data-style-name=\"style-light\" data-style-version=\"2.3.1\" >\r\n\r\n\t\t\t\t\t<div class=\"slideshow_loading_icon\"><\/div>\r\n\t\t\r\n\t\t<div class=\"slideshow_content\" style=\"display: none;\">\r\n\r\n\t\t\t<div class=\"slideshow_view\">\r\n\t\t\t\t<div class=\"slideshow_slide slideshow_slide_image\">\r\n\t\t\t\t\t\t\t\t\t\t\t<img src=\"https:\/\/agora.xtec.cat\/escestel\/wp-content\/uploads\/usu1725\/2018\/01\/IMG_20171026_111259_320.jpg\" alt=\"IMG_20171026_111259_320\" width=\"990\" height=\"742\" \/>\r\n\t\t\t\t\t\t\t\t\t\t<div class=\"slideshow_description_box slideshow_transparent\">\r\n\t\t\t\t\t\t<div class=\"slideshow_title\">IMG_20171026_111259_320<\/div>\t\t\t\t\t\t\t\t\t\t\t<\/div>\r\n\t\t\t\t<\/div>\r\n\r\n\t\t\t\t\t\t<div style=\"clear: both;\"><\/div><\/div><div class=\"slideshow_view\">\r\n\t\t\t\t<div class=\"slideshow_slide slideshow_slide_image\">\r\n\t\t\t\t\t\t\t\t\t\t\t<img src=\"https:\/\/agora.xtec.cat\/escestel\/wp-content\/uploads\/usu1725\/2018\/01\/IMG_8258.jpg\" alt=\"IMG_8258\" width=\"1200\" height=\"1600\" \/>\r\n\t\t\t\t\t\t\t\t\t\t<div class=\"slideshow_description_box slideshow_transparent\">\r\n\t\t\t\t\t\t<div class=\"slideshow_title\">IMG_8258<\/div>\t\t\t\t\t\t\t\t\t\t\t<\/div>\r\n\t\t\t\t<\/div>\r\n\r\n\t\t\t\t\t\t<div style=\"clear: both;\"><\/div><\/div><div class=\"slideshow_view\">\r\n\t\t\t\t<div class=\"slideshow_slide slideshow_slide_image\">\r\n\t\t\t\t\t\t\t\t\t\t\t<img src=\"https:\/\/agora.xtec.cat\/escestel\/wp-content\/uploads\/usu1725\/2018\/01\/IMG_0877.jpg\" alt=\"IMG_0877\" width=\"990\" height=\"742\" \/>\r\n\t\t\t\t\t\t\t\t\t\t<div class=\"slideshow_description_box slideshow_transparent\">\r\n\t\t\t\t\t\t<div class=\"slideshow_title\">IMG_0877<\/div>\t\t\t\t\t\t\t\t\t\t\t<\/div>\r\n\t\t\t\t<\/div>\r\n\r\n\t\t\t\t\t\t<div style=\"clear: both;\"><\/div><\/div><div class=\"slideshow_view\">\r\n\t\t\t\t<div class=\"slideshow_slide slideshow_slide_image\">\r\n\t\t\t\t\t\t\t\t\t\t\t<img src=\"https:\/\/agora.xtec.cat\/escestel\/wp-content\/uploads\/usu1725\/2018\/01\/IMG_0789.jpg\" alt=\"IMG_0789\" width=\"990\" height=\"742\" \/>\r\n\t\t\t\t\t\t\t\t\t\t<div class=\"slideshow_description_box slideshow_transparent\">\r\n\t\t\t\t\t\t<div class=\"slideshow_title\">IMG_0789<\/div>\t\t\t\t\t\t\t\t\t\t\t<\/div>\r\n\t\t\t\t<\/div>\r\n\r\n\t\t\t\t\t\t<div style=\"clear: both;\"><\/div><\/div><div class=\"slideshow_view\">\r\n\t\t\t\t<div class=\"slideshow_slide slideshow_slide_image\">\r\n\t\t\t\t\t\t\t\t\t\t\t<img src=\"https:\/\/agora.xtec.cat\/escestel\/wp-content\/uploads\/usu1725\/2018\/01\/DSC04369.jpg\" alt=\"DSC04369\" width=\"990\" height=\"742\" \/>\r\n\t\t\t\t\t\t\t\t\t\t<div class=\"slideshow_description_box slideshow_transparent\">\r\n\t\t\t\t\t\t<div class=\"slideshow_title\">DSC04369<\/div>\t\t\t\t\t\t\t\t\t\t\t<\/div>\r\n\t\t\t\t<\/div>\r\n\r\n\t\t\t\t\t\t<div style=\"clear: both;\"><\/div><\/div><div class=\"slideshow_view\">\r\n\t\t\t\t<div class=\"slideshow_slide slideshow_slide_image\">\r\n\t\t\t\t\t\t\t\t\t\t\t<img src=\"https:\/\/agora.xtec.cat\/escestel\/wp-content\/uploads\/usu1725\/2018\/01\/CIMG4193.jpg\" alt=\"CIMG4193\" width=\"1600\" height=\"1200\" \/>\r\n\t\t\t\t\t\t\t\t\t\t<div class=\"slideshow_description_box slideshow_transparent\">\r\n\t\t\t\t\t\t<div class=\"slideshow_title\">CIMG4193<\/div>\t\t\t\t\t\t\t\t\t\t\t<\/div>\r\n\t\t\t\t<\/div>\r\n\r\n\t\t\t\t\t\t<div style=\"clear: both;\"><\/div><\/div><div class=\"slideshow_view\">\r\n\t\t\t\t<div class=\"slideshow_slide slideshow_slide_image\">\r\n\t\t\t\t\t\t\t\t\t\t\t<img src=\"https:\/\/agora.xtec.cat\/escestel\/wp-content\/uploads\/usu1725\/2018\/01\/CIMG4138.jpg\" alt=\"CIMG4138\" width=\"1600\" height=\"1200\" \/>\r\n\t\t\t\t\t\t\t\t\t\t<div class=\"slideshow_description_box slideshow_transparent\">\r\n\t\t\t\t\t\t<div class=\"slideshow_title\">CIMG4138<\/div>\t\t\t\t\t\t\t\t\t\t\t<\/div>\r\n\t\t\t\t<\/div>\r\n\r\n\t\t\t\t\t\t<div style=\"clear: both;\"><\/div><\/div><div class=\"slideshow_view\">\r\n\t\t\t\t<div class=\"slideshow_slide slideshow_slide_image\">\r\n\t\t\t\t\t\t\t\t\t\t\t<img src=\"https:\/\/agora.xtec.cat\/escestel\/wp-content\/uploads\/usu1725\/2018\/01\/20171026_165047.jpg\" alt=\"20171026_165047\" width=\"1320\" height=\"742\" \/>\r\n\t\t\t\t\t\t\t\t\t\t<div class=\"slideshow_description_box slideshow_transparent\">\r\n\t\t\t\t\t\t<div class=\"slideshow_title\">20171026_165047<\/div>\t\t\t\t\t\t\t\t\t\t\t<\/div>\r\n\t\t\t\t<\/div>\r\n\r\n\t\t\t\t\t\t<div style=\"clear: both;\"><\/div><\/div><div class=\"slideshow_view\">\r\n\t\t\t\t<div class=\"slideshow_slide slideshow_slide_image\">\r\n\t\t\t\t\t\t\t\t\t\t\t<img src=\"https:\/\/agora.xtec.cat\/escestel\/wp-content\/uploads\/usu1725\/2018\/01\/20171024_091626.jpg\" alt=\"20171024_091626\" width=\"990\" height=\"742\" \/>\r\n\t\t\t\t\t\t\t\t\t\t<div class=\"slideshow_description_box slideshow_transparent\">\r\n\t\t\t\t\t\t<div class=\"slideshow_title\">20171024_091626<\/div>\t\t\t\t\t\t\t\t\t\t\t<\/div>\r\n\t\t\t\t<\/div>\r\n\r\n\t\t\t\t\t\t<div style=\"clear: both;\"><\/div><\/div><div class=\"slideshow_view\">\r\n\t\t\t\t<div class=\"slideshow_slide slideshow_slide_image\">\r\n\t\t\t\t\t\t\t\t\t\t\t<img src=\"https:\/\/agora.xtec.cat\/escestel\/wp-content\/uploads\/usu1725\/2018\/01\/1.jpg\" alt=\"1\" width=\"1600\" height=\"1200\" \/>\r\n\t\t\t\t\t\t\t\t\t\t<div class=\"slideshow_description_box slideshow_transparent\">\r\n\t\t\t\t\t\t<div class=\"slideshow_title\">1<\/div>\t\t\t\t\t\t\t\t\t\t\t<\/div>\r\n\t\t\t\t<\/div>\r\n\r\n\t\t\t\t\t\t<div style=\"clear: both;\"><\/div><\/div>\r\n\t\t<\/div>\r\n\r\n\t\t<div class=\"slideshow_controlPanel slideshow_transparent\" style=\"display: none;\"><ul><li class=\"slideshow_togglePlay\" data-play-text=\"Visualitza\" data-pause-text=\"Pausa\"><\/li><\/ul><\/div>\r\n\r\n\t\t<div class=\"slideshow_button slideshow_previous slideshow_transparent\" role=\"button\" data-previous-text=\"Anterior\" style=\"display: none;\"><\/div>\r\n\t\t<div class=\"slideshow_button slideshow_next slideshow_transparent\" role=\"button\" data-next-text=\"Seg\u00fcent\" style=\"display: none;\"><\/div>\r\n\r\n\t\t<div class=\"slideshow_pagination\" style=\"display: none;\" data-go-to-text=\"V\u00e9s a la diapositiva\"><div class=\"slideshow_pagination_center\"><\/div><\/div>\r\n\r\n\t\t<!-- WordPress Slideshow Version 2.3.1 -->\r\n\r\n\t\t\t<\/div>\r\n\r\n\n<p>&nbsp;<\/p>\n","protected":false},"excerpt":{"rendered":"<p>Les col\u00f2nies escolars formen part del projecte educatiu de la nostra escola i s\u00f3n una experi\u00e8ncia vital \u00fanica que tots els nens i nenes haurien de viure alguna vegada.<br \/>\nDurant aquests dies, els nostres alumnes, sense deixar d\u2019aprendre mat\u00e8ria curricular mitjan\u00e7ant l\u2019experimentaci\u00f3, la viv\u00e8ncia i la&hellip;  <a href=\"https:\/\/agora.xtec.cat\/escestel\/projecte-educatiu\/colonies-escolars\/\" title=\"Read Col\u00f2nies escolars\">Llegeix m\u00e9s\u00bb<\/a><\/p>\n","protected":false},"author":1,"featured_media":0,"parent":64,"menu_order":6,"comment_status":"closed","ping_status":"closed","template":"page-templates\/side-menu.php","meta":{"_bbp_topic_count":0,"_bbp_reply_count":0,"_bbp_total_topic_count":0,"_bbp_total_reply_count":0,"_bbp_voice_count":0,"_bbp_anonymous_reply_count":0,"_bbp_topic_count_hidden":0,"_bbp_reply_count_hidden":0,"_bbp_forum_subforum_count":0,"footnotes":""},"class_list":["post-623","page","type-page","status-publish","hentry"],"post_mailing_queue_ids":[],"_links":{"self":[{"href":"https:\/\/agora.xtec.cat\/escestel\/wp-json\/wp\/v2\/pages\/623","targetHints":{"allow":["GET"]}}],"collection":[{"href":"https:\/\/agora.xtec.cat\/escestel\/wp-json\/wp\/v2\/pages"}],"about":[{"href":"https:\/\/agora.xtec.cat\/escestel\/wp-json\/wp\/v2\/types\/page"}],"author":[{"embeddable":true,"href":"https:\/\/agora.xtec.cat\/escestel\/wp-json\/wp\/v2\/users\/1"}],"replies":[{"embeddable":true,"href":"https:\/\/agora.xtec.cat\/escestel\/wp-json\/wp\/v2\/comments?post=623"}],"version-history":[{"count":3,"href":"https:\/\/agora.xtec.cat\/escestel\/wp-json\/wp\/v2\/pages\/623\/revisions"}],"predecessor-version":[{"id":663,"href":"https:\/\/agora.xtec.cat\/escestel\/wp-json\/wp\/v2\/pages\/623\/revisions\/663"}],"up":[{"embeddable":true,"href":"https:\/\/agora.xtec.cat\/escestel\/wp-json\/wp\/v2\/pages\/64"}],"wp:attachment":[{"href":"https:\/\/agora.xtec.cat\/escestel\/wp-json\/wp\/v2\/media?parent=623"}],"curies":[{"name":"wp","href":"https:\/\/api.w.org\/{rel}","templated":true}]}}