{"id":620,"date":"2018-01-17T16:14:42","date_gmt":"2018-01-17T15:14:42","guid":{"rendered":"http:\/\/agora.xtec.cat\/escestel\/?page_id=620"},"modified":"2024-01-12T15:53:31","modified_gmt":"2024-01-12T14:53:31","slug":"teatre","status":"publish","type":"page","link":"https:\/\/agora.xtec.cat\/escestel\/projecte-educatiu\/els-nostres-projectes\/teatre\/","title":{"rendered":"Fem teatre"},"content":{"rendered":"<p>El teatre \u00e9s un mitj\u00e0 que ens permet expressar sentiments, explicar hist\u00f2ries i connectar amb d\u2019altres persones. \u00c9s una activitat que potencia les capacitats comunicatives i pot ajudar de manera molt efica\u00e7 en l\u2019educaci\u00f3 de l\u2019expressi\u00f3 corporal i oral dels infants.<\/p>\n<p>Creiem que a l\u2019escola \u00e9s important ensenyar els nens i nenes a expressar-se, a comunicar-se, a v\u00e8ncer les seves dificultats, a posar-se davant d\u2019un p\u00fablic per poder assolir tota la riquesa expressiva que aporta el teatre.<\/p>\n<p>Considerem aquesta activitat com una part molt important en l\u2019<strong>educaci\u00f3 de l\u2019expressi\u00f3 oral i corporal<\/strong> dels infants. Els d\u00f3na eines per <strong>aprendre a expressar i comunicar els propis sentiments, autocriticar-se, enriquir els seus mitjans d\u2019expressi\u00f3 i la seva espontane\u00eftat.<\/strong><\/p>\n<p>D\u2019altra banda, fer teatre suposa <strong>treballar en equip<\/strong>, un valor molt important en la societat actual. Els nostres alumnes aprenen la import\u00e0ncia de treballar conjuntament i se n\u2019adonen que en un equip tothom \u00e9s important i que es treballa per tirar endavant un projecte en com\u00fa.<\/p>\n<p>Els <strong>alumnes de 5\u00e8 i 6\u00e8<\/strong> tenen una sessi\u00f3 setmanal de teatre al llarg de tot el curs on es fan tot un seguit d\u2019activitat encaminades a <strong>millorar la dicci\u00f3, a saber parlar en p\u00fablic, a improvisar, a millorar l\u2019expressi\u00f3 corporal i la mem\u00f2ria, etc.<\/strong><\/p>\n<p>Aquest, \u00e9s un treball interdisciplinar que <strong>abarca molts \u00e0mbits: ling\u00fc\u00edstic, art\u00edstic (visual i pl\u00e0stica, m\u00fasica i dansa), d\u2019educaci\u00f3 en valors &#8230;<\/strong> \u00c9s per aquest motiu que quan parlem de teatre, parlem de <strong>projecte d\u2019escola<\/strong>.<\/p>\n\r\n\t<div class=\"slideshow_container slideshow_container_style-light\" style=\"height: 300px; \" data-slideshow-id=\"836\" data-style-name=\"style-light\" data-style-version=\"2.3.1\" >\r\n\r\n\t\t\t\t\t<div class=\"slideshow_loading_icon\"><\/div>\r\n\t\t\r\n\t\t<div class=\"slideshow_content\" style=\"display: none;\">\r\n\r\n\t\t\t<div class=\"slideshow_view\">\r\n\t\t\t\t<div class=\"slideshow_slide slideshow_slide_image\">\r\n\t\t\t\t\t\t\t\t\t\t\t<img src=\"https:\/\/agora.xtec.cat\/escestel\/wp-content\/uploads\/usu1725\/2018\/07\/30724574_2029156480743883_3358686621182379855_n.jpg\" alt=\"30724574_2029156480743883_3358686621182379855_n\" width=\"960\" height=\"960\" \/>\r\n\t\t\t\t\t\t\t\t\t\t<div class=\"slideshow_description_box slideshow_transparent\">\r\n\t\t\t\t\t\t<div class=\"slideshow_title\">30724574_2029156480743883_3358686621182379855_n<\/div>\t\t\t\t\t\t\t\t\t\t\t<\/div>\r\n\t\t\t\t<\/div>\r\n\r\n\t\t\t\t\t\t<div style=\"clear: both;\"><\/div><\/div><div class=\"slideshow_view\">\r\n\t\t\t\t<div class=\"slideshow_slide slideshow_slide_image\">\r\n\t\t\t\t\t\t\t\t\t\t\t<img src=\"https:\/\/agora.xtec.cat\/escestel\/wp-content\/uploads\/usu1725\/2018\/07\/30712331_2029156620743869_7408702893519657768_n.jpg\" alt=\"30712331_2029156620743869_7408702893519657768_n\" width=\"960\" height=\"960\" \/>\r\n\t\t\t\t\t\t\t\t\t\t<div class=\"slideshow_description_box slideshow_transparent\">\r\n\t\t\t\t\t\t<div class=\"slideshow_title\">30712331_2029156620743869_7408702893519657768_n<\/div>\t\t\t\t\t\t\t\t\t\t\t<\/div>\r\n\t\t\t\t<\/div>\r\n\r\n\t\t\t\t\t\t<div style=\"clear: both;\"><\/div><\/div><div class=\"slideshow_view\">\r\n\t\t\t\t<div class=\"slideshow_slide slideshow_slide_image\">\r\n\t\t\t\t\t\t\t\t\t\t\t<img src=\"https:\/\/agora.xtec.cat\/escestel\/wp-content\/uploads\/usu1725\/2018\/07\/30710351_2029156510743880_5634801891739590597_n.jpg\" alt=\"30710351_2029156510743880_5634801891739590597_n\" width=\"960\" height=\"960\" \/>\r\n\t\t\t\t\t\t\t\t\t\t<div class=\"slideshow_description_box slideshow_transparent\">\r\n\t\t\t\t\t\t<div class=\"slideshow_title\">30710351_2029156510743880_5634801891739590597_n<\/div>\t\t\t\t\t\t\t\t\t\t\t<\/div>\r\n\t\t\t\t<\/div>\r\n\r\n\t\t\t\t\t\t<div style=\"clear: both;\"><\/div><\/div><div class=\"slideshow_view\">\r\n\t\t\t\t<div class=\"slideshow_slide slideshow_slide_image\">\r\n\t\t\t\t\t\t\t\t\t\t\t<img src=\"https:\/\/agora.xtec.cat\/escestel\/wp-content\/uploads\/usu1725\/2018\/07\/30706299_2029156587410539_2614195807070470844_n.jpg\" alt=\"30706299_2029156587410539_2614195807070470844_n\" width=\"960\" height=\"960\" \/>\r\n\t\t\t\t\t\t\t\t\t\t<div class=\"slideshow_description_box slideshow_transparent\">\r\n\t\t\t\t\t\t<div class=\"slideshow_title\">30706299_2029156587410539_2614195807070470844_n<\/div>\t\t\t\t\t\t\t\t\t\t\t<\/div>\r\n\t\t\t\t<\/div>\r\n\r\n\t\t\t\t\t\t<div style=\"clear: both;\"><\/div><\/div>\r\n\t\t<\/div>\r\n\r\n\t\t<div class=\"slideshow_controlPanel slideshow_transparent\" style=\"display: none;\"><ul><li class=\"slideshow_togglePlay\" data-play-text=\"Visualitza\" data-pause-text=\"Pausa\"><\/li><\/ul><\/div>\r\n\r\n\t\t<div class=\"slideshow_button slideshow_previous slideshow_transparent\" role=\"button\" data-previous-text=\"Anterior\" style=\"display: none;\"><\/div>\r\n\t\t<div class=\"slideshow_button slideshow_next slideshow_transparent\" role=\"button\" data-next-text=\"Seg\u00fcent\" style=\"display: none;\"><\/div>\r\n\r\n\t\t<div class=\"slideshow_pagination\" style=\"display: none;\" data-go-to-text=\"V\u00e9s a la diapositiva\"><div class=\"slideshow_pagination_center\"><\/div><\/div>\r\n\r\n\t\t<!-- WordPress Slideshow Version 2.3.1 -->\r\n\r\n\t\t\t<\/div>\r\n\r\n\n","protected":false},"excerpt":{"rendered":"<p>El teatre \u00e9s un mitj\u00e0 que ens permet expressar sentiments, explicar hist\u00f2ries i connectar amb d\u2019altres persones. \u00c9s una activitat que potencia les capacitats comunicatives i pot ajudar de manera molt efica\u00e7 en l\u2019educaci\u00f3 de l\u2019expressi\u00f3 corporal i oral dels infants.<br \/>\nCreiem que a l\u2019escola \u00e9s&hellip;  <a href=\"https:\/\/agora.xtec.cat\/escestel\/projecte-educatiu\/els-nostres-projectes\/teatre\/\" title=\"Read Fem teatre\">Llegeix m\u00e9s\u00bb<\/a><\/p>\n","protected":false},"author":1,"featured_media":0,"parent":16870,"menu_order":2,"comment_status":"closed","ping_status":"closed","template":"page-templates\/side-menu.php","meta":{"_bbp_topic_count":0,"_bbp_reply_count":0,"_bbp_total_topic_count":0,"_bbp_total_reply_count":0,"_bbp_voice_count":0,"_bbp_anonymous_reply_count":0,"_bbp_topic_count_hidden":0,"_bbp_reply_count_hidden":0,"_bbp_forum_subforum_count":0,"footnotes":""},"class_list":["post-620","page","type-page","status-publish","hentry"],"post_mailing_queue_ids":[],"_links":{"self":[{"href":"https:\/\/agora.xtec.cat\/escestel\/wp-json\/wp\/v2\/pages\/620","targetHints":{"allow":["GET"]}}],"collection":[{"href":"https:\/\/agora.xtec.cat\/escestel\/wp-json\/wp\/v2\/pages"}],"about":[{"href":"https:\/\/agora.xtec.cat\/escestel\/wp-json\/wp\/v2\/types\/page"}],"author":[{"embeddable":true,"href":"https:\/\/agora.xtec.cat\/escestel\/wp-json\/wp\/v2\/users\/1"}],"replies":[{"embeddable":true,"href":"https:\/\/agora.xtec.cat\/escestel\/wp-json\/wp\/v2\/comments?post=620"}],"version-history":[{"count":4,"href":"https:\/\/agora.xtec.cat\/escestel\/wp-json\/wp\/v2\/pages\/620\/revisions"}],"predecessor-version":[{"id":17411,"href":"https:\/\/agora.xtec.cat\/escestel\/wp-json\/wp\/v2\/pages\/620\/revisions\/17411"}],"up":[{"embeddable":true,"href":"https:\/\/agora.xtec.cat\/escestel\/wp-json\/wp\/v2\/pages\/16870"}],"wp:attachment":[{"href":"https:\/\/agora.xtec.cat\/escestel\/wp-json\/wp\/v2\/media?parent=620"}],"curies":[{"name":"wp","href":"https:\/\/api.w.org\/{rel}","templated":true}]}}