{"id":616,"date":"2018-01-17T16:12:56","date_gmt":"2018-01-17T15:12:56","guid":{"rendered":"http:\/\/agora.xtec.cat\/escestel\/?page_id=616"},"modified":"2026-03-04T12:39:18","modified_gmt":"2026-03-04T11:39:18","slug":"llengues-estrangeres","status":"publish","type":"page","link":"https:\/\/agora.xtec.cat\/escestel\/projecte-educatiu\/projecte-linguistic\/llengues-estrangeres\/","title":{"rendered":"Lleng\u00fces estrangeres"},"content":{"rendered":"<p>La llengua estrangera que s\u2019imparteix al centre \u00e9s l\u2019<strong>angl\u00e8s<\/strong> i s\u2019introdueix a partir d&#8217;Inf-3, en una sessi\u00f3 de 45 minuts setmanals en grup redu\u00eft, per tal que els alumnes s\u2019habitu\u00efn a escoltar un altre idioma.<\/p>\n<p>Actualment, el centre disposa d\u2019un grup de mestres d\u2019especialistes que impulsa l\u2019aprenentatge de l\u2019angl\u00e8s i que t\u00e9 l\u2019especialitat, la titulaci\u00f3 i\/o els coneixements adients.<\/p>\n<p>Al llarg de tota l\u2019escolaritat, la llengua oral \u00e9s la priorit\u00e0ria en tot el proc\u00e9s d\u2019aprenentatge de l\u2019angl\u00e8s.<\/p>\n<p>Basant-nos en aquesta prioritat, la metodologia que es fa servir \u00e9s l\u2019<strong>AICLE<\/strong> (Aprenentatge Integral de Continguts i Lleng\u00fces), on la llengua s\u2019utilitza tant per aprendre el contingut de l\u2019\u00e0rea com per aprendre la llengua amb l\u2019objectiu de comprendre i comunicar. \u00c9s per aix\u00f2 que tot l\u2019aprenentatge el fem a trav\u00e9s d\u2019unitats integrades i\/o els projectes que es treballen a l\u2019aula.<\/p>\n<p>En la mateixa l\u00ednia i, donat la gran diversitat de recursos d\u2019arreu del m\u00f3n disponibles a la xarxa, la integraci\u00f3 de les noves tecnologies esdev\u00e9 imprescindible.<\/p>\n<p>Durant el proc\u00e9s d\u2019aprenentatge, es creen el m\u00e0xim de situacions possibles per tal que l\u2019alumnat pugui expressar-se oralment.<\/p>\n<p>Per tal de garantir aquestes situacions comunicatives, cada grup-classe disposa de sessions en dos grups augmentant aix\u00ed tant la qualitat del temps d\u2019exposici\u00f3 a la llengua, com la possibilitat de producci\u00f3.<\/p>\n<p>En els cursos inicials, fins que els alumnes tinguin assolida la lecto-escriptura en la seva pr\u00f2pia llengua, l\u2019aprenentatge \u00e9s exclusivament oral, donant pas, de manera progressiva, a la llengua escrita.<\/p>\n<p>Tot i la incorporaci\u00f3 de la llengua escrita i els aspectes m\u00e9s formals referents a la gram\u00e0tica, la llengua oral segueix tenint un rol de m\u00e0xima import\u00e0ncia a la programaci\u00f3. Aix\u00ed, als nivells m\u00e9s alts es fan diferents <strong>exposicions orals<\/strong> molt adaptades al nivell dels alumnes, i on aquests posen en practica tots aquells coneixements sobre la llengua que van adquirint.<\/p>\n<p><strong>eTwinning<\/strong><\/p>\n<p>Des del curs 2012-2013 el nostre centre participa al <strong>Programa eTwinning<\/strong>, que \u00e9s una iniciativa de la Comissi\u00f3 Europea creada amb l\u2019objectiu d\u2019establir agermanaments escolars i desenvolupament de projectes de col\u00b7laboraci\u00f3 a trav\u00e9s d\u2019Internet entre dos o m\u00e9s centres europeus.<\/p>\n<p>La participaci\u00f3 en aquest programa es duu a terme amb els alumnes de 5\u00e8 i 6\u00e8, sempre que l\u2019agermanament amb una escola europea sigui possible.<\/p>\n<p><a href=\"http:\/\/agora.xtec.cat\/escestel\/wp-content\/uploads\/usu1725\/2018\/01\/etwinning.png\"><img loading=\"lazy\" decoding=\"async\" class=\"size-full wp-image-852 aligncenter\" src=\"http:\/\/agora.xtec.cat\/escestel\/wp-content\/uploads\/usu1725\/2018\/01\/etwinning.png\" alt=\"\" width=\"410\" height=\"123\" srcset=\"https:\/\/agora.xtec.cat\/escestel\/wp-content\/uploads\/usu1725\/2018\/01\/etwinning.png 410w, https:\/\/agora.xtec.cat\/escestel\/wp-content\/uploads\/usu1725\/2018\/01\/etwinning-300x90.png 300w\" sizes=\"auto, (max-width: 410px) 100vw, 410px\" \/><\/a><\/p>\n<p>El nostre objectiu principal dins d\u2019aquest programa \u00e9s donar als alumnes la possibilitat de fer servir l\u2019angl\u00e8s com a llengua de comunicaci\u00f3 en una situaci\u00f3 real a trav\u00e9s de la plataforma virtual del programa TwinSpace, ajudant als nostres alumnes a millorar tota una s\u00e8rie de compet\u00e8ncies m\u00e9s generals relacionades amb el treball en equip, la negociaci\u00f3, el coneixement intercultural, etc.<\/p>\n","protected":false},"excerpt":{"rendered":"<p>La llengua estrangera que s\u2019imparteix al centre \u00e9s l\u2019angl\u00e8s i s\u2019introdueix a partir d&#8217;Inf-3, en una sessi\u00f3 de 45 minuts setmanals en grup redu\u00eft, per tal que els alumnes s\u2019habitu\u00efn a escoltar un altre idioma.<br \/>\nActualment, el centre disposa d\u2019un grup de mestres d\u2019especialistes que impulsa&hellip;  <a href=\"https:\/\/agora.xtec.cat\/escestel\/projecte-educatiu\/projecte-linguistic\/llengues-estrangeres\/\" title=\"Read Lleng\u00fces estrangeres\">Llegeix m\u00e9s\u00bb<\/a><\/p>\n","protected":false},"author":1,"featured_media":0,"parent":846,"menu_order":4,"comment_status":"closed","ping_status":"closed","template":"page-templates\/side-menu.php","meta":{"_bbp_topic_count":0,"_bbp_reply_count":0,"_bbp_total_topic_count":0,"_bbp_total_reply_count":0,"_bbp_voice_count":0,"_bbp_anonymous_reply_count":0,"_bbp_topic_count_hidden":0,"_bbp_reply_count_hidden":0,"_bbp_forum_subforum_count":0,"footnotes":""},"class_list":["post-616","page","type-page","status-publish","hentry"],"post_mailing_queue_ids":[],"_links":{"self":[{"href":"https:\/\/agora.xtec.cat\/escestel\/wp-json\/wp\/v2\/pages\/616","targetHints":{"allow":["GET"]}}],"collection":[{"href":"https:\/\/agora.xtec.cat\/escestel\/wp-json\/wp\/v2\/pages"}],"about":[{"href":"https:\/\/agora.xtec.cat\/escestel\/wp-json\/wp\/v2\/types\/page"}],"author":[{"embeddable":true,"href":"https:\/\/agora.xtec.cat\/escestel\/wp-json\/wp\/v2\/users\/1"}],"replies":[{"embeddable":true,"href":"https:\/\/agora.xtec.cat\/escestel\/wp-json\/wp\/v2\/comments?post=616"}],"version-history":[{"count":5,"href":"https:\/\/agora.xtec.cat\/escestel\/wp-json\/wp\/v2\/pages\/616\/revisions"}],"predecessor-version":[{"id":18151,"href":"https:\/\/agora.xtec.cat\/escestel\/wp-json\/wp\/v2\/pages\/616\/revisions\/18151"}],"up":[{"embeddable":true,"href":"https:\/\/agora.xtec.cat\/escestel\/wp-json\/wp\/v2\/pages\/846"}],"wp:attachment":[{"href":"https:\/\/agora.xtec.cat\/escestel\/wp-json\/wp\/v2\/media?parent=616"}],"curies":[{"name":"wp","href":"https:\/\/api.w.org\/{rel}","templated":true}]}}