{"id":599,"date":"2018-01-17T15:44:18","date_gmt":"2018-01-17T14:44:18","guid":{"rendered":"http:\/\/agora.xtec.cat\/escestel\/?page_id=599"},"modified":"2024-01-12T16:02:39","modified_gmt":"2024-01-12T15:02:39","slug":"escola-verda","status":"publish","type":"page","link":"https:\/\/agora.xtec.cat\/escestel\/projecte-educatiu\/els-nostres-projectes\/escola-verda\/","title":{"rendered":"Projecte Verd"},"content":{"rendered":"<p><span style=\"font-size: 1.125em; font-weight: bold;\">Reciclatge d&#8217;oli<\/span><\/p>\n<p>Fa uns anys, l\u2019escola va posar en marxa el <strong>Projecte Claki,<\/strong> un sistema de reciclatge dom\u00e8stic de l\u2019oli, mitjan\u00e7ant la companyia <strong>Oliklak.<\/strong> L\u2019objectiu d\u2019aquest projecte \u00e9s resoldre la problem\u00e0tica generada per l\u2019oli utilitzat a les nostres cuines, desenvolupant un sistema integral de reciclatge. L\u2019empresa <strong>Oliklak<\/strong> s\u2019encarrega del buidatge i el transport de les ampolles plenes d\u2019oli, de la gesti\u00f3 de l\u2019oli recuperat, del rentat de les ampolles i del seu retorn a l\u2019escola un cop ben netes per a ser reutilitzades. L\u2019oli recollit es recupera per a la seva utilitzaci\u00f3 com a biocombustible que pot ser utilitzat en vehicles di\u00e8sel.<\/p>\n<p>QU\u00c8 HEU DE FER LES FAM\u00cdLIES?<\/p>\n<p>Cada fam\u00edlia rebreu un\u00a0<strong>CLAKI\u00a0<\/strong>(ampolla per l\u2019oli) i l\u2019\u00fanic que heu de fer \u00e9s portar-lo a l\u2019escola<strong>\u00a0<\/strong>quan el tingueu\u00a0<strong>ple;\u00a0<\/strong>\u00a0a canvi, rebreu un\u00a0<strong>CLAKI<\/strong>\u00a0buit.<\/p>\n<p>Si voleu m\u00e9s informaci\u00f3 sobre aquest projecte, podeu accedir al web\u00a0\u00a0<a href=\"https:\/\/www.claki.cat\/\">https:\/\/www.claki.cat\/<\/a><\/p>\n<h5>Hort escolar<\/h5>\n<p>A l\u2019escola tenim un hort del qual tenen cura les nenes i els nens de 4t de prim\u00e0ria. S\u00f3n els propis infants amb l\u2019assessorament d\u2019una persona coneixedora del tema, qui s\u2019encarreguen de tot el funcionament de l\u2019hort: comprar el planter, plantar, regar, fer la collita, distribuir-la&#8230;<\/p>\n<p>La feina de l\u2019hort comporta, tamb\u00e9, el compostatge que es far\u00e0 amb les diferents restes org\u00e0niques (peles de fruita, verdures&#8230;) dels esmorzars i del menjador de l\u2019escola. Amb aquest compost tindrem un hort molt saludable i donarem sortida a les restes org\u00e0niques del centre, tancant el cicle de la mat\u00e8ria, aprenent a reciclar i reduir la nostra petjada ecol\u00f2gica.<\/p>\n<p>A m\u00e9s, disposem d&#8217;un <strong>\u201chotel d\u2019insectes\u201d <\/strong>fabricat pels propis infants i que ens ajudar\u00e0 a evitar les plagues del nostre hort de manera ecol\u00f2gica i sense insecticides.<\/p>\n","protected":false},"excerpt":{"rendered":"<p>Reciclatge d&#8217;oli<br \/>\nFa uns anys, l\u2019escola va posar en marxa el Projecte Claki, un sistema de reciclatge dom\u00e8stic de l\u2019oli, mitjan\u00e7ant la companyia Oliklak. L\u2019objectiu d\u2019aquest projecte \u00e9s resoldre la problem\u00e0tica generada per l\u2019oli utilitzat a les nostres cuines, desenvolupant un sistema integral de reciclatge. L\u2019empresa&hellip;  <a href=\"https:\/\/agora.xtec.cat\/escestel\/projecte-educatiu\/els-nostres-projectes\/escola-verda\/\" title=\"Read Projecte Verd\">Llegeix m\u00e9s\u00bb<\/a><\/p>\n","protected":false},"author":1,"featured_media":0,"parent":16870,"menu_order":4,"comment_status":"closed","ping_status":"closed","template":"page-templates\/side-menu.php","meta":{"_bbp_topic_count":0,"_bbp_reply_count":0,"_bbp_total_topic_count":0,"_bbp_total_reply_count":0,"_bbp_voice_count":0,"_bbp_anonymous_reply_count":0,"_bbp_topic_count_hidden":0,"_bbp_reply_count_hidden":0,"_bbp_forum_subforum_count":0,"footnotes":""},"class_list":["post-599","page","type-page","status-publish","hentry"],"post_mailing_queue_ids":[],"_links":{"self":[{"href":"https:\/\/agora.xtec.cat\/escestel\/wp-json\/wp\/v2\/pages\/599","targetHints":{"allow":["GET"]}}],"collection":[{"href":"https:\/\/agora.xtec.cat\/escestel\/wp-json\/wp\/v2\/pages"}],"about":[{"href":"https:\/\/agora.xtec.cat\/escestel\/wp-json\/wp\/v2\/types\/page"}],"author":[{"embeddable":true,"href":"https:\/\/agora.xtec.cat\/escestel\/wp-json\/wp\/v2\/users\/1"}],"replies":[{"embeddable":true,"href":"https:\/\/agora.xtec.cat\/escestel\/wp-json\/wp\/v2\/comments?post=599"}],"version-history":[{"count":4,"href":"https:\/\/agora.xtec.cat\/escestel\/wp-json\/wp\/v2\/pages\/599\/revisions"}],"predecessor-version":[{"id":17413,"href":"https:\/\/agora.xtec.cat\/escestel\/wp-json\/wp\/v2\/pages\/599\/revisions\/17413"}],"up":[{"embeddable":true,"href":"https:\/\/agora.xtec.cat\/escestel\/wp-json\/wp\/v2\/pages\/16870"}],"wp:attachment":[{"href":"https:\/\/agora.xtec.cat\/escestel\/wp-json\/wp\/v2\/media?parent=599"}],"curies":[{"name":"wp","href":"https:\/\/api.w.org\/{rel}","templated":true}]}}