{"id":587,"date":"2018-01-17T10:06:08","date_gmt":"2018-01-17T09:06:08","guid":{"rendered":"http:\/\/agora.xtec.cat\/escestel\/?page_id=587"},"modified":"2024-03-01T14:28:19","modified_gmt":"2024-03-01T13:28:19","slug":"salut","status":"publish","type":"page","link":"https:\/\/agora.xtec.cat\/escestel\/lescola\/salut\/","title":{"rendered":"Salut"},"content":{"rendered":"<h6><\/h6>\n<h6><strong style=\"font-family: inherit; font-size: 1em;\"><u>Mesures higienico-sanit\u00e0ries:<\/u><\/strong><\/h6>\n<ul>\n<li>\n<ul>\n<li>No portar l\u2019alumne a l\u2019escola en el moment que la fam\u00edlia detecti que el nen\/a t\u00e9 febre, v\u00f2mits, diarrea, o pateix alguna malaltia infecciosa (grip, varicel\u00b7la, galteres, conjuntivitis, fongs,\u2026.). Si es dona el cas, cal comunicar a l\u2019escola (tutora) el motiu d\u2019abs\u00e8ncia de l\u2019alumne.<\/li>\n<li>En cas d\u2019infeccions parasit\u00e0ries com poden ser els polls, s\u2019haur\u00e0 de seguir el tractament m\u00e8dic o higi\u00e8nic complert. Si es detecta a l\u2019escola,\u00a0 es trucar\u00e0 a la fam\u00edlia que haur\u00e0 de venir a buscar el seu fill, el\u00a0m\u00e9s aviat possible, per aplicar-li\u00a0 el tractament corresponent. L\u2019alumne no\u00a0 podr\u00e0 tornar\u00a0a l\u2019escola fins que estigui totalment\u00a0 des parasitat .\u00c9s necess\u00e0ria la m\u00e0xima col\u00b7laboraci\u00f3 de les\u00a0fam\u00edlies per poder acabar amb aquest problema del qual el centre no n\u2019\u00e9s responsable.<\/li>\n<\/ul>\n<\/li>\n<li><strong><u>Administraci\u00f3 de medicaments<\/u><\/strong>\n<ul>\n<li>En cas que l\u2019alumne\/a necessiti prendre alguna medicaci\u00f3 durant l\u2019horari escolar, caldr\u00e0 que\u00a0 feu arribar a la seva tutora, una recepta o un informe del metge on consti el nom i cognoms del nen\/a, el nom del medicament i la pauta que s\u2019ha de seguir (moment del dia i quantitat que ha de prendre). Aix\u00ed mateix, tamb\u00e9 s\u2019haur\u00e0 de portar un escrit on l\u2019adult responsable de l\u2019alumne autoritzi al personal del centre educatiu perqu\u00e8 li administrin la medicaci\u00f3 receptada.(<a href=\"https:\/\/agora.xtec.cat\/escestel\/docs\/\" target=\"_blank\" rel=\"noopener\">Autoritzaci\u00f3<\/a>)<\/li>\n<li>Seguint les recomanacions del Departament de Salut i de la Societat Catalana de Pediatria, s&#8217;ha incl\u00f2s el paracetamol a la farmaciola dels centres educatius de Catalunya. Nom\u00e9s s\u2019administrar\u00e0 quan l\u2019infant tingui una temperatura corporal superior a 38\u00b0mentre s\u2019espera l\u2019arribada d\u2019algun familiar i sempre i quan s\u2019hagi signat <a href=\"https:\/\/drive.google.com\/file\/d\/1NaHDYld8eq_4AB9Dc8PYOqFTOBnhzfze\/view?usp=sharing\">aquesta autoritzaci\u00f3<\/a> amb antelaci\u00f3, tal i com es recull a les <a href=\"https:\/\/drive.google.com\/file\/d\/1mVOj65MfS_GZHCnLWK6HOISUjWY3HvSI\/view?usp=sharing\">recomanacions<\/a> elaborades per la Societat Catalana de Pediatria i pels departaments d&#8217;Educaci\u00f3 i de Salut de la Generalitat de Catalunya.<\/li>\n<\/ul>\n<\/li>\n<li><strong><u>Al.l\u00e8rgies de tot tipus(aliment\u00e0ries, ambientals. . . .)<\/u><\/strong>En cas que un alumne\/a tingui algun tipus<strong>\u00a0d\u2019al\u00b7l\u00e8rgia i\/o intoler\u00e0ncia, cal comunicar-ho el m\u00e9s aviat possible al centre.<\/strong><\/li>\n<\/ul>\n","protected":false},"excerpt":{"rendered":"<p>Mesures higienico-sanit\u00e0ries:<\/p>\n<ul>\n<li>\n<ul>\n<li>No portar l\u2019alumne a l\u2019escola en el moment que la fam\u00edlia detecti que el nen\/a t\u00e9 febre, v\u00f2mits, diarrea, o pateix alguna malaltia infecciosa (grip, varicel\u00b7la, galteres, conjuntivitis, fongs,\u2026.). Si es dona el cas, cal comunicar a l\u2019escola (tutora) el motiu d\u2019abs\u00e8ncia de l\u2019alumne.<\/li>\n<li>En&hellip;  <a href=\"https:\/\/agora.xtec.cat\/escestel\/lescola\/salut\/\" title=\"Read Salut\">Llegeix m\u00e9s\u00bb<\/a><br \/>\n","protected":false},"author":1,"featured_media":0,"parent":22,"menu_order":61,"comment_status":"closed","ping_status":"closed","template":"page-templates\/side-menu.php","meta":{"_bbp_topic_count":0,"_bbp_reply_count":0,"_bbp_total_topic_count":0,"_bbp_total_reply_count":0,"_bbp_voice_count":0,"_bbp_anonymous_reply_count":0,"_bbp_topic_count_hidden":0,"_bbp_reply_count_hidden":0,"_bbp_forum_subforum_count":0,"footnotes":""},"class_list":["post-587","page","type-page","status-publish","hentry"],"post_mailing_queue_ids":[],"_links":{"self":[{"href":"https:\/\/agora.xtec.cat\/escestel\/wp-json\/wp\/v2\/pages\/587","targetHints":{"allow":["GET"]}}],"collection":[{"href":"https:\/\/agora.xtec.cat\/escestel\/wp-json\/wp\/v2\/pages"}],"about":[{"href":"https:\/\/agora.xtec.cat\/escestel\/wp-json\/wp\/v2\/types\/page"}],"author":[{"embeddable":true,"href":"https:\/\/agora.xtec.cat\/escestel\/wp-json\/wp\/v2\/users\/1"}],"replies":[{"embeddable":true,"href":"https:\/\/agora.xtec.cat\/escestel\/wp-json\/wp\/v2\/comments?post=587"}],"version-history":[{"count":4,"href":"https:\/\/agora.xtec.cat\/escestel\/wp-json\/wp\/v2\/pages\/587\/revisions"}],"predecessor-version":[{"id":17556,"href":"https:\/\/agora.xtec.cat\/escestel\/wp-json\/wp\/v2\/pages\/587\/revisions\/17556"}],"up":[{"embeddable":true,"href":"https:\/\/agora.xtec.cat\/escestel\/wp-json\/wp\/v2\/pages\/22"}],"wp:attachment":[{"href":"https:\/\/agora.xtec.cat\/escestel\/wp-json\/wp\/v2\/media?parent=587"}],"curies":[{"name":"wp","href":"https:\/\/api.w.org\/{rel}","templated":true}]}}