{"id":512,"date":"2017-11-17T15:15:58","date_gmt":"2017-11-17T14:15:58","guid":{"rendered":"http:\/\/agora.xtec.cat\/escestel\/?page_id=512"},"modified":"2018-07-04T11:36:38","modified_gmt":"2018-07-04T09:36:38","slug":"50e-aniversari","status":"publish","type":"page","link":"https:\/\/agora.xtec.cat\/escestel\/lescola\/historia\/50e-aniversari\/","title":{"rendered":"50\u00e8 aniversari"},"content":{"rendered":"<p>El dimarts 4 d&#8217;octubre de 2016 va ser un gran dia per a la nostra escola. L&#8217;Estel celebrava els seus 50 anys d&#8217;hist\u00f2ria! Per celebrar-ho, vam fer un gran esmorzar amb tots els alumnes de l&#8217;escola acompanyats de la Ivet Remacha, ex-alumna i cantant del grup Dar\u00e0nia, que ens va composar una can\u00e7\u00f3 molt especial amb motiu d&#8217;aquest aniversari.<\/p>\n<p><a href=\"http:\/\/agora.xtec.cat\/escestel\/wp-content\/uploads\/usu1725\/2017\/11\/DSC09185.jpg\"><img loading=\"lazy\" decoding=\"async\" class=\"size-full wp-image-568 aligncenter\" src=\"http:\/\/agora.xtec.cat\/escestel\/wp-content\/uploads\/usu1725\/2017\/11\/DSC09185.jpg\" alt=\"\" width=\"298\" height=\"448\" srcset=\"https:\/\/agora.xtec.cat\/escestel\/wp-content\/uploads\/usu1725\/2017\/11\/DSC09185.jpg 298w, https:\/\/agora.xtec.cat\/escestel\/wp-content\/uploads\/usu1725\/2017\/11\/DSC09185-200x300.jpg 200w\" sizes=\"auto, (max-width: 298px) 100vw, 298px\" \/><\/a><\/p>\n<p>La festa grossa, per\u00f2, va ser el dissabte 8 d&#8217;octubre, on alumnes, ex-alumnes, fam\u00edlies, antics mestres&#8230; van venir a l&#8217;escola a bufar les 50 espelmes amb tots nosaltres. Quina vetllada! Quantes emocions, quants retrobaments&#8230; quina alegria es respirava per cada rac\u00f3 de l&#8217;escola!<\/p>\n<p>Feia molt de goig veure emocionats els antics mestres retrobar-se amb tants alumnes amb qui tants moments van compartir; passejar pels passadissos i les aules on van passar gran part de la seva vida.<\/p>\n<p>Feia molt de goig veure les fam\u00edlies i els alumnes actuals de l&#8217;escola gaudir d&#8217;aquesta festa sent conscients del moment tan important del que estaven formant part.<\/p>\n<p>Feia molt de goig veure els mestres actuals gaudir d&#8217;una festa que van estar preparant amb molt\u00edssima il\u00b7lusi\u00f3 durant molt de temps.<\/p>\n<p>Per aix\u00f2 no trobem paraules per expressar l&#8217;agra\u00efment a tots els que ens vau acompanyar fent de la festa, LA GRAN FESTA!!!!<\/p>\n<p>Volem agrair molt especialment a l&#8217;AMPA i a les fam\u00edlies que ens van ajudar a que la festa es desenvolup\u00e9s tal i com estava prevista.<\/p>\n<p>Aqu\u00ed us deixem un breu resum de la celebraci\u00f3!<\/p>\n<h5>PER MOLTS ANYS, ESCOLA ESTEL!<\/h5>\n<p><iframe loading=\"lazy\" src=\"https:\/\/www.youtube.com\/embed\/H8rvo9eF3js?rel=0&amp;showinfo=0\" width=\"560\" height=\"315\" frameborder=\"0\" allowfullscreen=\"allowfullscreen\"><\/iframe><\/p>\n","protected":false},"excerpt":{"rendered":"<p>El dimarts 4 d&#8217;octubre de 2016 va ser un gran dia per a la nostra escola. L&#8217;Estel celebrava els seus 50 anys d&#8217;hist\u00f2ria! Per celebrar-ho, vam fer un gran esmorzar amb tots els alumnes de l&#8217;escola acompanyats de la Ivet Remacha, ex-alumna i cantant del&hellip;  <a href=\"https:\/\/agora.xtec.cat\/escestel\/lescola\/historia\/50e-aniversari\/\" title=\"Read 50\u00e8 aniversari\">Llegeix m\u00e9s\u00bb<\/a><\/p>\n","protected":false},"author":1,"featured_media":0,"parent":26,"menu_order":0,"comment_status":"closed","ping_status":"closed","template":"page-templates\/side-menu.php","meta":{"_bbp_topic_count":0,"_bbp_reply_count":0,"_bbp_total_topic_count":0,"_bbp_total_reply_count":0,"_bbp_voice_count":0,"_bbp_anonymous_reply_count":0,"_bbp_topic_count_hidden":0,"_bbp_reply_count_hidden":0,"_bbp_forum_subforum_count":0,"footnotes":""},"class_list":["post-512","page","type-page","status-publish","hentry"],"post_mailing_queue_ids":[],"_links":{"self":[{"href":"https:\/\/agora.xtec.cat\/escestel\/wp-json\/wp\/v2\/pages\/512","targetHints":{"allow":["GET"]}}],"collection":[{"href":"https:\/\/agora.xtec.cat\/escestel\/wp-json\/wp\/v2\/pages"}],"about":[{"href":"https:\/\/agora.xtec.cat\/escestel\/wp-json\/wp\/v2\/types\/page"}],"author":[{"embeddable":true,"href":"https:\/\/agora.xtec.cat\/escestel\/wp-json\/wp\/v2\/users\/1"}],"replies":[{"embeddable":true,"href":"https:\/\/agora.xtec.cat\/escestel\/wp-json\/wp\/v2\/comments?post=512"}],"version-history":[{"count":3,"href":"https:\/\/agora.xtec.cat\/escestel\/wp-json\/wp\/v2\/pages\/512\/revisions"}],"predecessor-version":[{"id":569,"href":"https:\/\/agora.xtec.cat\/escestel\/wp-json\/wp\/v2\/pages\/512\/revisions\/569"}],"up":[{"embeddable":true,"href":"https:\/\/agora.xtec.cat\/escestel\/wp-json\/wp\/v2\/pages\/26"}],"wp:attachment":[{"href":"https:\/\/agora.xtec.cat\/escestel\/wp-json\/wp\/v2\/media?parent=512"}],"curies":[{"name":"wp","href":"https:\/\/api.w.org\/{rel}","templated":true}]}}