{"id":30,"date":"2014-09-18T12:30:23","date_gmt":"2014-09-18T11:30:23","guid":{"rendered":"http:\/\/agora.xtec.cat\/escestel\/?page_id=30"},"modified":"2023-01-10T10:44:26","modified_gmt":"2023-01-10T09:44:26","slug":"instal%c2%b7lacions","status":"publish","type":"page","link":"https:\/\/agora.xtec.cat\/escestel\/lescola\/instal%c2%b7lacions\/","title":{"rendered":"Instal\u00b7lacions"},"content":{"rendered":"<p>L&#8217; edifici de l&#8217;escola \u00e9s ampli; est\u00e0 situat en un terreny inclinat, motiu pel qual est\u00e0 distribu\u00eft en diferents pisos. D\u00f3na\u00a0 a dos carrers: el carrer Sant Joan, on s&#8217;ubica l&#8217;entrada principal i el carrer Carme Galceran. Es pot accedir als diversos nivells amb ascensor, menys al quart nivell que s\u2019usa un baixador.<\/p>\n<h5>Primer Nivell<\/h5>\n<p><strong>Zona Educaci\u00f3 Infantil<\/strong><\/p>\n<ul style=\"list-style-type: disc;\">\n<li>Aules d&#8217;Educaci\u00f3 Infantil: Inf-3, Inf-4 i Inf-5<\/li>\n<li>Aula d&#8217;experimentaci\u00f3 (Educaci\u00f3 Infantil)<\/li>\n<li>2 lavabos per a infantil<\/li>\n<li>Pati exclusiu per a infantil<\/li>\n<li>Tutoria &#8211; Educaci\u00f3 Infantil<\/li>\n<li>Vest\u00edbul amb entrada i sortida a l&#8217;exterior per a Infantil<\/li>\n<\/ul>\n<p><strong>Entrada principal<br \/>\n<\/strong><\/p>\n<ul style=\"list-style-type: disc;\">\n<li>Sala de mestres<\/li>\n<li>Consergeria<\/li>\n<li>Despatx de l&#8217;AFA<\/li>\n<li>Vest\u00edbul d&#8217;entrada<\/li>\n<li>Despatxos: Direcci\u00f3 i Secretaria<\/li>\n<li>Cuina, menjador i lavabos<\/li>\n<\/ul>\n<h5>Segon Nivell<\/h5>\n<ul style=\"list-style-type: disc;\">\n<li>Aules de prim\u00e0ria: 1r, 2n, 3r, 4t<\/li>\n<li>Aula d&#8217;atenci\u00f3 a la diversitat<\/li>\n<li>Tutoria<\/li>\n<\/ul>\n<h5>Tercer Nivell<\/h5>\n<ul style=\"list-style-type: disc;\">\n<li>Aula de m\u00fasica<\/li>\n<li>Lavabos mestres i lavabo adaptat<\/li>\n<li>Lavabos alumnat<\/li>\n<\/ul>\n<h5>Quart Nivell<\/h5>\n<ul style=\"list-style-type: disc;\">\n<li>Vestidors amb dutxes<\/li>\n<li>Gimn\u00e0s<\/li>\n<\/ul>\n<h5>Cinqu\u00e8 Nivell<\/h5>\n<ul style=\"list-style-type: disc;\">\n<li>Aules de prim\u00e0ria: 5\u00e8 i 6\u00e8<\/li>\n<li>Aules polivalents<\/li>\n<li>Biblioteca<\/li>\n<li>Tutoria<\/li>\n<\/ul>\n<h5>Patis<\/h5>\n<p>A part del pati d\u2019educaci\u00f3 Infantil, el Pati de Prim\u00e0ria est\u00e0 dividit en tres zones: pista, porxo i pati de les moreres.<\/p>\n","protected":false},"excerpt":{"rendered":"<p>L&#8217; edifici de l&#8217;escola \u00e9s ampli; est\u00e0 situat en un terreny inclinat, motiu pel qual est\u00e0 distribu\u00eft en diferents pisos. D\u00f3na\u00a0 a dos carrers: el carrer Sant Joan, on s&#8217;ubica l&#8217;entrada principal i el carrer Carme Galceran. Es pot accedir als diversos nivells amb ascensor,&hellip;  <a href=\"https:\/\/agora.xtec.cat\/escestel\/lescola\/instal%c2%b7lacions\/\" title=\"Read Instal\u00b7lacions\">Llegeix m\u00e9s\u00bb<\/a><\/p>\n","protected":false},"author":1,"featured_media":0,"parent":22,"menu_order":40,"comment_status":"closed","ping_status":"closed","template":"page-templates\/side-menu.php","meta":{"_bbp_topic_count":0,"_bbp_reply_count":0,"_bbp_total_topic_count":0,"_bbp_total_reply_count":0,"_bbp_voice_count":0,"_bbp_anonymous_reply_count":0,"_bbp_topic_count_hidden":0,"_bbp_reply_count_hidden":0,"_bbp_forum_subforum_count":0,"footnotes":""},"class_list":["post-30","page","type-page","status-publish","hentry"],"post_mailing_queue_ids":[],"_links":{"self":[{"href":"https:\/\/agora.xtec.cat\/escestel\/wp-json\/wp\/v2\/pages\/30","targetHints":{"allow":["GET"]}}],"collection":[{"href":"https:\/\/agora.xtec.cat\/escestel\/wp-json\/wp\/v2\/pages"}],"about":[{"href":"https:\/\/agora.xtec.cat\/escestel\/wp-json\/wp\/v2\/types\/page"}],"author":[{"embeddable":true,"href":"https:\/\/agora.xtec.cat\/escestel\/wp-json\/wp\/v2\/users\/1"}],"replies":[{"embeddable":true,"href":"https:\/\/agora.xtec.cat\/escestel\/wp-json\/wp\/v2\/comments?post=30"}],"version-history":[{"count":3,"href":"https:\/\/agora.xtec.cat\/escestel\/wp-json\/wp\/v2\/pages\/30\/revisions"}],"predecessor-version":[{"id":17093,"href":"https:\/\/agora.xtec.cat\/escestel\/wp-json\/wp\/v2\/pages\/30\/revisions\/17093"}],"up":[{"embeddable":true,"href":"https:\/\/agora.xtec.cat\/escestel\/wp-json\/wp\/v2\/pages\/22"}],"wp:attachment":[{"href":"https:\/\/agora.xtec.cat\/escestel\/wp-json\/wp\/v2\/media?parent=30"}],"curies":[{"name":"wp","href":"https:\/\/api.w.org\/{rel}","templated":true}]}}