{"id":28,"date":"2014-09-18T12:29:35","date_gmt":"2014-09-18T11:29:35","guid":{"rendered":"http:\/\/agora.xtec.cat\/escestel\/?page_id=28"},"modified":"2023-12-05T09:15:53","modified_gmt":"2023-12-05T08:15:53","slug":"consell-escolar","status":"publish","type":"page","link":"https:\/\/agora.xtec.cat\/escestel\/lescola\/consell-escolar\/","title":{"rendered":"Consell escolar"},"content":{"rendered":"<p>El consell escolar del centre \u00e9s l\u2019<strong>\u00f2rgan col\u00b7legiat de participaci\u00f3<\/strong> de la comunitat escolar en el govern del centre. En el consell escolar hi ha representats tots els col\u00b7lectius que intervenen en la comunitat educativa: director, professorat, alumnat, personal d\u2019administraci\u00f3 i serveis, etc.<\/p>\n<p>En els centres p\u00fablics, la funci\u00f3 principal del consell escolar \u00e9s participar en la presa de decisions en relaci\u00f3 amb aquells temes importants per al funcionament i l\u2019organitzaci\u00f3 del centre: el projecte educatiu, la programaci\u00f3 general, la gesti\u00f3 econ\u00f2mica, etc.<\/p>\n<p>Els membres del consell escolar s\u00f3n elegits per un per\u00edode de quatre anys i es renoven per meitats cada dos anys.<\/p>\n<p><strong>Composici\u00f3 del Consell Escolar de l&#8217;Escola Estel<br \/>\n<\/strong><\/p>\n<table style=\"width: 595px;\">\n<tbody>\n<tr>\n<td style=\"width: 318px;\"><strong>Representants del sector pares i mares<\/strong><\/td>\n<td style=\"width: 277px;\"><strong>Representants del sector mestres<\/strong><\/td>\n<\/tr>\n<tr>\n<td style=\"width: 318px;\">\n<p align=\"left\">Toni L\u00f3pez<\/p>\n<p align=\"left\">Anabel Rosado<\/p>\n<p align=\"left\">Daniela Sabando<\/p>\n<p align=\"left\">Jordi Segura<\/p>\n<p align=\"left\">Teia Vives (representant AFA)<\/p>\n<\/td>\n<td style=\"width: 277px;\">\n<p align=\"left\">Irene Campos<\/p>\n<p align=\"left\">Marina Font<\/p>\n<p class=\"EstilTitol\" align=\"left\">Gemma Orpinell<\/p>\n<p align=\"left\">Maria Padilla<\/p>\n<p align=\"left\">Paula Rey<\/p>\n<\/td>\n<\/tr>\n<tr>\n<td style=\"width: 318px;\"><strong>Representant del sector no docent<\/strong><\/td>\n<td style=\"width: 277px;\"><strong>Representant de l&#8217;administraci\u00f3<\/strong><\/td>\n<\/tr>\n<tr>\n<td style=\"width: 318px;\">Montse Maluenda<\/td>\n<td style=\"width: 277px;\">Elisabet Catena<\/td>\n<\/tr>\n<tr>\n<td style=\"width: 318px;\"><strong>Cap d&#8217;estudis<\/strong><\/td>\n<td style=\"width: 277px;\"><strong>Presidenta<\/strong><\/td>\n<\/tr>\n<tr>\n<td style=\"width: 318px;\">Carme Pagan<\/td>\n<td style=\"width: 277px;\">Vanesa Mu\u00f1oz<\/td>\n<\/tr>\n<tr>\n<td style=\"width: 318px;\"><strong>Secret\u00e0ria<\/strong><\/td>\n<td style=\"width: 277px;\"><\/td>\n<\/tr>\n<tr>\n<td style=\"width: 318px;\">Pen\u00e9lope Rodr\u00edguez<\/td>\n<td style=\"width: 277px;\"><\/td>\n<\/tr>\n<\/tbody>\n<\/table>\n<p><a href=\"http:\/\/ensenyament.gencat.cat\/ca\/arees-actuacio\/centres-serveis-educatius\/centres\/consells-escolars-centres\/centres-publics\/\">Normativa<\/a> sobre els Consells Escolars dels centres p\u00fablics<\/p>\n","protected":false},"excerpt":{"rendered":"<p>El consell escolar del centre \u00e9s l\u2019\u00f2rgan col\u00b7legiat de participaci\u00f3 de la comunitat escolar en el govern del centre. En el consell escolar hi ha representats tots els col\u00b7lectius que intervenen en la comunitat educativa: director, professorat, alumnat, personal d\u2019administraci\u00f3 i serveis, etc.<br \/>\nEn els centres&hellip;  <a href=\"https:\/\/agora.xtec.cat\/escestel\/lescola\/consell-escolar\/\" title=\"Read Consell escolar\">Llegeix m\u00e9s\u00bb<\/a><\/p>\n","protected":false},"author":1,"featured_media":0,"parent":22,"menu_order":30,"comment_status":"closed","ping_status":"closed","template":"page-templates\/side-menu.php","meta":{"_bbp_topic_count":0,"_bbp_reply_count":0,"_bbp_total_topic_count":0,"_bbp_total_reply_count":0,"_bbp_voice_count":0,"_bbp_anonymous_reply_count":0,"_bbp_topic_count_hidden":0,"_bbp_reply_count_hidden":0,"_bbp_forum_subforum_count":0,"footnotes":""},"class_list":["post-28","page","type-page","status-publish","hentry"],"post_mailing_queue_ids":[],"_links":{"self":[{"href":"https:\/\/agora.xtec.cat\/escestel\/wp-json\/wp\/v2\/pages\/28","targetHints":{"allow":["GET"]}}],"collection":[{"href":"https:\/\/agora.xtec.cat\/escestel\/wp-json\/wp\/v2\/pages"}],"about":[{"href":"https:\/\/agora.xtec.cat\/escestel\/wp-json\/wp\/v2\/types\/page"}],"author":[{"embeddable":true,"href":"https:\/\/agora.xtec.cat\/escestel\/wp-json\/wp\/v2\/users\/1"}],"replies":[{"embeddable":true,"href":"https:\/\/agora.xtec.cat\/escestel\/wp-json\/wp\/v2\/comments?post=28"}],"version-history":[{"count":5,"href":"https:\/\/agora.xtec.cat\/escestel\/wp-json\/wp\/v2\/pages\/28\/revisions"}],"predecessor-version":[{"id":17394,"href":"https:\/\/agora.xtec.cat\/escestel\/wp-json\/wp\/v2\/pages\/28\/revisions\/17394"}],"up":[{"embeddable":true,"href":"https:\/\/agora.xtec.cat\/escestel\/wp-json\/wp\/v2\/pages\/22"}],"wp:attachment":[{"href":"https:\/\/agora.xtec.cat\/escestel\/wp-json\/wp\/v2\/media?parent=28"}],"curies":[{"name":"wp","href":"https:\/\/api.w.org\/{rel}","templated":true}]}}