{"id":17742,"date":"2025-01-24T08:45:06","date_gmt":"2025-01-24T07:45:06","guid":{"rendered":"https:\/\/agora.xtec.cat\/escestel\/?page_id=17742"},"modified":"2025-01-27T09:26:49","modified_gmt":"2025-01-27T08:26:49","slug":"radio-estel","status":"publish","type":"page","link":"https:\/\/agora.xtec.cat\/escestel\/projecte-educatiu\/els-nostres-projectes\/radio-estel\/","title":{"rendered":"R\u00e0dio Estel"},"content":{"rendered":"<p>El projecte R\u00e0dio Estel neix amb l&#8217;objectiu de consolidar tot el treball que fem al centre per tal que el nostre alumnat assoleixi la compet\u00e8ncia comunicativa i digital, sent la r\u00e0dio un mitj\u00e0 que ho permet, ja que desperta l&#8217;inter\u00e8s i la curiositat dels infants.<\/p>\n<table style=\"height: 286px; width: 99.855%; border-collapse: collapse;\">\n<tbody>\n<tr style=\"height: 286px;\">\n<td style=\"width: 31.3923%; height: 286px;\"><a href=\"https:\/\/agora.xtec.cat\/escestel\/categoria\/radio-estel\/\"><img loading=\"lazy\" decoding=\"async\" class=\"alignnone wp-image-17737 size-full\" src=\"https:\/\/agora.xtec.cat\/escestel\/wp-content\/uploads\/usu1725\/2025\/01\/logo-radio-estel-e1737715331938.png\" alt=\"\" width=\"371\" height=\"372\" srcset=\"https:\/\/agora.xtec.cat\/escestel\/wp-content\/uploads\/usu1725\/2025\/01\/logo-radio-estel-e1737715331938.png 371w, https:\/\/agora.xtec.cat\/escestel\/wp-content\/uploads\/usu1725\/2025\/01\/logo-radio-estel-e1737715331938-300x300.png 300w, https:\/\/agora.xtec.cat\/escestel\/wp-content\/uploads\/usu1725\/2025\/01\/logo-radio-estel-e1737715331938-150x150.png 150w\" sizes=\"auto, (max-width: 371px) 100vw, 371px\" \/><\/a><\/td>\n<td style=\"width: 68.4627%; height: 286px;\">\n<h3>Qu\u00e8 aporta a l&#8217;alumnat el projecte de r\u00e0dio escolar?<\/h3>\n<ul>\n<li>Desenvolupament de les habilitats ling\u00fc\u00edstiques<\/li>\n<li>Foment de la creativitat<\/li>\n<li>Millora de les habilitats t\u00e8cniques i la compet\u00e8ncia digital<\/li>\n<li>Foment del treball en equip i la col\u00b7laboraci\u00f3 de l&#8217;alumnat i el professorat<\/li>\n<li>Creaci\u00f3 de vincles i coneixement de l&#8217;audi\u00e8ncia a la qual ens dirigim<\/li>\n<li>Inclusi\u00f3 i diversitat<\/li>\n<li>Foment de l&#8217;autonomia<\/li>\n<li>Coneixement del m\u00f3n exterior<\/li>\n<li>Foment de la confian\u00e7a<\/li>\n<\/ul>\n<\/td>\n<\/tr>\n<\/tbody>\n<\/table>\n<h4>On ens podeu escoltar?<\/h4>\n<p>Podeu escoltar les nostres produccions radiof\u00f2niques en el seg\u00fcent <a href=\"https:\/\/agora.xtec.cat\/escestel\/categoria\/radio-estel\/\"><strong>enlla\u00e7<\/strong>.<\/a><\/p>\n<p>Tam<a href=\"https:\/\/projectes.xtec.cat\/canaldereporters\/el-projecte\/\" target=\"_blank\" rel=\"noopener\"><img loading=\"lazy\" decoding=\"async\" class=\"wp-image-17748 size-thumbnail alignright\" src=\"https:\/\/agora.xtec.cat\/escestel\/wp-content\/uploads\/usu1725\/2025\/01\/canalreporters-150x150.jpg\" alt=\"\" width=\"150\" height=\"150\" srcset=\"https:\/\/agora.xtec.cat\/escestel\/wp-content\/uploads\/usu1725\/2025\/01\/canalreporters-150x150.jpg 150w, https:\/\/agora.xtec.cat\/escestel\/wp-content\/uploads\/usu1725\/2025\/01\/canalreporters-300x300.jpg 300w, https:\/\/agora.xtec.cat\/escestel\/wp-content\/uploads\/usu1725\/2025\/01\/canalreporters.jpg 538w\" sizes=\"auto, (max-width: 150px) 100vw, 150px\" \/><\/a>b\u00e9 ens trobareu a la web de <a href=\"https:\/\/projectes.xtec.cat\/canaldereporters\/el-projecte\/\" target=\"_blank\" rel=\"noopener\"><strong>Canal de Reporters<\/strong><\/a>, projecte del Departament d&#8217;Educaci\u00f3 i Formaci\u00f3 Professional, que recull totes les produccions del centres escolars catalans que implementen la r\u00e0dio escolar.<\/p>\n<p>&nbsp;<\/p>\n<p>&nbsp;<\/p>\n","protected":false},"excerpt":{"rendered":"<p>El projecte R\u00e0dio Estel neix amb l&#8217;objectiu de consolidar tot el treball que fem al centre per tal que el nostre alumnat assoleixi la compet\u00e8ncia comunicativa i digital, sent la r\u00e0dio un mitj\u00e0 que ho permet, ja que desperta l&#8217;inter\u00e8s i la curiositat dels infants.<\/p>\n<p><a&hellip;  <a href=\"https:\/\/agora.xtec.cat\/escestel\/projecte-educatiu\/els-nostres-projectes\/radio-estel\/\" title=\"Read R\u00e0dio Estel\">Llegeix m\u00e9s\u00bb<\/a><\/p>\n","protected":false},"author":1,"featured_media":0,"parent":16870,"menu_order":0,"comment_status":"closed","ping_status":"closed","template":"page-templates\/side-menu.php","meta":{"_bbp_topic_count":0,"_bbp_reply_count":0,"_bbp_total_topic_count":0,"_bbp_total_reply_count":0,"_bbp_voice_count":0,"_bbp_anonymous_reply_count":0,"_bbp_topic_count_hidden":0,"_bbp_reply_count_hidden":0,"_bbp_forum_subforum_count":0,"footnotes":""},"class_list":["post-17742","page","type-page","status-publish","hentry"],"post_mailing_queue_ids":[],"_links":{"self":[{"href":"https:\/\/agora.xtec.cat\/escestel\/wp-json\/wp\/v2\/pages\/17742","targetHints":{"allow":["GET"]}}],"collection":[{"href":"https:\/\/agora.xtec.cat\/escestel\/wp-json\/wp\/v2\/pages"}],"about":[{"href":"https:\/\/agora.xtec.cat\/escestel\/wp-json\/wp\/v2\/types\/page"}],"author":[{"embeddable":true,"href":"https:\/\/agora.xtec.cat\/escestel\/wp-json\/wp\/v2\/users\/1"}],"replies":[{"embeddable":true,"href":"https:\/\/agora.xtec.cat\/escestel\/wp-json\/wp\/v2\/comments?post=17742"}],"version-history":[{"count":6,"href":"https:\/\/agora.xtec.cat\/escestel\/wp-json\/wp\/v2\/pages\/17742\/revisions"}],"predecessor-version":[{"id":17791,"href":"https:\/\/agora.xtec.cat\/escestel\/wp-json\/wp\/v2\/pages\/17742\/revisions\/17791"}],"up":[{"embeddable":true,"href":"https:\/\/agora.xtec.cat\/escestel\/wp-json\/wp\/v2\/pages\/16870"}],"wp:attachment":[{"href":"https:\/\/agora.xtec.cat\/escestel\/wp-json\/wp\/v2\/media?parent=17742"}],"curies":[{"name":"wp","href":"https:\/\/api.w.org\/{rel}","templated":true}]}}