{"id":17148,"date":"2023-01-18T10:34:47","date_gmt":"2023-01-18T09:34:47","guid":{"rendered":"https:\/\/agora.xtec.cat\/escestel\/?page_id=17148"},"modified":"2023-01-18T10:34:48","modified_gmt":"2023-01-18T09:34:48","slug":"trets-didentitat","status":"publish","type":"page","link":"https:\/\/agora.xtec.cat\/escestel\/lescola\/trets-didentitat\/","title":{"rendered":"Trets d&#8217;identitat"},"content":{"rendered":"<p>L&#8217;Escola Estel \u00e9s una escola p\u00fablica d&#8217;Educaci\u00f3 Infantil i Prim\u00e0ria, laica i catalana d&#8217;una sola l\u00ednia.<\/p>\n<p>L&#8217;Estel \u00e9s un espai per conviure, una comunitat democr\u00e0tica que contribueix a formar ciutadans responsables, cr\u00edtics i compromesos amb el present i el futur de la societat.<\/p>\n<p>A l&#8217;escola, l&#8217;alumnat \u00e9s el protagonista del seu proc\u00e9s d&#8217;aprenentatge, on pot exercir la seva llibertat, respectant la dels altres i on tothom es sent acollit i estimat.<\/p>\n<p>Entenem l&#8217;educaci\u00f3 de forma globalitzada, on tots els aspectes que la conformen s\u00f3n importants:\u00a0es promou la curiositat, es fomenten les ganes d&#8217;aprendre i es potencia l&#8217;educaci\u00f3 emocional i en valors.<\/p>\n<p>Considerem l&#8217;escola com un espai viu i innovador que avan\u00e7a al mateix ritme que la societat.<\/p>\n<p>La visi\u00f3 de l&#8217;escola \u00e9s un horitz\u00f3 compartit per tota la comunitat educativa.<\/p>\n<p>Creiem que per educar \u00e9s imprescindible un treball compartit entre l\u2019alumnat, les mestres i les fam\u00edlies per tal de crear aquest horitz\u00f3 com\u00fa.<\/p>\n","protected":false},"excerpt":{"rendered":"<p>L&#8217;Escola Estel \u00e9s una escola p\u00fablica d&#8217;Educaci\u00f3 Infantil i Prim\u00e0ria, laica i catalana d&#8217;una sola l\u00ednia.<br \/>\nL&#8217;Estel \u00e9s un espai per conviure, una comunitat democr\u00e0tica que contribueix a formar ciutadans responsables, cr\u00edtics i compromesos amb el present i el futur de la societat.<br \/>\nA l&#8217;escola, l&#8217;alumnat \u00e9s&hellip;  <a href=\"https:\/\/agora.xtec.cat\/escestel\/lescola\/trets-didentitat\/\" title=\"Read Trets d&#8217;identitat\">Llegeix m\u00e9s\u00bb<\/a><\/p>\n","protected":false},"author":1,"featured_media":0,"parent":22,"menu_order":9,"comment_status":"closed","ping_status":"closed","template":"page-templates\/side-menu.php","meta":{"_bbp_topic_count":0,"_bbp_reply_count":0,"_bbp_total_topic_count":0,"_bbp_total_reply_count":0,"_bbp_voice_count":0,"_bbp_anonymous_reply_count":0,"_bbp_topic_count_hidden":0,"_bbp_reply_count_hidden":0,"_bbp_forum_subforum_count":0,"footnotes":""},"class_list":["post-17148","page","type-page","status-publish","hentry"],"post_mailing_queue_ids":[],"_links":{"self":[{"href":"https:\/\/agora.xtec.cat\/escestel\/wp-json\/wp\/v2\/pages\/17148","targetHints":{"allow":["GET"]}}],"collection":[{"href":"https:\/\/agora.xtec.cat\/escestel\/wp-json\/wp\/v2\/pages"}],"about":[{"href":"https:\/\/agora.xtec.cat\/escestel\/wp-json\/wp\/v2\/types\/page"}],"author":[{"embeddable":true,"href":"https:\/\/agora.xtec.cat\/escestel\/wp-json\/wp\/v2\/users\/1"}],"replies":[{"embeddable":true,"href":"https:\/\/agora.xtec.cat\/escestel\/wp-json\/wp\/v2\/comments?post=17148"}],"version-history":[{"count":3,"href":"https:\/\/agora.xtec.cat\/escestel\/wp-json\/wp\/v2\/pages\/17148\/revisions"}],"predecessor-version":[{"id":17151,"href":"https:\/\/agora.xtec.cat\/escestel\/wp-json\/wp\/v2\/pages\/17148\/revisions\/17151"}],"up":[{"embeddable":true,"href":"https:\/\/agora.xtec.cat\/escestel\/wp-json\/wp\/v2\/pages\/22"}],"wp:attachment":[{"href":"https:\/\/agora.xtec.cat\/escestel\/wp-json\/wp\/v2\/media?parent=17148"}],"curies":[{"name":"wp","href":"https:\/\/api.w.org\/{rel}","templated":true}]}}