{"id":16916,"date":"2022-02-16T16:03:48","date_gmt":"2022-02-16T15:03:48","guid":{"rendered":"https:\/\/agora.xtec.cat\/escestel\/?page_id=16916"},"modified":"2024-01-12T16:03:46","modified_gmt":"2024-01-12T15:03:46","slug":"musica-mestr","status":"publish","type":"page","link":"https:\/\/agora.xtec.cat\/escestel\/projecte-educatiu\/els-nostres-projectes\/musica-mestr\/","title":{"rendered":"M\u00fasica, mestr@!"},"content":{"rendered":"<p>Es relaciona la m\u00fasica amb el desenvolupament cognitiu, social i emocional. Per aix\u00f2, a l&#8217;Estel valorem que la m\u00fasica a l&#8217;escola t\u00e9 infinits beneficis pels nostres infants.<\/p>\n<p>A<span style=\"font-family: inherit; font-size: 1em;\">\u00a0trav\u00e9s de l\u2019educaci\u00f3 musical descobrim l\u2019art, <\/span>escoltem de manera creativa o percebem a trav\u00e9s del moviment el m\u00f3n sonor que ens envolta. Tamb\u00e9 s\u2019activen altres dimensions com les habilitats, els valors, les emocions\u2026 La m\u00fasica \u00e9s celebraci\u00f3 i connexi\u00f3 social!<\/p>\n<table style=\"width: 23.4957%; border-collapse: collapse; background-color: #65c9bc; height: 42px;\">\n<tbody>\n<tr style=\"height: 42px;\">\n<td style=\"width: 100%; height: 42px;\">\n<h5><span style=\"color: #ffffff;\">Instrumentaci\u00f3<\/span><\/h5>\n<\/td>\n<\/tr>\n<\/tbody>\n<\/table>\n<p>A l&#8217;escola donem molta import\u00e0ncia al treball de conjunt instrumental i, \u00e9s per aix\u00f2, que des d&#8217;Inf-3 fins a 6\u00e8 es fa una sessi\u00f3 setmanal d&#8217;instrumentaci\u00f3 en grup redu\u00eft.<\/p>\n<p>A partir de cicle mitj\u00e0, s&#8217;introdueix un projecte espec\u00edfic per aprendre a tocar l&#8217;ukelele, instrument que els encanta!!<\/p>\n<table style=\"width: 23.4957%; border-collapse: collapse; background-color: #65c9bc; height: 42px;\">\n<tbody>\n<tr style=\"height: 42px;\">\n<td style=\"width: 100%; height: 42px;\">\n<h5><span style=\"color: #ffffff;\">Concert Dia de la M\u00fasica<\/span><\/h5>\n<\/td>\n<\/tr>\n<\/tbody>\n<\/table>\n<p>Cada 22 de novembre celebrem el Dia de la M\u00fasica amb un concert molt especial, a c\u00e0rrec d&#8217;aquells infants que toquen algun instrument i els ve de gust delectar-nos amb el seu art. Pianos, saxos, guitarres, flautes travesseres, violins&#8230;Un aut\u00e8ntic plaer pels sentits!<\/p>\n<p>Visca la m\u00fasica!<\/p>\n<table style=\"width: 23.4957%; border-collapse: collapse; background-color: #65c9bc; height: 42px;\">\n<tbody>\n<tr style=\"height: 42px;\">\n<td style=\"width: 100%; height: 42px;\">\n<h5><span style=\"color: #ffffff;\">Concert de Nadal<\/span><\/h5>\n<\/td>\n<\/tr>\n<\/tbody>\n<\/table>\n<p>El concert de Nadal que preparem a l&#8217;Estel va molt m\u00e9s enll\u00e0 de cantar can\u00e7ons tradicionals d&#8217;aquestes festes. La instrumentaci\u00f3 t\u00e9 un pes molt important en el nostre projecte educatiu i, durant aquesta celebraci\u00f3, els grups de prim\u00e0ria demostren les seves habilitats reproduint incre\u00efbles peces musicals amb les quals aconsegueixen deixar-nos a tots i totes ben bocabadats.<\/p>\n<table style=\"width: 23.4957%; border-collapse: collapse; background-color: #65c9bc; height: 42px;\">\n<tbody>\n<tr style=\"height: 42px;\">\n<td style=\"width: 100%; height: 42px;\">\n<h5><span style=\"color: #ffffff;\">Cant\u00e0nia<\/span><\/h5>\n<\/td>\n<\/tr>\n<\/tbody>\n<\/table>\n<p>Des de fa ja molts cursos, l&#8217;escola participa amb el grup de 5\u00e8 a la Cant\u00e0nia, una cantata col\u00b7lectiva on participen escoles de tota Catalunya i organitzada per l&#8217;Auditori de Barcelona.<\/p>\n<p>Cada temporada s\u2019encarrega una obra nova per a un gran cor de nens i nenes, a\u00a0compositors i escriptors catalans de reconegut prestigi. Durant tot el curs escolar es treballa tant des de L\u2019Auditori com des de l\u2019escola. L\u2019objectiu \u00e9s organitzar un acte per als alumnes que, per les caracter\u00edstiques globals pensades exclusivament per a ells, per la qualitat i per la implicaci\u00f3 personal i col\u00b7lectiva en l\u2019acte, es converteixi en una viv\u00e8ncia musical inoblidable per a tots.<\/p>\n<table style=\"width: 23.4957%; border-collapse: collapse; background-color: #65c9bc; height: 42px;\">\n<tbody>\n<tr style=\"height: 42px;\">\n<td style=\"width: 100%; height: 42px;\">\n<h5><span style=\"color: #ffffff;\">Festa de Final de Curs<\/span><\/h5>\n<\/td>\n<\/tr>\n<\/tbody>\n<\/table>\n<p>L&#8217;\u00faltim dissabte de curs, celebrem una gran festa per acomiadar l&#8217;any escolar. Novament, la m\u00fasica esdev\u00e9 la protagonista de la celebraci\u00f3, aquesta vegada expressant-la mitjan\u00e7ant el cos i el moviment. Cada grup prepara, amb molta il\u00b7lusi\u00f3, una coreografia que despr\u00e9s mostraran a tota la comunitat educativa.<\/p>\n","protected":false},"excerpt":{"rendered":"<p>Es relaciona la m\u00fasica amb el desenvolupament cognitiu, social i emocional. Per aix\u00f2, a l&#8217;Estel valorem que la m\u00fasica a l&#8217;escola t\u00e9 infinits beneficis pels nostres infants.<br \/>\nA\u00a0trav\u00e9s de l\u2019educaci\u00f3 musical descobrim l\u2019art, escoltem de manera creativa o percebem a trav\u00e9s del moviment el m\u00f3n sonor&hellip;  <a href=\"https:\/\/agora.xtec.cat\/escestel\/projecte-educatiu\/els-nostres-projectes\/musica-mestr\/\" title=\"Read M\u00fasica, mestr@!\">Llegeix m\u00e9s\u00bb<\/a><\/p>\n","protected":false},"author":1,"featured_media":0,"parent":16870,"menu_order":8,"comment_status":"closed","ping_status":"closed","template":"page-templates\/side-menu.php","meta":{"_bbp_topic_count":0,"_bbp_reply_count":0,"_bbp_total_topic_count":0,"_bbp_total_reply_count":0,"_bbp_voice_count":0,"_bbp_anonymous_reply_count":0,"_bbp_topic_count_hidden":0,"_bbp_reply_count_hidden":0,"_bbp_forum_subforum_count":0,"footnotes":""},"class_list":["post-16916","page","type-page","status-publish","hentry"],"post_mailing_queue_ids":[],"_links":{"self":[{"href":"https:\/\/agora.xtec.cat\/escestel\/wp-json\/wp\/v2\/pages\/16916","targetHints":{"allow":["GET"]}}],"collection":[{"href":"https:\/\/agora.xtec.cat\/escestel\/wp-json\/wp\/v2\/pages"}],"about":[{"href":"https:\/\/agora.xtec.cat\/escestel\/wp-json\/wp\/v2\/types\/page"}],"author":[{"embeddable":true,"href":"https:\/\/agora.xtec.cat\/escestel\/wp-json\/wp\/v2\/users\/1"}],"replies":[{"embeddable":true,"href":"https:\/\/agora.xtec.cat\/escestel\/wp-json\/wp\/v2\/comments?post=16916"}],"version-history":[{"count":4,"href":"https:\/\/agora.xtec.cat\/escestel\/wp-json\/wp\/v2\/pages\/16916\/revisions"}],"predecessor-version":[{"id":17414,"href":"https:\/\/agora.xtec.cat\/escestel\/wp-json\/wp\/v2\/pages\/16916\/revisions\/17414"}],"up":[{"embeddable":true,"href":"https:\/\/agora.xtec.cat\/escestel\/wp-json\/wp\/v2\/pages\/16870"}],"wp:attachment":[{"href":"https:\/\/agora.xtec.cat\/escestel\/wp-json\/wp\/v2\/media?parent=16916"}],"curies":[{"name":"wp","href":"https:\/\/api.w.org\/{rel}","templated":true}]}}