{"id":16912,"date":"2022-02-16T11:04:01","date_gmt":"2022-02-16T10:04:01","guid":{"rendered":"https:\/\/agora.xtec.cat\/escestel\/?page_id=16912"},"modified":"2022-02-16T11:05:23","modified_gmt":"2022-02-16T10:05:23","slug":"cueme","status":"publish","type":"page","link":"https:\/\/agora.xtec.cat\/escestel\/projecte-educatiu\/els-nostres-projectes\/cueme\/","title":{"rendered":"CuEmE"},"content":{"rendered":"<p>Aquest curs l\u2019Estel participa en el Programa Cultura Emprenedora a l\u2019Escola. Aquest \u00e9s un programa de la Diputaci\u00f3 de Barcelona que fomenta l\u2019esperit emprenedor i la cohesi\u00f3 grupal en el cicle superior de prim\u00e0ria mitjan\u00e7ant la creaci\u00f3 i gesti\u00f3 d\u2019una cooperativa escolar amb el recolzament de la comunitat educativa, l\u2019administraci\u00f3 i altres agents socials de Molins de Rei.<\/p>\n<p>Els nens i nenes de 5\u00e8 de prim\u00e0ria hauran de crear la seva pr\u00f2pia cooperativa, seguint diferents passos:<\/p>\n<ul>\n<li>Constituci\u00f3 de la cooperativa.<\/li>\n<li>Disseny del logotip i imatge de la cooperativa.<\/li>\n<li>Estudi de mercat.<\/li>\n<li>C\u00e0lcul del preu dels productes<\/li>\n<li>Venda dels productes<\/li>\n<\/ul>\n<p>Una vegada acabada l\u2019activitat, els guanys de la cooperativa aniran destinats a una ONG que escolliran els propis alumnes.<\/p>\n<p>&nbsp;<\/p>\n","protected":false},"excerpt":{"rendered":"<p>Aquest curs l\u2019Estel participa en el Programa Cultura Emprenedora a l\u2019Escola. Aquest \u00e9s un programa de la Diputaci\u00f3 de Barcelona que fomenta l\u2019esperit emprenedor i la cohesi\u00f3 grupal en el cicle superior de prim\u00e0ria mitjan\u00e7ant la creaci\u00f3 i gesti\u00f3 d\u2019una cooperativa escolar amb el recolzament&hellip;  <a href=\"https:\/\/agora.xtec.cat\/escestel\/projecte-educatiu\/els-nostres-projectes\/cueme\/\" title=\"Read CuEmE\">Llegeix m\u00e9s\u00bb<\/a><\/p>\n","protected":false},"author":1,"featured_media":0,"parent":16870,"menu_order":8,"comment_status":"closed","ping_status":"closed","template":"page-templates\/side-menu.php","meta":{"_bbp_topic_count":0,"_bbp_reply_count":0,"_bbp_total_topic_count":0,"_bbp_total_reply_count":0,"_bbp_voice_count":0,"_bbp_anonymous_reply_count":0,"_bbp_topic_count_hidden":0,"_bbp_reply_count_hidden":0,"_bbp_forum_subforum_count":0,"footnotes":""},"class_list":["post-16912","page","type-page","status-publish","hentry"],"post_mailing_queue_ids":[],"_links":{"self":[{"href":"https:\/\/agora.xtec.cat\/escestel\/wp-json\/wp\/v2\/pages\/16912","targetHints":{"allow":["GET"]}}],"collection":[{"href":"https:\/\/agora.xtec.cat\/escestel\/wp-json\/wp\/v2\/pages"}],"about":[{"href":"https:\/\/agora.xtec.cat\/escestel\/wp-json\/wp\/v2\/types\/page"}],"author":[{"embeddable":true,"href":"https:\/\/agora.xtec.cat\/escestel\/wp-json\/wp\/v2\/users\/1"}],"replies":[{"embeddable":true,"href":"https:\/\/agora.xtec.cat\/escestel\/wp-json\/wp\/v2\/comments?post=16912"}],"version-history":[{"count":1,"href":"https:\/\/agora.xtec.cat\/escestel\/wp-json\/wp\/v2\/pages\/16912\/revisions"}],"predecessor-version":[{"id":16913,"href":"https:\/\/agora.xtec.cat\/escestel\/wp-json\/wp\/v2\/pages\/16912\/revisions\/16913"}],"up":[{"embeddable":true,"href":"https:\/\/agora.xtec.cat\/escestel\/wp-json\/wp\/v2\/pages\/16870"}],"wp:attachment":[{"href":"https:\/\/agora.xtec.cat\/escestel\/wp-json\/wp\/v2\/media?parent=16912"}],"curies":[{"name":"wp","href":"https:\/\/api.w.org\/{rel}","templated":true}]}}