{"id":16904,"date":"2022-02-16T10:42:52","date_gmt":"2022-02-16T09:42:52","guid":{"rendered":"https:\/\/agora.xtec.cat\/escestel\/?page_id=16904"},"modified":"2022-02-16T11:05:16","modified_gmt":"2022-02-16T10:05:16","slug":"cuidem-nos","status":"publish","type":"page","link":"https:\/\/agora.xtec.cat\/escestel\/projecte-educatiu\/els-nostres-projectes\/cuidem-nos\/","title":{"rendered":"Cuidem-nos"},"content":{"rendered":"<p>No \u00e9s cap secret que tenir uns h\u00e0bits saludables influeix de manera directa en el benestar, l&#8217;equilibri personal i la qualitat de vida. Per aix\u00f2, des de l&#8217;escola promovem l&#8217;adquisici\u00f3 d&#8217;aquests h\u00e0bits amb diferents actuacions i participant en programes espec\u00edfics.<\/p>\n<table style=\"width: 100%; border-collapse: collapse; background-color: #79dbd6;\">\n<tbody>\n<tr>\n<td style=\"width: 100%;\">\n<h5><span style=\"color: #ffffff;\"><strong>Programa Consum de fruita, verdura i llet<\/strong><\/span><\/h5>\n<\/td>\n<\/tr>\n<\/tbody>\n<\/table>\n<p>Es tracta de distribuir, una setmana al mes, fruita i verdura fresca als infants de l&#8217;escola durant l&#8217;esmorzar o el berenar. La fruita que es distribueix \u00e9s seleccionada en funci\u00f3 de l&#8217;estaci\u00f3 de l&#8217;any, la proximitat i la qualitat. (<a href=\"http:\/\/agricultura.gencat.cat\/web\/.content\/04-alimentacio\/pla-consum-fruita-escoles\/enllacos-documents\/fitxers-binaris\/triptic-programa-consum-fruita-hortalisses-escoles-unio-europea.pdf\" target=\"_blank\" rel=\"noopener\">+info<\/a>)<\/p>\n<p>D&#8217;altra banda, per tal de promoure el consum de l\u00e0ctics, s&#8217;ofereix un got de llet per esmorzar als infants. (<a href=\"http:\/\/agricultura.gencat.cat\/web\/.content\/04-alimentacio\/pla-consum-llet-escoles\/enllacos-documents\/fitxers-binaris\/triptic-programa-consum-llet-escoles-unio-europea.pdf\" target=\"_blank\" rel=\"noopener\">+info<\/a>)<\/p>\n<p>Aquest programa \u00e9s una iniciativa de la Uni\u00f3 Europea amb l&#8217;acci\u00f3 conjunta dels departaments d\u2019Agricultura, Salut i Ensenyament.<\/p>\n<table style=\"width: 100%; border-collapse: collapse; background-color: #79dbd6;\">\n<tbody>\n<tr>\n<td style=\"width: 100%;\">\n<h5><span style=\"color: #ffffff;\"><strong>Esmorzar de fruites<\/strong><\/span><\/h5>\n<\/td>\n<\/tr>\n<\/tbody>\n<\/table>\n<p>A banda de la nostra participaci\u00f3 al Programa Consum de fruita, verdura i llet, a l&#8217;escola demanem que dijous tots els infants de l&#8217;escola portin fruita per esmorzar<\/p>\n","protected":false},"excerpt":{"rendered":"<p>No \u00e9s cap secret que tenir uns h\u00e0bits saludables influeix de manera directa en el benestar, l&#8217;equilibri personal i la qualitat de vida. Per aix\u00f2, des de l&#8217;escola promovem l&#8217;adquisici\u00f3 d&#8217;aquests h\u00e0bits amb diferents actuacions i participant en programes espec\u00edfics.<\/p>\n<p>Programa Consum de fruita, verdura i&hellip;  <a href=\"https:\/\/agora.xtec.cat\/escestel\/projecte-educatiu\/els-nostres-projectes\/cuidem-nos\/\" title=\"Read Cuidem-nos\">Llegeix m\u00e9s\u00bb<\/a><\/p>\n","protected":false},"author":1,"featured_media":0,"parent":16870,"menu_order":7,"comment_status":"closed","ping_status":"closed","template":"page-templates\/side-menu.php","meta":{"_bbp_topic_count":0,"_bbp_reply_count":0,"_bbp_total_topic_count":0,"_bbp_total_reply_count":0,"_bbp_voice_count":0,"_bbp_anonymous_reply_count":0,"_bbp_topic_count_hidden":0,"_bbp_reply_count_hidden":0,"_bbp_forum_subforum_count":0,"footnotes":""},"class_list":["post-16904","page","type-page","status-publish","hentry"],"post_mailing_queue_ids":[],"_links":{"self":[{"href":"https:\/\/agora.xtec.cat\/escestel\/wp-json\/wp\/v2\/pages\/16904","targetHints":{"allow":["GET"]}}],"collection":[{"href":"https:\/\/agora.xtec.cat\/escestel\/wp-json\/wp\/v2\/pages"}],"about":[{"href":"https:\/\/agora.xtec.cat\/escestel\/wp-json\/wp\/v2\/types\/page"}],"author":[{"embeddable":true,"href":"https:\/\/agora.xtec.cat\/escestel\/wp-json\/wp\/v2\/users\/1"}],"replies":[{"embeddable":true,"href":"https:\/\/agora.xtec.cat\/escestel\/wp-json\/wp\/v2\/comments?post=16904"}],"version-history":[{"count":3,"href":"https:\/\/agora.xtec.cat\/escestel\/wp-json\/wp\/v2\/pages\/16904\/revisions"}],"predecessor-version":[{"id":16911,"href":"https:\/\/agora.xtec.cat\/escestel\/wp-json\/wp\/v2\/pages\/16904\/revisions\/16911"}],"up":[{"embeddable":true,"href":"https:\/\/agora.xtec.cat\/escestel\/wp-json\/wp\/v2\/pages\/16870"}],"wp:attachment":[{"href":"https:\/\/agora.xtec.cat\/escestel\/wp-json\/wp\/v2\/media?parent=16904"}],"curies":[{"name":"wp","href":"https:\/\/api.w.org\/{rel}","templated":true}]}}