{"id":16885,"date":"2022-02-16T10:11:10","date_gmt":"2022-02-16T09:11:10","guid":{"rendered":"https:\/\/agora.xtec.cat\/escestel\/?page_id=16885"},"modified":"2024-01-12T15:37:40","modified_gmt":"2024-01-12T14:37:40","slug":"steam","status":"publish","type":"page","link":"https:\/\/agora.xtec.cat\/escestel\/projecte-educatiu\/els-nostres-projectes\/steam\/","title":{"rendered":"STEAM"},"content":{"rendered":"<table style=\"width: 28.2168%; border-collapse: collapse; background-color: #1c11f2;\">\n<tbody>\n<tr>\n<td style=\"width: 100%;\"><span style=\"color: #ffffff;\"><strong>QU\u00c8 \u00c9S L&#8217;STEAM?<\/strong><\/span><\/td>\n<\/tr>\n<\/tbody>\n<\/table>\n<p>Parlem de STEAM per referir-nos a enfocaments globals i transversals, que aprofiten situacions contextualitzades i problematitzades per treballar les Ci\u00e8ncies, la Tecnologia, l\u2019Enginyeria, l\u2019Art i les Matem\u00e0tiques, cercant solucions creatives i cr\u00edtiques.<\/p>\n<table style=\"width: 28.5563%; border-collapse: collapse; background-color: #1c11f2;\">\n<tbody>\n<tr>\n<td style=\"width: 100%;\"><span style=\"color: #ffffff;\"><strong>PER QU\u00c8 FEM STEAM A L&#8217;ESTEL?<\/strong><\/span><\/td>\n<\/tr>\n<\/tbody>\n<\/table>\n<p>Entenem que el sentit de la ci\u00e8ncia i la tecnologia \u00e9s contribuir a la millora en la qualitat de vida de les persones, i \u00e9s per aix\u00f2 que volem fomentar les metodologies STEAM a trav\u00e9s d&#8217;activitats amb una perspectiva social i la realitzaci\u00f3 de tallers on l&#8217;alumnat es pugui plantejar reptes que el portin a descobrir com aquestes disciplines poden ajudar a millorar i, fins i tot, canviar el m\u00f3n que ens envolta.<\/p>\n<p>Veiem l\u2019STEAM com una oportunitat per promoure una educaci\u00f3 on ci\u00e8ncia i tecnologia tinguin un paper clau en el desenvolupament dels infants i a trav\u00e9s de la qual els oferim una forma de fer, pensar, parlar i valorar que els permeti arribar a elaborar conclusions pr\u00f2pies a partir de la indagaci\u00f3, de l&#8217;observaci\u00f3, de la formulaci\u00f3 d\u2019hip\u00f2tesis i de l\u2019experimentaci\u00f3.<\/p>\n<p>A l&#8217;Estel fem STEAM perqu\u00e8 creiem que cal fomentar, des de ben petits, les vocacions cient\u00edficotecnol\u00f2giques i matem\u00e0tiques, no nom\u00e9s per reduir l&#8217;escletxa social de la dona en aquest camp, sin\u00f3 per donar a con\u00e9ixer el vessant social d&#8217;aquestes disciplines i com poden ajudar a la societat.<\/p>\n<p>D&#8217;aquesta manera volem preparar el nostre alumnat per accedir a les professions del futur independentment del seu sexe o condici\u00f3 social, vetllant, aix\u00ed, per garantir el principi d&#8217;equitat.<\/p>\n<table style=\"border-collapse: collapse; width: 79.9855%; height: 336px;\">\n<tbody>\n<tr style=\"height: 207px;\">\n<td style=\"width: 26.0091%; height: 207px;\"><img loading=\"lazy\" decoding=\"async\" class=\"wp-image-16886 aligncenter\" src=\"https:\/\/agora.xtec.cat\/escestel\/wp-content\/uploads\/usu1725\/2022\/02\/IMG-20220210-WA0009.jpg\" alt=\"\" width=\"202\" height=\"152\" srcset=\"https:\/\/agora.xtec.cat\/escestel\/wp-content\/uploads\/usu1725\/2022\/02\/IMG-20220210-WA0009.jpg 1024w, https:\/\/agora.xtec.cat\/escestel\/wp-content\/uploads\/usu1725\/2022\/02\/IMG-20220210-WA0009-300x225.jpg 300w, https:\/\/agora.xtec.cat\/escestel\/wp-content\/uploads\/usu1725\/2022\/02\/IMG-20220210-WA0009-768x576.jpg 768w, https:\/\/agora.xtec.cat\/escestel\/wp-content\/uploads\/usu1725\/2022\/02\/IMG-20220210-WA0009-200x150.jpg 200w\" sizes=\"auto, (max-width: 202px) 100vw, 202px\" \/><\/td>\n<td style=\"width: 26.0092%; height: 207px;\"><a href=\"https:\/\/agora.xtec.cat\/escestel\/wp-content\/uploads\/usu1725\/2022\/02\/IMG-20220210-WA0007.jpg\"><img loading=\"lazy\" decoding=\"async\" class=\"wp-image-16887 aligncenter\" src=\"https:\/\/agora.xtec.cat\/escestel\/wp-content\/uploads\/usu1725\/2022\/02\/IMG-20220210-WA0007-1024x768.jpg\" alt=\"\" width=\"224\" height=\"168\" srcset=\"https:\/\/agora.xtec.cat\/escestel\/wp-content\/uploads\/usu1725\/2022\/02\/IMG-20220210-WA0007-1024x768.jpg 1024w, https:\/\/agora.xtec.cat\/escestel\/wp-content\/uploads\/usu1725\/2022\/02\/IMG-20220210-WA0007-300x225.jpg 300w, https:\/\/agora.xtec.cat\/escestel\/wp-content\/uploads\/usu1725\/2022\/02\/IMG-20220210-WA0007-768x576.jpg 768w, https:\/\/agora.xtec.cat\/escestel\/wp-content\/uploads\/usu1725\/2022\/02\/IMG-20220210-WA0007-1536x1152.jpg 1536w, https:\/\/agora.xtec.cat\/escestel\/wp-content\/uploads\/usu1725\/2022\/02\/IMG-20220210-WA0007-200x150.jpg 200w, https:\/\/agora.xtec.cat\/escestel\/wp-content\/uploads\/usu1725\/2022\/02\/IMG-20220210-WA0007.jpg 2016w\" sizes=\"auto, (max-width: 224px) 100vw, 224px\" \/><\/a><\/p>\n<h6 style=\"text-align: center;\"><\/h6>\n<\/td>\n<td style=\"width: 27.9671%; height: 207px;\"><img loading=\"lazy\" decoding=\"async\" class=\"wp-image-16888 aligncenter\" src=\"https:\/\/agora.xtec.cat\/escestel\/wp-content\/uploads\/usu1725\/2022\/02\/IMG_20211123_104117_587.jpg\" alt=\"\" width=\"155\" height=\"155\" srcset=\"https:\/\/agora.xtec.cat\/escestel\/wp-content\/uploads\/usu1725\/2022\/02\/IMG_20211123_104117_587.jpg 798w, https:\/\/agora.xtec.cat\/escestel\/wp-content\/uploads\/usu1725\/2022\/02\/IMG_20211123_104117_587-300x300.jpg 300w, https:\/\/agora.xtec.cat\/escestel\/wp-content\/uploads\/usu1725\/2022\/02\/IMG_20211123_104117_587-150x150.jpg 150w, https:\/\/agora.xtec.cat\/escestel\/wp-content\/uploads\/usu1725\/2022\/02\/IMG_20211123_104117_587-768x768.jpg 768w\" sizes=\"auto, (max-width: 155px) 100vw, 155px\" \/><\/td>\n<\/tr>\n<tr style=\"height: 65px;\">\n<td style=\"width: 26.0091%; height: 65px;\">\n<p style=\"text-align: left;\">Volem demostrar a les nenes que la ci\u00e8ncia les necessita, que tenen molt per aportar i molt a dir en el futur de la nostra societat.<\/p>\n<\/td>\n<td style=\"width: 26.0092%; height: 65px;\">\n<p style=\"text-align: left;\">Volem conscienciar-los de com la ci\u00e8ncia i la tecnologia poden millorar la qualitat de vida de les persones.<\/p>\n<\/td>\n<td style=\"width: 27.9671%; height: 65px;\">\n<p style=\"text-align: left;\">Volem donar-los seguretat per accedir a les professions del futur, professions que ara, ni tan sols existeixen.<\/p>\n<\/td>\n<\/tr>\n<tr style=\"height: 32px;\">\n<td style=\"width: 26.0091%; height: 32px;\">\n<h6 style=\"text-align: center;\"><a href=\"https:\/\/agora.xtec.cat\/escestel\/wp-content\/uploads\/usu1725\/2022\/02\/IMG_20211117_182153_165.jpg\"><img loading=\"lazy\" decoding=\"async\" class=\"wp-image-16889 aligncenter\" src=\"https:\/\/agora.xtec.cat\/escestel\/wp-content\/uploads\/usu1725\/2022\/02\/IMG_20211117_182153_165-1024x1024.jpg\" alt=\"\" width=\"185\" height=\"185\" srcset=\"https:\/\/agora.xtec.cat\/escestel\/wp-content\/uploads\/usu1725\/2022\/02\/IMG_20211117_182153_165-1024x1024.jpg 1024w, https:\/\/agora.xtec.cat\/escestel\/wp-content\/uploads\/usu1725\/2022\/02\/IMG_20211117_182153_165-300x300.jpg 300w, https:\/\/agora.xtec.cat\/escestel\/wp-content\/uploads\/usu1725\/2022\/02\/IMG_20211117_182153_165-150x150.jpg 150w, https:\/\/agora.xtec.cat\/escestel\/wp-content\/uploads\/usu1725\/2022\/02\/IMG_20211117_182153_165-768x768.jpg 768w, https:\/\/agora.xtec.cat\/escestel\/wp-content\/uploads\/usu1725\/2022\/02\/IMG_20211117_182153_165.jpg 1440w\" sizes=\"auto, (max-width: 185px) 100vw, 185px\" \/><\/a><\/h6>\n<\/td>\n<td style=\"width: 26.0092%; height: 32px;\">\n<h6 style=\"text-align: center;\"><a href=\"https:\/\/agora.xtec.cat\/escestel\/wp-content\/uploads\/usu1725\/2022\/01\/20211117_154014-scaled.jpg\"><img loading=\"lazy\" decoding=\"async\" class=\"wp-image-16827 aligncenter\" src=\"https:\/\/agora.xtec.cat\/escestel\/wp-content\/uploads\/usu1725\/2022\/01\/20211117_154014-1024x1009.jpg\" alt=\"\" width=\"190\" height=\"187\" srcset=\"https:\/\/agora.xtec.cat\/escestel\/wp-content\/uploads\/usu1725\/2022\/01\/20211117_154014-1024x1009.jpg 1024w, https:\/\/agora.xtec.cat\/escestel\/wp-content\/uploads\/usu1725\/2022\/01\/20211117_154014-300x296.jpg 300w, https:\/\/agora.xtec.cat\/escestel\/wp-content\/uploads\/usu1725\/2022\/01\/20211117_154014-768x757.jpg 768w, https:\/\/agora.xtec.cat\/escestel\/wp-content\/uploads\/usu1725\/2022\/01\/20211117_154014-1536x1513.jpg 1536w, https:\/\/agora.xtec.cat\/escestel\/wp-content\/uploads\/usu1725\/2022\/01\/20211117_154014-2048x2018.jpg 2048w\" sizes=\"auto, (max-width: 190px) 100vw, 190px\" \/><\/a><\/h6>\n<\/td>\n<td style=\"width: 27.9671%; height: 32px;\"><a href=\"https:\/\/agora.xtec.cat\/escestel\/wp-content\/uploads\/usu1725\/2022\/02\/IMG_20211123_202005_583-scaled.jpg\"><img loading=\"lazy\" decoding=\"async\" class=\"wp-image-16893 aligncenter\" src=\"https:\/\/agora.xtec.cat\/escestel\/wp-content\/uploads\/usu1725\/2022\/02\/IMG_20211123_202005_583-1024x1024.jpg\" alt=\"\" width=\"190\" height=\"190\" srcset=\"https:\/\/agora.xtec.cat\/escestel\/wp-content\/uploads\/usu1725\/2022\/02\/IMG_20211123_202005_583-1024x1024.jpg 1024w, https:\/\/agora.xtec.cat\/escestel\/wp-content\/uploads\/usu1725\/2022\/02\/IMG_20211123_202005_583-300x300.jpg 300w, https:\/\/agora.xtec.cat\/escestel\/wp-content\/uploads\/usu1725\/2022\/02\/IMG_20211123_202005_583-150x150.jpg 150w, https:\/\/agora.xtec.cat\/escestel\/wp-content\/uploads\/usu1725\/2022\/02\/IMG_20211123_202005_583-768x768.jpg 768w, https:\/\/agora.xtec.cat\/escestel\/wp-content\/uploads\/usu1725\/2022\/02\/IMG_20211123_202005_583-1536x1536.jpg 1536w, https:\/\/agora.xtec.cat\/escestel\/wp-content\/uploads\/usu1725\/2022\/02\/IMG_20211123_202005_583-2048x2048.jpg 2048w\" sizes=\"auto, (max-width: 190px) 100vw, 190px\" \/><\/a><\/td>\n<\/tr>\n<tr style=\"height: 32px;\">\n<td style=\"width: 26.0091%; height: 32px; text-align: left;\">Volem trencar amb els alts percentatges d\u2019estudiants masculins a les facultats de ci\u00e8ncia i tecnologia.<\/td>\n<td style=\"width: 26.0092%; height: 32px; text-align: left;\">Volem demostrar que la ci\u00e8ncia, la tecnologia i les matem\u00e0tiques tamb\u00e9 poden ser f\u00e0cils i divertides.<\/td>\n<td style=\"width: 27.9671%; height: 32px; text-align: left;\">Volem aportar el nostre granet de sorra per ajudar a que TOTS els infants puguin aconseguir el seu somni.<\/td>\n<\/tr>\n<\/tbody>\n<\/table>\n<table style=\"width: 27.3028%; border-collapse: collapse; background-color: #1c11f2;\">\n<tbody>\n<tr>\n<td style=\"width: 100%;\"><span style=\"color: #ffffff;\"><strong>ALGUNES ACTUACIONS&#8230;<\/strong><\/span><\/td>\n<\/tr>\n<\/tbody>\n<\/table>\n<h6><span style=\"color: #0000ff;\"><strong>Situacions d&#8217;aprenentatge STEAMatitzades<\/strong><\/span><\/h6>\n<p>Una de les actuacions m\u00e9s rellevants del nostre projecte \u00e9s aplicar la metodologia STEAM a les situacions d&#8217;aprenentatge que es presenten a l&#8217;aula.<\/p>\n<p>En aquestes situacions, oferim als infants <span style=\"font-family: inherit; font-size: 1em;\">propostes cient\u00edfic-tecnol\u00f2giques que els permet indagar, observar, fer hip\u00f2tesi, descobrir i q\u00fcestionar-se respostes.<\/span><\/p>\n<p>A partir d&#8217;aquestes propostes, els infants comen\u00e7aran a treballar, seguint els passos que marca el m\u00e8tode cient\u00edfic. Sense pregunta, un experiment, \u00e9s una simple demostraci\u00f3 amb un resultat bonic, per\u00f2 buit de la reflexi\u00f3 i de l\u2019aprenentatge que es genera buscant i analitzant les respostes obtingudes.<\/p>\n<p>Aprendre a q\u00fcestionar, dissenyar, construir, crear, mesurar o pensar de manera cr\u00edtica preparar\u00e0 els infants per l\u2019\u00e8xit en qualsevol branca educativa que decideixi seguir.<\/p>\n<h5><span style=\"color: #0000ff;\">Setmana de la Ci\u00e8ncia<\/span><\/h5>\n<p>A mitjans de novembre, es celebra la Setmana de la Ci\u00e8ncia, una iniciativa coordinada per la\u00a0<a class=\"home-size\" href=\"https:\/\/www.fundaciorecerca.cat\/\" target=\"_blank\" rel=\"noopener\" aria-label=\"Enlla\u00e7 web finestra nova\">Fundaci\u00f3 Catalana per a la Recerca i la Innovaci\u00f3 (FCRI)<\/a> que compta amb el suport del Departament d&#8217;Educaci\u00f3 i de nombroses institucions i entitats en l\u2019\u00e0mbit de la recerca i de la disseminaci\u00f3 de la ci\u00e8ncia i la tecnologia.<\/p>\n<p>A l&#8217;Estel ens sumem a aquesta iniciativa i durant aquella setmana, s&#8217;organitzen diferents propostes cient\u00edfiques mitjan\u00e7ant tallers, experimentant, descobrint&#8230; tot fent servir el m\u00e8tode cient\u00edfic.<\/p>\n<h5><span style=\"color: #0000ff;\">Dia de la Dona i la Nena Cient\u00edfica<\/span><\/h5>\n<p>L\u201911 de febrer va ser designat com el Dia Internacional de la Dona i la Nena en la Ci\u00e8ncia per commemorar i recon\u00e8ixer la traject\u00f2ria de totes aquelles dones que han contribu\u00eft a l\u2019aven\u00e7 de la ci\u00e8ncia i la tecnologia i la hist\u00f2ria de les quals, moltes vegades, ha quedat en l\u2019oblit.<\/p>\n<p>Com a escola, volem promoure l\u2019acc\u00e9s equitatiu de les nenes a l\u2019educaci\u00f3 en els \u00e0mbits de la ci\u00e8ncia, la tecnologia, l\u2019enginyeria i les matem\u00e0tiques, en definitiva, un dels objectius del programa STEAMcat.<\/p>\n<p>Dins d&#8217;aquesta celebraci\u00f3 participem al programa <span style=\"color: #0000ff;\"><strong>#100t\u00edfiques<\/strong><\/span>, una iniciativa de la <a href=\"https:\/\/www.fundaciorecerca.cat\/es\/\" target=\"_blank\" rel=\"noopener\">Fundaci\u00f3 Catalana per a la Recerca i la Innovaci\u00f3 (FCRI)<\/a> i el <a href=\"https:\/\/bist.eu\/\" target=\"_blank\" rel=\"noopener\">Barcelona Institute for Science and Technology (BIST)<\/a>, amb la col\u00b7laboraci\u00f3 del Departament d\u2019Educaci\u00f3 de la Generalitat de Catalunya.<\/p>\n<h6><span style=\"color: #0000ff;\"><strong>Projecte Nanoinventum<\/strong><\/span><\/h6>\n<p class=\"font_8 wixui-rich-text__text\">Nanoinventum \u00e9s un projecte organitzat per els CCiTUB (Centres Cient\u00edfics i Tecnol\u00f2gics de la Universitat de Barcelona) i l&#8217;Institut de Nanoci\u00e8ncia i Nanotecnologia que apropa la nanotecnologia al nostre alumnat.<\/p>\n<p>Gr\u00e0cies a l&#8217;assessorament que rebem els docents i a l&#8217;acompanyament de Nanoexperts, els nostres infants desenvolupen projectes basats en la nanotecnologia que milloraran el m\u00f3n.<\/p>\n<h6><span style=\"color: #0000ff;\"><strong>Missi\u00f3 ALBA (Sincrot\u00f3)<\/strong><\/span><\/h6>\n<p>El <a class=\"turquesa\" href=\"https:\/\/www.sincrotroalba.cat\/\" target=\"_blank\" rel=\"nofollow noopener\">Sincrotr\u00f3 ALBA<\/a> \u00e9s la infraestructura cient\u00edfica i tecnol\u00f2gica m\u00e9s gran de tot Espanya que ofereix a molt poques escoles de l&#8217;Estat la possibilitat de participar a la Missi\u00f3 Alba.<\/p>\n<p>Aquesta missi\u00f3 consisteix en que l&#8217;alumnat vagi resolent diferents missions plantejades pels cient\u00edfics que treballen al Sincrotr\u00f3, de tal manera que els infants s&#8217;apropin a la ci\u00e8ncia mitjan\u00e7ant aquestes situacions i\/o problem\u00e0tiques reals.<\/p>\n<p>&nbsp;<\/p>\n<p>Per tot aix\u00f2&#8230;.<\/p>\n<table style=\"width: 80.9282%; border-collapse: collapse; background-color: #2510e0;\">\n<tbody>\n<tr>\n<td style=\"width: 100%;\">\n<h1 style=\"text-align: center;\"><span style=\"color: #ffffff;\">A L&#8217;ESTEL APOSTEM PER L&#8217;STEAM!!<\/span><\/h1>\n<\/td>\n<\/tr>\n<\/tbody>\n<\/table>\n<p>&nbsp;<\/p>\n<p>&nbsp;<\/p>\n<h6 style=\"text-align: center;\"><\/h6>\n<p>&nbsp;<\/p>\n<h6 style=\"text-align: center;\"><\/h6>\n<p>&nbsp;<\/p>\n","protected":false},"excerpt":{"rendered":"<p>QU\u00c8 \u00c9S L&#8217;STEAM?<\/p>\n<p>Parlem de STEAM per referir-nos a enfocaments globals i transversals, que aprofiten situacions contextualitzades i problematitzades per treballar les Ci\u00e8ncies, la Tecnologia, l\u2019Enginyeria, l\u2019Art i les Matem\u00e0tiques, cercant solucions creatives i cr\u00edtiques.<\/p>\n<p>PER QU\u00c8 FEM STEAM A L&#8217;ESTEL?<\/p>\n<p>Entenem que el sentit de la ci\u00e8ncia&hellip;  <a href=\"https:\/\/agora.xtec.cat\/escestel\/projecte-educatiu\/els-nostres-projectes\/steam\/\" title=\"Read STEAM\">Llegeix m\u00e9s\u00bb<\/a><\/p>\n","protected":false},"author":1,"featured_media":0,"parent":16870,"menu_order":0,"comment_status":"closed","ping_status":"closed","template":"page-templates\/side-menu.php","meta":{"_bbp_topic_count":0,"_bbp_reply_count":0,"_bbp_total_topic_count":0,"_bbp_total_reply_count":0,"_bbp_voice_count":0,"_bbp_anonymous_reply_count":0,"_bbp_topic_count_hidden":0,"_bbp_reply_count_hidden":0,"_bbp_forum_subforum_count":0,"footnotes":""},"class_list":["post-16885","page","type-page","status-publish","hentry"],"post_mailing_queue_ids":[],"_links":{"self":[{"href":"https:\/\/agora.xtec.cat\/escestel\/wp-json\/wp\/v2\/pages\/16885","targetHints":{"allow":["GET"]}}],"collection":[{"href":"https:\/\/agora.xtec.cat\/escestel\/wp-json\/wp\/v2\/pages"}],"about":[{"href":"https:\/\/agora.xtec.cat\/escestel\/wp-json\/wp\/v2\/types\/page"}],"author":[{"embeddable":true,"href":"https:\/\/agora.xtec.cat\/escestel\/wp-json\/wp\/v2\/users\/1"}],"replies":[{"embeddable":true,"href":"https:\/\/agora.xtec.cat\/escestel\/wp-json\/wp\/v2\/comments?post=16885"}],"version-history":[{"count":5,"href":"https:\/\/agora.xtec.cat\/escestel\/wp-json\/wp\/v2\/pages\/16885\/revisions"}],"predecessor-version":[{"id":17409,"href":"https:\/\/agora.xtec.cat\/escestel\/wp-json\/wp\/v2\/pages\/16885\/revisions\/17409"}],"up":[{"embeddable":true,"href":"https:\/\/agora.xtec.cat\/escestel\/wp-json\/wp\/v2\/pages\/16870"}],"wp:attachment":[{"href":"https:\/\/agora.xtec.cat\/escestel\/wp-json\/wp\/v2\/media?parent=16885"}],"curies":[{"name":"wp","href":"https:\/\/api.w.org\/{rel}","templated":true}]}}