{"id":16454,"date":"2021-03-11T16:16:16","date_gmt":"2021-03-11T15:16:16","guid":{"rendered":"http:\/\/agora.xtec.cat\/escestel\/?page_id=16454"},"modified":"2022-02-09T16:57:54","modified_gmt":"2022-02-09T15:57:54","slug":"carta-de-compromis-educatiu","status":"publish","type":"page","link":"https:\/\/agora.xtec.cat\/escestel\/projecte-educatiu\/carta-de-compromis-educatiu\/","title":{"rendered":"Carta de comprom\u00eds educatiu"},"content":{"rendered":"<p>A l\u2019Escola Estel som conscients que d\u2019educaci\u00f3 dels infants implica l\u2019acci\u00f3 conjunta entre la fam\u00edlia i l\u2019escola. La carta de comprom\u00eds educatiu \u00e9s un document que formalitza aquesta coresponsabilitat per dur a terme una acci\u00f3 coherent i coordinada en el desenvolupament personal, acad\u00e8mic i social de cada alumne\/a.<\/p>\n<p>La finalitat de la carta de comprom\u00eds educatiu \u00e9s potenciar la complicitat educativa i garantir un entorn de conviv\u00e8ncia en el marc del projecte educatiu del centre, a partir d\u2019uns compromisos que s\u2019han de complir i respectar.<\/p>\n<h4><strong>COMPROMISOS<\/strong><\/h4>\n<p><span style=\"color: #33cccc;\"><strong>\u00a0<\/strong><strong>Per part del centre<\/strong><\/span><\/p>\n<ol>\n<li>Facilitar una formaci\u00f3 que contribueixi al desenvolupament integral de l\u2019infant mitjan\u00e7ant unes metodologies de treball actives i vivencials.<\/li>\n<li>Vetllar per fer efectius els drets i deures de l\u2019alumnat en l\u2019\u00e0mbit escolar.<\/li>\n<li>Informar la fam\u00edlia del projecte educatiu i de les normes d\u2019organitzaci\u00f3 i funcionament del centre.<\/li>\n<li>Informar la fam\u00edlia i l\u2019alumne\/a dels criteris que s\u2019aplicaran per avaluar el rendiment acad\u00e8mic, fer-ne una valoraci\u00f3 objectiva i explicar a la fam\u00edlia els resultats obtinguts.<\/li>\n<li>Adoptar les mesures educatives alternatives o complement\u00e0ries tenint en compte, en tot moment, les necessitats espec\u00edfiques de cada alumne\/a i mantenir-ne informada la fam\u00edlia per tal que pugui col\u00b7laborar en el seu desenvolupament.<\/li>\n<li>Oferir assessorament a la fam\u00edlia en l\u2019adopci\u00f3 de criteris i mesures que afavoreixin l\u2019evoluci\u00f3 de l\u2019alumne\/a i del rendiment escolar.<\/li>\n<li>Mantenir comunicaci\u00f3 regular amb la fam\u00edlia per informar-la de l\u2019evoluci\u00f3 acad\u00e8mica i personal de l\u2019alumne\/a, realitzant un m\u00ednim d\u2019una entrevista anual amb cada fam\u00edlia i una reuni\u00f3 de classe a l\u2019inici de cada curs per informar dels objectius i del pla de treball del curs entre d\u2019altres.<\/li>\n<li>Comunicar a la fam\u00edlia les faltes d\u2019assist\u00e8ncia no justificades de l\u2019alumne\/a al centre, i qualsevol altra circumst\u00e0ncia que sigui rellevant per al seu desenvolupament acad\u00e8mic i personal.<\/li>\n<li>Atendre en un termini raonable les peticions d\u2019entrevista o de comunicaci\u00f3 que formuli la fam\u00edlia.<\/li>\n<li>Revisar, si escau, conjuntament amb la fam\u00edlia el compliment d\u2019aquests compromisos durant el desenvolupament de les entrevistes.<\/li>\n<li>L\u2019equip docent de l\u2019escola Estel ens comprometem a desenvolupar els m\u00e8todes de treball que considerem m\u00e9s apropiats per l\u2019educaci\u00f3 del nostre alumnat i a formar-nos adequadament amb aquesta finalitat.<\/li>\n<li>Altres compromisos que al llarg de l\u2019escolaritzaci\u00f3 el centre o la fam\u00edlia proposi, siguin acceptats conjuntament, els quals poden comportar, o no, l\u2019assumpci\u00f3 de nous compromisos per ambdues parts.<\/li>\n<\/ol>\n<p><span style=\"color: #33cccc;\"><strong>Per part de la fam\u00edlia<\/strong><\/span><\/p>\n<ol>\n<li>Respectar el car\u00e0cter propi del centre, recon\u00e8ixer l\u2019autoritat del professorat i de l\u2019equip directiu, i mostrar respecte per totes aquelles persones que treballen al centre.<\/li>\n<li>Compartir amb el centre l\u2019educaci\u00f3 del fill\/a i desenvolupar i afavorir les complicitats necess\u00e0ries per ajudar-lo en el seu proc\u00e9s d\u2019aprenentatge i desenvolupament maduratiu.<\/li>\n<li>Instar al fill\/a a respectar les normes espec\u00edfiques de funcionament del centre, en particular, les que afecten la conviv\u00e8ncia escolar i desenvolupament normal de les classes i fomentar\u00e0 el respecte i el bon \u00fas del material i de les instal\u00b7lacions escolars.<\/li>\n<li>Vetllar perqu\u00e8 el fill\/a compleixi el deure b\u00e0sic de l\u2019estudi i d\u2019assist\u00e8ncia regular i puntual a les activitats acad\u00e8miques, i tamb\u00e9 perqu\u00e8 faci les tasques encomanades a casa pel professorat.<\/li>\n<li>Ajudar el nostre fill\/a a organitzar el temps d\u2019estudi a casa i a preparar el material per a l\u2019activitat escolar.<\/li>\n<li>Adre\u00e7ar-se directament al centre (tutor\/a, professor\/a corresponent, equip directiu) si hi ha discrep\u00e0ncies, coincid\u00e8ncies o suggeriments en relaci\u00f3 amb l\u2019aplicaci\u00f3 del projecte educatiu en la formaci\u00f3 del fill\/a.<\/li>\n<li>Facilitar al centre les informacions del fill\/a que siguin rellevants per al proc\u00e9s d\u2019aprenentatge.<\/li>\n<li>Atendre, el m\u00e9s aviat possible, les peticions d\u2019entrevista o de comunicaci\u00f3 que formuli el centre i assistir a les reunions convocades, tot intentant adaptar-se a l\u2019horari proposat per l\u2019escola.<\/li>\n<li>Adoptar criteris i mesures que puguin afavorir l\u2019evoluci\u00f3 personal i escolar del fill\/a tenint en compte les recomanacions de l\u2019escola.<\/li>\n<li>Comprometre\u2019s a seguir els acords establerts amb l\u2019escola per millorar el desenvolupament i els aprenentatges dels seu fill\/a.<\/li>\n<li>Informar al fill\/a del contingut d\u2019aquests compromisos.<\/li>\n<li>Altres compromisos que al llarg de l\u2019escolaritzaci\u00f3 el centre o la fam\u00edlia proposi, siguin acceptats conjuntament, els quals poden comportar, o no, l\u2019assumpci\u00f3 de nous compromisos per ambdues parts.<\/li>\n<\/ol>\n","protected":false},"excerpt":{"rendered":"<p>A l\u2019Escola Estel som conscients que d\u2019educaci\u00f3 dels infants implica l\u2019acci\u00f3 conjunta entre la fam\u00edlia i l\u2019escola. La carta de comprom\u00eds educatiu \u00e9s un document que formalitza aquesta coresponsabilitat per dur a terme una acci\u00f3 coherent i coordinada en el desenvolupament personal, acad\u00e8mic i social&hellip;  <a href=\"https:\/\/agora.xtec.cat\/escestel\/projecte-educatiu\/carta-de-compromis-educatiu\/\" title=\"Read Carta de comprom\u00eds educatiu\">Llegeix m\u00e9s\u00bb<\/a><\/p>\n","protected":false},"author":1,"featured_media":0,"parent":64,"menu_order":2,"comment_status":"closed","ping_status":"closed","template":"page-templates\/side-menu.php","meta":{"_bbp_topic_count":0,"_bbp_reply_count":0,"_bbp_total_topic_count":0,"_bbp_total_reply_count":0,"_bbp_voice_count":0,"_bbp_anonymous_reply_count":0,"_bbp_topic_count_hidden":0,"_bbp_reply_count_hidden":0,"_bbp_forum_subforum_count":0,"footnotes":""},"class_list":["post-16454","page","type-page","status-publish","hentry"],"post_mailing_queue_ids":[],"_links":{"self":[{"href":"https:\/\/agora.xtec.cat\/escestel\/wp-json\/wp\/v2\/pages\/16454","targetHints":{"allow":["GET"]}}],"collection":[{"href":"https:\/\/agora.xtec.cat\/escestel\/wp-json\/wp\/v2\/pages"}],"about":[{"href":"https:\/\/agora.xtec.cat\/escestel\/wp-json\/wp\/v2\/types\/page"}],"author":[{"embeddable":true,"href":"https:\/\/agora.xtec.cat\/escestel\/wp-json\/wp\/v2\/users\/1"}],"replies":[{"embeddable":true,"href":"https:\/\/agora.xtec.cat\/escestel\/wp-json\/wp\/v2\/comments?post=16454"}],"version-history":[{"count":1,"href":"https:\/\/agora.xtec.cat\/escestel\/wp-json\/wp\/v2\/pages\/16454\/revisions"}],"predecessor-version":[{"id":16455,"href":"https:\/\/agora.xtec.cat\/escestel\/wp-json\/wp\/v2\/pages\/16454\/revisions\/16455"}],"up":[{"embeddable":true,"href":"https:\/\/agora.xtec.cat\/escestel\/wp-json\/wp\/v2\/pages\/64"}],"wp:attachment":[{"href":"https:\/\/agora.xtec.cat\/escestel\/wp-json\/wp\/v2\/media?parent=16454"}],"curies":[{"name":"wp","href":"https:\/\/api.w.org\/{rel}","templated":true}]}}